{"id":108992,"date":"2025-05-09T13:47:17","date_gmt":"2025-05-09T11:47:17","guid":{"rendered":"https:\/\/www.indianridersfest.eu\/?page_id=108992"},"modified":"2026-04-09T17:00:33","modified_gmt":"2026-04-09T15:00:33","slug":"program","status":"publish","type":"page","link":"https:\/\/www.indianridersfest.eu\/fr\/program\/","title":{"rendered":"Programme"},"content":{"rendered":"<p>[et_pb_section fb_built=\u00a0\u00bb1&Prime; _builder_version=\u00a0\u00bb4.27.5&Prime; _module_preset=\u00a0\u00bbdefault\u00a0\u00bb background_enable_color=\u00a0\u00bboff\u00a0\u00bb background_image=\u00a0\u00bbhttp:\/\/www.indianridersfest.eu\/wp-content\/uploads\/2025\/06\/promenade-01.jpg\u00a0\u00bb parallax=\u00a0\u00bbon\u00a0\u00bb module_alignment=\u00a0\u00bbcenter\u00a0\u00bb height=\u00a0\u00bb400px\u00a0\u00bb custom_margin=\u00a0\u00bb0px||||false|false\u00a0\u00bb custom_margin_tablet=\u00a0\u00bb\u00a0\u00bb custom_margin_phone=\u00a0\u00bb\u00a0\u00bb custom_margin_last_edited=\u00a0\u00bbon|phone\u00a0\u00bb custom_padding=\u00a0\u00bb0px||0px||false|false\u00a0\u00bb global_colors_info=\u00a0\u00bb{%22gcid-primary-color%22:%91%22background_color%22%93}\u00a0\u00bb][et_pb_row _builder_version=\u00a0\u00bb4.27.4&Prime; _module_preset=\u00a0\u00bbdefault\u00a0\u00bb width=\u00a0\u00bb85%\u00a0\u00bb module_alignment=\u00a0\u00bbcenter\u00a0\u00bb custom_margin=\u00a0\u00bb0px||0px||false|false\u00a0\u00bb custom_css_main_element=\u00a0\u00bbdisplay: flex;\u00a0\u00bb global_colors_info=\u00a0\u00bb{}\u00a0\u00bb][et_pb_column type=\u00a0\u00bb4_4&Prime; _builder_version=\u00a0\u00bb4.27.0&Prime; _module_preset=\u00a0\u00bbdefault\u00a0\u00bb custom_padding=\u00a0\u00bb0px|0px|0px|0px|false|false\u00a0\u00bb custom_css_before=\u00a0\u00bbalign-self: flex-start;\u00a0\u00bb global_colors_info=\u00a0\u00bb{}\u00a0\u00bb][et_pb_text _builder_version=\u00a0\u00bb4.27.5&Prime; _module_preset=\u00a0\u00bbdefault\u00a0\u00bb header_text_color=\u00a0\u00bb#FFFFFF\u00a0\u00bb header_3_text_color=\u00a0\u00bb#FFFFFF\u00a0\u00bb background_enable_image=\u00a0\u00bboff\u00a0\u00bb custom_margin=\u00a0\u00bb||5px||false|false\u00a0\u00bb text_font_size_tablet=\u00a0\u00bb\u00a0\u00bb text_font_size_phone=\u00a0\u00bb9px\u00a0\u00bb text_font_size_last_edited=\u00a0\u00bbon|phone\u00a0\u00bb header_3_text_shadow_style=\u00a0\u00bbpreset1&Prime; header_3_text_shadow_horizontal_length=\u00a0\u00bb0.2em\u00a0\u00bb header_3_text_shadow_blur_strength=\u00a0\u00bb0.15em\u00a0\u00bb global_colors_info=\u00a0\u00bb{}\u00a0\u00bb]<\/p>\n<h3>PROGRAMME IRF26<\/h3>\n<div id=\"simple-translate\" class=\"simple-translate-system-theme\">\n<div>\n<div style=\"background-image: url('moz-extension:\/\/8d9379b5-2d9f-4c0e-8c06-2eb529720a65\/icons\/512.png'); height: 22px; width: 22px; top: 31px; left: -2px;\" class=\"simple-translate-button isShow\"><\/div>\n<div class=\"simple-translate-panel \" style=\"width: 300px; height: 200px; top: 0px; left: 0px; font-size: 13px;\">\n<div class=\"simple-translate-result-wrapper\" style=\"overflow: hidden;\">\n<div class=\"simple-translate-move\" draggable=\"true\"><\/div>\n<div class=\"simple-translate-result-contents\">\n<p class=\"simple-translate-candidate\" dir=\"auto\">\n<\/div>\n<\/div>\n<\/div>\n<\/div>\n<\/div>\n<p>[\/et_pb_text][\/et_pb_column][\/et_pb_row][\/et_pb_section][et_pb_section fb_built=\u00a0\u00bb1&Prime; custom_padding_last_edited=\u00a0\u00bbon|phone\u00a0\u00bb admin_label=\u00a0\u00bbRed Section CTA\u00a0\u00bb _builder_version=\u00a0\u00bb4.27.4&Prime; _module_preset=\u00a0\u00bbdefault\u00a0\u00bb background_color=\u00a0\u00bbgcid-3cf13b05-441f-4a04-90d1-eafe4f681c6e\u00a0\u00bb display_conditions=\u00a0\u00bbW3siaWQiOiI5MGE5ZGVmMi0zOWU2LTRjNWMtYWY5ZS0zZGY0ZTQ4NjM3MzEiLCJjb25kaXRpb24iOiJ1c2VyUm9sZSIsImNvbmRpdGlvblNldHRpbmdzIjp7ImRpc3BsYXlSdWxlIjoiaXNOb3QiLCJ1c2VyUm9sZXMiOlt7ImxhYmVsIjoiV2hvbGVzYWxlIEN1c3RvbWVyIiwidmFsdWUiOiJ3aG9sZXNhbGVfY3VzdG9tZXIifV0sInVzZXJJZHMiOiJVc2VyIElEcyBzZXBhcmF0ZWQgYnkgY29tbWFzIiwiYWRtaW5MYWJlbCI6IlVzZXIgUm9sZSIsImVuYWJsZUNvbmRpdGlvbiI6Im9uIn0sIm9wZXJhdG9yIjoiT1IifV0=\u00a0\u00bb custom_margin=\u00a0\u00bb0px||0px||false|false\u00a0\u00bb custom_padding=\u00a0\u00bb10px||20px||false|false\u00a0\u00bb custom_padding_tablet=\u00a0\u00bb\u00a0\u00bb custom_padding_phone=\u00a0\u00bb20px||0px||false|false\u00a0\u00bb global_colors_info=\u00a0\u00bb{%22gcid-3cf13b05-441f-4a04-90d1-eafe4f681c6e%22:%91%22background_color%22%93}\u00a0\u00bb][et_pb_row column_structure=\u00a0\u00bb3_5,2_5&Prime; _builder_version=\u00a0\u00bb4.27.4&Prime; _module_preset=\u00a0\u00bbdefault\u00a0\u00bb width=\u00a0\u00bb85%\u00a0\u00bb module_alignment=\u00a0\u00bbcenter\u00a0\u00bb custom_margin=\u00a0\u00bb0px||0px||false|false\u00a0\u00bb custom_padding=\u00a0\u00bb0px||0px||false|false\u00a0\u00bb global_colors_info=\u00a0\u00bb{}\u00a0\u00bb][et_pb_column type=\u00a0\u00bb3_5&Prime; _builder_version=\u00a0\u00bb4.27.0&Prime; _module_preset=\u00a0\u00bbdefault\u00a0\u00bb custom_padding=\u00a0\u00bb25px|||0px|false|false\u00a0\u00bb global_colors_info=\u00a0\u00bb{}\u00a0\u00bb][et_pb_text _builder_version=\u00a0\u00bb4.27.4&Prime; _module_preset=\u00a0\u00bbdefault\u00a0\u00bb text_font=\u00a0\u00bb|800|||||||\u00a0\u00bb text_text_color=\u00a0\u00bb#FFFFFF\u00a0\u00bb text_font_size=\u00a0\u00bb16px\u00a0\u00bb text_letter_spacing=\u00a0\u00bb5px\u00a0\u00bb text_line_height=\u00a0\u00bb1.6em\u00a0\u00bb link_font=\u00a0\u00bb|600|||||||\u00a0\u00bb link_text_color=\u00a0\u00bb#FFFFFF\u00a0\u00bb custom_margin=\u00a0\u00bb0px||0px||false|false\u00a0\u00bb custom_margin_tablet=\u00a0\u00bb\u00a0\u00bb custom_margin_phone=\u00a0\u00bb0px||5px||false|false\u00a0\u00bb custom_margin_last_edited=\u00a0\u00bbon|phone\u00a0\u00bb custom_padding=\u00a0\u00bb|||0px|false|false\u00a0\u00bb locked=\u00a0\u00bboff\u00a0\u00bb global_colors_info=\u00a0\u00bb{}\u00a0\u00bb]<\/p>\n<p>PRIX SP\u00c9CIAL<\/p>\n<p>[\/et_pb_text][et_pb_text _builder_version=\u00a0\u00bb4.27.5&Prime; _module_preset=\u00a0\u00bbdefault\u00a0\u00bb header_3_font=\u00a0\u00bb|800|||||||\u00a0\u00bb header_3_text_color=\u00a0\u00bb#FFFFFF\u00a0\u00bb header_3_font_size=\u00a0\u00bb55px\u00a0\u00bb header_3_line_height=\u00a0\u00bb1.1em\u00a0\u00bb custom_margin=\u00a0\u00bb||0px||false|false\u00a0\u00bb custom_padding=\u00a0\u00bb0px||0px|0px|false|false\u00a0\u00bb header_3_font_size_phone=\u00a0\u00bb40px\u00a0\u00bb global_colors_info=\u00a0\u00bb{}\u00a0\u00bb]<\/p>\n<h3>BILLET ACC\u00c8S COMPLET 3 JOURS IRF26<\/h3>\n<p>[\/et_pb_text][et_pb_text _builder_version=\u00a0\u00bb4.27.5&Prime; _module_preset=\u00a0\u00bbdefault\u00a0\u00bb text_text_color=\u00a0\u00bb#FFFFFF\u00a0\u00bb text_font_size=\u00a0\u00bb16px\u00a0\u00bb text_line_height=\u00a0\u00bb1.6em\u00a0\u00bb custom_margin=\u00a0\u00bb0px||15px||false|false\u00a0\u00bb custom_padding=\u00a0\u00bb0px||0px||false|false\u00a0\u00bb text_font_size_tablet=\u00a0\u00bb\u00a0\u00bb text_font_size_phone=\u00a0\u00bb14px\u00a0\u00bb text_font_size_last_edited=\u00a0\u00bbon|phone\u00a0\u00bb global_colors_info=\u00a0\u00bb{}\u00a0\u00bb]<\/p>\n<p><strong>Prends tes billets IRF26 3 jours \u00e0 prix r\u00e9duit !<\/strong><\/p>\n<p>Tu peux encore acheter des billets IRF26 acc\u00e8s complet 3 jours au prix sp\u00e9cial de 101 \u20ac, au lieu de 125 \u20ac. Ach\u00e8te le tien d\u00e8s aujourd\u2019hui et \u00e9conomise ! <\/p>\n<p>[\/et_pb_text][et_pb_button button_url=\u00a0\u00bbhttps:\/\/www.indianridersfest.eu\/product\/irf26-3-day-full-access-ticket\/\u00a0\u00bb button_text=\u00a0\u00bbBILLETS ACC\u00c8S COMPLET 3 JOURS IRF26&Prime; _builder_version=\u00a0\u00bb4.27.5&Prime; _module_preset=\u00a0\u00bb8e8220fd-e972-468b-9dfb-e43ff5367d3a\u00a0\u00bb button_text_size=\u00a0\u00bb18px\u00a0\u00bb custom_margin=\u00a0\u00bb0px|15px|||false|false\u00a0\u00bb global_colors_info=\u00a0\u00bb{}\u00a0\u00bb transform_styles__hover_enabled=\u00a0\u00bbon|desktop\u00a0\u00bb transform_scale__hover_enabled=\u00a0\u00bbon|desktop\u00a0\u00bb][\/et_pb_button][\/et_pb_column][et_pb_column type=\u00a0\u00bb2_5&Prime; _builder_version=\u00a0\u00bb4.27.0&Prime; _module_preset=\u00a0\u00bbdefault\u00a0\u00bb custom_padding=\u00a0\u00bb25px|||0px|false|false\u00a0\u00bb global_colors_info=\u00a0\u00bb{}\u00a0\u00bb][et_pb_image src=\u00a0\u00bbhttp:\/\/www.indianridersfest.eu\/wp-content\/uploads\/2026\/03\/25-ILF-IRF.jpg\u00a0\u00bb alt=\u00a0\u00bbPasserelle dans les arbres de Lipno\u00a0\u00bb title_text=\u00a0\u00bb25-ILF-IRF\u00a0\u00bb _builder_version=\u00a0\u00bb4.27.5&Prime; _module_preset=\u00a0\u00bbdefault\u00a0\u00bb global_colors_info=\u00a0\u00bb{}\u00a0\u00bb][\/et_pb_image][\/et_pb_column][\/et_pb_row][\/et_pb_section][et_pb_section fb_built=\u00a0\u00bb1&Prime; _builder_version=\u00a0\u00bb4.27.0&Prime; _module_preset=\u00a0\u00bbdefault\u00a0\u00bb custom_padding=\u00a0\u00bb30px||10px||false|false\u00a0\u00bb global_colors_info=\u00a0\u00bb{}\u00a0\u00bb][et_pb_row custom_padding_last_edited=\u00a0\u00bbon|phone\u00a0\u00bb _builder_version=\u00a0\u00bb4.27.4&Prime; _module_preset=\u00a0\u00bbdefault\u00a0\u00bb width=\u00a0\u00bb85%\u00a0\u00bb custom_padding=\u00a0\u00bb0px||20px||false|false\u00a0\u00bb custom_padding_tablet=\u00a0\u00bb\u00a0\u00bb custom_padding_phone=\u00a0\u00bb||0px||false|false\u00a0\u00bb global_colors_info=\u00a0\u00bb{}\u00a0\u00bb][et_pb_column type=\u00a0\u00bb4_4&Prime; _builder_version=\u00a0\u00bb4.16&Prime; _module_preset=\u00a0\u00bbdefault\u00a0\u00bb global_colors_info=\u00a0\u00bb{}\u00a0\u00bb][et_pb_text _builder_version=\u00a0\u00bb4.27.5&Prime; _module_preset=\u00a0\u00bbdefault\u00a0\u00bb text_font_size=\u00a0\u00bb15px\u00a0\u00bb text_line_height=\u00a0\u00bb1.8em\u00a0\u00bb custom_margin=\u00a0\u00bb0px||0px||false|false\u00a0\u00bb custom_margin_tablet=\u00a0\u00bb\u00a0\u00bb custom_margin_phone=\u00a0\u00bb10px||||false|false\u00a0\u00bb custom_margin_last_edited=\u00a0\u00bbon|phone\u00a0\u00bb custom_padding=\u00a0\u00bb0px||0px||false|false\u00a0\u00bb global_colors_info=\u00a0\u00bb{}\u00a0\u00bb]<\/p>\n<h3>Bienvenue sur IRF26 &#8211; Programme !<\/h3>\n<p>Rejoins-nous du 18 au 21 juin pour des essais d\u00e9mo riches en adr\u00e9naline, de la musique live, des expos de motos custom et la camaraderie unique de la communaut\u00e9 Indian Motorcycle. C\u00e9l\u00e8bre le 125e anniversaire avec des amis venus de plus de 45 pays et cr\u00e9e des souvenirs inoubliables. <\/p>\n<p><em><strong>Temps forts du programme :<\/strong><\/em><\/p>\n<ul>\n<li>Ouverture anticip\u00e9e : jeudi 18.06 \u00e0 10:00 (au lieu de 14:00)<\/li>\n<li>Mega parade de 125 km : samedi 20.06 \u00e0 11:30<\/li>\n<li>Shows Wall of Death<\/li>\n<li>Un Indian Motorcycle Village plus grand<\/li>\n<\/ul>\n<p>D\u00e9couvre le programme complet ci-dessous et planifie ta visite.<\/p>\n<p>&nbsp;<\/p>\n<p>[\/et_pb_text][\/et_pb_column][\/et_pb_row][et_pb_row _builder_version=\u00a0\u00bb4.27.4&Prime; _module_preset=\u00a0\u00bbdefault\u00a0\u00bb custom_margin=\u00a0\u00bb0px||||false|false\u00a0\u00bb custom_padding=\u00a0\u00bb0px||||false|false\u00a0\u00bb global_colors_info=\u00a0\u00bb{}\u00a0\u00bb][et_pb_column type=\u00a0\u00bb4_4&Prime; _builder_version=\u00a0\u00bb4.27.4&Prime; _module_preset=\u00a0\u00bbdefault\u00a0\u00bb global_colors_info=\u00a0\u00bb{}\u00a0\u00bb][et_pb_tabs active_tab_background_color=\u00a0\u00bb#862633&Prime; inactive_tab_background_color=\u00a0\u00bb#e1e1e1&Prime; active_tab_text_color=\u00a0\u00bb#FFFFFF\u00a0\u00bb _builder_version=\u00a0\u00bb4.27.5&Prime; _module_preset=\u00a0\u00bbdefault\u00a0\u00bb tab_text_color=\u00a0\u00bb#862633&Prime; body_font=\u00a0\u00bb&#8211;et_global_body_font||||||||\u00a0\u00bb body_text_align=\u00a0\u00bbleft\u00a0\u00bb body_line_height=\u00a0\u00bb2em\u00a0\u00bb tab_font=\u00a0\u00bb&#8211;et_global_heading_font|700|||||||\u00a0\u00bb border_radii=\u00a0\u00bbon|10px|10px|10px|10px\u00a0\u00bb global_colors_info=\u00a0\u00bb{%22gcid-6eafdc07-c9a3-4541-895e-33b4c75ae4a0%22:%91%22inactive_tab_background_color%22%93,%22gcid-primary-color%22:%91%22active_tab_background_color%22,%22tab_text_color%22%93}\u00a0\u00bb][et_pb_tab title=\u00a0\u00bbJEUDI 18.06&Prime; _builder_version=\u00a0\u00bb4.27.5&Prime; _module_preset=\u00a0\u00bbdefault\u00a0\u00bb tab_font=\u00a0\u00bb|||on|||||\u00a0\u00bb tab_text_color=\u00a0\u00bb#FFFFFF\u00a0\u00bb global_colors_info=\u00a0\u00bb{}\u00a0\u00bb]<\/p>\n<p><strong>10:00 &#8211; 22:00 Ouverture \/ Check-in<\/strong><br \/>10:00 &#8211; 20:00 Performance d\u2019artiste de rue \/ Trio Trakturek<br \/>10:00 &#8211; 02:00 Bars &amp; Food Trucks<br \/>10:00 &#8211; 21:00 Boutique Indian Motorcycle &amp; merchandising IRF<br \/>10:00 &#8211; 21:00 Lounge bar Indian Motorcycle Village \/ Chill Out Island<br \/>10:00 &#8211; 21:00 Showroom Indian Motorcycle 2026<br \/>10:00 &#8211; 21:00 Expo de motos vintage Indian Motorcycle<br \/>10:00 &#8211; 02:00 Village des exposants<br \/>10:30 &#8211; 19:30 Essais d\u00e9mo Indian Motorcycle<br \/>11:00 &#8211; 20:00 Budweis Indian Motorcycle Custom Show<br \/>11:00 &#8211; 18:00 Shows live Wall of Death<br \/>12:00 &#8211; 20:00 Shows aquatiques Jetsurf<br \/>13:00 &#8211; 02:00 Shows live DJ Evson<br \/>16:00 &#8211; 18:00 Pr\u00e9sentation de la gamme 2026 + 125th Edition \/ Indian Motorcycle Village<br \/>18h00 &#8211; 19h30 Concert <strong>So Fine &#8211; U2 Revival<\/strong><br \/>20h00 &#8211; 20h15 Mot de bienvenue Indian Motorcycle + organisation IRF<br \/>20h30 &#8211; 22h00 Concert <strong>Kings of the Rock<\/strong><br \/>22h30 &#8211; 00h00 Soir\u00e9e disco dansante \/ DJ Evson<br \/>00:00 &#8211; 02:00 Soir\u00e9e DJ Evson<\/p>\n<p>[\/et_pb_tab][et_pb_tab title=\u00a0\u00bbVENDREDI 19.06&Prime; _builder_version=\u00a0\u00bb4.27.5&Prime; _module_preset=\u00a0\u00bbdefault\u00a0\u00bb global_colors_info=\u00a0\u00bb{}\u00a0\u00bb]<\/p>\n<p>09:00 &#8211; 22:00 Ouverture \/ Check-in<br \/>09:00 &#8211; 20:00 Performance d\u2019artiste de rue \/ Sabina Uxov\u00e1<br \/>09:00 &#8211; 02:00 Bars &amp; Food Trucks<br \/>09:00 &#8211; 19:30 Essais d\u00e9mo Indian Motorcycle<br \/>09:00 &#8211; 22:00 Boutique Indian Motorcycle &amp; merchandising IRF<br \/>10:00 &#8211; 21:00 Lounge bar Indian Motorcycle Village \/ Chill Out Island<br \/>10:00 &#8211; 21:00 Showroom Indian Motorcycle 2026<br \/>10:00 &#8211; 21:00 Expo de motos vintage Indian Motorcycle<br \/>10:00 &#8211; 20:00 Budweis Indian Motorcycle Custom Show<br \/>10h00 &#8211; 18h00 Spectacles en direct Wall of Death<br \/>12:00 &#8211; 19:00 Shows aquatiques Jetsurf<br \/>15:00 &#8211; 02:00 Shows live DJ Evson<br \/>16:00 &#8211; 18:00 Pr\u00e9sentation de la gamme 2026 + 125th Edition \/ Indian Motorcycle Village<br \/>18:30 &#8211; 19:30 Concert live <strong>Hairy Groupies<\/strong><br \/>19:45 &#8211; 20:00 Infos pour la Parade Ride <br \/>20:00 &#8211; 20:15 Mot de l\u2019organisation IRF<br \/>21:30 &#8211; 23:30 Concert live <strong>High Voltage AC\/DC<\/strong><br \/>22:30 &#8211; 00:00 Soir\u00e9e dance \/ DJ Evson <br \/>00:00 &#8211; 02:00 Soir\u00e9e DJ Evson<\/p>\n<p>[\/et_pb_tab][et_pb_tab title=\u00a0\u00bbSAMEDI 20.06&Prime; _builder_version=\u00a0\u00bb4.27.5&Prime; _module_preset=\u00a0\u00bbdefault\u00a0\u00bb global_colors_info=\u00a0\u00bb{}\u00a0\u00bb]<\/p>\n<p>09:00 &#8211; 22:00 Ouverture \/ Check-in<br \/>09:00 &#8211; 13:00 Performance d\u2019artiste de rue \/ Sabina Uxov\u00e1<br \/>09:00 &#8211; 02:00 Bars &amp; Food Trucks<br \/>09:00 &#8211; 10:45 Essais d\u00e9mo Indian Motorcycle<br \/>09:00 &#8211; 22:00 Boutique Indian Motorcycle &amp; merchandising IRF<br \/>10:00 &#8211; 21:00 Lounge bar Indian Motorcycle Village \/ Chill Out Island<br \/>10:00 &#8211; 21:00 Showroom Indian Motorcycle 2026<br \/>10:00 &#8211; 21:00 Expo de motos vintage Indian Motorcycle<br \/><strong>10:00 &#8211; 11:00 Rassemblement Parade Ride &gt;&gt; Parking P1<\/strong><br \/><strong>11:25 D\u00c9PART PARADE RIDE &#8211; 125 km !<br \/><\/strong>14:30 Retour de la Parade Ride.<br \/>09:00 &#8211; 23:30 Village des exposants<br \/>10:00 &#8211; 20:00 Budweis Indian Motorcycle Custom Show<br \/>10:00 &#8211; 18:00 Shows live Wall of Death<br \/>12:00 &#8211; 19:00 Shows aquatiques Jetsurf<br \/>15:00 &#8211; 19:30 Essais d\u00e9mo Indian Motorcycle<br \/>15:00 &#8211; 01:00 Shows live DJ Evson<br \/>16:00 &#8211; 17:00  <strong>Budweis Custom Show<\/strong> \/ C\u00e9r\u00e9monie des AMD Awards + Prix du public<br \/>17:00 &#8211; 17:30  <strong>Premiere Czech Riders Celebration 125th IMC \/ Map CZ<\/strong><br \/>17:30 &#8211; 18:00 <strong>IMRG Awards + photo de groupe avec les drapeaux IMRG<\/strong><br \/>18:00 &#8211; 18:30 Bienvenue <strong>IRF26 Ambassador Indian Ladies First &#8211; IRF27 Ambassadors<\/strong><br \/>19:00 &#8211; 20:00 Concert live <strong>Nirvana Czech tribute band<\/strong><br \/>20:00 &#8211; 20:15 Remerciements Indian Motorcycle &amp; organisation IRF   <br \/>21:00 &#8211; 22:30  <strong>Tirage au sort<\/strong><br \/>22:30 &#8211; 00:00 Soir\u00e9e dance \/ DJ Evson<br \/>00:00 &#8211; 01:00 Derni\u00e8re soir\u00e9e DJ Evson<\/p>\n<p>[\/et_pb_tab][\/et_pb_tabs][\/et_pb_column][\/et_pb_row][\/et_pb_section]<\/p>\n","protected":false},"excerpt":{"rendered":"<p>PROGRAMME IRF26 PRIX SP\u00c9CIALBILLET ACC\u00c8S COMPLET 3 JOURS IRF26Prends tes billets IRF26 3 jours \u00e0 prix r\u00e9duit ! Tu peux encore acheter des billets IRF26 acc\u00e8s complet 3 jours au prix sp\u00e9cial de 101 \u20ac, au lieu de 125 \u20ac. Ach\u00e8te le tien d\u00e8s aujourd\u2019hui et \u00e9conomise ! Bienvenue sur IRF26 &#8211; Programme ! Rejoins-nous [&hellip;]<\/p>\n","protected":false},"author":1,"featured_media":0,"parent":0,"menu_order":0,"comment_status":"closed","ping_status":"closed","template":"","meta":{"_et_pb_use_builder":"on","_et_pb_old_content":"","_et_gb_content_width":"","footnotes":""},"class_list":["post-108992","page","type-page","status-publish","hentry"],"_links":{"self":[{"href":"https:\/\/www.indianridersfest.eu\/fr\/wp-json\/wp\/v2\/pages\/108992","targetHints":{"allow":["GET"]}}],"collection":[{"href":"https:\/\/www.indianridersfest.eu\/fr\/wp-json\/wp\/v2\/pages"}],"about":[{"href":"https:\/\/www.indianridersfest.eu\/fr\/wp-json\/wp\/v2\/types\/page"}],"author":[{"embeddable":true,"href":"https:\/\/www.indianridersfest.eu\/fr\/wp-json\/wp\/v2\/users\/1"}],"replies":[{"embeddable":true,"href":"https:\/\/www.indianridersfest.eu\/fr\/wp-json\/wp\/v2\/comments?post=108992"}],"version-history":[{"count":43,"href":"https:\/\/www.indianridersfest.eu\/fr\/wp-json\/wp\/v2\/pages\/108992\/revisions"}],"predecessor-version":[{"id":114093,"href":"https:\/\/www.indianridersfest.eu\/fr\/wp-json\/wp\/v2\/pages\/108992\/revisions\/114093"}],"wp:attachment":[{"href":"https:\/\/www.indianridersfest.eu\/fr\/wp-json\/wp\/v2\/media?parent=108992"}],"curies":[{"name":"wp","href":"https:\/\/api.w.org\/{rel}","templated":true}]}}