{"id":106147,"date":"2024-10-07T14:18:01","date_gmt":"2024-10-07T12:18:01","guid":{"rendered":"https:\/\/www.indianridersfest.eu\/page-denregistrement-des-distributeurs-imc\/"},"modified":"2024-10-15T06:45:09","modified_gmt":"2024-10-15T04:45:09","slug":"page-denregistrement-des-distributeurs-imc","status":"publish","type":"page","link":"https:\/\/www.indianridersfest.eu\/fr\/page-denregistrement-des-distributeurs-imc\/","title":{"rendered":"Page d&rsquo;enregistrement des distributeurs IMC"},"content":{"rendered":"<p>[et_pb_section fb_built=\u00a0\u00bb1&Prime; _builder_version=\u00a0\u00bb4.27.0&Prime; _module_preset=\u00a0\u00bbdefault\u00a0\u00bb background_color=\u00a0\u00bbgcid-primary-color\u00a0\u00bb background_enable_image=\u00a0\u00bboff\u00a0\u00bb custom_margin=\u00a0\u00bb0px||0px||false|false\u00a0\u00bb custom_padding=\u00a0\u00bb50px||50px||false|false\u00a0\u00bb global_colors_info=\u00a0\u00bb{%22gcid-primary-color%22:%91%22background_color%22%93}\u00a0\u00bb][et_pb_row column_structure=\u00a0\u00bb2_3,1_3&Prime; _builder_version=\u00a0\u00bb4.27.0&Prime; _module_preset=\u00a0\u00bbdefault\u00a0\u00bb width=\u00a0\u00bb85%\u00a0\u00bb global_colors_info=\u00a0\u00bb{}\u00a0\u00bb][et_pb_column type=\u00a0\u00bb2_3&Prime; _builder_version=\u00a0\u00bb4.16&Prime; _module_preset=\u00a0\u00bbdefault\u00a0\u00bb global_colors_info=\u00a0\u00bb{}\u00a0\u00bb][et_pb_text _builder_version=\u00a0\u00bb4.27.0&Prime; _module_preset=\u00a0\u00bbdefault\u00a0\u00bb text_font=\u00a0\u00bb|600|||||||\u00a0\u00bb text_text_color=\u00a0\u00bb#FFFFFF\u00a0\u00bb header_3_font=\u00a0\u00bb|700||on|||||\u00a0\u00bb header_3_text_color=\u00a0\u00bb#FFFFFF\u00a0\u00bb header_3_font_size=\u00a0\u00bb25px\u00a0\u00bb header_4_font=\u00a0\u00bb|||on|||||\u00a0\u00bb header_4_text_color=\u00a0\u00bb#FFFFFF\u00a0\u00bb custom_margin=\u00a0\u00bb||5px||false|false\u00a0\u00bb text_font_size_tablet=\u00a0\u00bb\u00a0\u00bb text_font_size_phone=\u00a0\u00bb9px\u00a0\u00bb text_font_size_last_edited=\u00a0\u00bbon|phone\u00a0\u00bb global_colors_info=\u00a0\u00bb{}\u00a0\u00bb]<\/p>\n<h3>Programme exclusif d&rsquo;incitation des concessionnaires IRF25<\/h3>\n<h4 style=\"text-align: justify;\">D\u00e9bloquez une valeur in\u00e9gal\u00e9e pour votre concession avec notre incitation exclusive IRF25 pour les concessionnaires !<\/h4>\n<p style=\"text-align: justify;\">Jusqu&rsquo;au 31 d\u00e9cembre 2024, vous avez l&rsquo;occasion unique d&rsquo;acheter un lot de 10 billets de 3 jours pour l&rsquo;IRF25 au prix sp\u00e9cial de la premi\u00e8re vague, soit 62 euros par billet. De plus, avec chaque lot, vous recevrez un 11e billet gratuit, offert par IMC EMEA et CBI Production. Soit 11 billets pour le prix de 10, pour un total de 620 \u20ac (au lieu de 814 \u20ac), avec des \u00e9conomies substantielles (194 \u20ac) avant l&rsquo;augmentation du prix standard des billets le 1er novembre, qui passera \u00e0 74 \u20ac.  <\/p>\n<p style=\"text-align: justify;\">Profitez des billets de marque qui mettent en valeur votre concession, et b\u00e9n\u00e9ficiez d&rsquo;un paiement s\u00e9curis\u00e9 et direct par le biais de notre portail B2B.<\/p>\n<p>[\/et_pb_text][\/et_pb_column][et_pb_column type=\u00a0\u00bb1_3&Prime; _builder_version=\u00a0\u00bb4.16&Prime; _module_preset=\u00a0\u00bbdefault\u00a0\u00bb global_colors_info=\u00a0\u00bb{}\u00a0\u00bb][et_pb_image src=\u00a0\u00bbhttps:\/\/www.indianridersfest.eu\/wp-content\/uploads\/2024\/10\/IMC-Roundel-Script-White_2020.png\u00a0\u00bb title_text=\u00a0\u00bbIMC Roundel Script Blanc_2020&Prime; _builder_version=\u00a0\u00bb4.27.0&Prime; _module_preset=\u00a0\u00bbdefault\u00a0\u00bb width=\u00a0\u00bb60%\u00a0\u00bb global_colors_info=\u00a0\u00bb{}\u00a0\u00bb][\/et_pb_image][\/et_pb_column][\/et_pb_row][\/et_pb_section][et_pb_section fb_built=\u00a0\u00bb1&Prime; admin_label=\u00a0\u00bbsection\u00a0\u00bb _builder_version=\u00a0\u00bb4.27.0&Prime; custom_margin=\u00a0\u00bb0px||0px||false|false\u00a0\u00bb custom_padding=\u00a0\u00bb10px||10px||false|false\u00a0\u00bb global_colors_info=\u00a0\u00bb{}\u00a0\u00bb][et_pb_row admin_label=\u00a0\u00bbrang\u00e9e\u00a0\u00bb _builder_version=\u00a0\u00bb4.27.0&Prime; background_size=\u00a0\u00bbinitial\u00a0\u00bb background_position=\u00a0\u00bbtop_left\u00a0\u00bb background_repeat=\u00a0\u00bbrepeat\u00a0\u00bb width=\u00a0\u00bb85%\u00a0\u00bb global_colors_info=\u00a0\u00bb{}\u00a0\u00bb][et_pb_column type=\u00a0\u00bb4_4&Prime; _builder_version=\u00a0\u00bb4.16&Prime; custom_padding=\u00a0\u00bb|||\u00a0\u00bb global_colors_info=\u00a0\u00bb{}\u00a0\u00bb custom_padding__hover=\u00a0\u00bb|||\u00a0\u00bb][et_pb_text _builder_version=\u00a0\u00bb4.27.0&Prime; _module_preset=\u00a0\u00bbdefault\u00a0\u00bb text_font=\u00a0\u00bb|600|||||||\u00a0\u00bb header_4_font=\u00a0\u00bb|||on|||||\u00a0\u00bb global_colors_info=\u00a0\u00bb{}\u00a0\u00bb]<\/p>\n<h4>Comment acc\u00e9der aux prix sp\u00e9ciaux des concessionnaires IMC :<\/h4>\n<ol>\n<li>Remplissez le formulaire d&rsquo;inscription ci-dessous pour commencer.<\/li>\n<li>Apr\u00e8s avoir re\u00e7u notre e-mail de confirmation concernant la cr\u00e9ation de votre compte, connectez-vous \u00e0 la page sp\u00e9ciale de concessionnaire IMC pour acc\u00e9der aux lots de billets IRF25 \u00e0 des prix sp\u00e9ciaux.<\/li>\n<li>S\u00e9lectionnez le forfait de billets souhait\u00e9 et passez \u00e0 la caisse.<\/li>\n<\/ol>\n<p>Il s&rsquo;agit d&rsquo;une occasion exceptionnelle de tirer parti de la pr\u00e9sence de votre concession et d&rsquo;offrir une valeur ajout\u00e9e sans pr\u00e9c\u00e9dent \u00e0 vos clients. <br \/>Ne manquez pas cette offre exclusive con\u00e7ue pour donner \u00e0 votre concession un avantage concurrentiel !<\/p>\n<p>[\/et_pb_text][et_pb_text admin_label=\u00a0\u00bbText\u00a0\u00bb _builder_version=\u00a0\u00bb4.27.0&Prime; background_size=\u00a0\u00bbinitial\u00a0\u00bb background_position=\u00a0\u00bbtop_left\u00a0\u00bb background_repeat=\u00a0\u00bbrepeat\u00a0\u00bb global_colors_info=\u00a0\u00bb{}\u00a0\u00bb]<\/p>\n<p>[wwlc_registration_form]<\/p>\n<p>[\/et_pb_text][et_pb_code _builder_version=\u00a0\u00bb4.27.0&Prime; _module_preset=\u00a0\u00bbdefault\u00a0\u00bb global_colors_info=\u00a0\u00bb{}\u00a0\u00bb][\/et_pb_code][\/et_pb_column][\/et_pb_row][\/et_pb_section]<\/p>\n","protected":false},"excerpt":{"rendered":"<p>Programme exclusif d&rsquo;incitation des concessionnaires IRF25 D\u00e9bloquez une valeur in\u00e9gal\u00e9e pour votre concession avec notre incitation exclusive IRF25 pour les concessionnaires ! Jusqu&rsquo;au 31 d\u00e9cembre 2024, vous avez l&rsquo;occasion unique d&rsquo;acheter un lot de 10 billets de 3 jours pour l&rsquo;IRF25 au prix sp\u00e9cial de la premi\u00e8re vague, soit 62 euros par billet. De plus, [&hellip;]<\/p>\n","protected":false},"author":1,"featured_media":0,"parent":0,"menu_order":0,"comment_status":"closed","ping_status":"closed","template":"","meta":{"_et_pb_use_builder":"on","_et_pb_old_content":"","_et_gb_content_width":"","footnotes":""},"class_list":["post-106147","page","type-page","status-publish","hentry"],"_links":{"self":[{"href":"https:\/\/www.indianridersfest.eu\/fr\/wp-json\/wp\/v2\/pages\/106147","targetHints":{"allow":["GET"]}}],"collection":[{"href":"https:\/\/www.indianridersfest.eu\/fr\/wp-json\/wp\/v2\/pages"}],"about":[{"href":"https:\/\/www.indianridersfest.eu\/fr\/wp-json\/wp\/v2\/types\/page"}],"author":[{"embeddable":true,"href":"https:\/\/www.indianridersfest.eu\/fr\/wp-json\/wp\/v2\/users\/1"}],"replies":[{"embeddable":true,"href":"https:\/\/www.indianridersfest.eu\/fr\/wp-json\/wp\/v2\/comments?post=106147"}],"version-history":[{"count":6,"href":"https:\/\/www.indianridersfest.eu\/fr\/wp-json\/wp\/v2\/pages\/106147\/revisions"}],"predecessor-version":[{"id":106293,"href":"https:\/\/www.indianridersfest.eu\/fr\/wp-json\/wp\/v2\/pages\/106147\/revisions\/106293"}],"wp:attachment":[{"href":"https:\/\/www.indianridersfest.eu\/fr\/wp-json\/wp\/v2\/media?parent=106147"}],"curies":[{"name":"wp","href":"https:\/\/api.w.org\/{rel}","templated":true}]}}