{"id":104956,"date":"2024-09-23T04:56:39","date_gmt":"2024-09-23T02:56:39","guid":{"rendered":"https:\/\/www.indianridersfest.eu\/galerie-de-photos\/"},"modified":"2024-10-01T14:48:19","modified_gmt":"2024-10-01T12:48:19","slug":"galerie-de-photos","status":"publish","type":"page","link":"https:\/\/www.indianridersfest.eu\/fr\/galerie-de-photos\/","title":{"rendered":"Galerie de photos"},"content":{"rendered":"<p>[et_pb_section fb_built=\u00a0\u00bb1&Prime; theme_builder_area=\u00a0\u00bbpost_content\u00a0\u00bb _builder_version=\u00a0\u00bb4.27.0&Prime; _module_preset=\u00a0\u00bbdefault\u00a0\u00bb custom_margin=\u00a0\u00bb0px||0px||false|false\u00a0\u00bb custom_padding=\u00a0\u00bb0px||0px||false|false\u00a0\u00bb hover_enabled=\u00a0\u00bb0&Prime; sticky_enabled=\u00a0\u00bb0&Prime;][et_pb_row _builder_version=\u00a0\u00bb4.27.0&Prime; _module_preset=\u00a0\u00bbdefault\u00a0\u00bb theme_builder_area=\u00a0\u00bbpost_content\u00a0\u00bb width=\u00a0\u00bb85%\u00a0\u00bb hover_enabled=\u00a0\u00bb0&Prime; sticky_enabled=\u00a0\u00bb0&Prime;][et_pb_column _builder_version=\u00a0\u00bb4.27.0&Prime; _module_preset=\u00a0\u00bbdefault\u00a0\u00bb type=\u00a0\u00bb4_4&Prime; theme_builder_area=\u00a0\u00bbpost_content\u00a0\u00bb][et_pb_heading title=\u00a0\u00bbUne s\u00e9lection de superbes photos des \u00e9ditions pr\u00e9c\u00e9dentes d&#039;Indian Riders Fest\u00a0\u00bb _builder_version=\u00a0\u00bb4.27.0&Prime; _module_preset=\u00a0\u00bbdefault\u00a0\u00bb theme_builder_area=\u00a0\u00bbpost_content\u00a0\u00bb title_font=\u00a0\u00bb|||on|||||\u00a0\u00bb hover_enabled=\u00a0\u00bb0&Prime; sticky_enabled=\u00a0\u00bb0&Prime;][\/et_pb_heading][et_pb_text _builder_version=\u00a0\u00bb4.27.0&Prime; _module_preset=\u00a0\u00bbdefault\u00a0\u00bb theme_builder_area=\u00a0\u00bbpost_content\u00a0\u00bb hover_enabled=\u00a0\u00bb0&Prime; sticky_enabled=\u00a0\u00bb0&Prime;]<\/p>\n<p style=\"text-align: left;\">Entrez dans la galerie de photos de l&rsquo;Indian Riders Fest 2024 !<br \/>\nPrenez un moment pour vous immerger dans une collection de photos \u00e0 couper le souffle qui r\u00e9sument parfaitement l&rsquo;esprit vibrant du festival, son \u00e9nergie \u00e9lectrisante et son sens unique de l&rsquo;unit\u00e9.<br \/>\nS\u00e9lectionn\u00e9es avec soin pour leur capacit\u00e9 \u00e0 capturer l&rsquo;essence de l&rsquo;Indian Riders Fest et ses valeurs fondamentales, ces images \u00e9poustouflantes vous transporteront \u00e0 coup s\u00fbr dans les moments inoubliables de l&rsquo;\u00e9v\u00e9nement.<br \/>\nAlors, entrez et parcourez la galerie &#8211; un voyage visuel vous attend !   <\/p>\n<p style=\"text-align: left;\">D\u00e9couvrez l&rsquo;exp\u00e9rience de l&rsquo;IRF : <a href=\"http:\/\/www.indianridersfest.eu\/video-clips\/\" title=\"Faits marquants en vid\u00e9o\">Vid\u00e9o<\/a> des ann\u00e9es pr\u00e9c\u00e9dentes<\/p>\n<p>[\/et_pb_text][\/et_pb_column][\/et_pb_row][et_pb_row _builder_version=\u00a0\u00bb4.22.1&Prime; _module_preset=\u00a0\u00bbdefault\u00a0\u00bb global_colors_info=\u00a0\u00bb{}\u00a0\u00bb theme_builder_area=\u00a0\u00bbpost_content\u00a0\u00bb][et_pb_column type=\u00a0\u00bb4_4&Prime; _builder_version=\u00a0\u00bb4.22.1&Prime; _module_preset=\u00a0\u00bbdefault\u00a0\u00bb global_colors_info=\u00a0\u00bb{}\u00a0\u00bb theme_builder_area=\u00a0\u00bbpost_content\u00a0\u00bb][\/et_pb_column][\/et_pb_row][\/et_pb_section]<\/p>\n","protected":false},"excerpt":{"rendered":"<p>Entrez dans la galerie de photos de l&rsquo;Indian Riders Fest 2024 ! Prenez un moment pour vous immerger dans une collection de photos \u00e0 couper le souffle qui r\u00e9sument parfaitement l&rsquo;esprit vibrant du festival, son \u00e9nergie \u00e9lectrisante et son sens unique de l&rsquo;unit\u00e9. S\u00e9lectionn\u00e9es avec soin pour leur capacit\u00e9 \u00e0 capturer l&rsquo;essence de l&rsquo;Indian Riders [&hellip;]<\/p>\n","protected":false},"author":1,"featured_media":0,"parent":0,"menu_order":0,"comment_status":"closed","ping_status":"closed","template":"","meta":{"_et_pb_use_builder":"on","_et_pb_old_content":"","_et_gb_content_width":"","footnotes":""},"class_list":["post-104956","page","type-page","status-publish","hentry"],"_links":{"self":[{"href":"https:\/\/www.indianridersfest.eu\/fr\/wp-json\/wp\/v2\/pages\/104956","targetHints":{"allow":["GET"]}}],"collection":[{"href":"https:\/\/www.indianridersfest.eu\/fr\/wp-json\/wp\/v2\/pages"}],"about":[{"href":"https:\/\/www.indianridersfest.eu\/fr\/wp-json\/wp\/v2\/types\/page"}],"author":[{"embeddable":true,"href":"https:\/\/www.indianridersfest.eu\/fr\/wp-json\/wp\/v2\/users\/1"}],"replies":[{"embeddable":true,"href":"https:\/\/www.indianridersfest.eu\/fr\/wp-json\/wp\/v2\/comments?post=104956"}],"version-history":[{"count":11,"href":"https:\/\/www.indianridersfest.eu\/fr\/wp-json\/wp\/v2\/pages\/104956\/revisions"}],"predecessor-version":[{"id":104984,"href":"https:\/\/www.indianridersfest.eu\/fr\/wp-json\/wp\/v2\/pages\/104956\/revisions\/104984"}],"wp:attachment":[{"href":"https:\/\/www.indianridersfest.eu\/fr\/wp-json\/wp\/v2\/media?parent=104956"}],"curies":[{"name":"wp","href":"https:\/\/api.w.org\/{rel}","templated":true}]}}