{"id":104775,"date":"2024-09-13T16:37:51","date_gmt":"2024-09-13T14:37:51","guid":{"rendered":"https:\/\/www.indianridersfest.eu\/politique-de-confidentialite-irf25\/"},"modified":"2026-01-14T10:44:17","modified_gmt":"2026-01-14T09:44:17","slug":"privacy-policy","status":"publish","type":"page","link":"https:\/\/www.indianridersfest.eu\/fr\/privacy-policy\/","title":{"rendered":"Politique de confidentialit\u00e9 IRF25"},"content":{"rendered":"<p>[et_pb_section fb_built=\u00a0\u00bb1&Prime; _builder_version=\u00a0\u00bb4.27.0&Prime; _module_preset=\u00a0\u00bbdefault\u00a0\u00bb global_colors_info=\u00a0\u00bb{}\u00a0\u00bb][et_pb_row _builder_version=\u00a0\u00bb4.27.0&Prime; _module_preset=\u00a0\u00bbdefault\u00a0\u00bb width=\u00a0\u00bb85%\u00a0\u00bb global_colors_info=\u00a0\u00bb{}\u00a0\u00bb][et_pb_column type=\u00a0\u00bb4_4&Prime; _builder_version=\u00a0\u00bb4.16&Prime; _module_preset=\u00a0\u00bbdefault\u00a0\u00bb global_colors_info=\u00a0\u00bb{}\u00a0\u00bb][et_pb_text _builder_version=\u00a0\u00bb4.27.0&Prime; _module_preset=\u00a0\u00bbdefault\u00a0\u00bb header_text_color=\u00a0\u00bb#000000&Prime; header_3_font=\u00a0\u00bb|700|||||||\u00a0\u00bb header_3_text_color=\u00a0\u00bb#000000&Prime; header_3_font_size=\u00a0\u00bb25px\u00a0\u00bb custom_margin=\u00a0\u00bb||5px||false|false\u00a0\u00bb text_font_size_tablet=\u00a0\u00bb\u00a0\u00bb text_font_size_phone=\u00a0\u00bb9px\u00a0\u00bb text_font_size_last_edited=\u00a0\u00bbon|phone\u00a0\u00bb global_colors_info=\u00a0\u00bb{}\u00a0\u00bb]<\/p>\n<h3>Politiques de confidentialit\u00e9<\/h3>\n<p>[\/et_pb_text][et_pb_text _builder_version=\u00a0\u00bb4.27.0&Prime; _module_preset=\u00a0\u00bbdefault\u00a0\u00bb text_text_color=\u00a0\u00bb#000000&Prime; text_font_size=\u00a0\u00bb17px\u00a0\u00bb text_line_height=\u00a0\u00bb1.6em\u00a0\u00bb width=\u00a0\u00bb45%\u00a0\u00bb width_tablet=\u00a0\u00bb70%\u00a0\u00bb width_phone=\u00a0\u00bb100%\u00a0\u00bb width_last_edited=\u00a0\u00bbon|phone\u00a0\u00bb text_font_size_tablet=\u00a0\u00bb15px\u00a0\u00bb text_font_size_phone=\u00a0\u00bb15px\u00a0\u00bb text_font_size_last_edited=\u00a0\u00bbon|tablet\u00a0\u00bb global_colors_info=\u00a0\u00bb{}\u00a0\u00bb]<\/p>\n<p>Transparence dans l&rsquo;utilisation des donn\u00e9es : Explication de l&rsquo;utilisation de vos donn\u00e9es<\/p>\n<p>[\/et_pb_text][\/et_pb_column][\/et_pb_row][et_pb_row _builder_version=\u00a0\u00bb4.27.0&Prime; _module_preset=\u00a0\u00bbdefault\u00a0\u00bb global_colors_info=\u00a0\u00bb{}\u00a0\u00bb][et_pb_column type=\u00a0\u00bb4_4&Prime; _builder_version=\u00a0\u00bb4.27.0&Prime; _module_preset=\u00a0\u00bbdefault\u00a0\u00bb global_colors_info=\u00a0\u00bb{}\u00a0\u00bb][et_pb_text _builder_version=\u00a0\u00bb4.27.4&Prime; _module_preset=\u00a0\u00bbdefault\u00a0\u00bb custom_margin=\u00a0\u00bb||25px||false|false\u00a0\u00bb global_colors_info=\u00a0\u00bb{}\u00a0\u00bb]<\/p>\n<p>Nous, Legendary Productions s.r.o., Ocelkova 643\/20, 198 00 Prague, Comp. Id. No. : 243 17 489, enregistr\u00e9 dans le registre public tenu par le tribunal municipal de Prague, dossier No. C 196098, collectons, traitons, conservons et utilisons certains types d&rsquo;informations sur les visiteurs de notre site web et de notre magasin, nos clients, y compris leurs repr\u00e9sentants l\u00e9gaux (le cas \u00e9ch\u00e9ant), nos clients potentiels, les participants \u00e0 nos concours, tirages au sort, promotions, enqu\u00eates ou \u00e9v\u00e9nements et les personnes qui demandent \u00e0 recevoir des informations sur nos produits et services. La pr\u00e9sente politique d\u00e9finit les informations que nous collectons, traitons et conservons, ainsi que la mani\u00e8re dont nous les utilisons. En utilisant notre site web ou en nous fournissant des informations vous concernant, vous consentez \u00e0 la collecte, au traitement, \u00e0 la conservation, au partage et au transfert de ces informations conform\u00e9ment \u00e0 la pr\u00e9sente politique de confidentialit\u00e9.<\/p>\n<h5><strong>\u00c0 quelles fins collectons-nous, traitons-nous, conservons-nous et utilisons-nous vos donn\u00e9es personnelles et d&rsquo;autres informations vous concernant ?<\/strong><\/h5>\n<p>Conform\u00e9ment \u00e0 la section 5 de la loi n\u00b0 101\/2000 Coll. sur la protection des donn\u00e9es personnelles, toutes les informations vous concernant que nous obtenons sont collect\u00e9es, trait\u00e9es, conserv\u00e9es et utilis\u00e9es exclusivement pour un ou plusieurs des objectifs suivants :<\/p>\n<ul>\n<li>pour fournir des motos, des produits et des services que vous avez command\u00e9s ou demand\u00e9s, pour traiter et ex\u00e9cuter vos commandes et pour exercer nos droits et obligations contractuels ou statutaires, y compris en ce qui concerne les garanties, la facturation et l&rsquo;exp\u00e9dition ;<\/li>\n<li>pour fournir les informations ou les devis que vous avez demand\u00e9s et pour r\u00e9pondre \u00e0 vos questions ;<\/li>\n<li>pour examiner votre dossier et vous qualifier pour un financement, si vous \u00eates int\u00e9ress\u00e9,<\/li>\n<li>am\u00e9liorer la qualit\u00e9 de notre site web<\/li>\n<\/ul>\n<p>\u00e0 des fins publicitaires et pour vous fournir des nouvelles et des informations sur nos produits, services, concours, tirages au sort et promotions (sauf si vous nous avez dit que vous ne souhaitiez pas recevoir de tels messages marketing), et occasionnellement pour des enqu\u00eates, des analyses et des \u00e9tudes de march\u00e9 ;<\/p>\n<h5><strong>D&rsquo;o\u00f9 proviennent les informations vous concernant ?<\/strong><\/h5>\n<p>Vous pouvez nous fournir directement vos informations personnelles et d&rsquo;autres informations vous concernant ou nous pouvons les recueillir lorsque vous nous contactez directement, normalement via notre site Web, lorsque vous passez une commande, faites une demande de renseignements, nous contactez pour une question ou une pr\u00e9occupation, participez \u00e0 un concours, une promotion, une enqu\u00eate ou un \u00e9v\u00e9nement ou visitez notre magasin. Nous pouvons \u00e9galement recevoir des informations d&rsquo;autres concessionnaires Indian Motorcycle agr\u00e9\u00e9s, d&rsquo;Indian Motorcycle et de ses filiales et entit\u00e9s affili\u00e9es, de partenaires commerciaux s\u00e9lectionn\u00e9s et, occasionnellement, d&rsquo;autres tiers, et nous pouvons combiner ces informations avec celles que nous poss\u00e9dons d\u00e9j\u00e0 \u00e0 votre sujet. <\/p>\n<p>Nous pensons que toutes les informations vous concernant, y compris vos informations personnelles, sont exactes et v\u00e9ridiques et que vous \u00eates conscient de vos droits conform\u00e9ment aux articles 12 et 21 de la loi n\u00b0 101\/2000 Coll. sur la protection des donn\u00e9es personnelles.<\/p>\n<h5><strong>Quelles sont les informations vous concernant que nous collectons, traitons, conservons et utilisons ?<\/strong><\/h5>\n<p>Nous pouvons collecter, traiter, conserver et utiliser des informations contenant votre nom et vos coordonn\u00e9es, votre adresse IP, votre sexe, votre date d&rsquo;anniversaire, vos int\u00e9r\u00eats personnels et d&rsquo;autres informations que vous fournissez volontairement, vos commandes et votre historique. Nous pouvons \u00e9galement recueillir des informations sur votre utilisation de ce site web, des informations d\u00e9mographiques et g\u00e9ographiques, vos int\u00e9r\u00eats et pr\u00e9f\u00e9rences en mati\u00e8re de produits et de services, ainsi que vos pr\u00e9f\u00e9rences en mati\u00e8re de marketing. <\/p>\n<p>Nous d\u00e9clarons que nous ne recueillons vos informations personnelles et autres que dans la mesure n\u00e9cessaire \u00e0 la r\u00e9alisation de l&rsquo;objectif sp\u00e9cifi\u00e9 et que nous les traitons conform\u00e9ment \u00e0 l&rsquo;objectif pour lequel elles ont \u00e9t\u00e9 recueillies.<\/p>\n<h5><strong>Transf\u00e9rons-nous des informations au niveau international ?<\/strong><\/h5>\n<p>Certains des tiers avec lesquels nous partageons vos informations personnelles et d&rsquo;autres informations vous concernant et \u00e0 qui nous les fournissons sont situ\u00e9s en dehors de l&rsquo;Union europ\u00e9enne, dans des pays qui n&rsquo;offrent pas le m\u00eame niveau de protection que dans notre pays. Toutefois, nous avons pris des mesures pour prot\u00e9ger les informations ainsi transf\u00e9r\u00e9es afin de maintenir le niveau de protection. <\/p>\n<h5><strong>Avec qui partageons-nous vos donn\u00e9es personnelles et d&rsquo;autres informations vous concernant et \u00e0 qui les fournissons-nous ?<\/strong><\/h5>\n<p>Nous pouvons partager et fournir vos informations personnelles et d&rsquo;autres informations vous concernant utilis\u00e9es avec :<\/p>\n<ul>\n<li>les prestataires de services qui fournissent des services en notre nom, tels que la plupart des fournisseurs de services informatiques et les services de courrier ;<\/li>\n<li>Nos partenaires commerciaux, tels que les agences de marketing, ou d&rsquo;autres parties peuvent acc\u00e9der \u00e0 vos informations si vous autorisez leurs services en cliquant sur le champ suppl\u00e9mentaire \u00ab\u00a0CONSENTEMENT \u00c0 L&rsquo;UTILISATION DES DONN\u00c9ES\u00a0\u00bb dans le formulaire de paiement. Nous pouvons \u00e9galement partager vos informations personnelles et d&rsquo;autres informations vous concernant avec des tiers, y compris des organismes charg\u00e9s de l&rsquo;application de la loi et des tribunaux, \u00e0 des fins l\u00e9gales ou r\u00e9glementaires, si nous vendons notre entreprise ou dans le but de pr\u00e9venir la fraude. <\/li>\n<\/ul>\n<p>Outre nos employ\u00e9s, les employ\u00e9s des entit\u00e9s avec lesquelles nous partageons vos informations personnelles et autres informations vous concernant ou toute autre personne traitant vos informations personnelles et autres informations vous concernant doivent respecter la confidentialit\u00e9 des informations personnelles, m\u00eame apr\u00e8s la fin de l&#8217;emploi ou d&rsquo;une relation similaire.<\/p>\n<h5><strong>Cookies et technologies de suivi<\/strong><\/h5>\n<p>Nous utilisons des cookies sur notre site web afin de fournir des publicit\u00e9s personnalis\u00e9es et d&rsquo;analyser les tendances, d&rsquo;administrer le site, de suivre les mouvements des utilisateurs et de recueillir des informations d\u00e9mographiques et g\u00e9ographiques g\u00e9n\u00e9rales. Les cookies sont de petits fichiers texte plac\u00e9s sur votre ordinateur par les sites web que vous visitez. Ils sont largement utilis\u00e9s pour permettre aux sites web de fonctionner, ou de fonctionner plus efficacement, ainsi que pour fournir des informations aux propri\u00e9taires du site. Vous pouvez accepter ou refuser les cookies en modifiant les param\u00e8tres de votre navigateur. Toutefois, si vous d\u00e9sactivez les cookies, il se peut que vous ne puissiez pas utiliser toutes les fonctionnalit\u00e9s de ce site web. Pour en savoir plus sur les cookies, notamment sur la nature des cookies plac\u00e9s et sur la mani\u00e8re de les g\u00e9rer et de les supprimer, consultez le site : <a href=\"http:\/\/www.allaboutcookies.org\">www.allaboutcookies.org<\/a>     <\/p>\n<p>En acc\u00e9dant \u00e0 notre site web et en l&rsquo;utilisant, vous consentez au stockage de cookies sur vos appareils et \u00e0 l&rsquo;acc\u00e8s \u00e0 ces cookies ou technologies.<\/p>\n<h5><strong>Liens avec des tiers<\/strong><\/h5>\n<p>Ce site web peut contenir des liens vers des sites de tiers. Nous ne sommes pas responsables de la s\u00e9curit\u00e9 ou de la confidentialit\u00e9 des informations collect\u00e9es par ces sites. Nous vous recommandons de consulter les d\u00e9clarations de confidentialit\u00e9 applicables aux sites web de tiers pour comprendre comment ils collectent, traitent et utilisent les informations vous concernant.  <\/p>\n<h5><strong>Les enfants<\/strong><\/h5>\n<p>Nous ne collectons pas, ne traitons pas, ne conservons pas et n&rsquo;utilisons pas sciemment des informations personnelles ou autres concernant des enfants de moins de dix-huit ans sans le consentement de leurs parents, sauf si la loi l&rsquo;autorise. Si vous avez moins de 18 ans, ne nous fournissez pas d&rsquo;informations vous concernant sans l&rsquo;autorisation de vos parents ou de votre tuteur. <\/p>\n<h5><strong>Comment pouvez-vous acc\u00e9der aux informations que nous d\u00e9tenons sur vous ?<\/strong><\/h5>\n<p>Si vous souhaitez recevoir des d\u00e9tails sur les informations que nous d\u00e9tenons \u00e0 votre sujet, si vos informations changent ou si vous pensez que les informations sont incorrectes ou incompl\u00e8tes, si vous ne souhaitez plus recevoir de communications promotionnelles et de messages marketing ou pour toute question concernant cette politique de confidentialit\u00e9, vous pouvez nous contacter \u00e0 l&rsquo;adresse suivante :<\/p>\n<p><em>Legendary Productions s.r.o., Ocelkova 643\/20, 198 00 Prague, R\u00e9publique tch\u00e8que, <\/em><a href=\"mailto:promo@indianridersfest.eu\">promo@indianridersfest.eu<\/a><\/p>\n<p>Si vous ne souhaitez pas que les informations personnelles et autres vous concernant soient enregistr\u00e9es au sens de la pr\u00e9sente politique de confidentialit\u00e9, il vous suffit de nous faire savoir par \u00e9crit que vous n&rsquo;\u00eates pas d&rsquo;accord avec ce traitement et cet enregistrement des informations personnelles et, conform\u00e9ment \u00e0 la section 5 de la loi n\u00b0 101\/2000 Coll. sur la protection des donn\u00e9es personnelles, nous devons supprimer les informations personnelles et autres vous concernant de notre base de donn\u00e9es ainsi que de la base de donn\u00e9es des personnes avec lesquelles nous avons partag\u00e9 vos informations personnelles ou \u00e0 qui nous avons fourni vos informations personnelles et autres vous concernant. Si nous ne le faisons pas malgr\u00e9 votre demande \u00e9crite, vous avez le droit de vous adresser \u00e0 l&rsquo;Office de protection des donn\u00e9es personnelles.<\/p>\n<h5><strong>Modifications de la politique de confidentialit\u00e9<\/strong><\/h5>\n<p>Nous pouvons modifier et mettre \u00e0 jour la pr\u00e9sente politique de confidentialit\u00e9 afin de refl\u00e9ter tout changement dans la mani\u00e8re dont nous traitons les informations vous concernant. Dans ce cas, nous publierons une version r\u00e9vis\u00e9e de la politique de confidentialit\u00e9 sur notre site web. <\/p>\n<p><em>Mise \u00e0 jour 14 janvier 2026<\/em><\/p>\n<p><em><\/em><\/p>\n<p>[\/et_pb_text][\/et_pb_column][\/et_pb_row][\/et_pb_section]<\/p>\n","protected":false},"excerpt":{"rendered":"<p>Politiques de confidentialit\u00e9Transparence dans l&rsquo;utilisation des donn\u00e9es : Explication de l&rsquo;utilisation de vos donn\u00e9esNous, Legendary Productions s.r.o., Ocelkova 643\/20, 198 00 Prague, Comp. Id. No. : 243 17 489, enregistr\u00e9 dans le registre public tenu par le tribunal municipal de Prague, dossier No. C 196098, collectons, traitons, conservons et utilisons certains types d&rsquo;informations sur les [&hellip;]<\/p>\n","protected":false},"author":1,"featured_media":0,"parent":0,"menu_order":0,"comment_status":"closed","ping_status":"open","template":"","meta":{"_et_pb_use_builder":"on","_et_pb_old_content":"","_et_gb_content_width":"","footnotes":""},"class_list":["post-104775","page","type-page","status-publish","hentry"],"_links":{"self":[{"href":"https:\/\/www.indianridersfest.eu\/fr\/wp-json\/wp\/v2\/pages\/104775","targetHints":{"allow":["GET"]}}],"collection":[{"href":"https:\/\/www.indianridersfest.eu\/fr\/wp-json\/wp\/v2\/pages"}],"about":[{"href":"https:\/\/www.indianridersfest.eu\/fr\/wp-json\/wp\/v2\/types\/page"}],"author":[{"embeddable":true,"href":"https:\/\/www.indianridersfest.eu\/fr\/wp-json\/wp\/v2\/users\/1"}],"replies":[{"embeddable":true,"href":"https:\/\/www.indianridersfest.eu\/fr\/wp-json\/wp\/v2\/comments?post=104775"}],"version-history":[{"count":7,"href":"https:\/\/www.indianridersfest.eu\/fr\/wp-json\/wp\/v2\/pages\/104775\/revisions"}],"predecessor-version":[{"id":113062,"href":"https:\/\/www.indianridersfest.eu\/fr\/wp-json\/wp\/v2\/pages\/104775\/revisions\/113062"}],"wp:attachment":[{"href":"https:\/\/www.indianridersfest.eu\/fr\/wp-json\/wp\/v2\/media?parent=104775"}],"curies":[{"name":"wp","href":"https:\/\/api.w.org\/{rel}","templated":true}]}}