{"id":113508,"date":"2026-03-03T06:02:41","date_gmt":"2026-03-03T05:02:41","guid":{"rendered":"https:\/\/www.indianridersfest.eu\/korzo-breakfast-irf\/"},"modified":"2026-03-04T09:53:07","modified_gmt":"2026-03-04T08:53:07","slug":"korzo-breakfast-irf","status":"publish","type":"page","link":"https:\/\/www.indianridersfest.eu\/de\/korzo-breakfast-irf\/","title":{"rendered":"Korzo Fr\u00fchst\u00fcck IRF"},"content":{"rendered":"<p>[et_pb_section fb_built=&#8220;1&#8243; _builder_version=&#8220;4.27.5&#8243; _module_preset=&#8220;default&#8220; background_color=&#8220;#000000&#8243; background_image=&#8220;http:\/\/www.indianridersfest.eu\/wp-content\/uploads\/2026\/03\/Header_korzo-breakfast-01.jpg&#8220; height=&#8220;370px&#8220; max_height=&#8220;370px&#8220; custom_margin=&#8220;0px||0px||false|false&#8220; custom_padding=&#8220;50px||50px||false|false&#8220; global_colors_info=&#8220;{}&#8220;][et_pb_row _builder_version=&#8220;4.27.0&#8243; _module_preset=&#8220;default&#8220; width=&#8220;85%&#8220; global_colors_info=&#8220;{}&#8220;][et_pb_column type=&#8220;4_4&#8243; _builder_version=&#8220;4.16&#8243; _module_preset=&#8220;default&#8220; global_colors_info=&#8220;{}&#8220;][et_pb_text _builder_version=&#8220;4.27.5&#8243; _module_preset=&#8220;default&#8220; header_font=&#8220;||||||||&#8220; header_3_font=&#8220;|700||on|||||&#8220; header_3_text_color=&#8220;#FFFFFF&#8220; header_3_font_size=&#8220;25px&#8220; custom_margin=&#8220;||5px||false|false&#8220; text_font_size_tablet=&#8220;&#8220; text_font_size_phone=&#8220;9px&#8220; text_font_size_last_edited=&#8220;on|phone&#8220; header_text_shadow_style=&#8220;preset1&#8243; header_text_shadow_color=&#8220;#000000&#8243; header_3_text_shadow_style=&#8220;preset1&#8243; global_colors_info=&#8220;{}&#8220;]<\/p>\n<h3>Fr\u00fchst\u00fccksbuffet im Resort Korzo Lipno (neu auf der IRF26)<\/h3>\n<p>[\/et_pb_text][\/et_pb_column][\/et_pb_row][\/et_pb_section][et_pb_section fb_built=&#8220;1&#8243; _builder_version=&#8220;4.27.0&#8243; _module_preset=&#8220;default&#8220; custom_padding=&#8220;30px||30px||false|false&#8220; global_colors_info=&#8220;{}&#8220;][et_pb_row column_structure=&#8220;1_2,1_2&#8243; custom_padding_last_edited=&#8220;on|phone&#8220; _builder_version=&#8220;4.27.0&#8243; _module_preset=&#8220;default&#8220; width=&#8220;85%&#8220; custom_padding=&#8220;0px||20px||false|false&#8220; custom_padding_tablet=&#8220;&#8220; custom_padding_phone=&#8220;||0px||false|false&#8220; global_colors_info=&#8220;{}&#8220;][et_pb_column type=&#8220;1_2&#8243; _builder_version=&#8220;4.16&#8243; _module_preset=&#8220;default&#8220; global_colors_info=&#8220;{}&#8220;][et_pb_image src=&#8220;http:\/\/www.indianridersfest.eu\/wp-content\/uploads\/2026\/03\/Korzo-breakfast-01.jpg&#8220; alt=&#8220;Korzo Lipno Fr\u00fchst\u00fcck&#8220; title_text=&#8220;Korzo-Fr\u00fchst\u00fcck-01&#8243; _builder_version=&#8220;4.27.5&#8243; _module_preset=&#8220;default&#8220; global_colors_info=&#8220;{}&#8220;][\/et_pb_image][\/et_pb_column][et_pb_column type=&#8220;1_2&#8243; _builder_version=&#8220;4.16&#8243; _module_preset=&#8220;default&#8220; global_colors_info=&#8220;{}&#8220;][et_pb_text _builder_version=&#8220;4.27.5&#8243; _module_preset=&#8220;default&#8220; text_font_size=&#8220;15px&#8220; text_line_height=&#8220;1.8em&#8220; custom_margin=&#8220;0px||0px||false|false&#8220; custom_margin_tablet=&#8220;&#8220; custom_margin_phone=&#8220;10px||||false|false&#8220; custom_margin_last_edited=&#8220;on|phone&#8220; custom_padding=&#8220;0px||0px||false|false&#8220; global_colors_info=&#8220;{}&#8220;]<\/p>\n<h3>Beginnen Sie Ihren Tag richtig: Fr\u00fchst\u00fccksbuffet im Resort Korzo Lipno (neu auf der IRF26)<\/h3>\n<p>St\u00e4rken Sie sich f\u00fcr das Festival mit einem gro\u00dfz\u00fcgigen Fr\u00fchst\u00fccksbuffet im Korzo Lipno, das zum ersten Mal beim Indian Riders Fest angeboten wird.<\/p>\n<ul>\n<li>Standort: Geb\u00e4ude A1 (linke Ecke, 125 m von der Rezeption entfernt)<\/li>\n<li>Servicezeiten: t\u00e4glich, 7:30-11:00<\/li>\n<li>Inklusive: eine gro\u00dfe Auswahl an warmen und kalten Speisen, s\u00fc\u00dfen und herzhaften Optionen und Getr\u00e4nken<\/li>\n<\/ul>\n<h4>Bester Preis bei Vorbestellung<\/h4>\n<p>Vorbestellung: 15,- \u20ac\/Person\/Tag (Vor Ort: 20,- \u20ac\/Person\/Tag)<\/p>\n<p><strong><em>Tipp: Die Vorbestellung garantiert Ihnen die Verf\u00fcgbarkeit und den besten Preis, so dass Sie einen ruhigen und stressfreien Morgen genie\u00dfen k\u00f6nnen.<\/em><\/strong><\/p>\n<p>&nbsp;<\/p>\n<p>[\/et_pb_text][\/et_pb_column][\/et_pb_row][et_pb_row _builder_version=&#8220;4.27.5&#8243; _module_preset=&#8220;default&#8220; width=&#8220;85%&#8220; custom_padding=&#8220;0px||0px||false|false&#8220; hover_enabled=&#8220;0&#8243; custom_css_main_element=&#8220;display:flex;||flex-wrap:wrap;&#8220; global_colors_info=&#8220;{}&#8220; sticky_enabled=&#8220;0&#8243;][et_pb_column type=&#8220;4_4&#8243; _builder_version=&#8220;4.16&#8243; _module_preset=&#8220;default&#8220; global_colors_info=&#8220;{}&#8220; custom_css_main_element_last_edited=&#8220;on|tablet&#8220; custom_css_main_element_tablet=&#8220;order:2;&#8220; custom_css_main_element_phone=&#8220;order:2;&#8220;][et_pb_text _builder_version=&#8220;4.27.5&#8243; _module_preset=&#8220;default&#8220; text_font_size=&#8220;15px&#8220; text_line_height=&#8220;1.8em&#8220; header_3_line_height=&#8220;1em&#8220; custom_margin_tablet=&#8220;&#8220; custom_margin_phone=&#8220;10px||||false|false&#8220; custom_margin_last_edited=&#8220;on|phone&#8220; global_colors_info=&#8220;{}&#8220;]<\/p>\n<h3>Korzo Lipno IRF26 Fr\u00fchst\u00fcck Bestellformular<\/h3>\n<p>[\/et_pb_text][wpforms_selector form_id=&#8220;113428&#8243; _builder_version=&#8220;4.27.5&#8243; _module_preset=&#8220;default&#8220; hover_enabled=&#8220;0&#8243; global_colors_info=&#8220;{}&#8220; sticky_enabled=&#8220;0&#8243;][\/wpforms_selector][\/et_pb_column][\/et_pb_row][et_pb_row column_structure=&#8220;1_2,1_2&#8243; custom_padding_last_edited=&#8220;on|phone&#8220; _builder_version=&#8220;4.27.0&#8243; _module_preset=&#8220;default&#8220; width=&#8220;85%&#8220; custom_padding=&#8220;0px||20px||false|false&#8220; custom_padding_tablet=&#8220;&#8220; custom_padding_phone=&#8220;||0px||false|false&#8220; global_colors_info=&#8220;{}&#8220;][et_pb_column type=&#8220;1_2&#8243; _builder_version=&#8220;4.16&#8243; _module_preset=&#8220;default&#8220; global_colors_info=&#8220;{}&#8220;][et_pb_image src=&#8220;http:\/\/www.indianridersfest.eu\/wp-content\/uploads\/2026\/03\/Map-Breakfast-Korzo.jpg&#8220; alt=&#8220;Karte Korzo Fr\u00fchst\u00fcck&#8220; title_text=&#8220;Karte-Fr\u00fchst\u00fcck-Korzo&#8220; _builder_version=&#8220;4.27.5&#8243; _module_preset=&#8220;default&#8220; hover_enabled=&#8220;0&#8243; global_colors_info=&#8220;{}&#8220; sticky_enabled=&#8220;0&#8243;][\/et_pb_image][\/et_pb_column][et_pb_column type=&#8220;1_2&#8243; _builder_version=&#8220;4.16&#8243; _module_preset=&#8220;default&#8220; global_colors_info=&#8220;{}&#8220;][et_pb_image src=&#8220;http:\/\/www.indianridersfest.eu\/wp-content\/uploads\/2026\/03\/Korzo-breakfast-02.jpg&#8220; alt=&#8220;Korzo Lipno Fr\u00fchst\u00fccksbuffet warm&#8220; title_text=&#8220;Korzo-Fr\u00fchst\u00fcck-02&#8243; _builder_version=&#8220;4.27.5&#8243; _module_preset=&#8220;default&#8220; hover_enabled=&#8220;0&#8243; global_colors_info=&#8220;{}&#8220; sticky_enabled=&#8220;0&#8243;][\/et_pb_image][\/et_pb_column][\/et_pb_row][\/et_pb_section]<\/p>\n","protected":false},"excerpt":{"rendered":"<p>Fr\u00fchst\u00fccksbuffet im Resort Korzo Lipno (neu auf der IRF26)Beginnen Sie Ihren Tag richtig: Fr\u00fchst\u00fccksbuffet im Resort Korzo Lipno (neu auf der IRF26) St\u00e4rken Sie sich f\u00fcr das Festival mit einem gro\u00dfz\u00fcgigen Fr\u00fchst\u00fccksbuffet im Korzo Lipno, das zum ersten Mal beim Indian Riders Fest angeboten wird. Standort: Geb\u00e4ude A1 (linke Ecke, 125 m von der Rezeption [&hellip;]<\/p>\n","protected":false},"author":1,"featured_media":0,"parent":0,"menu_order":0,"comment_status":"closed","ping_status":"closed","template":"","meta":{"_et_pb_use_builder":"on","_et_pb_old_content":"","_et_gb_content_width":"","footnotes":""},"class_list":["post-113508","page","type-page","status-publish","hentry"],"_links":{"self":[{"href":"https:\/\/www.indianridersfest.eu\/de\/wp-json\/wp\/v2\/pages\/113508","targetHints":{"allow":["GET"]}}],"collection":[{"href":"https:\/\/www.indianridersfest.eu\/de\/wp-json\/wp\/v2\/pages"}],"about":[{"href":"https:\/\/www.indianridersfest.eu\/de\/wp-json\/wp\/v2\/types\/page"}],"author":[{"embeddable":true,"href":"https:\/\/www.indianridersfest.eu\/de\/wp-json\/wp\/v2\/users\/1"}],"replies":[{"embeddable":true,"href":"https:\/\/www.indianridersfest.eu\/de\/wp-json\/wp\/v2\/comments?post=113508"}],"version-history":[{"count":7,"href":"https:\/\/www.indianridersfest.eu\/de\/wp-json\/wp\/v2\/pages\/113508\/revisions"}],"predecessor-version":[{"id":113523,"href":"https:\/\/www.indianridersfest.eu\/de\/wp-json\/wp\/v2\/pages\/113508\/revisions\/113523"}],"wp:attachment":[{"href":"https:\/\/www.indianridersfest.eu\/de\/wp-json\/wp\/v2\/media?parent=113508"}],"curies":[{"name":"wp","href":"https:\/\/api.w.org\/{rel}","templated":true}]}}