{"id":108991,"date":"2025-05-09T13:47:17","date_gmt":"2025-05-09T11:47:17","guid":{"rendered":"https:\/\/www.indianridersfest.eu\/?page_id=108991"},"modified":"2026-04-09T17:00:33","modified_gmt":"2026-04-09T15:00:33","slug":"https-www-indianridersfest-eu-de-program-program","status":"publish","type":"page","link":"https:\/\/www.indianridersfest.eu\/de\/https-www-indianridersfest-eu-de-program-program\/","title":{"rendered":"Programm"},"content":{"rendered":"<p>[et_pb_section fb_built=&#8220;1&#8243; _builder_version=&#8220;4.27.5&#8243; _module_preset=&#8220;default&#8220; background_enable_color=&#8220;off&#8220; background_image=&#8220;http:\/\/www.indianridersfest.eu\/wp-content\/uploads\/2025\/06\/promenade-01.jpg&#8220; parallax=&#8220;on&#8220; module_alignment=&#8220;center&#8220; height=&#8220;400px&#8220; custom_margin=&#8220;0px||||false|false&#8220; custom_margin_tablet=&#8220;&#8220; custom_margin_phone=&#8220;&#8220; custom_margin_last_edited=&#8220;on|phone&#8220; custom_padding=&#8220;0px||0px||false|false&#8220; global_colors_info=&#8220;{%22gcid-primary-color%22:%91%22background_color%22%93}&#8220;][et_pb_row _builder_version=&#8220;4.27.4&#8243; _module_preset=&#8220;default&#8220; width=&#8220;85%&#8220; module_alignment=&#8220;center&#8220; custom_margin=&#8220;0px||0px||false|false&#8220; custom_css_main_element=&#8220;display: flex;&#8220; global_colors_info=&#8220;{}&#8220;][et_pb_column type=&#8220;4_4&#8243; _builder_version=&#8220;4.27.0&#8243; _module_preset=&#8220;default&#8220; custom_padding=&#8220;0px|0px|0px|0px|false|false&#8220; custom_css_before=&#8220;align-self: flex-start;&#8220; global_colors_info=&#8220;{}&#8220;][et_pb_text _builder_version=&#8220;4.27.5&#8243; _module_preset=&#8220;default&#8220; header_text_color=&#8220;#FFFFFF&#8220; header_3_text_color=&#8220;#FFFFFF&#8220; background_enable_image=&#8220;off&#8220; custom_margin=&#8220;||5px||false|false&#8220; text_font_size_tablet=&#8220;&#8220; text_font_size_phone=&#8220;9px&#8220; text_font_size_last_edited=&#8220;on|phone&#8220; header_3_text_shadow_style=&#8220;preset1&#8243; header_3_text_shadow_horizontal_length=&#8220;0.2em&#8220; header_3_text_shadow_blur_strength=&#8220;0.15em&#8220; global_colors_info=&#8220;{}&#8220;]<\/p>\n<h3>PROGRAMM IRF26<\/h3>\n<div id=\"simple-translate\" class=\"simple-translate-system-theme\">\n<div>\n<div style=\"background-image: url('moz-extension:\/\/8d9379b5-2d9f-4c0e-8c06-2eb529720a65\/icons\/512.png'); height: 22px; width: 22px; top: 31px; left: -2px;\" class=\"simple-translate-button isShow\"><\/div>\n<div class=\"simple-translate-panel \" style=\"width: 300px; height: 200px; top: 0px; left: 0px; font-size: 13px;\">\n<div class=\"simple-translate-result-wrapper\" style=\"overflow: hidden;\">\n<div class=\"simple-translate-move\" draggable=\"true\"><\/div>\n<div class=\"simple-translate-result-contents\">\n<p class=\"simple-translate-candidate\" dir=\"auto\">\n<\/div>\n<\/div>\n<\/div>\n<\/div>\n<\/div>\n<p>[\/et_pb_text][\/et_pb_column][\/et_pb_row][\/et_pb_section][et_pb_section fb_built=&#8220;1&#8243; custom_padding_last_edited=&#8220;on|phone&#8220; admin_label=&#8220;Red Section CTA&#8220; _builder_version=&#8220;4.27.4&#8243; _module_preset=&#8220;default&#8220; background_color=&#8220;gcid-3cf13b05-441f-4a04-90d1-eafe4f681c6e&#8220; display_conditions=&#8220;W3siaWQiOiI5MGE5ZGVmMi0zOWU2LTRjNWMtYWY5ZS0zZGY0ZTQ4NjM3MzEiLCJjb25kaXRpb24iOiJ1c2VyUm9sZSIsImNvbmRpdGlvblNldHRpbmdzIjp7ImRpc3BsYXlSdWxlIjoiaXNOb3QiLCJ1c2VyUm9sZXMiOlt7ImxhYmVsIjoiV2hvbGVzYWxlIEN1c3RvbWVyIiwidmFsdWUiOiJ3aG9sZXNhbGVfY3VzdG9tZXIifV0sInVzZXJJZHMiOiJVc2VyIElEcyBzZXBhcmF0ZWQgYnkgY29tbWFzIiwiYWRtaW5MYWJlbCI6IlVzZXIgUm9sZSIsImVuYWJsZUNvbmRpdGlvbiI6Im9uIn0sIm9wZXJhdG9yIjoiT1IifV0=&#8220; custom_margin=&#8220;0px||0px||false|false&#8220; custom_padding=&#8220;10px||20px||false|false&#8220; custom_padding_tablet=&#8220;&#8220; custom_padding_phone=&#8220;20px||0px||false|false&#8220; global_colors_info=&#8220;{%22gcid-3cf13b05-441f-4a04-90d1-eafe4f681c6e%22:%91%22background_color%22%93}&#8220;][et_pb_row column_structure=&#8220;3_5,2_5&#8243; _builder_version=&#8220;4.27.4&#8243; _module_preset=&#8220;default&#8220; width=&#8220;85%&#8220; module_alignment=&#8220;center&#8220; custom_margin=&#8220;0px||0px||false|false&#8220; custom_padding=&#8220;0px||0px||false|false&#8220; global_colors_info=&#8220;{}&#8220;][et_pb_column type=&#8220;3_5&#8243; _builder_version=&#8220;4.27.0&#8243; _module_preset=&#8220;default&#8220; custom_padding=&#8220;25px|||0px|false|false&#8220; global_colors_info=&#8220;{}&#8220;][et_pb_text _builder_version=&#8220;4.27.4&#8243; _module_preset=&#8220;default&#8220; text_font=&#8220;|800|||||||&#8220; text_text_color=&#8220;#FFFFFF&#8220; text_font_size=&#8220;16px&#8220; text_letter_spacing=&#8220;5px&#8220; text_line_height=&#8220;1.6em&#8220; link_font=&#8220;|600|||||||&#8220; link_text_color=&#8220;#FFFFFF&#8220; custom_margin=&#8220;0px||0px||false|false&#8220; custom_margin_tablet=&#8220;&#8220; custom_margin_phone=&#8220;0px||5px||false|false&#8220; custom_margin_last_edited=&#8220;on|phone&#8220; custom_padding=&#8220;|||0px|false|false&#8220; locked=&#8220;off&#8220; global_colors_info=&#8220;{}&#8220;]<\/p>\n<p>SONDERPREIS<\/p>\n<p>[\/et_pb_text][et_pb_text _builder_version=&#8220;4.27.5&#8243; _module_preset=&#8220;default&#8220; header_3_font=&#8220;|800|||||||&#8220; header_3_text_color=&#8220;#FFFFFF&#8220; header_3_font_size=&#8220;55px&#8220; header_3_line_height=&#8220;1.1em&#8220; custom_margin=&#8220;||0px||false|false&#8220; custom_padding=&#8220;0px||0px|0px|false|false&#8220; header_3_font_size_phone=&#8220;40px&#8220; global_colors_info=&#8220;{}&#8220;]<\/p>\n<h3>IRF26 3 TAGE VOLLZUGANGSTICKET<\/h3>\n<p>[\/et_pb_text][et_pb_text _builder_version=&#8220;4.27.5&#8243; _module_preset=&#8220;default&#8220; text_text_color=&#8220;#FFFFFF&#8220; text_font_size=&#8220;16px&#8220; text_line_height=&#8220;1.6em&#8220; custom_margin=&#8220;0px||15px||false|false&#8220; custom_padding=&#8220;0px||0px||false|false&#8220; text_font_size_tablet=&#8220;&#8220; text_font_size_phone=&#8220;14px&#8220; text_font_size_last_edited=&#8220;on|phone&#8220; global_colors_info=&#8220;{}&#8220;]<\/p>\n<p><strong>Hol dir deine IRF26 3-Tages-Tickets zu einem g\u00fcnstigeren Preis!<\/strong><\/p>\n<p>Du kannst immer noch IRF26 Vollzugangstickets f\u00fcr 3 Tage zum Sonderpreis von 101 \u20ac anstatt 125 \u20ac kaufen. Hol dir deins noch heute und spare! <\/p>\n<p>[\/et_pb_text][et_pb_button button_url=&#8220;https:\/\/www.indianridersfest.eu\/product\/irf26-3-day-full-access-ticket\/&#8220; button_text=&#8220;IRF26 3 TAGE VOLLZUGANGSTICKETS&#8220; _builder_version=&#8220;4.27.5&#8243; _module_preset=&#8220;8e8220fd-e972-468b-9dfb-e43ff5367d3a&#8220; button_text_size=&#8220;18px&#8220; custom_margin=&#8220;0px|15px|||false|false&#8220; global_colors_info=&#8220;{}&#8220; transform_styles__hover_enabled=&#8220;on|desktop&#8220; transform_scale__hover_enabled=&#8220;on|desktop&#8220;][\/et_pb_button][\/et_pb_column][et_pb_column type=&#8220;2_5&#8243; _builder_version=&#8220;4.27.0&#8243; _module_preset=&#8220;default&#8220; custom_padding=&#8220;25px|||0px|false|false&#8220; global_colors_info=&#8220;{}&#8220;][et_pb_image src=&#8220;http:\/\/www.indianridersfest.eu\/wp-content\/uploads\/2026\/03\/25-ILF-IRF.jpg&#8220; alt=&#8220;Baumwipfelpfad Lipno&#8220; title_text=&#8220;25-ILF-IRF&#8220; _builder_version=&#8220;4.27.5&#8243; _module_preset=&#8220;default&#8220; global_colors_info=&#8220;{}&#8220;][\/et_pb_image][\/et_pb_column][\/et_pb_row][\/et_pb_section][et_pb_section fb_built=&#8220;1&#8243; _builder_version=&#8220;4.27.0&#8243; _module_preset=&#8220;default&#8220; custom_padding=&#8220;30px||10px||false|false&#8220; global_colors_info=&#8220;{}&#8220;][et_pb_row custom_padding_last_edited=&#8220;on|phone&#8220; _builder_version=&#8220;4.27.4&#8243; _module_preset=&#8220;default&#8220; width=&#8220;85%&#8220; custom_padding=&#8220;0px||20px||false|false&#8220; custom_padding_tablet=&#8220;&#8220; custom_padding_phone=&#8220;||0px||false|false&#8220; global_colors_info=&#8220;{}&#8220;][et_pb_column type=&#8220;4_4&#8243; _builder_version=&#8220;4.16&#8243; _module_preset=&#8220;default&#8220; global_colors_info=&#8220;{}&#8220;][et_pb_text _builder_version=&#8220;4.27.5&#8243; _module_preset=&#8220;default&#8220; text_font_size=&#8220;15px&#8220; text_line_height=&#8220;1.8em&#8220; custom_margin=&#8220;0px||0px||false|false&#8220; custom_margin_tablet=&#8220;&#8220; custom_margin_phone=&#8220;10px||||false|false&#8220; custom_margin_last_edited=&#8220;on|phone&#8220; custom_padding=&#8220;0px||0px||false|false&#8220; global_colors_info=&#8220;{}&#8220;]<\/p>\n<h3>Willkommen beim IRF26 \u2013 Programm!<\/h3>\n<p>Sei dabei vom 18. bis 21. Juni bei adrenalingeladenen Probefahrten, Live-Musik, Custom-Bike-Ausstellungen und der unvergleichlichen Kameradschaft der Indian Motorcycle Community. Feiere das 125-j\u00e4hrige Jubil\u00e4um mit Freunden aus \u00fcber 45 L\u00e4ndern und schaffe unvergessliche Erinnerungen. <\/p>\n<p><em><strong>Wichtige Programmpunkte:<\/strong><\/em><\/p>\n<ul>\n<li>Fr\u00fchere \u00d6ffnung: Donnerstag, 18.06. um 10:00 Uhr (statt 14:00 Uhr)<\/li>\n<li>Mega 125 km Parade: Samstag, 20.06. um 11:30 Uhr<\/li>\n<li>Wall of Death Shows<\/li>\n<li>Gr\u00f6\u00dferes Indian Motorcycle Village<\/li>\n<\/ul>\n<p>Entdecke das vollst\u00e4ndige Programm unten und plane deinen Besuch.<\/p>\n<p>&nbsp;<\/p>\n<p>[\/et_pb_text][\/et_pb_column][\/et_pb_row][et_pb_row _builder_version=&#8220;4.27.4&#8243; _module_preset=&#8220;default&#8220; custom_margin=&#8220;0px||||false|false&#8220; custom_padding=&#8220;0px||||false|false&#8220; global_colors_info=&#8220;{}&#8220;][et_pb_column type=&#8220;4_4&#8243; _builder_version=&#8220;4.27.4&#8243; _module_preset=&#8220;default&#8220; global_colors_info=&#8220;{}&#8220;][et_pb_tabs active_tab_background_color=&#8220;#862633&#8243; inactive_tab_background_color=&#8220;#e1e1e1&#8243; active_tab_text_color=&#8220;#FFFFFF&#8220; _builder_version=&#8220;4.27.5&#8243; _module_preset=&#8220;default&#8220; tab_text_color=&#8220;#862633&#8243; body_font=&#8220;&#8211;et_global_body_font||||||||&#8220; body_text_align=&#8220;left&#8220; body_line_height=&#8220;2em&#8220; tab_font=&#8220;&#8211;et_global_heading_font|700|||||||&#8220; border_radii=&#8220;on|10px|10px|10px|10px&#8220; global_colors_info=&#8220;{%22gcid-6eafdc07-c9a3-4541-895e-33b4c75ae4a0%22:%91%22inactive_tab_background_color%22%93,%22gcid-primary-color%22:%91%22active_tab_background_color%22,%22tab_text_color%22%93}&#8220;][et_pb_tab title=&#8220;DONNERSTAG, 18.06.&#8220; _builder_version=&#8220;4.27.5&#8243; _module_preset=&#8220;default&#8220; tab_font=&#8220;|||on|||||&#8220; tab_text_color=&#8220;#FFFFFF&#8220; global_colors_info=&#8220;{}&#8220;]<\/p>\n<p><strong>10:00 \u2013 22:00 Uhr Er\u00f6ffnung Check-in<\/strong><br \/>10:00 \u2013 20:00 Uhr Stra\u00dfenk\u00fcnstler-Performance \/ Trio Trakturek<br \/>10:00 \u2013 02:00 Uhr Bars &amp; Food Trucks<br \/>10:00 \u2013 21:00 Uhr Indian Motorcycle Shop &amp; IRF Merch<br \/>10:00 \u2013 21:00 Uhr Indian Motorcycle Village Lounge Bar \/ Chill Out Island<br \/>10:00 \u2013 21:00 Uhr Indian Motorcycle 2026 Showroom<br \/>10:00 \u2013 21:00 Uhr Indian Motorcycle Vintage Bike Expo<br \/>10:00 \u2013 02:00 Uhr Ausstellerdorf<br \/>10:30 \u2013 19:30 Uhr Probefahrten Indian Motorcycle<br \/>11:00 \u2013 20:00 Uhr Budweis Indian Motorcycle Custom Show<br \/>11:00 \u2013 18:00 Uhr Live-Shows Wall of Death<br \/>12:00 \u2013 20:00 Uhr Jetsurf Wasser-Shows<br \/>13:00 \u2013 02:00 Uhr Live-Shows DJ Evson<br \/>16:00 \u2013 18:00 Uhr Pr\u00e4sentation Modellreihe 2026 + 125th Edition \/ Indian Motorcycle Village<br \/>18:00 &#8211; 19:30 Live-Konzert <strong>So Fine &#8211; U2 Revival<\/strong><br \/>20:00 &#8211; 20:15 Begr\u00fc\u00dfungswort von Indian Motorcycle + IRF-Organisation<br \/>20:30 &#8211; 22:00 Live-Konzert <strong>Kings of the Rock<\/strong><br \/>22:30 &#8211; 00:00 Live-Disco-Dance-Party \/ DJ Evson<br \/>00:00 \u2013 02:00 Uhr DJ Evson Party<\/p>\n<p>[\/et_pb_tab][et_pb_tab title=&#8220;FREITAG, 19.06.&#8220; _builder_version=&#8220;4.27.5&#8243; _module_preset=&#8220;default&#8220; global_colors_info=&#8220;{}&#8220;]<\/p>\n<p>09:00 \u2013 22:00 Uhr Er\u00f6ffnung Check-in<br \/>09:00 \u2013 20:00 Uhr Stra\u00dfenk\u00fcnstler-Performance \/ Sabina Uxov\u00e1<br \/>09:00 \u2013 02:00 Uhr Bars &amp; Food Trucks<br \/>09:00 \u2013 19:30 Uhr Probefahrten Indian Motorcycle<br \/>09:00 \u2013 22:00 Uhr Indian Motorcycle Shop &amp; IRF Merch<br \/>10:00 \u2013 21:00 Uhr Indian Motorcycle Village Lounge Bar \/ Chill Out Island<br \/>10:00 \u2013 21:00 Uhr Indian Motorcycle 2026 Showroom<br \/>10:00 \u2013 21:00 Uhr Indian Motorcycle Vintage Bike Expo<br \/>10:00 \u2013 20:00 Uhr Budweis Indian Motorcycle Custom Show<br \/>10:00 &#8211; 18:00 Live-Shows Wall of Death<br \/>12:00 \u2013 19:00 Uhr Jetsurf Wasser-Shows<br \/>15:00 \u2013 02:00 Uhr Live-Shows DJ Evson<br \/>16:00 \u2013 18:00 Uhr Pr\u00e4sentation Modellreihe 2026 + 125th Edition \/ Indian Motorcycle Village<br \/>18:30 \u2013 19:30 Uhr Live-Konzert <strong>Hairy Groupies<\/strong><br \/>19:45 \u2013 20:00 Uhr Informationen zur Paradefahrt <br \/>20:00 \u2013 20:15 Uhr Gru\u00dfwort IRF Organisation<br \/>21:30 \u2013 23:30 Uhr Live-Konzert <strong>High Voltage AC\/DC<\/strong><br \/>22:30 \u2013 00:00 Uhr Live Dance Party \/ DJ Evson <br \/>00:00 \u2013 02:00 Uhr DJ Evson Party<\/p>\n<p>[\/et_pb_tab][et_pb_tab title=&#8220;SAMSTAG, 20.06.&#8220; _builder_version=&#8220;4.27.5&#8243; _module_preset=&#8220;default&#8220; global_colors_info=&#8220;{}&#8220;]<\/p>\n<p>09:00 \u2013 22:00 Uhr Er\u00f6ffnung Check-in<br \/>09:00 \u2013 13:00 Uhr Stra\u00dfenk\u00fcnstler-Performance \/ Sabina Uxov\u00e1<br \/>09:00 \u2013 02:00 Uhr Bars &amp; Food Trucks<br \/>09:00 \u2013 10:45 Uhr Probefahrten Indian Motorcycle<br \/>09:00 \u2013 22:00 Uhr Indian Motorcycle Shop &amp; IRF Merch<br \/>10:00 \u2013 21:00 Uhr Indian Motorcycle Village Lounge Bar \/ Chill Out Island<br \/>10:00 \u2013 21:00 Uhr Indian Motorcycle 2026 Showroom<br \/>10:00 \u2013 21:00 Uhr Indian Motorcycle Vintage Bike Expo<br \/><strong>10:00 \u2013 11:00 Uhr Treffpunkt Paradefahrt &gt;&gt; Parkplatz P1<\/strong><br \/><strong>11:25 UHR START PARADEFAHRT \u2013 125 km!<br \/><\/strong>14:30 Uhr R\u00fcckkehr von der Paradefahrt.<br \/>09:00 \u2013 23:30 Uhr Ausstellerdorf<br \/>10:00 \u2013 20:00 Uhr Budweis Indian Motorcycle Custom Show<br \/>10:00 \u2013 18:00 Uhr Live-Shows Wall of Death<br \/>12:00 \u2013 19:00 Uhr Jetsurf Wasser-Shows<br \/>15:00 \u2013 19:30 Uhr Probefahrten Indian Motorcycle<br \/>15:00 \u2013 01:00 Uhr Live-Shows DJ Evson<br \/>16:00 &#8211; 17:00  <strong>Budweis Custom Show<\/strong> \/ AMD Awards Ceremony + Public Price Award<br \/>17:00 &#8211; 17:30  <strong>Premiere Czech Riders Celebration 125th IMC \/ Map CZ<\/strong><br \/>17:30 \u2013 18:00 Uhr <strong>IMRG Awards + IMRG Flags Group Shot<\/strong><br \/>18:00 \u2013 18:30 Uhr Begr\u00fc\u00dfung <strong>IRF26 Ambassador Indian Ladies First \u2013 IRF27 Ambassadors<\/strong><br \/>19:00 \u2013 20:00 Uhr Live-Konzert <strong>Nirvana Czech Tribute Band<\/strong><br \/>20:00 \u2013 20:15 Uhr Dankeswort Indian Motorcycle &amp; IRF Organisation   <br \/>21:00 &#8211; 22:30  <strong>Verlosung<\/strong><br \/>22:30 \u2013 00:00 Uhr Live Dance Party \/ DJ Evson<br \/>00:00 \u2013 01:00 Uhr Abschlussparty DJ Evson<\/p>\n<p>[\/et_pb_tab][\/et_pb_tabs][\/et_pb_column][\/et_pb_row][\/et_pb_section]<\/p>\n","protected":false},"excerpt":{"rendered":"<p>PROGRAMM IRF26 SONDERPREISIRF26 3 TAGE VOLLZUGANGSTICKETHol dir deine IRF26 3-Tages-Tickets zu einem g\u00fcnstigeren Preis! Du kannst immer noch IRF26 Vollzugangstickets f\u00fcr 3 Tage zum Sonderpreis von 101 \u20ac anstatt 125 \u20ac kaufen. Hol dir deins noch heute und spare! Willkommen beim IRF26 \u2013 Programm! Sei dabei vom 18. bis 21. Juni bei adrenalingeladenen Probefahrten, Live-Musik, [&hellip;]<\/p>\n","protected":false},"author":1,"featured_media":0,"parent":0,"menu_order":0,"comment_status":"closed","ping_status":"closed","template":"","meta":{"_et_pb_use_builder":"on","_et_pb_old_content":"","_et_gb_content_width":"","footnotes":""},"class_list":["post-108991","page","type-page","status-publish","hentry"],"_links":{"self":[{"href":"https:\/\/www.indianridersfest.eu\/de\/wp-json\/wp\/v2\/pages\/108991","targetHints":{"allow":["GET"]}}],"collection":[{"href":"https:\/\/www.indianridersfest.eu\/de\/wp-json\/wp\/v2\/pages"}],"about":[{"href":"https:\/\/www.indianridersfest.eu\/de\/wp-json\/wp\/v2\/types\/page"}],"author":[{"embeddable":true,"href":"https:\/\/www.indianridersfest.eu\/de\/wp-json\/wp\/v2\/users\/1"}],"replies":[{"embeddable":true,"href":"https:\/\/www.indianridersfest.eu\/de\/wp-json\/wp\/v2\/comments?post=108991"}],"version-history":[{"count":57,"href":"https:\/\/www.indianridersfest.eu\/de\/wp-json\/wp\/v2\/pages\/108991\/revisions"}],"predecessor-version":[{"id":114092,"href":"https:\/\/www.indianridersfest.eu\/de\/wp-json\/wp\/v2\/pages\/108991\/revisions\/114092"}],"wp:attachment":[{"href":"https:\/\/www.indianridersfest.eu\/de\/wp-json\/wp\/v2\/media?parent=108991"}],"curies":[{"name":"wp","href":"https:\/\/api.w.org\/{rel}","templated":true}]}}