{"id":106543,"date":"2024-10-24T18:31:36","date_gmt":"2024-10-24T16:31:36","guid":{"rendered":"https:\/\/www.indianridersfest.eu\/?page_id=106543"},"modified":"2024-10-28T03:47:33","modified_gmt":"2024-10-28T02:47:33","slug":"korzo-lipno-2","status":"publish","type":"page","link":"https:\/\/www.indianridersfest.eu\/de\/korzo-lipno-2\/","title":{"rendered":"Camping Modrin Lipno"},"content":{"rendered":"<p>[et_pb_section fb_built=&#8220;1&#8243; _builder_version=&#8220;4.27.2&#8243; _module_preset=&#8220;default&#8220; background_enable_color=&#8220;off&#8220; background_image=&#8220;https:\/\/www.indianridersfest.eu\/wp-content\/uploads\/2024\/10\/Camping_modrin-header.jpg&#8220; module_alignment=&#8220;center&#8220; height=&#8220;400px&#8220; custom_margin=&#8220;0px||||false|false&#8220; custom_margin_tablet=&#8220;&#8220; custom_margin_phone=&#8220;&#8220; custom_margin_last_edited=&#8220;on|phone&#8220; custom_padding=&#8220;0px||0px||false|false&#8220; global_colors_info=&#8220;{%22gcid-primary-color%22:%91%22background_color%22%93}&#8220;][et_pb_row column_structure=&#8220;1_2,1_2&#8243; _builder_version=&#8220;4.27.0&#8243; _module_preset=&#8220;default&#8220; width=&#8220;85%&#8220; module_alignment=&#8220;center&#8220; custom_margin=&#8220;0px||0px||false|false&#8220; custom_css_main_element=&#8220;display: flex;&#8220; global_colors_info=&#8220;{}&#8220;][et_pb_column type=&#8220;1_2&#8243; _builder_version=&#8220;4.27.0&#8243; _module_preset=&#8220;default&#8220; custom_padding=&#8220;0px|0px|0px|0px|false|false&#8220; custom_css_before=&#8220;align-self: flex-start;&#8220; global_colors_info=&#8220;{}&#8220;][et_pb_text _builder_version=&#8220;4.27.2&#8243; _module_preset=&#8220;default&#8220; header_text_color=&#8220;#FFFFFF&#8220; header_3_text_color=&#8220;#FFFFFF&#8220; background_enable_image=&#8220;off&#8220; custom_margin=&#8220;||5px||false|false&#8220; text_font_size_tablet=&#8220;&#8220; text_font_size_phone=&#8220;9px&#8220; text_font_size_last_edited=&#8220;on|phone&#8220; header_3_text_shadow_style=&#8220;preset1&#8243; header_3_text_shadow_horizontal_length=&#8220;0.2em&#8220; header_3_text_shadow_blur_strength=&#8220;0.15em&#8220; global_colors_info=&#8220;{}&#8220;]<\/p>\n<h3>CAMPING LIPNO MOD\u0158\u00cdN<\/h3>\n<p>[\/et_pb_text][\/et_pb_column][et_pb_column type=&#8220;1_2&#8243; _builder_version=&#8220;4.27.0&#8243; _module_preset=&#8220;default&#8220; custom_padding=&#8220;0px|0px|0px|0px|false|false&#8220; custom_css_before=&#8220;align-self: flex-start;&#8220; global_colors_info=&#8220;{}&#8220;][et_pb_image src=&#8220;https:\/\/www.indianridersfest.eu\/wp-content\/uploads\/2024\/10\/logo-camping-modrin-1.png&#8220; alt=&#8220;Logo Camping Lipno Modrin&#8220; title_text=&#8220;logo-camping modrin&#8220; src_tablet=&#8220;https:\/\/www.indianridersfest.eu\/wp-content\/uploads\/2024\/09\/logo-Korzo-600px.jpg&#8220; src_phone=&#8220;https:\/\/www.indianridersfest.eu\/wp-content\/uploads\/2024\/09\/logo-Korzo-600px.jpg&#8220; src_last_edited=&#8220;on|phone&#8220; _builder_version=&#8220;4.27.2&#8243; _module_preset=&#8220;default&#8220; width=&#8220;30%&#8220; width_tablet=&#8220;40%&#8220; width_phone=&#8220;55%&#8220; width_last_edited=&#8220;on|desktop&#8220; max_width=&#8220;40%&#8220; module_alignment=&#8220;right&#8220; global_colors_info=&#8220;{}&#8220;][\/et_pb_image][\/et_pb_column][\/et_pb_row][\/et_pb_section][et_pb_section fb_built=&#8220;1&#8243; _builder_version=&#8220;4.27.0&#8243; _module_preset=&#8220;default&#8220; custom_padding=&#8220;30px||10px||false|false&#8220; global_colors_info=&#8220;{}&#8220;][et_pb_row column_structure=&#8220;1_2,1_2&#8243; custom_padding_last_edited=&#8220;on|phone&#8220; _builder_version=&#8220;4.27.0&#8243; _module_preset=&#8220;default&#8220; width=&#8220;85%&#8220; custom_padding=&#8220;0px||20px||false|false&#8220; custom_padding_tablet=&#8220;&#8220; custom_padding_phone=&#8220;||0px||false|false&#8220; global_colors_info=&#8220;{}&#8220;][et_pb_column type=&#8220;1_2&#8243; _builder_version=&#8220;4.16&#8243; _module_preset=&#8220;default&#8220; global_colors_info=&#8220;{}&#8220;][et_pb_image src=&#8220;https:\/\/www.indianridersfest.eu\/wp-content\/uploads\/2024\/10\/camping-modrin_A.jpg&#8220; alt=&#8220;Korzo Lipno IRF25&#8243; title_text=&#8220;camping-modrin_A&#8220; _builder_version=&#8220;4.27.2&#8243; _module_preset=&#8220;default&#8220; global_colors_info=&#8220;{}&#8220;][\/et_pb_image][\/et_pb_column][et_pb_column type=&#8220;1_2&#8243; _builder_version=&#8220;4.16&#8243; _module_preset=&#8220;default&#8220; global_colors_info=&#8220;{}&#8220;][et_pb_text _builder_version=&#8220;4.27.2&#8243; _module_preset=&#8220;default&#8220; text_font_size=&#8220;15px&#8220; text_line_height=&#8220;1.8em&#8220; custom_margin=&#8220;0px||0px||false|false&#8220; custom_margin_tablet=&#8220;&#8220; custom_margin_phone=&#8220;10px||||false|false&#8220; custom_margin_last_edited=&#8220;on|phone&#8220; custom_padding=&#8220;0px||0px||false|false&#8220; global_colors_info=&#8220;{}&#8220;]<\/p>\n<h3>CAMPING LIPNO MOD\u0158\u00cdN<\/h3>\n<p>Als offizieller Campingpartner des Indian Riders Fest 2025 freut sich Camping Lipno Mod\u0159\u00edn darauf, die Teilnehmer zu einem unvergleichlichen Erlebnis willkommen zu hei\u00dfen. Der Campingplatz liegt weniger als 1 Kilometer vom pulsierenden Herzen der Veranstaltung entfernt, direkt am ruhigen Ufer des Lipno Sees. Unsere erstklassige Lage sorgt daf\u00fcr, dass Sie nie zu weit vom Geschehen entfernt sind und sich dennoch bequem in einem malerischen R\u00fcckzugsort einrichten k\u00f6nnen. <\/p>\n<p><strong>Camping Lipno Mod\u0159\u00edn<\/strong><br \/><strong>Lipno nad Vltavou<br \/>382 78 Lipno nad Vltavou<br \/><\/strong><a href=\"https:\/\/maps.app.goo.gl\/kKc3KEFFNxa4uVp99\" target=\"_blank\" rel=\"noopener\">Google Maps<\/a><\/p>\n<p>[\/et_pb_text][\/et_pb_column][\/et_pb_row][et_pb_row column_structure=&#8220;1_2,1_2&#8243; _builder_version=&#8220;4.27.0&#8243; _module_preset=&#8220;default&#8220; width=&#8220;85%&#8220; custom_padding=&#8220;0px||0px||false|false&#8220; custom_css_main_element=&#8220;display:flex;||flex-wrap:wrap;&#8220; global_colors_info=&#8220;{}&#8220;][et_pb_column type=&#8220;1_2&#8243; _builder_version=&#8220;4.16&#8243; _module_preset=&#8220;default&#8220; global_colors_info=&#8220;{}&#8220; custom_css_main_element_last_edited=&#8220;on|tablet&#8220; custom_css_main_element_tablet=&#8220;order:2;&#8220; custom_css_main_element_phone=&#8220;order:2;&#8220;][et_pb_text _builder_version=&#8220;4.27.2&#8243; _module_preset=&#8220;default&#8220; text_font_size=&#8220;15px&#8220; text_line_height=&#8220;1.8em&#8220; custom_margin_tablet=&#8220;&#8220; custom_margin_phone=&#8220;10px||||false|false&#8220; custom_margin_last_edited=&#8220;on|phone&#8220; global_colors_info=&#8220;{}&#8220;]<\/p>\n<h3>Camping Lipno Mod\u0159\u00edn: Ihr Zuhause am Seeufer w\u00e4hrend des Indian Riders Festes 2025<\/h3>\n<p>  Camping Lipno Mod\u0159\u00edn ist wirklich ein Top-Campingplatz im Herzen von Lipno, der jeden ansprechen kann. Egal, ob Sie ein Sportfan, ein Romantiker oder ein Feinschmecker sind, der Campingplatz bietet Ihnen unvergessliche Erlebnisse mit einem atemberaubenden Blick vom linken Ufer des Lipno-Sees. Mit einem unvergleichlichen Angebot an Sportger\u00e4ten und Aktivit\u00e4ten, \u00fcber 229 Stellpl\u00e4tzen f\u00fcr Ihren Komfort und einer strategischen Lage im Zentrum aller Lipno-Aktivit\u00e4ten, finden sowohl Familien als auch Einzelpersonen alles, was sie brauchen. Ein gro\u00dfer Pluspunkt ist auch das Restaurant Grill Mod\u0159\u00edn, das zum Campingplatz geh\u00f6rt und k\u00f6stliche tschechische K\u00fcche bietet. Haustiere sind nat\u00fcrlich auch willkommen![\/et_pb_text][\/et_pb_column][et_pb_column type=&#8220;1_2&#8243; _builder_version=&#8220;4.16&#8243; _module_preset=&#8220;default&#8220; global_colors_info=&#8220;{}&#8220; custom_css_main_element_tablet=&#8220;order:1;&#8220; custom_css_main_element_last_edited=&#8220;on|tablet&#8220; custom_css_main_element_phone=&#8220;order:1;&#8220;][et_pb_image src=&#8220;https:\/\/www.indianridersfest.eu\/wp-content\/uploads\/2024\/10\/camping-modrin_B.jpg&#8220; alt=&#8220;Korzo Lipno IRF25&#8243; title_text=&#8220;camping-modrin_B&#8220; _builder_version=&#8220;4.27.2&#8243; _module_preset=&#8220;default&#8220; custom_margin=&#8220;0px||0px||false|false&#8220; custom_padding=&#8220;0px||0px||false|false&#8220; global_colors_info=&#8220;{}&#8220;][\/et_pb_image][\/et_pb_column][\/et_pb_row][et_pb_row _builder_version=&#8220;4.27.0&#8243; _module_preset=&#8220;default&#8220; width=&#8220;85%&#8220; module_alignment=&#8220;center&#8220; custom_margin=&#8220;0px||0px|0px|false|false&#8220; custom_padding=&#8220;20px||20px||false|false&#8220; global_colors_info=&#8220;{}&#8220;][et_pb_column type=&#8220;4_4&#8243; _builder_version=&#8220;4.27.0&#8243; _module_preset=&#8220;default&#8220; global_colors_info=&#8220;{}&#8220;][et_pb_divider divider_weight=&#8220;1px&#8220; _builder_version=&#8220;4.27.0&#8243; _module_preset=&#8220;default&#8220; custom_margin=&#8220;10px||0px||false|false&#8220; global_colors_info=&#8220;{}&#8220;][\/et_pb_divider][et_pb_heading title=&#8220;CAMPING LIPNO MOD\u0158\u00cdN PREISE F\u00dcR 3 N\u00c4CHTE&#8220; _builder_version=&#8220;4.27.2&#8243; _module_preset=&#8220;default&#8220; title_font=&#8220;|600||on|||||&#8220; title_letter_spacing=&#8220;1px&#8220; custom_margin=&#8220;0px||0px||false|false&#8220; custom_margin_tablet=&#8220;&#8220; custom_margin_phone=&#8220;0px||0px||false|false&#8220; custom_margin_last_edited=&#8220;on|phone&#8220; custom_padding=&#8220;0px||0px||false|false&#8220; custom_padding_tablet=&#8220;0px||0px||false|false&#8220; custom_padding_phone=&#8220;0px||0px||false|false&#8220; custom_padding_last_edited=&#8220;on|tablet&#8220; global_colors_info=&#8220;{}&#8220; custom_css_main_element_last_edited=&#8220;on|tablet&#8220;][\/et_pb_heading][et_pb_text _builder_version=&#8220;4.27.2&#8243; _module_preset=&#8220;default&#8220; custom_margin=&#8220;0px||10px||false|false&#8220; custom_padding=&#8220;0px||0px||false|false&#8220; global_colors_info=&#8220;{}&#8220;]<\/p>\n<div class=\"et_pb_module et_pb_text et_pb_text_3 et_pb_text_align_left et_pb_bg_layout_light\">\n<div class=\"et_pb_text_inner\">\n<p>F\u00fcr l\u00e4ngere Aufenthalte oder gr\u00f6\u00dfere Gruppenunterk\u00fcnfte erkunden Sie die Optionen in unserem E-Shop.<\/p>\n<\/div>\n<\/div>\n<p>[\/et_pb_text][\/et_pb_column][\/et_pb_row][et_pb_row column_structure=&#8220;1_3,1_3,1_3&#8243; module_class=&#8220;three.columns&#8220; _builder_version=&#8220;4.27.2&#8243; _module_preset=&#8220;default&#8220; width=&#8220;85%&#8220; custom_margin=&#8220;0px||0px||false|false&#8220; custom_padding=&#8220;0px||20px||false|false&#8220; custom_css_main_element=&#8220;isplay: flex;&#8220; global_colors_info=&#8220;{}&#8220;][et_pb_column type=&#8220;1_3&#8243; _builder_version=&#8220;4.27.2&#8243; _module_preset=&#8220;default&#8220; global_colors_info=&#8220;{}&#8220;][et_pb_text _builder_version=&#8220;4.27.2&#8243; _module_preset=&#8220;default&#8220; text_font=&#8220;||||||||&#8220; header_text_align=&#8220;center&#8220; header_font_size=&#8220;35px&#8220; header_letter_spacing=&#8220;2px&#8220; header_line_height=&#8220;1.5em&#8220; header_4_font=&#8220;|||on|||||&#8220; header_4_text_align=&#8220;center&#8220; header_4_font_size=&#8220;23px&#8220; background_color=&#8220;#FFFFFF&#8220; text_orientation=&#8220;center&#8220; custom_padding=&#8220;20px||10px||false|false&#8220; border_width_all=&#8220;1px&#8220; border_color_all=&#8220;gcid-primary-color&#8220; box_shadow_style=&#8220;preset1&#8243; global_colors_info=&#8220;{%22gcid-primary-color%22:%91%22border_color_all%22%93}&#8220;]<\/p>\n<h4 style=\"text-align: center;\">1 PERSON + 1 ZELT + 1 MOTORRAD &#8211; 3 N\u00c4CHTE<\/h4>\n<p style=\"text-align: center;\"><strong>Ankunft Donnerstag 19.06 &#8211; Abreise Sonntag 22.06<\/strong><\/p>\n<h1 style=\"text-align: center;\">68 \u20ac<\/h1>\n<h5 style=\"text-align: center;\">(Preis f\u00fcr eine Person)<\/h5>\n<p>[\/et_pb_text][\/et_pb_column][et_pb_column type=&#8220;1_3&#8243; _builder_version=&#8220;4.27.0&#8243; _module_preset=&#8220;default&#8220; global_colors_info=&#8220;{}&#8220;][et_pb_text _builder_version=&#8220;4.27.2&#8243; _module_preset=&#8220;default&#8220; text_font=&#8220;||||||||&#8220; header_text_align=&#8220;center&#8220; header_font_size=&#8220;35px&#8220; header_letter_spacing=&#8220;2px&#8220; header_line_height=&#8220;1.5em&#8220; header_4_font=&#8220;|||on|||||&#8220; header_4_text_align=&#8220;center&#8220; header_4_font_size=&#8220;22px&#8220; background_color=&#8220;#FFFFFF&#8220; text_orientation=&#8220;center&#8220; custom_padding=&#8220;20px||10px||false|false&#8220; border_width_all=&#8220;1px&#8220; border_color_all=&#8220;gcid-primary-color&#8220; border_color_all_tablet=&#8220;gcid-primary-color&#8220; border_color_all_phone=&#8220;gcid-primary-color&#8220; border_color_all_last_edited=&#8220;on|desktop&#8220; box_shadow_style=&#8220;preset1&#8243; global_colors_info=&#8220;{%22gcid-primary-color%22:%91%22border_color_all%22%93}&#8220;]<\/p>\n<h4 style=\"text-align: center;\">2 PERSONEN + 1 ZELT + 1 MOTORRAD &#8211; 3 N\u00c4CHTE<\/h4>\n<p style=\"text-align: center;\"><strong>Ankunft Donnerstag 19.06 &#8211; Abreise Sonntag 22.06<\/strong><\/p>\n<h1 style=\"text-align: center;\">98 \u20ac<\/h1>\n<h5 style=\"text-align: center;\">(Preis f\u00fcr zwei Personen)<\/h5>\n<p>[\/et_pb_text][\/et_pb_column][et_pb_column type=&#8220;1_3&#8243; _builder_version=&#8220;4.27.2&#8243; _module_preset=&#8220;default&#8220; global_colors_info=&#8220;{}&#8220;][et_pb_text _builder_version=&#8220;4.27.2&#8243; _module_preset=&#8220;default&#8220; text_font=&#8220;||||||||&#8220; header_text_align=&#8220;center&#8220; header_font_size=&#8220;35px&#8220; header_letter_spacing=&#8220;2px&#8220; header_line_height=&#8220;1.5em&#8220; header_4_font=&#8220;|||on|||||&#8220; header_4_text_align=&#8220;center&#8220; header_4_font_size=&#8220;22px&#8220; background_color=&#8220;#FFFFFF&#8220; text_orientation=&#8220;center&#8220; custom_padding=&#8220;20px||10px||false|false&#8220; border_width_all=&#8220;1px&#8220; border_color_all=&#8220;gcid-primary-color&#8220; border_color_all_tablet=&#8220;gcid-primary-color&#8220; border_color_all_phone=&#8220;gcid-primary-color&#8220; border_color_all_last_edited=&#8220;on|desktop&#8220; box_shadow_style=&#8220;preset1&#8243; global_colors_info=&#8220;{%22gcid-primary-color%22:%91%22border_color_all%22%93}&#8220;]<\/p>\n<h4 style=\"text-align: center;\">1 WOHNWAGEN\/WOHNMOBIL + 1 MOTORRAD &#8211; 3 N\u00c4CHTE<\/h4>\n<p style=\"text-align: center;\"><strong>Ankunft Donnerstag 19.06 &#8211; Abreise Sonntag 22.06<\/strong><\/p>\n<h1 style=\"text-align: center;\">140 \u20ac<\/h1>\n<h5 style=\"text-align: center;\">(Preis f\u00fcr zwei Personen und 230V Anschluss)<\/h5>\n<p>[\/et_pb_text][\/et_pb_column][\/et_pb_row][et_pb_row _builder_version=&#8220;4.27.0&#8243; _module_preset=&#8220;default&#8220; custom_margin=&#8220;0px||0px||false|false&#8220; custom_padding=&#8220;0px||20px||false|false&#8220; global_colors_info=&#8220;{}&#8220;][et_pb_column type=&#8220;4_4&#8243; _builder_version=&#8220;4.27.0&#8243; _module_preset=&#8220;default&#8220; global_colors_info=&#8220;{}&#8220;][et_pb_text _builder_version=&#8220;4.27.2&#8243; _module_preset=&#8220;default&#8220; text_text_color=&#8220;gcid-primary-color&#8220; custom_margin=&#8220;0px||0px||false|false&#8220; custom_padding=&#8220;0px||0px||false|false&#8220; global_colors_info=&#8220;{%22gcid-primary-color%22:%91%22text_text_color%22%93}&#8220;]<\/p>\n<p><strong><\/strong><strong>Im Preis inbegriffen:<\/strong> Stellplatz, Stromanschluss 230 V (nur f\u00fcr Wohnmobil- oder Wohnwagenstellpl\u00e4tze), Kurtaxe &#8211; je nach Personenzahl, Parken auf dem Stellplatz, Zugang zum Campingplatz rund um die Uhr, warme Duschen und separate Toiletten, Waschmaschinen und W\u00e4schetrockner (gegen Geb\u00fchr), Kochgelegenheit im Freien, Restaurant Grill Mod\u0159\u00edn. <strong>Kostenlose Shuttlebusse zur IRF25 Veranstaltung.<\/strong><\/p>\n<p>[\/et_pb_text][et_pb_image src=&#8220;https:\/\/www.indianridersfest.eu\/wp-content\/uploads\/2024\/10\/Camping-Panorama-Icons-1.png&#8220; title_text=&#8220;Camping-Panorama-Icons-moblie&#8220; src_tablet=&#8220;https:\/\/www.indianridersfest.eu\/wp-content\/uploads\/2024\/09\/Korzo-ApartmentIcons-mobile-1.png&#8220; src_phone=&#8220;https:\/\/www.indianridersfest.eu\/wp-content\/uploads\/2024\/10\/Camping-Panorama-Icons-moblie.png&#8220; src_last_edited=&#8220;on|phone&#8220; _builder_version=&#8220;4.27.2&#8243; _module_preset=&#8220;default&#8220; custom_margin=&#8220;10px||||false|false&#8220; global_colors_info=&#8220;{}&#8220;][\/et_pb_image][\/et_pb_column][\/et_pb_row][et_pb_row _builder_version=&#8220;4.27.0&#8243; _module_preset=&#8220;default&#8220; width=&#8220;85%&#8220; module_alignment=&#8220;center&#8220; custom_margin=&#8220;0px||0px||false|false&#8220; custom_padding=&#8220;0px||0px||false|false&#8220; global_colors_info=&#8220;{}&#8220;][et_pb_column type=&#8220;4_4&#8243; _builder_version=&#8220;4.27.0&#8243; _module_preset=&#8220;default&#8220; global_colors_info=&#8220;{}&#8220;][et_pb_cta title=&#8220;Buchen Sie Ihren Camping Lipno Mod\u0159\u00edn !  &#8220; button_url=&#8220;https:\/\/www.indianridersfest.eu\/shop\/&#8220; button_text=&#8220;Jetzt buchen&#8220; _builder_version=&#8220;4.27.2&#8243; _module_preset=&#8220;default&#8220; custom_button=&#8220;on&#8220; button_text_color=&#8220;#000000&#8243; button_bg_color=&#8220;#FFFFFF&#8220; button_font=&#8220;&#8211;et_global_heading_font|||on|||||&#8220; button_use_icon=&#8220;off&#8220; hover_enabled=&#8220;0&#8243; global_colors_info=&#8220;{}&#8220; sticky_enabled=&#8220;0&#8243;]<\/p>\n<p><strong>Buchen Sie noch heute Ihren idealen Platz! Klicken Sie hier, um Ihre Unterkunft auf Camping Lipno zu sichern <span><b class=\"sec\">Mod\u0159\u00edn<\/b><\/span> f\u00fcr das ultimative Indian Riders Fest Erlebnis. <\/strong><\/p>\n<p>[\/et_pb_cta][\/et_pb_column][\/et_pb_row][\/et_pb_section][et_pb_section fb_built=&#8220;1&#8243; _builder_version=&#8220;4.27.0&#8243; _module_preset=&#8220;default&#8220; custom_margin=&#8220;0px||0px||false|false&#8220; custom_padding=&#8220;0px||0px||false|false&#8220; global_colors_info=&#8220;{}&#8220;][et_pb_row _builder_version=&#8220;4.27.0&#8243; _module_preset=&#8220;default&#8220; custom_margin=&#8220;0px||0px||false|false&#8220; custom_padding=&#8220;0px||0px||false|false&#8220; global_colors_info=&#8220;{}&#8220;][et_pb_column type=&#8220;4_4&#8243; _builder_version=&#8220;4.27.0&#8243; _module_preset=&#8220;default&#8220; global_colors_info=&#8220;{}&#8220;][et_pb_heading title=&#8220;CAMPING LIPNO MOD\u0158\u00cdN AUSWAHL&#8220; _builder_version=&#8220;4.27.2&#8243; _module_preset=&#8220;default&#8220; custom_margin=&#8220;20px||0px||false|false&#8220; custom_padding=&#8220;0px||0px||false|false&#8220; global_colors_info=&#8220;{}&#8220;][\/et_pb_heading][et_pb_shop type=&#8220;product_category&#8220; show_pagination=&#8220;on&#8220; include_categories=&#8220;81&#8243; columns_number=&#8220;6&#8243; orderby=&#8220;price&#8220; sale_badge_color=&#8220;gcid-primary-color&#8220; _builder_version=&#8220;4.27.2&#8243; _module_preset=&#8220;6e4f3fc6-300e-4bbd-ab6e-1ef8a4385138&#8243; sale_badge_custom_margin=&#8220;-26px||||false|false&#8220; custom_margin=&#8220;0px||0px||false|false&#8220; custom_padding=&#8220;0px||0px||false|false&#8220; global_colors_info=&#8220;{%22gcid-primary-color%22:%91%22sale_badge_color%22%93}&#8220;][\/et_pb_shop][\/et_pb_column][\/et_pb_row][\/et_pb_section][et_pb_section fb_built=&#8220;1&#8243; _builder_version=&#8220;4.27.0&#8243; _module_preset=&#8220;default&#8220; custom_margin=&#8220;0px||0px||false|false&#8220; custom_padding=&#8220;0px||0px||false|false&#8220; global_colors_info=&#8220;{}&#8220;][et_pb_row disabled_on=&#8220;off|off|on&#8220; admin_label=&#8220;Klassische Karte NICHT VISIBEL F\u00dcR DESKTOP&#8220; _builder_version=&#8220;4.27.0&#8243; _module_preset=&#8220;default&#8220; width=&#8220;85%&#8220; global_colors_info=&#8220;{}&#8220;][et_pb_column type=&#8220;4_4&#8243; _builder_version=&#8220;4.27.0&#8243; _module_preset=&#8220;default&#8220; global_colors_info=&#8220;{}&#8220;][et_pb_heading title=&#8220;IRF25 MAP&#8220; _builder_version=&#8220;4.27.0&#8243; _module_preset=&#8220;default&#8220; title_font=&#8220;|600||on|||||&#8220; title_letter_spacing=&#8220;1px&#8220; custom_margin=&#8220;0px||0px||false|false&#8220; custom_margin_tablet=&#8220;&#8220; custom_margin_phone=&#8220;0px||0px||false|false&#8220; custom_margin_last_edited=&#8220;on|phone&#8220; custom_padding=&#8220;0px||0px||false|false&#8220; global_colors_info=&#8220;{}&#8220;][\/et_pb_heading][et_pb_image src=&#8220;https:\/\/www.indianridersfest.eu\/wp-content\/uploads\/2024\/09\/IRF25Map-Lipno-1920px-scaled.jpg&#8220; alt=&#8220;Karte Inidan RIders Fest 2025 X Lipno nad Vltavou&#8220; title_text=&#8220;IRF25Map-Lipno-1920px&#8220; src_tablet=&#8220;https:\/\/www.indianridersfest.eu\/wp-content\/uploads\/2024\/09\/IRF25Map-Amenity-1300px-MOB.jpg&#8220; src_phone=&#8220;https:\/\/www.indianridersfest.eu\/wp-content\/uploads\/2024\/09\/IRF25Map-Amenity-1300px-MOB.jpg&#8220; src_last_edited=&#8220;on|desktop&#8220; disabled_on=&#8220;off|off|on&#8220; _builder_version=&#8220;4.27.0&#8243; _module_preset=&#8220;default&#8220; custom_margin=&#8220;0px||0px||false|false&#8220; custom_padding=&#8220;0px||0px||false|false&#8220; global_colors_info=&#8220;{}&#8220;][\/et_pb_image][et_pb_code _builder_version=&#8220;4.27.0&#8243; _module_preset=&#8220;default&#8220; global_colors_info=&#8220;{}&#8220;][\/et_pb_code][\/et_pb_column][\/et_pb_row][et_pb_row disabled_on=&#8220;on|on|off&#8220; admin_label=&#8220;Image map Pro NICHT SICHTBAR F\u00dcR TABLET + MOBILE&#8220; _builder_version=&#8220;4.27.0&#8243; _module_preset=&#8220;default&#8220; width=&#8220;85%&#8220; global_colors_info=&#8220;{}&#8220;][et_pb_column type=&#8220;4_4&#8243; _builder_version=&#8220;4.27.0&#8243; _module_preset=&#8220;default&#8220; global_colors_info=&#8220;{}&#8220;][et_pb_heading title=&#8220;IRF25 MAP&#8220; _builder_version=&#8220;4.27.0&#8243; _module_preset=&#8220;default&#8220; title_font=&#8220;|600||on|||||&#8220; title_letter_spacing=&#8220;1px&#8220; custom_margin=&#8220;0px||0px||false|false&#8220; custom_margin_tablet=&#8220;&#8220; custom_margin_phone=&#8220;0px||0px||false|false&#8220; custom_margin_last_edited=&#8220;on|phone&#8220; custom_padding=&#8220;0px||0px||false|false&#8220; global_colors_info=&#8220;{}&#8220;][\/et_pb_heading][et_pb_code _builder_version=&#8220;4.27.0&#8243; _module_preset=&#8220;default&#8220; custom_margin=&#8220;0px||0px||false|false&#8220; custom_padding=&#8220;0px||0px||false|false&#8220; global_colors_info=&#8220;{}&#8220;]<div><div id=\"image-map-pro-5ba572bc-94fc-4167-ad8f-b6a3f47469b5\"><\/div><\/div>[\/et_pb_code][et_pb_code _builder_version=&#8220;4.27.0&#8243; _module_preset=&#8220;default&#8220; global_colors_info=&#8220;{}&#8220;][\/et_pb_code][\/et_pb_column][\/et_pb_row][\/et_pb_section][et_pb_section fb_built=&#8220;1&#8243; _builder_version=&#8220;4.27.0&#8243; _module_preset=&#8220;default&#8220; custom_margin=&#8220;0px||0px||false|false&#8220; custom_padding=&#8220;0px||0px||false|false&#8220; global_colors_info=&#8220;{}&#8220;][et_pb_row _builder_version=&#8220;4.27.0&#8243; _module_preset=&#8220;default&#8220; custom_margin_tablet=&#8220;&#8220; custom_margin_phone=&#8220;&#8220; custom_margin_last_edited=&#8220;on|phone&#8220; custom_padding=&#8220;20px||20px||false|false&#8220; global_colors_info=&#8220;{}&#8220;][et_pb_column type=&#8220;4_4&#8243; _builder_version=&#8220;4.27.0&#8243; _module_preset=&#8220;default&#8220; global_colors_info=&#8220;{}&#8220;][et_pb_gallery gallery_ids=&#8220;106579,106583,106587,106591,106595,106599,106603,106607&#8243; show_title_and_caption=&#8220;off&#8220; _builder_version=&#8220;4.27.2&#8243; _module_preset=&#8220;default&#8220; pagination_font=&#8220;&#8211;et_global_heading_font|||on|||||&#8220; pagination_font_size=&#8220;20px&#8220; background_color=&#8220;RGBA(255,255,255,0)&#8220; custom_margin=&#8220;0px||0px||false|false&#8220; custom_padding=&#8220;0px||0px||false|false&#8220; global_colors_info=&#8220;{}&#8220;][\/et_pb_gallery][\/et_pb_column][\/et_pb_row][\/et_pb_section]<\/p>\n","protected":false},"excerpt":{"rendered":"<p>CAMPING LIPNO MOD\u0158\u00cdNCAMPING LIPNO MOD\u0158\u00cdN Als offizieller Campingpartner des Indian Riders Fest 2025 freut sich Camping Lipno Mod\u0159\u00edn darauf, die Teilnehmer zu einem unvergleichlichen Erlebnis willkommen zu hei\u00dfen. Der Campingplatz liegt weniger als 1 Kilometer vom pulsierenden Herzen der Veranstaltung entfernt, direkt am ruhigen Ufer des Lipno Sees. Unsere erstklassige Lage sorgt daf\u00fcr, dass Sie [&hellip;]<\/p>\n","protected":false},"author":1,"featured_media":0,"parent":0,"menu_order":0,"comment_status":"closed","ping_status":"closed","template":"","meta":{"_et_pb_use_builder":"on","_et_pb_old_content":"","_et_gb_content_width":"","footnotes":""},"class_list":["post-106543","page","type-page","status-publish","hentry"],"_links":{"self":[{"href":"https:\/\/www.indianridersfest.eu\/de\/wp-json\/wp\/v2\/pages\/106543","targetHints":{"allow":["GET"]}}],"collection":[{"href":"https:\/\/www.indianridersfest.eu\/de\/wp-json\/wp\/v2\/pages"}],"about":[{"href":"https:\/\/www.indianridersfest.eu\/de\/wp-json\/wp\/v2\/types\/page"}],"author":[{"embeddable":true,"href":"https:\/\/www.indianridersfest.eu\/de\/wp-json\/wp\/v2\/users\/1"}],"replies":[{"embeddable":true,"href":"https:\/\/www.indianridersfest.eu\/de\/wp-json\/wp\/v2\/comments?post=106543"}],"version-history":[{"count":25,"href":"https:\/\/www.indianridersfest.eu\/de\/wp-json\/wp\/v2\/pages\/106543\/revisions"}],"predecessor-version":[{"id":106901,"href":"https:\/\/www.indianridersfest.eu\/de\/wp-json\/wp\/v2\/pages\/106543\/revisions\/106901"}],"wp:attachment":[{"href":"https:\/\/www.indianridersfest.eu\/de\/wp-json\/wp\/v2\/media?parent=106543"}],"curies":[{"name":"wp","href":"https:\/\/api.w.org\/{rel}","templated":true}]}}