{"id":106146,"date":"2024-10-07T14:18:01","date_gmt":"2024-10-07T12:18:01","guid":{"rendered":"https:\/\/www.indianridersfest.eu\/imc-haendler-registrierungsseite\/"},"modified":"2024-10-21T10:40:26","modified_gmt":"2024-10-21T08:40:26","slug":"imc-haendler-registrierungsseite","status":"publish","type":"page","link":"https:\/\/www.indianridersfest.eu\/de\/imc-haendler-registrierungsseite\/","title":{"rendered":"IMC H\u00e4ndler-Registrierungsseite"},"content":{"rendered":"<p>[et_pb_section fb_built=&#8220;1&#8243; _builder_version=&#8220;4.27.0&#8243; _module_preset=&#8220;default&#8220; background_color=&#8220;gcid-primary-color&#8220; background_enable_image=&#8220;off&#8220; custom_margin=&#8220;0px||0px||false|false&#8220; custom_padding=&#8220;50px||50px||false|false&#8220; global_colors_info=&#8220;{%22gcid-primary-color%22:%91%22background_color%22%93}&#8220;][et_pb_row column_structure=&#8220;2_3,1_3&#8243; _builder_version=&#8220;4.27.0&#8243; _module_preset=&#8220;default&#8220; width=&#8220;85%&#8220; global_colors_info=&#8220;{}&#8220;][et_pb_column type=&#8220;2_3&#8243; _builder_version=&#8220;4.16&#8243; _module_preset=&#8220;default&#8220; global_colors_info=&#8220;{}&#8220;][et_pb_text _builder_version=&#8220;4.27.0&#8243; _module_preset=&#8220;default&#8220; text_font=&#8220;|600|||||||&#8220; text_text_color=&#8220;#FFFFFF&#8220; header_3_font=&#8220;|700||on|||||&#8220; header_3_text_color=&#8220;#FFFFFF&#8220; header_3_font_size=&#8220;25px&#8220; header_4_font=&#8220;|||on|||||&#8220; header_4_text_color=&#8220;#FFFFFF&#8220; custom_margin=&#8220;||5px||false|false&#8220; text_font_size_tablet=&#8220;&#8220; text_font_size_phone=&#8220;9px&#8220; text_font_size_last_edited=&#8220;on|phone&#8220; global_colors_info=&#8220;{}&#8220;]<\/p>\n<h3>Exklusives IRF25-H\u00e4ndleranreizprogramm<\/h3>\n<h4 style=\"text-align: justify;\">Erschlie\u00dfen Sie mit unserem exklusiven IRF25-H\u00e4ndleranreiz einen unvergleichlichen Wert f\u00fcr Ihr Handlesbetrieb!<\/h4>\n<p style=\"text-align: justify;\">Bis zum 31. Dezember 2024 haben Sie die einmalige Gelegenheit, ein Paket mit 10 IRF25-Tickets f\u00fcr 3 Tage mit vollem Zugang zum Sonderpreis der ersten Welle von nur 62 \u20ac pro Ticket zu erwerben. Au\u00dferdem erhalten Sie mit jedem Paket ein 11. Ticket gratis, mit freundlicher Genehmigung von IMC EMEA und CBI Production. Das sind 11 Tickets zum Preis von 10, insgesamt 620 \u20ac (statt 814 \u20ac), mit einer betr\u00e4chtlichen Ersparnis (194 \u20ac), bevor der normale Ticketpreis am 1. November auf 74 \u20ac steigt.  <\/p>\n<p style=\"text-align: justify;\">Nutzen Sie die Vorteile von Tickets mit Ihrem Markenzeichen, die Ihr Handlesbetrieb pr\u00e4sentieren, und genie\u00dfen Sie eine sichere, unkomplizierte Bezahlung \u00fcber unser B2B-Portal.<\/p>\n<p>[\/et_pb_text][\/et_pb_column][et_pb_column type=&#8220;1_3&#8243; _builder_version=&#8220;4.16&#8243; _module_preset=&#8220;default&#8220; global_colors_info=&#8220;{}&#8220;][et_pb_image src=&#8220;https:\/\/www.indianridersfest.eu\/wp-content\/uploads\/2024\/10\/IMC-Roundel-Script-White_2020.png&#8220; title_text=&#8220;IMC Roundel Script Wei\u00df_2020&#8243; _builder_version=&#8220;4.27.0&#8243; _module_preset=&#8220;default&#8220; width=&#8220;60%&#8220; global_colors_info=&#8220;{}&#8220;][\/et_pb_image][\/et_pb_column][\/et_pb_row][\/et_pb_section][et_pb_section fb_built=&#8220;1&#8243; admin_label=&#8220;section&#8220; _builder_version=&#8220;4.27.0&#8243; custom_margin=&#8220;0px||0px||false|false&#8220; custom_padding=&#8220;10px||10px||false|false&#8220; global_colors_info=&#8220;{}&#8220;][et_pb_row admin_label=&#8220;Zeile&#8220; _builder_version=&#8220;4.27.0&#8243; background_size=&#8220;initial&#8220; background_position=&#8220;top_left&#8220; background_repeat=&#8220;repeat&#8220; width=&#8220;85%&#8220; global_colors_info=&#8220;{}&#8220;][et_pb_column type=&#8220;4_4&#8243; _builder_version=&#8220;4.16&#8243; custom_padding=&#8220;|||&#8220; global_colors_info=&#8220;{}&#8220; custom_padding__hover=&#8220;|||&#8220;][et_pb_text _builder_version=&#8220;4.27.0&#8243; _module_preset=&#8220;default&#8220; text_font=&#8220;|600|||||||&#8220; header_4_font=&#8220;|||on|||||&#8220; global_colors_info=&#8220;{}&#8220;]<\/p>\n<h4>So erhalten Sie Zugang zu speziellen IMC-H\u00e4ndlerpreisen:<\/h4>\n<ol>\n<li>F\u00fcllen Sie das Anmeldeformular unten aus, um loszulegen.<\/li>\n<li>Nachdem Sie unsere Best\u00e4tigungs-E-Mail \u00fcber die Erstellung Ihres Kontos erhalten haben, melden Sie sich auf der speziellen IMC-H\u00e4ndlerseite an, um Zugang zu den besonders g\u00fcnstigen IRF25-Ticketpaketen zu erhalten.<\/li>\n<li>W\u00e4hlen Sie das gew\u00fcnschte Ticketpaket und gehen Sie zur Kasse.<\/li>\n<\/ol>\n<p>Dies ist eine au\u00dfergew\u00f6hnliche Gelegenheit, die Pr\u00e4senz Ihres Autohauses zu nutzen und Ihren Kunden einen noch nie dagewesenen Mehrwert zu bieten.  <br \/>Lassen Sie sich dieses exklusive Angebot nicht entgehen, das Ihrem Autohaus einen Wettbewerbsvorteil verschafft!<\/p>\n<p>[\/et_pb_text][et_pb_text admin_label=&#8220;Text&#8220; _builder_version=&#8220;4.27.0&#8243; background_size=&#8220;initial&#8220; background_position=&#8220;top_left&#8220; background_repeat=&#8220;repeat&#8220; global_colors_info=&#8220;{}&#8220;]<\/p>\n<p>[wwlc_registration_form]<\/p>\n<p>[\/et_pb_text][et_pb_code _builder_version=&#8220;4.27.0&#8243; _module_preset=&#8220;default&#8220; global_colors_info=&#8220;{}&#8220;][\/et_pb_code][\/et_pb_column][\/et_pb_row][\/et_pb_section]<\/p>\n","protected":false},"excerpt":{"rendered":"<p>Exklusives IRF25-H\u00e4ndleranreizprogramm Erschlie\u00dfen Sie mit unserem exklusiven IRF25-H\u00e4ndleranreiz einen unvergleichlichen Wert f\u00fcr Ihr Handlesbetrieb! Bis zum 31. Dezember 2024 haben Sie die einmalige Gelegenheit, ein Paket mit 10 IRF25-Tickets f\u00fcr 3 Tage mit vollem Zugang zum Sonderpreis der ersten Welle von nur 62 \u20ac pro Ticket zu erwerben. Au\u00dferdem erhalten Sie mit jedem Paket ein [&hellip;]<\/p>\n","protected":false},"author":1,"featured_media":0,"parent":0,"menu_order":0,"comment_status":"closed","ping_status":"closed","template":"","meta":{"_et_pb_use_builder":"on","_et_pb_old_content":"","_et_gb_content_width":"","footnotes":""},"class_list":["post-106146","page","type-page","status-publish","hentry"],"_links":{"self":[{"href":"https:\/\/www.indianridersfest.eu\/de\/wp-json\/wp\/v2\/pages\/106146","targetHints":{"allow":["GET"]}}],"collection":[{"href":"https:\/\/www.indianridersfest.eu\/de\/wp-json\/wp\/v2\/pages"}],"about":[{"href":"https:\/\/www.indianridersfest.eu\/de\/wp-json\/wp\/v2\/types\/page"}],"author":[{"embeddable":true,"href":"https:\/\/www.indianridersfest.eu\/de\/wp-json\/wp\/v2\/users\/1"}],"replies":[{"embeddable":true,"href":"https:\/\/www.indianridersfest.eu\/de\/wp-json\/wp\/v2\/comments?post=106146"}],"version-history":[{"count":9,"href":"https:\/\/www.indianridersfest.eu\/de\/wp-json\/wp\/v2\/pages\/106146\/revisions"}],"predecessor-version":[{"id":106496,"href":"https:\/\/www.indianridersfest.eu\/de\/wp-json\/wp\/v2\/pages\/106146\/revisions\/106496"}],"wp:attachment":[{"href":"https:\/\/www.indianridersfest.eu\/de\/wp-json\/wp\/v2\/media?parent=106146"}],"curies":[{"name":"wp","href":"https:\/\/api.w.org\/{rel}","templated":true}]}}