{"id":104966,"date":"2024-09-23T04:58:21","date_gmt":"2024-09-23T02:58:21","guid":{"rendered":"https:\/\/www.indianridersfest.eu\/video-galerie\/"},"modified":"2024-11-26T09:56:47","modified_gmt":"2024-11-26T08:56:47","slug":"video-gallery","status":"publish","type":"page","link":"https:\/\/www.indianridersfest.eu\/de\/video-gallery\/","title":{"rendered":"Video-Galerie"},"content":{"rendered":"<p>[et_pb_section fb_built=&#8220;1&#8243; _builder_version=&#8220;4.27.0&#8243; _module_preset=&#8220;default&#8220; background_color=&#8220;#000000&#8243; custom_margin=&#8220;0px||0px||false|false&#8220; custom_padding=&#8220;0px||0px||false|false&#8220; global_colors_info=&#8220;{}&#8220;][et_pb_row _builder_version=&#8220;4.27.0&#8243; _module_preset=&#8220;default&#8220; width=&#8220;85%&#8220; custom_margin=&#8220;||0px||false|false&#8220; custom_padding=&#8220;||0px||false|false&#8220; global_colors_info=&#8220;{}&#8220;][et_pb_column type=&#8220;4_4&#8243; _builder_version=&#8220;4.27.0&#8243; _module_preset=&#8220;default&#8220; global_colors_info=&#8220;{}&#8220;][et_pb_heading title=&#8220;IRF-Videoclips: Highlights aus vergangenen Jahren&#8220; _builder_version=&#8220;4.27.0&#8243; _module_preset=&#8220;default&#8220; title_font=&#8220;|||on|||||&#8220; title_text_color=&#8220;#FFFFFF&#8220; custom_margin=&#8220;0px||0px||false|false&#8220; global_colors_info=&#8220;{}&#8220;][\/et_pb_heading][et_pb_text _builder_version=&#8220;4.27.2&#8243; _module_preset=&#8220;default&#8220; text_text_color=&#8220;#FFFFFF&#8220; hover_enabled=&#8220;0&#8243; global_colors_info=&#8220;{}&#8220; sticky_enabled=&#8220;0&#8243;]<\/p>\n<p style=\"text-align: left;\">Erleben Sie die lustigen Momente vergangener Indian Riders Fest Veranstaltungen noch einmal!<br \/>\nWir haben Videos aus jedem Jahr zusammengestellt, angefangen von 2019 bis heute.<br \/>\nSie sehen die gro\u00dfen Radausfl\u00fcge und die sch\u00f6nen Sehensw\u00fcrdigkeiten der Region S\u00fcdb\u00f6hmen, die das Indian Riders Fest so besonders und voller Freundschaft machen.  <\/p>\n<p style=\"text-align: left;\">Stellen Sie sich vor, dass Sie sich zum ersten Mal der IRF-Gemeinschaft anschlie\u00dfen &#8211; oder wiederkommen, um die n\u00e4chste Ausgabe des Festivals zu erleben.<br \/>\nWir freuen uns schon sehr auf das IRF25: On the Road Again, das vom 19. bis 22. Juni 2025 stattfinden wird.<br \/>\nDieses internationale Fest der Motorradfahrer und Indian Motorcycle sollten Sie nicht verpassen.<br \/>\nViel Spa\u00df mit den Videos, und wir hoffen, Sie bald wiederzusehen!   <\/p>\n<p style=\"text-align: left;\">Erleben Sie den pulsierenden Geist des Indian Riders Festes: Tauchen Sie ein in unsere <a href=\"https:\/\/www.irf-portfolio.com\/\" title=\"Fotogalerie\" target=\"_blank\" rel=\"noopener\">atemberaubende Fotogalerie<\/a>!<\/p>\n<p>[\/et_pb_text][\/et_pb_column][\/et_pb_row][et_pb_row _builder_version=&#8220;4.22.1&#8243; _module_preset=&#8220;default&#8220; custom_padding=&#8220;||79px|||&#8220; global_colors_info=&#8220;{}&#8220;][et_pb_column type=&#8220;4_4&#8243; _builder_version=&#8220;4.22.1&#8243; _module_preset=&#8220;default&#8220; global_colors_info=&#8220;{}&#8220;][dvg_divi_video_gallery columns=&#8220;2&#8243; hover_content=&#8220;icon_title_subtitle&#8220; preview_title_subtitle_position=&#8220;bottom&#8220; use_filter=&#8220;on&#8220; filter_all_text=&#8220;SHOW ALL IRF YEARS&#8220; gallery_buttons_alignment=&#8220;left&#8220; gallery_buttons_background=&#8220;gcid-primary-color&#8220; gallery_buttons_background_active=&#8220;#FFFFFF&#8220; filter_padding=&#8220;10px|10px|10px|10px|false|false&#8220; _builder_version=&#8220;4.27.0&#8243; _module_preset=&#8220;default&#8220; overlay_icon_text_color=&#8220;#FFFFFF&#8220; overlay_icon_font_size=&#8220;40px&#8220; overlay_title_font=&#8220;Work Sans|300||on|||||&#8220; overlay_title_text_color=&#8220;#FFFFFF&#8220; overlay_title_font_size=&#8220;16px&#8220; overlay_subtitle_font=&#8220;Work Sans|||on|||||&#8220; overlay_subtitle_text_color=&#8220;#FFFFFF&#8220; overlay_subtitle_font_size=&#8220;20px&#8220; filter_font=&#8220;&#8211;et_global_heading_font|||on|||||&#8220; filter_font_size=&#8220;20px&#8220; filter_letter_spacing=&#8220;1px&#8220; filter_active_text_color=&#8220;#000000&#8243; border_radii_filter=&#8220;on|15px|15px|15px|15px&#8220; global_colors_info=&#8220;{%22gcid-primary-color%22:%91%22gallery_buttons_background%22%93}&#8220;][dvg_divi_video_gallery_item title=&#8220;Indian Riders Fest 2024 &#8211; Langer Schnitt&#8220; src=&#8220;https:\/\/youtu.be\/NeXTtw_hJ_M?si=PjysEqL9iOj7Yvng&#8220; image_src=&#8220;https:\/\/www.indianridersfest.eu\/wp-content\/uploads\/2024\/09\/IRF-video-24-long-1.jpg&#8220; category=&#8220;IRF 2024&#8243; _builder_version=&#8220;4.27.0&#8243; _module_preset=&#8220;default&#8220; global_colors_info=&#8220;{}&#8220;][\/dvg_divi_video_gallery_item][dvg_divi_video_gallery_item title=&#8220;Indian Riders Fest 2023 &#8211; Langer Schnitt&#8220; src=&#8220;https:\/\/youtu.be\/EvhxlyEClM8&#8243; image_src=&#8220;https:\/\/www.indianridersfest.eu\/wp-content\/uploads\/2024\/09\/IRF-video-23-long-1.jpg&#8220; category=&#8220;IRF 2023&#8243; _builder_version=&#8220;4.27.0&#8243; _module_preset=&#8220;default&#8220; global_colors_info=&#8220;{}&#8220;][\/dvg_divi_video_gallery_item][dvg_divi_video_gallery_item title=&#8220;Indian Riders Fest 2023 &#8211; Kurzer Schnitt&#8220; src=&#8220;https:\/\/youtu.be\/QN2OQM2oeCw&#8220; image_src=&#8220;https:\/\/www.indianridersfest.eu\/wp-content\/uploads\/2024\/09\/IRF-video-23-short.jpg&#8220; category=&#8220;IRF 2023&#8243; _builder_version=&#8220;4.22.1&#8243; _module_preset=&#8220;default&#8220; global_colors_info=&#8220;{}&#8220;][\/dvg_divi_video_gallery_item][dvg_divi_video_gallery_item title=&#8220;Indian Riders Fest 2022 &#8211; Langer Schnitt&#8220; src=&#8220;https:\/\/youtu.be\/0DYpKEbT9LI&#8220; image_src=&#8220;https:\/\/www.indianridersfest.eu\/wp-content\/uploads\/2024\/09\/IRF-video-22-long-1.jpg&#8220; category=&#8220;IRF 2022&#8243; _builder_version=&#8220;4.22.1&#8243; _module_preset=&#8220;default&#8220; global_colors_info=&#8220;{}&#8220;][\/dvg_divi_video_gallery_item][dvg_divi_video_gallery_item title=&#8220;Indian Riders Fest 2022 &#8211; Kurzer Schnitt&#8220; src=&#8220;https:\/\/youtu.be\/Wbns8r218gM&#8220; image_src=&#8220;https:\/\/www.indianridersfest.eu\/wp-content\/uploads\/2024\/09\/IRF-video-22-short.jpg&#8220; category=&#8220;IRF 2022&#8243; _builder_version=&#8220;4.27.0&#8243; _module_preset=&#8220;default&#8220; global_colors_info=&#8220;{}&#8220;][\/dvg_divi_video_gallery_item][dvg_divi_video_gallery_item title=&#8220;Indian Riders Fest 2019 &#8211; Langer Schnitt&#8220; src=&#8220;https:\/\/youtu.be\/rMtqdNPneVg&#8220; image_src=&#8220;https:\/\/www.indianridersfest.eu\/wp-content\/uploads\/2024\/09\/IRF-video-19-long.jpg&#8220; category=&#8220;IRF 2019&#8243; _builder_version=&#8220;4.22.1&#8243; _module_preset=&#8220;default&#8220; global_colors_info=&#8220;{}&#8220;][\/dvg_divi_video_gallery_item][dvg_divi_video_gallery_item title=&#8220;Indian Riders Fest 2019 &#8211; Kurzer Schnitt&#8220; src=&#8220;https:\/\/youtu.be\/pBkwo7qNldc&#8220; image_src=&#8220;https:\/\/www.indianridersfest.eu\/wp-content\/uploads\/2024\/09\/IRF-video-19-short.jpg&#8220; category=&#8220;IRF 2019&#8243; _builder_version=&#8220;4.22.1&#8243; _module_preset=&#8220;default&#8220; global_colors_info=&#8220;{}&#8220;][\/dvg_divi_video_gallery_item][\/dvg_divi_video_gallery][dvg_divi_video_gallery columns=&#8220;2&#8243; hover_content=&#8220;icon_title_subtitle&#8220; preview_title_subtitle_position=&#8220;bottom&#8220; use_filter=&#8220;on&#8220; filter_all_text=&#8220;MEDIA PREVIEW&#8220; gallery_buttons_alignment=&#8220;left&#8220; gallery_buttons_background=&#8220;gcid-primary-color&#8220; filter_padding=&#8220;10px|10px|10px|10px|false|false&#8220; _builder_version=&#8220;4.27.0&#8243; _module_preset=&#8220;default&#8220; overlay_icon_text_color=&#8220;#FFFFFF&#8220; overlay_icon_font_size=&#8220;40px&#8220; overlay_title_font=&#8220;Work Sans|300||on|||||&#8220; overlay_title_text_color=&#8220;#FFFFFF&#8220; overlay_title_font_size=&#8220;16px&#8220; overlay_subtitle_font=&#8220;Work Sans|||on|||||&#8220; overlay_subtitle_text_color=&#8220;#FFFFFF&#8220; overlay_subtitle_font_size=&#8220;20px&#8220; filter_font=&#8220;&#8211;et_global_heading_font|||on|||||&#8220; filter_font_size=&#8220;20px&#8220; filter_letter_spacing=&#8220;1px&#8220; border_radii_filter=&#8220;on|15px|15px|15px|15px&#8220; global_colors_info=&#8220;{%22gcid-primary-color%22:%91%22gallery_buttons_background%22%93}&#8220;][dvg_divi_video_gallery_item title=&#8220;Indian Riders Fest 2023 &#8211; Reportage &#8211; Arnaud Choisy (FR)&#8220; src=&#8220;https:\/\/youtu.be\/jY5A0mEcaHg?si=NePDFjNBTPDOzzeY&#8220; image_src=&#8220;https:\/\/www.indianridersfest.eu\/wp-content\/uploads\/2024\/09\/IRF-video-ArnaudChoisy2.jpg&#8220; _builder_version=&#8220;4.27.0&#8243; _module_preset=&#8220;default&#8220; global_colors_info=&#8220;{}&#8220;][\/dvg_divi_video_gallery_item][dvg_divi_video_gallery_item title=&#8220;Indian Riders Fest 2024 &#8211; Reportage &#8211; Tomboy a bit &#8220; src=&#8220;https:\/\/youtu.be\/4rp4YPYUpYs?si=gIJ-5c0bW09fApEt&#8220; image_src=&#8220;https:\/\/www.indianridersfest.eu\/wp-content\/uploads\/2024\/09\/IRF-video-Tomboyabit.jpg&#8220; _builder_version=&#8220;4.27.0&#8243; _module_preset=&#8220;default&#8220; global_colors_info=&#8220;{}&#8220;][\/dvg_divi_video_gallery_item][dvg_divi_video_gallery_item title=&#8220;Indian Riders Fest 2023 &#8211; Reportage &#8211; Ungarisches Fernsehprogramm %22WorldBike%&#8220; src=&#8220;https:\/\/youtu.be\/f47khaLf1AY?si=oZ0pG853BYz-SNSd&#8220; image_src=&#8220;https:\/\/www.indianridersfest.eu\/wp-content\/uploads\/2024\/09\/IRF-video-23-WorldBike.jpg&#8220; _builder_version=&#8220;4.22.2&#8243; _module_preset=&#8220;default&#8220; global_colors_info=&#8220;{}&#8220;][\/dvg_divi_video_gallery_item][dvg_divi_video_gallery_item title=&#8220;Indian Riders Fest 2023 &#8211; Reportage \u010cT2 Czech TV \u00a9 2023 &#8211; \u010cT2 \u010cesk\u00e9 televize&#8220; src=&#8220;https:\/\/www.indianridersfest.eu\/videos\/IRF23-CT2-Reportage-1080p.mp4&#8243; image_src=&#8220;https:\/\/www.indianridersfest.eu\/wp-content\/uploads\/2024\/09\/IRF-video-23-CT2.jpg&#8220; _builder_version=&#8220;4.27.0&#8243; _module_preset=&#8220;default&#8220; global_colors_info=&#8220;{}&#8220;][\/dvg_divi_video_gallery_item][\/dvg_divi_video_gallery][\/et_pb_column][\/et_pb_row][\/et_pb_section]<\/p>\n","protected":false},"excerpt":{"rendered":"<p>Erleben Sie die lustigen Momente vergangener Indian Riders Fest Veranstaltungen noch einmal! Wir haben Videos aus jedem Jahr zusammengestellt, angefangen von 2019 bis heute. Sie sehen die gro\u00dfen Radausfl\u00fcge und die sch\u00f6nen Sehensw\u00fcrdigkeiten der Region S\u00fcdb\u00f6hmen, die das Indian Riders Fest so besonders und voller Freundschaft machen. Stellen Sie sich vor, dass Sie sich zum [&hellip;]<\/p>\n","protected":false},"author":1,"featured_media":0,"parent":0,"menu_order":0,"comment_status":"closed","ping_status":"closed","template":"","meta":{"_et_pb_use_builder":"on","_et_pb_old_content":"","_et_gb_content_width":"","footnotes":""},"class_list":["post-104966","page","type-page","status-publish","hentry"],"_links":{"self":[{"href":"https:\/\/www.indianridersfest.eu\/de\/wp-json\/wp\/v2\/pages\/104966","targetHints":{"allow":["GET"]}}],"collection":[{"href":"https:\/\/www.indianridersfest.eu\/de\/wp-json\/wp\/v2\/pages"}],"about":[{"href":"https:\/\/www.indianridersfest.eu\/de\/wp-json\/wp\/v2\/types\/page"}],"author":[{"embeddable":true,"href":"https:\/\/www.indianridersfest.eu\/de\/wp-json\/wp\/v2\/users\/1"}],"replies":[{"embeddable":true,"href":"https:\/\/www.indianridersfest.eu\/de\/wp-json\/wp\/v2\/comments?post=104966"}],"version-history":[{"count":15,"href":"https:\/\/www.indianridersfest.eu\/de\/wp-json\/wp\/v2\/pages\/104966\/revisions"}],"predecessor-version":[{"id":107663,"href":"https:\/\/www.indianridersfest.eu\/de\/wp-json\/wp\/v2\/pages\/104966\/revisions\/107663"}],"wp:attachment":[{"href":"https:\/\/www.indianridersfest.eu\/de\/wp-json\/wp\/v2\/media?parent=104966"}],"curies":[{"name":"wp","href":"https:\/\/api.w.org\/{rel}","templated":true}]}}