{"id":104948,"date":"2024-09-23T04:56:39","date_gmt":"2024-09-23T02:56:39","guid":{"rendered":"https:\/\/www.indianridersfest.eu\/fotogalerie\/"},"modified":"2024-10-01T14:48:00","modified_gmt":"2024-10-01T12:48:00","slug":"fotogalerie","status":"publish","type":"page","link":"https:\/\/www.indianridersfest.eu\/de\/fotogalerie\/","title":{"rendered":"Fotogalerie"},"content":{"rendered":"<p>[et_pb_section fb_built=&#8220;1&#8243; theme_builder_area=&#8220;post_content&#8220; _builder_version=&#8220;4.27.0&#8243; _module_preset=&#8220;default&#8220; custom_margin=&#8220;0px||0px||false|false&#8220; custom_padding=&#8220;0px||0px||false|false&#8220; hover_enabled=&#8220;0&#8243; sticky_enabled=&#8220;0&#8243;][et_pb_row _builder_version=&#8220;4.27.0&#8243; _module_preset=&#8220;default&#8220; theme_builder_area=&#8220;post_content&#8220; width=&#8220;85%&#8220; hover_enabled=&#8220;0&#8243; sticky_enabled=&#8220;0&#8243;][et_pb_column _builder_version=&#8220;4.27.0&#8243; _module_preset=&#8220;default&#8220; type=&#8220;4_4&#8243; theme_builder_area=&#8220;post_content&#8220;][et_pb_heading title=&#8220;Eine Auswahl atemberaubender Fotos von vergangenen Ausgaben des Indian Riders Fest&#8220; _builder_version=&#8220;4.27.0&#8243; _module_preset=&#8220;default&#8220; theme_builder_area=&#8220;post_content&#8220; title_font=&#8220;|||on|||||&#8220; hover_enabled=&#8220;0&#8243; sticky_enabled=&#8220;0&#8243;][\/et_pb_heading][et_pb_text _builder_version=&#8220;4.27.0&#8243; _module_preset=&#8220;default&#8220; theme_builder_area=&#8220;post_content&#8220; hover_enabled=&#8220;0&#8243; sticky_enabled=&#8220;0&#8243;]<\/p>\n<p style=\"text-align: left;\">Treten Sie ein in die Indian Riders Fest 2024 Fotogalerie!<br \/>\nNehmen Sie sich einen Moment Zeit, um in eine handverlesene Sammlung atemberaubender Fotos einzutauchen, die den pulsierenden Geist des Festivals, die elektrisierende Energie und das einzigartige Gef\u00fchl des Miteinanders perfekt einfangen.<br \/>\nSie wurden sorgf\u00e4ltig ausgew\u00e4hlt, um die Essenz des Indian Riders Festes und seine zentralen Werte einzufangen. Diese atemberaubenden Bilder werden Sie sicher in die unvergesslichen Momente der Veranstaltung zur\u00fcckversetzen.<br \/>\nSchauen Sie doch einfach mal rein und st\u00f6bern Sie in der Galerie &#8211; eine visuelle Reise erwartet Sie!   <\/p>\n<p style=\"text-align: left;\">Werfen Sie einen Blick auf die IRF-Erfahrung: <a href=\"http:\/\/www.indianridersfest.eu\/video-clips\/\" title=\"Video-Highlights\">Video-Highlights<\/a> aus den vergangenen Jahren<\/p>\n<p>[\/et_pb_text][\/et_pb_column][\/et_pb_row][et_pb_row _builder_version=&#8220;4.22.1&#8243; _module_preset=&#8220;default&#8220; global_colors_info=&#8220;{}&#8220; theme_builder_area=&#8220;post_content&#8220;][et_pb_column type=&#8220;4_4&#8243; _builder_version=&#8220;4.22.1&#8243; _module_preset=&#8220;default&#8220; global_colors_info=&#8220;{}&#8220; theme_builder_area=&#8220;post_content&#8220;][\/et_pb_column][\/et_pb_row][\/et_pb_section]<\/p>\n","protected":false},"excerpt":{"rendered":"<p>Treten Sie ein in die Indian Riders Fest 2024 Fotogalerie! Nehmen Sie sich einen Moment Zeit, um in eine handverlesene Sammlung atemberaubender Fotos einzutauchen, die den pulsierenden Geist des Festivals, die elektrisierende Energie und das einzigartige Gef\u00fchl des Miteinanders perfekt einfangen. Sie wurden sorgf\u00e4ltig ausgew\u00e4hlt, um die Essenz des Indian Riders Festes und seine zentralen [&hellip;]<\/p>\n","protected":false},"author":1,"featured_media":0,"parent":0,"menu_order":0,"comment_status":"closed","ping_status":"closed","template":"","meta":{"_et_pb_use_builder":"on","_et_pb_old_content":"","_et_gb_content_width":"","footnotes":""},"class_list":["post-104948","page","type-page","status-publish","hentry"],"_links":{"self":[{"href":"https:\/\/www.indianridersfest.eu\/de\/wp-json\/wp\/v2\/pages\/104948","targetHints":{"allow":["GET"]}}],"collection":[{"href":"https:\/\/www.indianridersfest.eu\/de\/wp-json\/wp\/v2\/pages"}],"about":[{"href":"https:\/\/www.indianridersfest.eu\/de\/wp-json\/wp\/v2\/types\/page"}],"author":[{"embeddable":true,"href":"https:\/\/www.indianridersfest.eu\/de\/wp-json\/wp\/v2\/users\/1"}],"replies":[{"embeddable":true,"href":"https:\/\/www.indianridersfest.eu\/de\/wp-json\/wp\/v2\/comments?post=104948"}],"version-history":[{"count":2,"href":"https:\/\/www.indianridersfest.eu\/de\/wp-json\/wp\/v2\/pages\/104948\/revisions"}],"predecessor-version":[{"id":104955,"href":"https:\/\/www.indianridersfest.eu\/de\/wp-json\/wp\/v2\/pages\/104948\/revisions\/104955"}],"wp:attachment":[{"href":"https:\/\/www.indianridersfest.eu\/de\/wp-json\/wp\/v2\/media?parent=104948"}],"curies":[{"name":"wp","href":"https:\/\/api.w.org\/{rel}","templated":true}]}}