{"id":104869,"date":"2024-09-20T10:29:39","date_gmt":"2024-09-20T08:29:39","guid":{"rendered":"https:\/\/www.indianridersfest.eu\/slunecna-louka\/"},"modified":"2024-10-01T14:47:39","modified_gmt":"2024-10-01T12:47:39","slug":"slunecna-louka","status":"publish","type":"page","link":"https:\/\/www.indianridersfest.eu\/de\/slunecna-louka\/","title":{"rendered":"Slunecna Louka"},"content":{"rendered":"<p>[et_pb_section fb_built=&#8220;1&#8243; _builder_version=&#8220;4.27.0&#8243; _module_preset=&#8220;default&#8220; background_enable_color=&#8220;off&#8220; background_image=&#8220;https:\/\/www.indianridersfest.eu\/wp-content\/uploads\/2024\/09\/header-slunecnalouka-1920px.jpg&#8220; background_position=&#8220;top_center&#8220; module_alignment=&#8220;center&#8220; height=&#8220;400px&#8220; custom_margin=&#8220;0px||||false|false&#8220; custom_margin_tablet=&#8220;&#8220; custom_margin_phone=&#8220;&#8220; custom_margin_last_edited=&#8220;on|phone&#8220; custom_padding=&#8220;0px||0px||false|false&#8220; global_colors_info=&#8220;{%22gcid-primary-color%22:%91%22background_color%22%93}&#8220;][et_pb_row column_structure=&#8220;1_2,1_2&#8243; _builder_version=&#8220;4.27.0&#8243; _module_preset=&#8220;default&#8220; width=&#8220;85%&#8220; module_alignment=&#8220;center&#8220; custom_margin=&#8220;0px||0px||false|false&#8220; custom_css_main_element=&#8220;display: flex;&#8220; global_colors_info=&#8220;{}&#8220;][et_pb_column type=&#8220;1_2&#8243; _builder_version=&#8220;4.27.0&#8243; _module_preset=&#8220;default&#8220; custom_padding=&#8220;0px|0px|0px|0px|false|false&#8220; custom_css_before=&#8220;align-self: flex-start;&#8220; global_colors_info=&#8220;{}&#8220;][et_pb_text _builder_version=&#8220;4.27.0&#8243; _module_preset=&#8220;default&#8220; header_text_color=&#8220;#FFFFFF&#8220; header_3_text_color=&#8220;#FFFFFF&#8220; background_enable_image=&#8220;off&#8220; custom_margin=&#8220;||5px||false|false&#8220; text_font_size_tablet=&#8220;&#8220; text_font_size_phone=&#8220;9px&#8220; text_font_size_last_edited=&#8220;on|phone&#8220; header_3_text_shadow_style=&#8220;preset1&#8243; header_3_text_shadow_horizontal_length=&#8220;0.2em&#8220; header_3_text_shadow_blur_strength=&#8220;0.15em&#8220; global_colors_info=&#8220;{}&#8220;]<\/p>\n<h3>HOTEL SLUNE\u010cN\u00c1 LOUKA ***<\/h3>\n<p>[\/et_pb_text][\/et_pb_column][et_pb_column type=&#8220;1_2&#8243; _builder_version=&#8220;4.27.0&#8243; _module_preset=&#8220;default&#8220; custom_padding=&#8220;0px|0px|0px|0px|false|false&#8220; custom_css_before=&#8220;align-self: flex-start;&#8220; global_colors_info=&#8220;{}&#8220;][et_pb_image src=&#8220;https:\/\/www.indianridersfest.eu\/wp-content\/uploads\/2024\/09\/logo-SL-600px.jpg&#8220; alt=&#8220;Logo SLUNE\u010cN\u00c1 LOUKA ***&#8220; title_text=&#8220;Logo-SL-600px&#8220; src_tablet=&#8220;https:\/\/www.indianridersfest.eu\/wp-content\/uploads\/2024\/09\/logo-Korzo-600px.jpg&#8220; src_phone=&#8220;https:\/\/www.indianridersfest.eu\/wp-content\/uploads\/2024\/09\/logo-Korzo-600px.jpg&#8220; src_last_edited=&#8220;on|phone&#8220; _builder_version=&#8220;4.27.0&#8243; _module_preset=&#8220;default&#8220; width=&#8220;30%&#8220; width_tablet=&#8220;40%&#8220; width_phone=&#8220;55%&#8220; width_last_edited=&#8220;on|desktop&#8220; max_width=&#8220;40%&#8220; module_alignment=&#8220;right&#8220; global_colors_info=&#8220;{}&#8220;][\/et_pb_image][\/et_pb_column][\/et_pb_row][\/et_pb_section][et_pb_section fb_built=&#8220;1&#8243; _builder_version=&#8220;4.27.0&#8243; _module_preset=&#8220;default&#8220; custom_padding=&#8220;30px||10px||false|false&#8220; global_colors_info=&#8220;{}&#8220;][et_pb_row column_structure=&#8220;1_2,1_2&#8243; make_equal=&#8220;on&#8220; custom_padding_last_edited=&#8220;on|phone&#8220; _builder_version=&#8220;4.27.0&#8243; _module_preset=&#8220;default&#8220; width=&#8220;85%&#8220; custom_padding=&#8220;0px||20px||false|false&#8220; custom_padding_tablet=&#8220;&#8220; custom_padding_phone=&#8220;||0px||false|false&#8220; global_colors_info=&#8220;{}&#8220;][et_pb_column type=&#8220;1_2&#8243; _builder_version=&#8220;4.27.0&#8243; _module_preset=&#8220;default&#8220; custom_padding=&#8220;0px||0px||false|false&#8220; global_colors_info=&#8220;{}&#8220;][et_pb_image src=&#8220;https:\/\/www.indianridersfest.eu\/wp-content\/uploads\/2024\/09\/img01-SL-2000x1333px.jpg&#8220; alt=&#8220;Korzo Lipno IRF25&#8243; title_text=&#8220;img01-SL-2000x1333px&#8220; _builder_version=&#8220;4.27.0&#8243; _module_preset=&#8220;default&#8220; custom_margin=&#8220;0px||0px||false|false&#8220; custom_padding=&#8220;0px||0px||false|false&#8220; global_colors_info=&#8220;{}&#8220;][\/et_pb_image][\/et_pb_column][et_pb_column type=&#8220;1_2&#8243; _builder_version=&#8220;4.27.0&#8243; _module_preset=&#8220;default&#8220; custom_padding=&#8220;0px||0px||false|false&#8220; global_colors_info=&#8220;{}&#8220;][et_pb_text _builder_version=&#8220;4.27.0&#8243; _module_preset=&#8220;default&#8220; text_font_size=&#8220;15px&#8220; text_line_height=&#8220;1.8em&#8220; custom_margin=&#8220;0px||0px||false|false&#8220; custom_margin_tablet=&#8220;&#8220; custom_margin_phone=&#8220;10px||||false|false&#8220; custom_margin_last_edited=&#8220;on|phone&#8220; custom_padding=&#8220;0px||0px||false|false&#8220; global_colors_info=&#8220;{}&#8220;]<\/p>\n<h3 style=\"text-align: left;\">HOTEL SLUNE\u010cN\u00c1 LOUKA ***<\/h3>\n<p>Am Rande eines ruhigen Waldes gelegen und mit seinem einzigartigen Design an die Form eines Schiffes erinnernd, \u00f6ffnet das <strong>Hotel Slune\u010dn\u00e1 Louka<\/strong> stolz seine T\u00fcren als offizieller Unterkunftspartner f\u00fcr das Indian Riders Fest 2025 in Lipno nad Vltavou.<br \/>\nSeit seiner Gr\u00fcndung im Jahr 2004 hat sich das familiengef\u00fchrte Hotel als eine der am besten gelegenen Unterk\u00fcnfte in der gesamten Lipno-See-Region ausgezeichnet und bietet seinen G\u00e4sten eine unvergleichliche Mischung aus Komfort, Natur und Gastfreundschaft&#8230; <\/p>\n<p><strong>Hotel SLUNE\u010cN\u00c1 LOUKA ***<\/strong><br \/><strong>Lipno nad Vltavou 319<br \/>300 78 Lipno nad Vltavou<br \/><\/strong><a href=\"https:\/\/maps.app.goo.gl\/GQngkah53RuZ1fLQ7\" target=\"_blank\" rel=\"noopener\">Google Maps<\/a><\/p>\n<p>[\/et_pb_text][\/et_pb_column][\/et_pb_row][et_pb_row column_structure=&#8220;1_2,1_2&#8243; make_equal=&#8220;on&#8220; _builder_version=&#8220;4.27.0&#8243; _module_preset=&#8220;default&#8220; width=&#8220;85%&#8220; custom_padding=&#8220;0px||0px||false|false&#8220; custom_css_main_element=&#8220;display:flex;||flex-wrap:wrap;&#8220; global_colors_info=&#8220;{}&#8220;][et_pb_column type=&#8220;1_2&#8243; _builder_version=&#8220;4.16&#8243; _module_preset=&#8220;default&#8220; global_colors_info=&#8220;{}&#8220; custom_css_main_element_last_edited=&#8220;on|tablet&#8220; custom_css_main_element_tablet=&#8220;order:2;&#8220; custom_css_main_element_phone=&#8220;order:2;&#8220;][et_pb_text _builder_version=&#8220;4.27.0&#8243; _module_preset=&#8220;default&#8220; text_font_size=&#8220;15px&#8220; text_line_height=&#8220;1.8em&#8220; custom_margin_tablet=&#8220;&#8220; custom_margin_phone=&#8220;10px||||false|false&#8220; custom_margin_last_edited=&#8220;on|phone&#8220; global_colors_info=&#8220;{}&#8220;]<\/p>\n<h3>Entdecken Sie den Charme von Lipno im Hotel Slune\u010dn\u00e1 Louka &#8211; Offizieller Unterkunftspartner f\u00fcr das Indian Riders Fest 2025<\/h3>\n<p>Das Hotel Slune\u010dn\u00e1 Louka hei\u00dft seine G\u00e4ste in einer harmonischen Mischung aus Natur und Komfort willkommen.<br \/>\nMit zwei Geb\u00e4uden, darunter das Hauptgeb\u00e4ude, das an ein Schiff erinnert, und die 2012 neu errichtete Dependance, bietet das Hotel Unterkunft f\u00fcr bis zu 90 G\u00e4ste in 29 gro\u00dfz\u00fcgig gestalteten Zimmern, von denen jedes durchschnittlich 24 Quadratmeter gro\u00df ist.<br \/>\nJedes Zimmer ist so gestaltet, dass es einen erholsamen und komfortablen Aufenthalt garantiert. Es ist mehr als nur ein Ort zum Schlafen, es ist ein Ort zum Entspannen und Auftanken.  <\/p>\n<p>Im Herzen des Geschehens gelegen, bietet das Hotel Slune\u010dn\u00e1 Louka einen idealen Ausgangspunkt f\u00fcr die Teilnehmer des Indian Riders Fest 2025.<\/p>\n<p>&nbsp;<\/p>\n<p>[\/et_pb_text][\/et_pb_column][et_pb_column type=&#8220;1_2&#8243; _builder_version=&#8220;4.16&#8243; _module_preset=&#8220;default&#8220; global_colors_info=&#8220;{}&#8220; custom_css_main_element_tablet=&#8220;order:1;&#8220; custom_css_main_element_last_edited=&#8220;on|tablet&#8220; custom_css_main_element_phone=&#8220;order:1;&#8220;][et_pb_image src=&#8220;https:\/\/www.indianridersfest.eu\/wp-content\/uploads\/2024\/09\/img02-SL-1700x1100px.jpg&#8220; alt=&#8220;Korzo Lipno IRF25&#8243; title_text=&#8220;img02-SL-1700x1100px&#8220; _builder_version=&#8220;4.27.0&#8243; _module_preset=&#8220;default&#8220; custom_margin=&#8220;0px||0px||false|false&#8220; custom_padding=&#8220;0px||0px||false|false&#8220; global_colors_info=&#8220;{}&#8220;][\/et_pb_image][\/et_pb_column][\/et_pb_row][et_pb_row _builder_version=&#8220;4.27.0&#8243; _module_preset=&#8220;default&#8220; width=&#8220;85%&#8220; module_alignment=&#8220;center&#8220; custom_margin=&#8220;0px||0px|0px|false|false&#8220; custom_padding=&#8220;20px||20px||false|false&#8220; global_colors_info=&#8220;{}&#8220;][et_pb_column type=&#8220;4_4&#8243; _builder_version=&#8220;4.27.0&#8243; _module_preset=&#8220;default&#8220; global_colors_info=&#8220;{}&#8220;][et_pb_divider divider_weight=&#8220;1px&#8220; _builder_version=&#8220;4.27.0&#8243; _module_preset=&#8220;default&#8220; custom_margin=&#8220;10px||0px||false|false&#8220; global_colors_info=&#8220;{}&#8220;][\/et_pb_divider][et_pb_heading title=&#8220;HOTEL SLUNE\u010cN\u00c1 LOUKA *** PREISE f\u00fcr 3 N\u00c4CHTE (AUSVERKAUFT)&#8220; _builder_version=&#8220;4.27.0&#8243; _module_preset=&#8220;default&#8220; title_font=&#8220;|600||on|||||&#8220; title_letter_spacing=&#8220;1px&#8220; custom_margin=&#8220;0px||0px||false|false&#8220; custom_margin_tablet=&#8220;&#8220; custom_margin_phone=&#8220;0px||0px||false|false&#8220; custom_margin_last_edited=&#8220;on|phone&#8220; custom_padding=&#8220;0px||0px||false|false&#8220; custom_padding_tablet=&#8220;0px||0px||false|false&#8220; custom_padding_phone=&#8220;0px||0px||false|false&#8220; custom_padding_last_edited=&#8220;on|tablet&#8220; global_colors_info=&#8220;{}&#8220; custom_css_main_element_last_edited=&#8220;on|tablet&#8220;][\/et_pb_heading][et_pb_text _builder_version=&#8220;4.27.0&#8243; _module_preset=&#8220;default&#8220; custom_margin=&#8220;0px||10px||false|false&#8220; custom_padding=&#8220;0px||0px||false|false&#8220; global_colors_info=&#8220;{}&#8220;]<\/p>\n<p>F\u00fcr l\u00e4ngere Aufenthalte oder gr\u00f6\u00dfere Gruppenunterk\u00fcnfte erkunden Sie die Optionen in unserem E-Shop.<\/p>\n<p>[\/et_pb_text][\/et_pb_column][\/et_pb_row][et_pb_row column_structure=&#8220;1_3,1_3,1_3&#8243; module_class=&#8220;three.columns&#8220; _builder_version=&#8220;4.27.0&#8243; _module_preset=&#8220;default&#8220; width=&#8220;85%&#8220; custom_margin=&#8220;0px||0px||false|false&#8220; custom_padding=&#8220;0px||20px||false|false&#8220; custom_css_main_element=&#8220;isplay: flex;&#8220; global_colors_info=&#8220;{}&#8220;][et_pb_column type=&#8220;1_3&#8243; _builder_version=&#8220;4.27.0&#8243; _module_preset=&#8220;default&#8220; global_colors_info=&#8220;{}&#8220;][et_pb_text _builder_version=&#8220;4.27.0&#8243; _module_preset=&#8220;default&#8220; text_font=&#8220;||||||||&#8220; header_text_align=&#8220;center&#8220; header_font_size=&#8220;35px&#8220; header_letter_spacing=&#8220;2px&#8220; header_line_height=&#8220;1.5em&#8220; header_4_font=&#8220;|||on|||||&#8220; header_4_text_align=&#8220;center&#8220; header_4_font_size=&#8220;24px&#8220; background_color=&#8220;#FFFFFF&#8220; text_orientation=&#8220;center&#8220; custom_padding=&#8220;20px||10px||false|false&#8220; border_width_all=&#8220;1px&#8220; border_color_all=&#8220;gcid-primary-color&#8220; box_shadow_style=&#8220;preset1&#8243; global_colors_info=&#8220;{%22gcid-primary-color%22:%91%22border_color_all%22%93}&#8220;]<\/p>\n<h4>SCHLAFZIMMER F\u00dcR 2 PERSONEN &#8211; 3 N\u00c4CHTE<\/h4>\n<p><strong>Ankunft Donnerstag 19.06 &#8211; Abreise Sonntag 22.06<\/strong><\/p>\n<h1>442 \u20ac<\/h1>\n<p>[\/et_pb_text][\/et_pb_column][et_pb_column type=&#8220;1_3&#8243; _builder_version=&#8220;4.27.0&#8243; _module_preset=&#8220;default&#8220; global_colors_info=&#8220;{}&#8220;][et_pb_text _builder_version=&#8220;4.27.0&#8243; _module_preset=&#8220;default&#8220; text_font=&#8220;||||||||&#8220; header_text_align=&#8220;center&#8220; header_font_size=&#8220;35px&#8220; header_letter_spacing=&#8220;2px&#8220; header_line_height=&#8220;1.5em&#8220; header_4_font=&#8220;|||on|||||&#8220; header_4_text_align=&#8220;center&#8220; header_4_font_size=&#8220;24px&#8220; background_color=&#8220;#FFFFFF&#8220; text_orientation=&#8220;center&#8220; custom_padding=&#8220;20px||10px||false|false&#8220; border_width_all=&#8220;1px&#8220; border_color_all=&#8220;gcid-primary-color&#8220; border_color_all_tablet=&#8220;gcid-primary-color&#8220; border_color_all_phone=&#8220;gcid-primary-color&#8220; border_color_all_last_edited=&#8220;on|desktop&#8220; box_shadow_style=&#8220;preset1&#8243; global_colors_info=&#8220;{%22gcid-primary-color%22:%91%22border_color_all%22%93}&#8220;]<\/p>\n<h4>3 PERSONEN SCHLAFZIMMER APARTMENT &#8211; 3 N\u00c4CHTE<\/h4>\n<p><strong>Ankunft Donnerstag 19.06 &#8211; Abreise Sonntag 22.06<\/strong><\/p>\n<h1>663 \u20ac<\/h1>\n<p>[\/et_pb_text][\/et_pb_column][et_pb_column type=&#8220;1_3&#8243; _builder_version=&#8220;4.27.0&#8243; _module_preset=&#8220;default&#8220; global_colors_info=&#8220;{}&#8220;][et_pb_text _builder_version=&#8220;4.27.0&#8243; _module_preset=&#8220;default&#8220; text_font=&#8220;||||||||&#8220; header_text_align=&#8220;center&#8220; header_font_size=&#8220;35px&#8220; header_letter_spacing=&#8220;2px&#8220; header_line_height=&#8220;1.5em&#8220; header_4_font=&#8220;|||on|||||&#8220; header_4_text_align=&#8220;center&#8220; header_4_font_size=&#8220;24px&#8220; background_color=&#8220;RGBA(255,255,255,0)&#8220; text_orientation=&#8220;center&#8220; custom_padding=&#8220;20px||10px||false|false&#8220; border_width_all=&#8220;1px&#8220; border_color_all=&#8220;gcid-primary-color&#8220; box_shadow_style=&#8220;preset1&#8243; global_colors_info=&#8220;{%22gcid-primary-color%22:%91%22border_color_all%22%93}&#8220;]<\/p>\n<h4>4 PERSONEN SCHLAFZIMMER APARTMENT &#8211; 3 N\u00c4CHTE<\/h4>\n<p><strong>Ankunft Donnerstag 19.06 &#8211; Abreise Sonntag 22.06<\/strong><\/p>\n<h1>885\u20ac<\/h1>\n<p>[\/et_pb_text][\/et_pb_column][\/et_pb_row][et_pb_row _builder_version=&#8220;4.27.0&#8243; _module_preset=&#8220;default&#8220; custom_margin=&#8220;0px||0px||false|false&#8220; custom_padding=&#8220;0px||20px||false|false&#8220; global_colors_info=&#8220;{}&#8220;][et_pb_column type=&#8220;4_4&#8243; _builder_version=&#8220;4.27.0&#8243; _module_preset=&#8220;default&#8220; global_colors_info=&#8220;{}&#8220;][et_pb_text _builder_version=&#8220;4.27.0&#8243; _module_preset=&#8220;default&#8220; text_text_color=&#8220;gcid-primary-color&#8220; custom_margin=&#8220;0px||0px||false|false&#8220; custom_padding=&#8220;0px||0px||false|false&#8220; global_colors_info=&#8220;{%22gcid-primary-color%22:%91%22text_text_color%22%93}&#8220;]<\/p>\n<p><strong>Preis pro Zimmer inkl.<br \/>\nSteuern:   <\/strong>Fr\u00fchst\u00fcck in Form eines reichhaltigen warmen und kalten Buffets, Kurtaxe und Geb\u00fchren der Gemeinde, privater Garten von 11.000 m2 f\u00fcr Entspannung und Sport, Tennispl\u00e4tze, Internetanschluss \u00fcber WiFi, kostenloser Parkplatz am Hotel (bewacht durch CCTV), Dienstleistungen eines 4*-Sterne-Hotels, beheizter \u00fcberdachter Salzwasser-Au\u00dfenpool 4 x 11 m<\/p>\n<p>[\/et_pb_text][et_pb_image src=&#8220;https:\/\/www.indianridersfest.eu\/wp-content\/uploads\/2024\/09\/SunnyMeadow-ServicesIcons.png&#8220; title_text=&#8220;SunnyMeadow-ServicesIcons-mobile&#8220; src_tablet=&#8220;https:\/\/www.indianridersfest.eu\/wp-content\/uploads\/2024\/09\/SunnyMeadow-ServicesIcons-mobile.png&#8220; src_phone=&#8220;https:\/\/www.indianridersfest.eu\/wp-content\/uploads\/2024\/09\/SunnyMeadow-ServicesIcons-mobile.png&#8220; src_last_edited=&#8220;on|phone&#8220; _builder_version=&#8220;4.27.0&#8243; _module_preset=&#8220;default&#8220; custom_margin=&#8220;10px||||false|false&#8220; hover_enabled=&#8220;0&#8243; global_colors_info=&#8220;{}&#8220; theme_builder_area=&#8220;post_content&#8220; sticky_enabled=&#8220;0&#8243;][\/et_pb_image][\/et_pb_column][\/et_pb_row][et_pb_row _builder_version=&#8220;4.27.0&#8243; _module_preset=&#8220;default&#8220; width=&#8220;85%&#8220; module_alignment=&#8220;center&#8220; custom_margin=&#8220;0px||0px||false|false&#8220; custom_padding=&#8220;0px||0px||false|false&#8220; global_colors_info=&#8220;{}&#8220;][et_pb_column type=&#8220;4_4&#8243; _builder_version=&#8220;4.27.0&#8243; _module_preset=&#8220;default&#8220; global_colors_info=&#8220;{}&#8220;][et_pb_cta title=&#8220;Buchen Sie Ihr SLUNE\u010cN\u00c1 LOUKA *** Hotelzimmer !  &#8220; button_url=&#8220;#&#8220; button_text=&#8220;AUSVERKAUFT&#8220; _builder_version=&#8220;4.27.0&#8243; _module_preset=&#8220;default&#8220; custom_button=&#8220;on&#8220; button_text_color=&#8220;#000000&#8243; button_bg_color=&#8220;#FFFFFF&#8220; button_font=&#8220;&#8211;et_global_heading_font|||on|||||&#8220; button_use_icon=&#8220;off&#8220; global_colors_info=&#8220;{}&#8220;]<\/p>\n<p><strong>Sichern Sie sich Ihren perfekten Aufenthalt!<br \/>\nKlicken Sie hier, um Ihre Unterkunft f\u00fcr das ultimative Indian Riders Fest-Erlebnis zu buchen. <\/strong><\/p>\n<p>[\/et_pb_cta][\/et_pb_column][\/et_pb_row][\/et_pb_section][et_pb_section fb_built=&#8220;1&#8243; _builder_version=&#8220;4.27.0&#8243; _module_preset=&#8220;default&#8220; custom_margin=&#8220;0px||0px||false|false&#8220; custom_padding=&#8220;0px||0px||false|false&#8220; global_colors_info=&#8220;{}&#8220;][et_pb_row disabled_on=&#8220;off|off|on&#8220; admin_label=&#8220;Klassische Karte NICHT VISIBEL F\u00dcR DESKTOP&#8220; _builder_version=&#8220;4.27.0&#8243; _module_preset=&#8220;default&#8220; width=&#8220;85%&#8220; global_colors_info=&#8220;{}&#8220;][et_pb_column type=&#8220;4_4&#8243; _builder_version=&#8220;4.27.0&#8243; _module_preset=&#8220;default&#8220; global_colors_info=&#8220;{}&#8220;][et_pb_heading title=&#8220;IRF25 MAP&#8220; _builder_version=&#8220;4.27.0&#8243; _module_preset=&#8220;default&#8220; title_font=&#8220;|600||on|||||&#8220; title_letter_spacing=&#8220;1px&#8220; custom_margin=&#8220;0px||0px||false|false&#8220; custom_margin_tablet=&#8220;&#8220; custom_margin_phone=&#8220;0px||0px||false|false&#8220; custom_margin_last_edited=&#8220;on|phone&#8220; custom_padding=&#8220;0px||0px||false|false&#8220; global_colors_info=&#8220;{}&#8220;][\/et_pb_heading][et_pb_image src=&#8220;https:\/\/www.indianridersfest.eu\/wp-content\/uploads\/2024\/09\/IRF25Map-Lipno-1920px-scaled.jpg&#8220; alt=&#8220;Karte Inidan RIders Fest 2025 X Lipno nad Vltavou&#8220; title_text=&#8220;IRF25Map-Lipno-1920px&#8220; src_tablet=&#8220;https:\/\/www.indianridersfest.eu\/wp-content\/uploads\/2024\/09\/IRF25Map-Amenity-1300px-MOB.jpg&#8220; src_phone=&#8220;https:\/\/www.indianridersfest.eu\/wp-content\/uploads\/2024\/09\/IRF25Map-Amenity-1300px-MOB.jpg&#8220; src_last_edited=&#8220;on|desktop&#8220; disabled_on=&#8220;off|off|on&#8220; _builder_version=&#8220;4.27.0&#8243; _module_preset=&#8220;default&#8220; custom_margin=&#8220;0px||0px||false|false&#8220; custom_padding=&#8220;0px||0px||false|false&#8220; global_colors_info=&#8220;{}&#8220;][\/et_pb_image][et_pb_code _builder_version=&#8220;4.27.0&#8243; _module_preset=&#8220;default&#8220; global_colors_info=&#8220;{}&#8220;][\/et_pb_code][\/et_pb_column][\/et_pb_row][et_pb_row disabled_on=&#8220;on|on|off&#8220; admin_label=&#8220;Image map Pro NICHT VISIBEL F\u00dcR TABLET + MOBILE&#8220; _builder_version=&#8220;4.27.0&#8243; _module_preset=&#8220;default&#8220; width=&#8220;85%&#8220; global_colors_info=&#8220;{}&#8220;][et_pb_column type=&#8220;4_4&#8243; _builder_version=&#8220;4.27.0&#8243; _module_preset=&#8220;default&#8220; global_colors_info=&#8220;{}&#8220;][et_pb_heading title=&#8220;IRF25 MAP&#8220; _builder_version=&#8220;4.27.0&#8243; _module_preset=&#8220;default&#8220; title_font=&#8220;|600||on|||||&#8220; title_letter_spacing=&#8220;1px&#8220; custom_margin=&#8220;0px||0px||false|false&#8220; custom_margin_tablet=&#8220;&#8220; custom_margin_phone=&#8220;0px||0px||false|false&#8220; custom_margin_last_edited=&#8220;on|phone&#8220; custom_padding=&#8220;0px||0px||false|false&#8220; global_colors_info=&#8220;{}&#8220;][\/et_pb_heading][et_pb_code _builder_version=&#8220;4.27.0&#8243; _module_preset=&#8220;default&#8220; custom_margin=&#8220;0px||0px||false|false&#8220; custom_padding=&#8220;0px||0px||false|false&#8220; global_colors_info=&#8220;{}&#8220;]<div><div id=\"image-map-pro-5ba572bc-94fc-4167-ad8f-b6a3f47469b5\"><\/div><\/div>[\/et_pb_code][et_pb_code _builder_version=&#8220;4.27.0&#8243; _module_preset=&#8220;default&#8220; global_colors_info=&#8220;{}&#8220;][\/et_pb_code][\/et_pb_column][\/et_pb_row][\/et_pb_section][et_pb_section fb_built=&#8220;1&#8243; _builder_version=&#8220;4.27.0&#8243; _module_preset=&#8220;default&#8220; custom_margin=&#8220;0px||0px||false|false&#8220; custom_padding=&#8220;0px||0px||false|false&#8220; global_colors_info=&#8220;{}&#8220;][et_pb_row _builder_version=&#8220;4.27.0&#8243; _module_preset=&#8220;default&#8220; custom_margin_tablet=&#8220;&#8220; custom_margin_phone=&#8220;&#8220; custom_margin_last_edited=&#8220;on|phone&#8220; custom_padding=&#8220;20px||20px||false|false&#8220; global_colors_info=&#8220;{}&#8220;][et_pb_column type=&#8220;4_4&#8243; _builder_version=&#8220;4.27.0&#8243; _module_preset=&#8220;default&#8220; global_colors_info=&#8220;{}&#8220;][et_pb_gallery gallery_ids=&#8220;103567,103571,103575,103579,103583,103587,103591,103595&#8243; show_title_and_caption=&#8220;off&#8220; _builder_version=&#8220;4.27.0&#8243; _module_preset=&#8220;default&#8220; pagination_font=&#8220;&#8211;et_global_heading_font|||on|||||&#8220; pagination_font_size=&#8220;20px&#8220; background_color=&#8220;RGBA(255,255,255,0)&#8220; custom_margin=&#8220;0px||0px||false|false&#8220; custom_padding=&#8220;0px||0px||false|false&#8220; global_colors_info=&#8220;{}&#8220;][\/et_pb_gallery][\/et_pb_column][\/et_pb_row][\/et_pb_section]<\/p>\n","protected":false},"excerpt":{"rendered":"<p>HOTEL SLUNE\u010cN\u00c1 LOUKA ***HOTEL SLUNE\u010cN\u00c1 LOUKA *** Am Rande eines ruhigen Waldes gelegen und mit seinem einzigartigen Design an die Form eines Schiffes erinnernd, \u00f6ffnet das Hotel Slune\u010dn\u00e1 Louka stolz seine T\u00fcren als offizieller Unterkunftspartner f\u00fcr das Indian Riders Fest 2025 in Lipno nad Vltavou. Seit seiner Gr\u00fcndung im Jahr 2004 hat sich das familiengef\u00fchrte [&hellip;]<\/p>\n","protected":false},"author":1,"featured_media":0,"parent":0,"menu_order":0,"comment_status":"closed","ping_status":"closed","template":"","meta":{"_et_pb_use_builder":"on","_et_pb_old_content":"","_et_gb_content_width":"","footnotes":""},"class_list":["post-104869","page","type-page","status-publish","hentry"],"_links":{"self":[{"href":"https:\/\/www.indianridersfest.eu\/de\/wp-json\/wp\/v2\/pages\/104869","targetHints":{"allow":["GET"]}}],"collection":[{"href":"https:\/\/www.indianridersfest.eu\/de\/wp-json\/wp\/v2\/pages"}],"about":[{"href":"https:\/\/www.indianridersfest.eu\/de\/wp-json\/wp\/v2\/types\/page"}],"author":[{"embeddable":true,"href":"https:\/\/www.indianridersfest.eu\/de\/wp-json\/wp\/v2\/users\/1"}],"replies":[{"embeddable":true,"href":"https:\/\/www.indianridersfest.eu\/de\/wp-json\/wp\/v2\/comments?post=104869"}],"version-history":[{"count":2,"href":"https:\/\/www.indianridersfest.eu\/de\/wp-json\/wp\/v2\/pages\/104869\/revisions"}],"predecessor-version":[{"id":104874,"href":"https:\/\/www.indianridersfest.eu\/de\/wp-json\/wp\/v2\/pages\/104869\/revisions\/104874"}],"wp:attachment":[{"href":"https:\/\/www.indianridersfest.eu\/de\/wp-json\/wp\/v2\/media?parent=104869"}],"curies":[{"name":"wp","href":"https:\/\/api.w.org\/{rel}","templated":true}]}}