{"id":104829,"date":"2024-09-16T12:33:40","date_gmt":"2024-09-16T10:33:40","guid":{"rendered":"https:\/\/www.indianridersfest.eu\/landal-marina-lipno\/"},"modified":"2025-08-13T16:51:53","modified_gmt":"2025-08-13T14:51:53","slug":"landal-marina-lipno","status":"publish","type":"page","link":"https:\/\/www.indianridersfest.eu\/de\/landal-marina-lipno\/","title":{"rendered":"Landal Marina Lipno"},"content":{"rendered":"<p>[et_pb_section fb_built=&#8220;1&#8243; _builder_version=&#8220;4.27.0&#8243; _module_preset=&#8220;default&#8220; background_enable_color=&#8220;off&#8220; background_image=&#8220;https:\/\/www.indianridersfest.eu\/wp-content\/uploads\/2024\/09\/header-Landal-1920&#215;500-1.jpg&#8220; background_position=&#8220;top_center&#8220; module_alignment=&#8220;center&#8220; height=&#8220;400px&#8220; custom_margin=&#8220;0px||||false|false&#8220; custom_margin_tablet=&#8220;&#8220; custom_margin_phone=&#8220;&#8220; custom_margin_last_edited=&#8220;on|phone&#8220; custom_padding=&#8220;0px||0px||false|false&#8220; global_colors_info=&#8220;{%22gcid-primary-color%22:%91%22background_color%22%93}&#8220;][et_pb_row column_structure=&#8220;1_2,1_2&#8243; _builder_version=&#8220;4.27.0&#8243; _module_preset=&#8220;default&#8220; width=&#8220;85%&#8220; module_alignment=&#8220;center&#8220; custom_margin=&#8220;0px||0px||false|false&#8220; custom_css_main_element=&#8220;display: flex;&#8220; global_colors_info=&#8220;{}&#8220;][et_pb_column type=&#8220;1_2&#8243; _builder_version=&#8220;4.27.0&#8243; _module_preset=&#8220;default&#8220; custom_padding=&#8220;0px|0px|0px|0px|false|false&#8220; custom_css_before=&#8220;align-self: flex-start;&#8220; global_colors_info=&#8220;{}&#8220;][et_pb_text _builder_version=&#8220;4.27.0&#8243; _module_preset=&#8220;default&#8220; header_text_color=&#8220;#FFFFFF&#8220; header_3_text_color=&#8220;#FFFFFF&#8220; background_enable_image=&#8220;off&#8220; custom_margin=&#8220;||5px||false|false&#8220; text_font_size_tablet=&#8220;&#8220; text_font_size_phone=&#8220;9px&#8220; text_font_size_last_edited=&#8220;on|phone&#8220; header_3_text_shadow_style=&#8220;preset1&#8243; header_3_text_shadow_horizontal_length=&#8220;0.2em&#8220; header_3_text_shadow_blur_strength=&#8220;0.15em&#8220; global_colors_info=&#8220;{}&#8220;]<\/p>\n<h3>LANDAL MARINA LIPNO<\/h3>\n<div id=\"simple-translate\" class=\"simple-translate-system-theme\">\n<div>\n<div style=\"background-image: url('moz-extension:\/\/8d9379b5-2d9f-4c0e-8c06-2eb529720a65\/icons\/512.png'); height: 22px; width: 22px; top: 48px; left: 213px;\" class=\"simple-translate-button isShow\"><\/div>\n<div class=\"simple-translate-panel \" style=\"width: 300px; height: 200px; top: 0px; left: 0px; font-size: 13px;\">\n<div class=\"simple-translate-result-wrapper\" style=\"overflow: hidden;\">\n<div class=\"simple-translate-move\" draggable=\"true\"><\/div>\n<div class=\"simple-translate-result-contents\">\n<p class=\"simple-translate-candidate\" dir=\"auto\">\n<\/div>\n<\/div>\n<\/div>\n<\/div>\n<\/div>\n<p>[\/et_pb_text][\/et_pb_column][et_pb_column type=&#8220;1_2&#8243; _builder_version=&#8220;4.27.0&#8243; _module_preset=&#8220;default&#8220; custom_padding=&#8220;0px|0px|0px|0px|false|false&#8220; custom_css_before=&#8220;align-self: flex-start;&#8220; global_colors_info=&#8220;{}&#8220;][et_pb_image src=&#8220;https:\/\/www.indianridersfest.eu\/wp-content\/uploads\/2024\/09\/logo_landal-300px.png&#8220; title_text=&#8220;logo_landal-300px&#8220; src_tablet=&#8220;https:\/\/www.indianridersfest.eu\/wp-content\/uploads\/2024\/09\/logo_landal-300px.png&#8220; src_phone=&#8220;https:\/\/www.indianridersfest.eu\/wp-content\/uploads\/2024\/09\/logo_landal-300px.png&#8220; src_last_edited=&#8220;on|phone&#8220; _builder_version=&#8220;4.27.0&#8243; _module_preset=&#8220;default&#8220; width=&#8220;30%&#8220; width_tablet=&#8220;40%&#8220; width_phone=&#8220;55%&#8220; width_last_edited=&#8220;on|desktop&#8220; max_width=&#8220;40%&#8220; module_alignment=&#8220;right&#8220; global_colors_info=&#8220;{}&#8220;][\/et_pb_image][\/et_pb_column][\/et_pb_row][\/et_pb_section][et_pb_section fb_built=&#8220;1&#8243; _builder_version=&#8220;4.27.0&#8243; _module_preset=&#8220;default&#8220; custom_padding=&#8220;30px||10px||false|false&#8220; global_colors_info=&#8220;{}&#8220;][et_pb_row column_structure=&#8220;1_2,1_2&#8243; custom_padding_last_edited=&#8220;on|phone&#8220; _builder_version=&#8220;4.27.0&#8243; _module_preset=&#8220;default&#8220; width=&#8220;85%&#8220; custom_padding=&#8220;0px||20px||false|false&#8220; custom_padding_tablet=&#8220;&#8220; custom_padding_phone=&#8220;||0px||false|false&#8220; global_colors_info=&#8220;{}&#8220;][et_pb_column type=&#8220;1_2&#8243; _builder_version=&#8220;4.16&#8243; _module_preset=&#8220;default&#8220; global_colors_info=&#8220;{}&#8220;][et_pb_image src=&#8220;https:\/\/www.indianridersfest.eu\/wp-content\/uploads\/2024\/09\/landal-marina-2000-1.jpg&#8220; alt=&#8220;Landal Marina Lipno Indian Riders Fest 2025&#8243; title_text=&#8220;landal-marina-2000-1&#8243; _builder_version=&#8220;4.27.0&#8243; _module_preset=&#8220;default&#8220; global_colors_info=&#8220;{}&#8220;][\/et_pb_image][\/et_pb_column][et_pb_column type=&#8220;1_2&#8243; _builder_version=&#8220;4.16&#8243; _module_preset=&#8220;default&#8220; global_colors_info=&#8220;{}&#8220;][et_pb_text _builder_version=&#8220;4.27.4&#8243; _module_preset=&#8220;default&#8220; text_font_size=&#8220;15px&#8220; text_line_height=&#8220;1.8em&#8220; custom_margin=&#8220;0px||0px||false|false&#8220; custom_margin_tablet=&#8220;&#8220; custom_margin_phone=&#8220;10px||||false|false&#8220; custom_margin_last_edited=&#8220;on|phone&#8220; custom_padding=&#8220;0px||0px||false|false&#8220; hover_enabled=&#8220;0&#8243; global_colors_info=&#8220;{}&#8220; sticky_enabled=&#8220;0&#8243;]<\/p>\n<h3>LANDAL MARINA LIPNO<\/h3>\n<p>An den ruhigen Ufern des Lipno-Sees in der malerischen Region S\u00fcdb\u00f6hmen in der Tschechischen Republik gelegen, ist Landal Marina Lipno ein idealer R\u00fcckzugsort f\u00fcr die Teilnehmer des Indian Riders Fest 2026.<\/p>\n<p>Als Hauptunterkunftspartner der IRF26 verbindet dieser Ferienpark nahtlos Komfort und malerischen Charme und sorgt daf\u00fcr, dass die G\u00e4ste mit Komfort und einer Reihe von Freizeitaktivit\u00e4ten vor Ort ein unvergessliches Erlebnis haben.<\/p>\n<p><strong>Landal Marina Lipno<\/strong><br \/><strong>Lipno nad Vltavou 310<\/strong><br \/><strong>CZ-38278 Lipno nad Vltavou<br \/><\/strong><a href=\"https:\/\/maps.app.goo.gl\/LZkHbPbHtQX7tX268\" target=\"_blank\" rel=\"noopener\">Google Maps<\/a><\/p>\n<p>[\/et_pb_text][\/et_pb_column][\/et_pb_row][et_pb_row column_structure=&#8220;1_2,1_2&#8243; _builder_version=&#8220;4.27.4&#8243; _module_preset=&#8220;default&#8220; width=&#8220;85%&#8220; custom_margin=&#8220;||50px||false|false&#8220; custom_padding=&#8220;0px||0px||false|false&#8220; custom_css_main_element=&#8220;display:flex;||flex-wrap:wrap;&#8220; global_colors_info=&#8220;{}&#8220;][et_pb_column type=&#8220;1_2&#8243; _builder_version=&#8220;4.16&#8243; _module_preset=&#8220;default&#8220; global_colors_info=&#8220;{}&#8220; custom_css_main_element_last_edited=&#8220;on|tablet&#8220; custom_css_main_element_tablet=&#8220;order:2;&#8220; custom_css_main_element_phone=&#8220;order:2;&#8220;][et_pb_text _builder_version=&#8220;4.27.4&#8243; _module_preset=&#8220;default&#8220; text_font_size=&#8220;15px&#8220; text_line_height=&#8220;1.8em&#8220; custom_margin_tablet=&#8220;&#8220; custom_margin_phone=&#8220;10px||||false|false&#8220; custom_margin_last_edited=&#8220;on|phone&#8220; hover_enabled=&#8220;0&#8243; global_colors_info=&#8220;{}&#8220; sticky_enabled=&#8220;0&#8243;]<\/p>\n<h3>Bleiben Sie w\u00e4hrend des Indian Riders Fest 2026 in der Landal Marina Lipno ganz nah am Geschehen<\/h3>\n<p>Die Apartments von Landal Marina Lipno befinden sich in der N\u00e4he des Veranstaltungsortes der IRF26 und bieten den G\u00e4sten einen schnellen und einfachen Zugang zur Veranstaltung, so dass Sie in wenigen Minuten an den Feierlichkeiten teilnehmen k\u00f6nnen.<\/p>\n<p>Dar\u00fcber hinaus hat die Unterkunft ein offenes Ohr f\u00fcr die Bed\u00fcrfnisse von Motorradfahrern und bietet ausreichend Parkpl\u00e4tze direkt an den Apartments, so dass Ihre geliebten Motorr\u00e4der sicher und bequem in der N\u00e4he abgestellt werden k\u00f6nnen.<\/p>\n<p>[\/et_pb_text][\/et_pb_column][et_pb_column type=&#8220;1_2&#8243; _builder_version=&#8220;4.16&#8243; _module_preset=&#8220;default&#8220; global_colors_info=&#8220;{}&#8220; custom_css_main_element_tablet=&#8220;order:1;&#8220; custom_css_main_element_last_edited=&#8220;on|tablet&#8220; custom_css_main_element_phone=&#8220;order:1;&#8220;][et_pb_image src=&#8220;https:\/\/www.indianridersfest.eu\/wp-content\/uploads\/2024\/09\/landal-marina-1700-1.jpg&#8220; alt=&#8220;Landal Marina Lipno Indian Riders Fest 2025&#8243; title_text=&#8220;landal-marina-1700-1&#8243; _builder_version=&#8220;4.27.0&#8243; _module_preset=&#8220;default&#8220; custom_margin=&#8220;0px||0px||false|false&#8220; custom_padding=&#8220;0px||0px||false|false&#8220; global_colors_info=&#8220;{}&#8220;][\/et_pb_image][\/et_pb_column][\/et_pb_row][et_pb_row _builder_version=&#8220;4.27.0&#8243; _module_preset=&#8220;default&#8220; width=&#8220;85%&#8220; module_alignment=&#8220;center&#8220; custom_margin=&#8220;0px||0px||false|false&#8220; custom_padding=&#8220;0px||0px||false|false&#8220; global_colors_info=&#8220;{}&#8220;][et_pb_column type=&#8220;4_4&#8243; _builder_version=&#8220;4.27.0&#8243; _module_preset=&#8220;default&#8220; global_colors_info=&#8220;{}&#8220;][et_pb_cta title=&#8220;Buchen Sie Ihr LANDAL MARINA LIPNO Appartement !  &#8220; button_url=&#8220;https:\/\/www.indianridersfest.eu\/shop\/&#8220; button_text=&#8220;Jetzt buchen&#8220; _builder_version=&#8220;4.27.0&#8243; _module_preset=&#8220;default&#8220; custom_button=&#8220;on&#8220; button_text_color=&#8220;#000000&#8243; button_bg_color=&#8220;#FFFFFF&#8220; button_font=&#8220;&#8211;et_global_heading_font|||on|||||&#8220; button_use_icon=&#8220;off&#8220; global_colors_info=&#8220;{}&#8220;]<\/p>\n<p><strong>Sichern Sie sich Ihren perfekten Aufenthalt! Klicken Sie hier, um Ihre Unterkunft f\u00fcr das ultimative Indian Riders Fest Erlebnis zu buchen. <\/strong><\/p>\n<p>[\/et_pb_cta][\/et_pb_column][\/et_pb_row][\/et_pb_section][et_pb_section fb_built=&#8220;1&#8243; _builder_version=&#8220;4.27.0&#8243; _module_preset=&#8220;default&#8220; custom_margin=&#8220;0px||0px||false|false&#8220; custom_padding=&#8220;0px||0px||false|false&#8220; global_colors_info=&#8220;{}&#8220;][et_pb_row _builder_version=&#8220;4.27.0&#8243; _module_preset=&#8220;default&#8220; custom_margin=&#8220;0px||0px||false|false&#8220; custom_padding=&#8220;0px||0px||false|false&#8220; global_colors_info=&#8220;{}&#8220;][et_pb_column type=&#8220;4_4&#8243; _builder_version=&#8220;4.27.0&#8243; _module_preset=&#8220;default&#8220; global_colors_info=&#8220;{}&#8220;][et_pb_heading title=&#8220;LANDAL MARINA LIPNO AUSWAHL&#8220; _builder_version=&#8220;4.27.0&#8243; _module_preset=&#8220;default&#8220; custom_margin=&#8220;20px||0px||false|false&#8220; custom_padding=&#8220;0px||0px||false|false&#8220; global_colors_info=&#8220;{}&#8220;][\/et_pb_heading][et_pb_shop type=&#8220;product_category&#8220; show_pagination=&#8220;on&#8220; include_categories=&#8220;71&#8243; columns_number=&#8220;6&#8243; orderby=&#8220;price&#8220; sale_badge_color=&#8220;gcid-primary-color&#8220; _builder_version=&#8220;4.27.4&#8243; _module_preset=&#8220;6e4f3fc6-300e-4bbd-ab6e-1ef8a4385138&#8243; sale_badge_custom_margin=&#8220;-26px||||false|false&#8220; custom_margin=&#8220;0px||0px||false|false&#8220; custom_padding=&#8220;0px||0px||false|false&#8220; global_colors_info=&#8220;{%22gcid-primary-color%22:%91%22sale_badge_color%22%93}&#8220;][\/et_pb_shop][\/et_pb_column][\/et_pb_row][\/et_pb_section][et_pb_section fb_built=&#8220;1&#8243; _builder_version=&#8220;4.27.0&#8243; _module_preset=&#8220;default&#8220; custom_margin=&#8220;0px||0px||false|false&#8220; custom_padding=&#8220;0px||0px||false|false&#8220; global_colors_info=&#8220;{}&#8220;][et_pb_row disabled_on=&#8220;off|off|on&#8220; admin_label=&#8220;Klassische Karte NICHT VISIBEL F\u00dcR DESKTOP&#8220; _builder_version=&#8220;4.27.0&#8243; _module_preset=&#8220;default&#8220; width=&#8220;85%&#8220; global_colors_info=&#8220;{}&#8220;][et_pb_column type=&#8220;4_4&#8243; _builder_version=&#8220;4.27.0&#8243; _module_preset=&#8220;default&#8220; global_colors_info=&#8220;{}&#8220;][et_pb_heading title=&#8220;IRF25 MAP&#8220; _builder_version=&#8220;4.27.0&#8243; _module_preset=&#8220;default&#8220; title_font=&#8220;|600||on|||||&#8220; title_letter_spacing=&#8220;1px&#8220; custom_margin=&#8220;0px||0px||false|false&#8220; custom_margin_tablet=&#8220;&#8220; custom_margin_phone=&#8220;0px||0px||false|false&#8220; custom_margin_last_edited=&#8220;on|phone&#8220; custom_padding=&#8220;0px||0px||false|false&#8220; global_colors_info=&#8220;{}&#8220;][\/et_pb_heading][et_pb_image src=&#8220;https:\/\/www.indianridersfest.eu\/wp-content\/uploads\/2024\/09\/IRF25Map-Lipno-1920px-scaled.jpg&#8220; alt=&#8220;Karte Inidan RIders Fest 2025 X Lipno nad Vltavou&#8220; title_text=&#8220;IRF25Map-Lipno-1920px&#8220; src_tablet=&#8220;https:\/\/www.indianridersfest.eu\/wp-content\/uploads\/2024\/09\/IRF25Map-Amenity-1300px-MOB.jpg&#8220; src_phone=&#8220;https:\/\/www.indianridersfest.eu\/wp-content\/uploads\/2024\/09\/IRF25Map-Amenity-1300px-MOB.jpg&#8220; src_last_edited=&#8220;on|desktop&#8220; disabled_on=&#8220;off|off|on&#8220; _builder_version=&#8220;4.27.0&#8243; _module_preset=&#8220;default&#8220; custom_margin=&#8220;0px||0px||false|false&#8220; custom_padding=&#8220;0px||0px||false|false&#8220; global_colors_info=&#8220;{}&#8220;][\/et_pb_image][et_pb_code _builder_version=&#8220;4.27.0&#8243; _module_preset=&#8220;default&#8220; global_colors_info=&#8220;{}&#8220;][\/et_pb_code][\/et_pb_column][\/et_pb_row][et_pb_row disabled_on=&#8220;on|on|off&#8220; admin_label=&#8220;Image map Pro NICHT VISIBEL F\u00dcR TABLET + MOBILE&#8220; _builder_version=&#8220;4.27.0&#8243; _module_preset=&#8220;default&#8220; width=&#8220;85%&#8220; global_colors_info=&#8220;{}&#8220;][et_pb_column type=&#8220;4_4&#8243; _builder_version=&#8220;4.27.0&#8243; _module_preset=&#8220;default&#8220; global_colors_info=&#8220;{}&#8220;][et_pb_heading title=&#8220;IRF25 MAP&#8220; _builder_version=&#8220;4.27.0&#8243; _module_preset=&#8220;default&#8220; title_font=&#8220;|600||on|||||&#8220; title_letter_spacing=&#8220;1px&#8220; custom_margin=&#8220;0px||0px||false|false&#8220; custom_margin_tablet=&#8220;&#8220; custom_margin_phone=&#8220;0px||0px||false|false&#8220; custom_margin_last_edited=&#8220;on|phone&#8220; custom_padding=&#8220;0px||0px||false|false&#8220; global_colors_info=&#8220;{}&#8220;][\/et_pb_heading][et_pb_code _builder_version=&#8220;4.27.0&#8243; _module_preset=&#8220;default&#8220; custom_margin=&#8220;0px||0px||false|false&#8220; custom_padding=&#8220;0px||0px||false|false&#8220; global_colors_info=&#8220;{}&#8220;]<div><div id=\"image-map-pro-5ba572bc-94fc-4167-ad8f-b6a3f47469b5\"><\/div><\/div>[\/et_pb_code][et_pb_code _builder_version=&#8220;4.27.0&#8243; _module_preset=&#8220;default&#8220; global_colors_info=&#8220;{}&#8220;][\/et_pb_code][\/et_pb_column][\/et_pb_row][\/et_pb_section][et_pb_section fb_built=&#8220;1&#8243; _builder_version=&#8220;4.27.0&#8243; _module_preset=&#8220;default&#8220; custom_margin=&#8220;0px||0px||false|false&#8220; custom_padding=&#8220;0px||0px||false|false&#8220; global_colors_info=&#8220;{}&#8220;][et_pb_row _builder_version=&#8220;4.27.0&#8243; _module_preset=&#8220;default&#8220; custom_margin_tablet=&#8220;&#8220; custom_margin_phone=&#8220;&#8220; custom_margin_last_edited=&#8220;on|phone&#8220; custom_padding=&#8220;20px||20px||false|false&#8220; global_colors_info=&#8220;{}&#8220;][et_pb_column type=&#8220;4_4&#8243; _builder_version=&#8220;4.27.0&#8243; _module_preset=&#8220;default&#8220; global_colors_info=&#8220;{}&#8220;][et_pb_gallery gallery_ids=&#8220;101890,101894,101898,101902,101906,101910,101916,101920,101924,101928,101932,101936&#8243; show_title_and_caption=&#8220;off&#8220; _builder_version=&#8220;4.27.0&#8243; _module_preset=&#8220;default&#8220; pagination_font=&#8220;&#8211;et_global_heading_font|||on|||||&#8220; pagination_font_size=&#8220;20px&#8220; background_color=&#8220;RGBA(255,255,255,0)&#8220; custom_margin=&#8220;0px||0px||false|false&#8220; custom_padding=&#8220;0px||0px||false|false&#8220; global_colors_info=&#8220;{}&#8220;][\/et_pb_gallery][\/et_pb_column][\/et_pb_row][\/et_pb_section]<\/p>\n","protected":false},"excerpt":{"rendered":"<p>LANDAL MARINA LIPNO LANDAL MARINA LIPNO An den ruhigen Ufern des Lipno-Sees in der malerischen Region S\u00fcdb\u00f6hmen in der Tschechischen Republik gelegen, ist Landal Marina Lipno ein idealer R\u00fcckzugsort f\u00fcr die Teilnehmer des Indian Riders Fest 2026. Als Hauptunterkunftspartner der IRF26 verbindet dieser Ferienpark nahtlos Komfort und malerischen Charme und sorgt daf\u00fcr, dass die G\u00e4ste [&hellip;]<\/p>\n","protected":false},"author":1,"featured_media":0,"parent":0,"menu_order":0,"comment_status":"closed","ping_status":"closed","template":"","meta":{"_et_pb_use_builder":"on","_et_pb_old_content":"","_et_gb_content_width":"","footnotes":""},"class_list":["post-104829","page","type-page","status-publish","hentry"],"_links":{"self":[{"href":"https:\/\/www.indianridersfest.eu\/de\/wp-json\/wp\/v2\/pages\/104829","targetHints":{"allow":["GET"]}}],"collection":[{"href":"https:\/\/www.indianridersfest.eu\/de\/wp-json\/wp\/v2\/pages"}],"about":[{"href":"https:\/\/www.indianridersfest.eu\/de\/wp-json\/wp\/v2\/types\/page"}],"author":[{"embeddable":true,"href":"https:\/\/www.indianridersfest.eu\/de\/wp-json\/wp\/v2\/users\/1"}],"replies":[{"embeddable":true,"href":"https:\/\/www.indianridersfest.eu\/de\/wp-json\/wp\/v2\/comments?post=104829"}],"version-history":[{"count":10,"href":"https:\/\/www.indianridersfest.eu\/de\/wp-json\/wp\/v2\/pages\/104829\/revisions"}],"predecessor-version":[{"id":111615,"href":"https:\/\/www.indianridersfest.eu\/de\/wp-json\/wp\/v2\/pages\/104829\/revisions\/111615"}],"wp:attachment":[{"href":"https:\/\/www.indianridersfest.eu\/de\/wp-json\/wp\/v2\/media?parent=104829"}],"curies":[{"name":"wp","href":"https:\/\/api.w.org\/{rel}","templated":true}]}}