{"id":104796,"date":"2024-09-13T16:40:46","date_gmt":"2024-09-13T14:40:46","guid":{"rendered":"https:\/\/www.indianridersfest.eu\/bedingungen-und-konditionen\/"},"modified":"2026-01-14T10:53:49","modified_gmt":"2026-01-14T09:53:49","slug":"terms-and-conditions","status":"publish","type":"page","link":"https:\/\/www.indianridersfest.eu\/de\/terms-and-conditions\/","title":{"rendered":"Bedingungen und Konditionen"},"content":{"rendered":"<p>[et_pb_section fb_built=&#8220;1&#8243; _builder_version=&#8220;4.27.0&#8243; _module_preset=&#8220;default&#8220; global_colors_info=&#8220;{}&#8220;][et_pb_row _builder_version=&#8220;4.27.0&#8243; _module_preset=&#8220;default&#8220; global_colors_info=&#8220;{}&#8220;][et_pb_column type=&#8220;4_4&#8243; _builder_version=&#8220;4.27.0&#8243; _module_preset=&#8220;default&#8220; global_colors_info=&#8220;{}&#8220;][et_pb_text _builder_version=&#8220;4.27.5&#8243; _module_preset=&#8220;default&#8220; hover_enabled=&#8220;0&#8243; global_colors_info=&#8220;{}&#8220; sticky_enabled=&#8220;0&#8243;]<\/p>\n<h3>I. Einleitende Bestimmungen<\/h3>\n<ol>\n<li>Die Allgemeinen Gesch\u00e4ftsbedingungen (die &#8222;AGB&#8220;) regeln die Rechte und Pflichten der Parteien des Kaufvertrags, der zwischen der <em>Legendary Productions s.r.o., Ocelkova 643\/20, 198 00 Prag, Comp. Id. Nr.: 243 17 489, eingetragen im \u00f6ffentlichen Register des Stadtgerichts Prag, Akte Nr. C 196098<\/em>, E-Mail: <a href=\"mailto:info@indianridersfest.eu\">info@indianridersfest.eu,<\/a> im Folgenden &#8222;Verk\u00e4ufer&#8220; genannt, einerseits und einer nat\u00fcrlichen oder juristischen Person, im Folgenden &#8222;K\u00e4ufer&#8220; genannt, andererseits.<\/li>\n<li>Der K\u00e4ufer ist eine nat\u00fcrliche oder juristische Person, die die vom Verk\u00e4ufer angebotenen Waren bestellt. Eine nat\u00fcrliche Person, die mit einem Unternehmer au\u00dferhalb seiner gesch\u00e4ftlichen T\u00e4tigkeit oder au\u00dferhalb der selbst\u00e4ndigen Aus\u00fcbung seines Berufes einen Vertrag abschlie\u00dft oder anderweitig handelt, ist ein Verbraucher. F\u00fcr die Rechtsbeziehungen zwischen dem Verk\u00e4ufer und dem Verbraucher, die in diesen AGB nicht ausdr\u00fccklich geregelt sind, gelten die entsprechenden Bestimmungen des B\u00fcrgerlichen Gesetzbuches und des Gesetzes Nr. 634\/1992 Slg. \u00fcber den Verbraucherschutz in der jeweils g\u00fcltigen Fassung sowie die damit zusammenh\u00e4ngenden Vorschriften. Wenn der K\u00e4ufer seine Id. Nr. oder Steueridentifikationsnummer an. Nr. in seiner Bestellung an, gilt er als Unternehmer und der Kaufvertrag bezieht sich auf sein Unternehmen, es sei denn, er hat ausdr\u00fccklich das Gegenteil angegeben.<\/li>\n<\/ol>\n<p>&nbsp;<\/p>\n<h3>II. Abschluss des Kaufvertrags <\/h3>\n<ol>\n<li>Der Verk\u00e4ufer bietet die auf der Website des Verk\u00e4ufers unter <a href=\"https:\/\/www.indianridersfest.eu\/de\/\">https:\/\/www.indianridersfest.eu<\/a> ver\u00f6ffentlichten Waren zum Kauf an.<\/li>\n<li>Der K\u00e4ufer bestellt Waren<\/li>\n<li>\u00fcber eine E-Shop-Bestellanwendung unter der angegebenen Internetadresse, indem er die angebotenen Waren ausw\u00e4hlt und in den Warenkorb legt, sich mit den Informationen f\u00fcr Verbraucher (\u00a7 1811 Absatz 2, \u00a7 1820 Absatz 1 und \u00a7 1826 des B\u00fcrgerlichen Gesetzbuchs) vertraut macht, sich mit den allgemeinen Gesch\u00e4ftsbedingungen vertraut macht<\/li>\n<li>Bedingungen zur Kenntnis zu nehmen und ihnen zuzustimmen, das Bestellformular auszuf\u00fcllen, darin seine pers\u00f6nlichen Daten anzugeben, die Identifizierung der bestellten Waren einschlie\u00dflich ihrer Menge zu best\u00e4tigen, die Art der Lieferung der Waren und die Kaufpreiszahlung auszuw\u00e4hlen und die Bestellung abzusenden. Die Bestellung ist ein Vorschlag f\u00fcr den Abschluss eines Kaufvertrags, und durch das Absenden der Bestellung best\u00e4tigt der K\u00e4ufer, dass er diese AGB zur Kenntnis genommen hat und mit ihnen einverstanden ist. Der Verk\u00e4ufer wird den Eingang der Bestellung unverz\u00fcglich best\u00e4tigen.  <\/li>\n<li>Der Kaufvertrag kommt zustande, wenn der Verk\u00e4ufer die Bestellung best\u00e4tigt und die Auftragsbest\u00e4tigung dem K\u00e4ufer zugestellt wird. F\u00fcr die Zustellung gibt der K\u00e4ufer im Bestellformular seine funktionierende E-Mail-Adresse an, die er verwenden darf. <\/li>\n<li>Bei Abschluss eines Vertrags \u00fcber eine Online-E-Shop-Anwendung sendet der Verk\u00e4ufer dem K\u00e4ufer den Kaufvertrag einschlie\u00dflich der AGB als Textdatei zusammen mit der Auftragsbest\u00e4tigung per E-Mail zu. Wenn der Kaufvertrag telefonisch abgeschlossen wird, wird der Vertrag einschlie\u00dflich der AGB als Textdatei an die bei der telefonischen Bestellung angegebene Kontakt-E-Mail des K\u00e4ufers gesendet. <\/li>\n<\/ol>\n<p>&nbsp;<\/p>\n<h3>III. Einkaufspreis <\/h3>\n<ol>\n<li>Mit der Auftragsbest\u00e4tigung verpflichtet sich der Verk\u00e4ufer, die bestellten Waren zu dem in der Bestellung angegebenen Kaufpreis zu liefern.<\/li>\n<li>Der K\u00e4ufer bezahlt den Kaufpreis per Online-Zahlung per Zahlungskarte im Voraus \u00fcber das Payment Gate.<\/li>\n<li>Bis zur vollst\u00e4ndigen Bezahlung und \u00dcbernahme bleiben die Waren Eigentum des Verk\u00e4ufers, jedoch geht die Gefahr von Sch\u00e4den an den Waren mit der \u00dcbernahme der Waren auf den K\u00e4ufer \u00fcber.<\/li>\n<\/ol>\n<p>&nbsp;<\/p>\n<h3>IV. Bedingungen f\u00fcr die Lieferung <\/h3>\n<ol>\n<li>Der Verk\u00e4ufer liefert die Waren in Form von digitalen Inhalten (wie z.B. elektronische Tickets, elektronische Gutscheine usw.) durch \u00dcbersendung eines eindeutigen QR-Codes, der die f\u00fcr die Durchf\u00fchrung der auf der Grundlage der bestellten digitalen Inhalte erbrachten Dienstleistungen erforderlichen Daten enth\u00e4lt, sp\u00e4testens innerhalb der f\u00fcr das Angebot der Waren angegebenen Anzahl von Werktagen ab dem Datum der Kaufpreiszahlung. Die Lieferung der Waren erfolgt mit der Zustellung des entsprechenden QR-Codes per E-Mail an die vom K\u00e4ufer angegebene E-Mail-Adresse. Der K\u00e4ufer erkl\u00e4rt, dass er vor dem Absenden der Bestellung vom Verk\u00e4ufer dar\u00fcber informiert wurde, dass er nicht von dem Vertrag zur\u00fccktreten kann, der die Lieferung der digitalen Inhalte zum Gegenstand hat (\u00a7 1837(l) des B\u00fcrgerlichen Gesetzbuches) oder der sich auf die Nutzung der Freizeit bezieht (\u00a7 1837(j) des B\u00fcrgerlichen Gesetzbuches).  <\/li>\n<li>Der Verk\u00e4ufer liefert die materiellen Waren auf der Veranstaltung Indian Riders Fest 2026, Standort: Slupe\u010dn\u00e1 100, 382 78 Lipno nad Vltavou, vom 18. bis 21. Juni 2026 im Rahmen der Veranstaltung \u201eIndian Riders Fest 2026\u201c, wo der K\u00e4ufer sich verpflichtet, die Waren entgegenzunehmen.<\/li>\n<li>Bei der \u00dcbernahme der Ware \u00fcberpr\u00fcft der K\u00e4ufer die Verpackung der Ware und anschlie\u00dfend die Ware. Mit der Unterzeichnung des Dokuments \u00fcber die \u00dcbernahme der Ware best\u00e4tigt der K\u00e4ufer, dass er die Ware ohne sichtbare M\u00e4ngel \u00fcbernommen hat. Der K\u00e4ufer kann die \u00dcbernahme der Sendung ablehnen, wenn diese nicht dem Kaufvertrag entspricht (die Sendung ist besch\u00e4digt, unvollst\u00e4ndig usw.).  <\/li>\n<li>Der Verk\u00e4ufer verlangt keine Geb\u00fchr f\u00fcr die Lieferung der Waren gem\u00e4\u00df Art. 4.2 und Art. 4.3.<\/li>\n<\/ol>\n<p>&nbsp;<\/p>\n<h3>V. Haftung f\u00fcr Sachm\u00e4ngel<\/h3>\n<ol>\n<li>Der Verk\u00e4ufer haftet f\u00fcr M\u00e4ngel an den Waren bei der Lieferung.<\/li>\n<li>Eine mangelhafte Leistung liegt vor allem in folgenden F\u00e4llen vor: &#8211; Der Verk\u00e4ufer liefert einen Leistungsgegenstand, der nicht die festgelegten oder vereinbarten Eigenschaften aufweist; &#8211; der Verk\u00e4ufer zeigt die M\u00e4ngel des Leistungsgegenstands nicht an, obwohl sie dem Gegenstand \u00fcblicherweise nicht innewohnen; &#8211; der Verk\u00e4ufer sichert dem Gl\u00e4ubiger entgegen der tats\u00e4chlichen Verh\u00e4ltnisse zu, dass der Leistungsgegenstand frei von M\u00e4ngeln ist oder dass die Sache f\u00fcr einen bestimmten Gebrauch geeignet ist; &#8211; Der Verk\u00e4ufer ver\u00e4u\u00dfert eine fremde Sache widerrechtlich als seine eigene; oder &#8211; Der Verk\u00e4ufer \u00fcbergibt den Kaufgegenstand nicht in der vereinbarten Menge, Beschaffenheit und Ausf\u00fchrung, und wenn Menge und Ausf\u00fchrung vereinbart sind, in der Menge und Ausf\u00fchrung, die f\u00fcr den aus dem Vertrag ersichtlichen Zweck geeignet sind, ansonsten f\u00fcr den \u00fcblichen Zweck.<\/li>\n<li>Wenn eine mangelhafte Leistung eine wesentliche Verletzung des Vertrags darstellt, hat der K\u00e4ufer das Recht<\/li>\n<li>zur Beseitigung des Mangels durch Lieferung einer neuen mangelfreien Sache oder durch Lieferung einer fehlenden Sache;<\/li>\n<li>zur Beseitigung des Mangels durch Reparatur der Sache;<\/li>\n<li>zu einem angemessenen Nachlass auf den Kaufpreis; oder<\/li>\n<li>von dem Abkommen zur\u00fcckzutreten.<\/li>\n<li>Wenn eine mangelhafte Leistung eine nicht wesentliche Vertragsverletzung darstellt, hat der K\u00e4ufer das Recht auf M\u00e4ngelbeseitigung oder auf einen angemessenen Nachlass vom Kaufpreis.<\/li>\n<li>Der K\u00e4ufer hat keine Rechte aus einer mangelhaften Leistung, wenn der K\u00e4ufer vor der \u00dcbernahme der Sache wusste, dass die Sache einen Mangel hat, oder wenn der K\u00e4ufer den Mangel selbst verursacht hat.<\/li>\n<li>Zeigt sich ein Mangel innerhalb von sechs Monaten nach der \u00dcbernahme, so gilt die Sache als bereits bei der \u00dcbernahme mangelhaft gewesen. Der K\u00e4ufer kann das Recht aus einem Mangel aus\u00fcben, der bei Verbrauchsg\u00fctern innerhalb von vierundzwanzig Monaten nach deren \u00dcbernahme auftritt. <\/li>\n<\/ol>\n<p>&nbsp;<\/p>\n<h3>VI. Reklamationen <\/h3>\n<ol>\n<li>Der K\u00e4ufer hat das Recht, dem Verk\u00e4ufer M\u00e4ngel zu melden und Anspr\u00fcche aus M\u00e4ngeln beim Verk\u00e4ufer geltend zu machen. Der Verk\u00e4ufer hat sichtbare M\u00e4ngel (M\u00e4ngel an der Menge oder der Art der Ware) unverz\u00fcglich nach \u00dcbernahme der Ware per E-Mail an <a href=\"https:\/\/www.indianridersfest.eu\/de\/\">https:\/\/www.indianridersfest.eu<\/a> zu r\u00fcgen. Im Falle einer Besch\u00e4digung der Warenverpackung kann der K\u00e4ufer die \u00dcbernahme der Sendung ablehnen und muss den Verk\u00e4ufer unverz\u00fcglich dar\u00fcber informieren. Andere M\u00e4ngel hat der K\u00e4ufer dem Verk\u00e4ufer unverz\u00fcglich nach ihrer Feststellung mitzuteilen.  <\/li>\n<li>Zusammen mit der Anmeldung der Reklamation oder unmittelbar danach liefert der K\u00e4ufer die Waren an den Verk\u00e4ufer, um die Reklamation zu erledigen, es sei denn, die Parteien vereinbaren etwas anderes, und zwar durch pers\u00f6nliche \u00dcbergabe der Waren in den R\u00e4umlichkeiten des Verk\u00e4ufers oder durch Zusendung der Waren an den Verk\u00e4ufer. W\u00e4hrend des Transports der reklamierten Waren zum Verk\u00e4ufer hat der K\u00e4ufer daf\u00fcr zu sorgen, dass die Waren nicht besch\u00e4digt werden und dass etwaige Verluste ausgeglichen werden. <\/li>\n<li>Wenn der K\u00e4ufer das Recht aus mangelhafter Leistung aus\u00fcbt, best\u00e4tigt der Verk\u00e4ufer dem K\u00e4ufer schriftlich, wann er das Recht ausge\u00fcbt hat, sowie das Verfahren und die Frist f\u00fcr die Abwicklung der Reklamation.<\/li>\n<li>Der Verk\u00e4ufer kann die Beschwerde in \u00dcbereinstimmung mit den geltenden Gesetzen regeln.<\/li>\n<\/ol>\n<p>&nbsp;<\/p>\n<h3>VII. R\u00fccktritt vom Abkommen <\/h3>\n<ol>\n<li>Der K\u00e4ufer, der Verbraucher ist (siehe Art. 1.2.), hat das Recht, innerhalb von 14 Tagen vom Kaufvertrag zur\u00fcckzutreten, sofern im Folgenden nichts anderes bestimmt ist. Die R\u00fccktrittsfrist beginnt mit der \u00dcbernahme der Ware und im Falle eines Vertrags, der mehrere Arten von Waren oder die Lieferung mehrerer Teile zum Gegenstand hat, mit dem Datum der \u00dcbernahme der letzten Warensendung; im Falle eines Vertrags, der die regelm\u00e4\u00dfige wiederholte Lieferung von Waren zum Gegenstand hat, mit dem Datum der Lieferung der ersten Warensendung, wenn der Vertrag aus der Ferne (\u00fcber Fernkommunikationsmittel) oder au\u00dferhalb der Gesch\u00e4ftsr\u00e4ume des Verk\u00e4ufers geschlossen wurde. F\u00fcr die Aus\u00fcbung des R\u00fccktrittsrechts vom Vertrag muss der K\u00e4ufer den Verk\u00e4ufer schriftlich \u00fcber seinen R\u00fccktritt vom Vertrag informieren, und zwar an die Adresse des Gesch\u00e4ftssitzes des Verk\u00e4ufers oder an seine E-Mail-Adresse. F\u00fcr den R\u00fccktritt kann der K\u00e4ufer das diesen AGB beigef\u00fcgte Formular verwenden.   <\/li>\n<li>Im Falle des R\u00fccktritts vom Vertrag tr\u00e4gt der K\u00e4ufer die unmittelbaren Kosten der R\u00fccksendung der Waren.<\/li>\n<li>Wenn der K\u00e4ufer vom Vertrag zur\u00fccktritt, hat er die Waren unverz\u00fcglich, sp\u00e4testens jedoch innerhalb von vierzehn Tagen nach dem R\u00fccktritt vom Vertrag, an den Verk\u00e4ufer zu \u00fcbergeben. Bei der R\u00fcckgabe der gelieferten Waren nach dem R\u00fccktritt vom Vertrag hat der K\u00e4ufer die Waren in dem Zustand und dem Wert zur\u00fcckzugeben, in dem er sie \u00fcbernommen hat, und zwar m\u00f6glichst in der Originalverpackung. <\/li>\n<li>Wenn der K\u00e4ufer den Vertrag gem\u00e4\u00df Absatz 7.1 widerruft, hat der Verk\u00e4ufer ihm alle Zahlungen, die er vom K\u00e4ufer im Rahmen des Vertrags erhalten hat, sp\u00e4testens binnen vierzehn Tagen ab dem Widerruf des Vertrags zur\u00fcckzuzahlen. Der Verk\u00e4ufer ist jedoch nicht verpflichtet, das erhaltene Geld zur\u00fcckzuerstatten, bevor der Verbraucher dem Verk\u00e4ufer die Waren ausgeh\u00e4ndigt oder nachgewiesen hat, dass er die Waren ordnungsgem\u00e4\u00df und gem\u00e4\u00df den Bestimmungen dieser AGB versandt hat. Der K\u00e4ufer erkl\u00e4rt sich damit einverstanden, dass der Kaufpreis auf das Bankkonto zur\u00fcckerstattet wird, von dem er auf das Konto des Verk\u00e4ufers \u00fcberwiesen wurde, wenn der K\u00e4ufer den Kaufpreis per \u00dcberweisung bezahlt hat, es sei denn, der K\u00e4ufer gibt in der R\u00fccktrittserkl\u00e4rung vom Vertrag ein anderes Bankkonto f\u00fcr die R\u00fcckerstattung des Kaufpreises an. In anderen F\u00e4llen erkl\u00e4rt sich der K\u00e4ufer damit einverstanden, dass der Kaufpreis per Postempfang an die in der Bestellung angegebene Adresse des Wohnsitzes oder des Gesch\u00e4ftssitzes des K\u00e4ufers zur\u00fcckgesandt wird. Im Falle einer pers\u00f6nlichen \u00dcbernahme der Ware durch den Verk\u00e4ufer kann der Verk\u00e4ufer den Kaufpreis auch in bar zur\u00fcckgeben, und der K\u00e4ufer muss dem Verk\u00e4ufer die \u00dcbernahme in bar best\u00e4tigen.    <\/li>\n<li>Ein Verbraucher kann nicht vom Vertrag zur\u00fccktreten, wenn die Waren auf seinen Wunsch hin oder f\u00fcr ihn ge\u00e4ndert werden, und in anderen F\u00e4llen, wie im Zivilgesetzbuch vorgesehen.<\/li>\n<\/ol>\n<p>&nbsp;<\/p>\n<h3>VIII. Besondere Bestimmungen f\u00fcr den Kartenverkauf <\/h3>\n<ol>\n<li>Diese Bestimmungen regeln die Rechte und Pflichten der Vertragsparteien in Bezug auf den Verkauf von Eintrittskarten f\u00fcr gesellschaftliche, sportliche oder kulturelle Veranstaltungen (im Folgenden &#8222;Veranstaltungen&#8220; genannt) oder den Verkauf anderer Produkte oder Dienstleistungen, die in direktem Zusammenhang mit einer solchen Veranstaltung stehen, die von <em>Legendary Productions s.r.o., Ocelkova 643\/20, 198 00 Prag, Comp. Id. Nr.: 243 17 489, eingetragen im \u00f6ffentlichen Register des Stadtgerichts Prag, Akte Nr. C 196098<\/em>, E-Mail: <a href=\"mailto:info@indianridersfest.eu\">info@indianridersfest.eu<\/a>, nachfolgend &#8218;Verk\u00e4ufer&#8216; als eine Partei und nat\u00fcrliche oder juristische Person, nachfolgend &#8218;K\u00e4ufer&#8216; genannt, als andere Partei.<\/li>\n<li>Ein Ticket ist ein Beweis f\u00fcr den Abschluss eines Vertrags zwischen dem Verk\u00e4ufer und dem K\u00e4ufer, dessen Gegenstand das Recht des K\u00e4ufers ist, an einer bestimmten vom Verk\u00e4ufer organisierten Veranstaltung teilzunehmen.<\/li>\n<li>Der Verk\u00e4ufer stellt Tickets f\u00fcr Veranstaltungen elektronisch zur Verf\u00fcgung, wenn der Kauf auf elektronischem Wege oder in gedruckter Form im Direktverkauf erfolgt. Die Eintrittskarte kann Teil eines Pakets sein, das neben der Eintrittskarte, die zur Teilnahme an der Veranstaltung berechtigt, weitere Sonderrechte in Bezug auf die Veranstaltung und deren Thema enth\u00e4lt. Wenn der K\u00e4ufer dem Verk\u00e4ufer im Rahmen des Ticketkaufs oder der Aus\u00fcbung des Teilnahmerechts personenbezogene Daten mitteilt, erteilt er damit seine Zustimmung zur Verarbeitung der Daten im Sinne von Art. VIII der Allgemeinen Gesch\u00e4ftsbedingungen des Verk\u00e4ufers.   <\/li>\n<li>Der Verk\u00e4ufer haftet nicht f\u00fcr die G\u00fcltigkeit von Tickets, die au\u00dferhalb der Website des Verk\u00e4ufers unter <a href=\"https:\/\/www.indianridersfest.eu\/de\/\">https:\/\/www.indianridersfest.eu<\/a> gekauft wurden, und haftet auch nicht f\u00fcr Unannehmlichkeiten, die mit der unrechtm\u00e4\u00dfigen Verwendung oder dem Kopieren des Tickets verbunden sind.<\/li>\n<li>Wenn der K\u00e4ufer das Kopieren\/Duplizieren oder F\u00e4lschen des vom Verk\u00e4ufer verkauften offiziellen Tickets zul\u00e4sst, wird der Zugang zur Veranstaltung der Person gew\u00e4hrt, die als Erste mit dem Ticket erscheint, das den eindeutigen Barcode\/die eindeutige Identifikationsnummer des Tickets enth\u00e4lt. Gem\u00e4\u00df den Bestimmungen von \u00a7 1829 des B\u00fcrgerlichen Gesetzbuches kann der K\u00e4ufer innerhalb von 14 Tagen vom Kaufvertrag zur\u00fccktreten, wenn er ein Ticket oder ein Paket mit einem Ticket au\u00dferhalb der Gesch\u00e4ftsr\u00e4ume des Verk\u00e4ufers erworben hat. Da sich der Kaufvertrag jedoch auf die Erbringung von Freizeitdienstleistungen bezieht, die w\u00e4hrend eines bestimmten Zeitraums zu erbringen sind, ist ein solcher Widerruf nach Ablauf der gesetzlichen 14-t\u00e4gigen Frist gem\u00e4\u00df \u00a7 1837 Buchstabe j) des B\u00fcrgerlichen Gesetzbuches ausdr\u00fccklich ausgeschlossen. <\/li>\n<li>Gem\u00e4\u00df den Bestimmungen von Artikel 1829 des B\u00fcrgerlichen Gesetzbuchs kann der K\u00e4ufer innerhalb von 14 Tagen von einem Kaufvertrag zur\u00fccktreten, wenn er ein Ticket oder ein Paket mit einem Ticket au\u00dferhalb der Gesch\u00e4ftsr\u00e4ume des Verk\u00e4ufers kauft. Da sich der Kaufvertrag jedoch auf die Erbringung von Freizeitdienstleistungen bezieht, die w\u00e4hrend eines bestimmten Zeitraums zu erbringen sind, ist ein solcher R\u00fccktritt \u00fcber die gesetzliche 14-Tage-Frist hinaus gem\u00e4\u00df \u00a7 1837 Buchstabe j) des B\u00fcrgerlichen Gesetzbuchs ausdr\u00fccklich ausgeschlossen.Eine Erstattung von Tickets und Paketen nach Ablauf der gesetzlichen 14-Tage-Frist ist unabh\u00e4ngig von der Art oder dem Grund des Erstattungsantrags nicht zul\u00e4ssig. Es liegt in der alleinigen Verantwortung des K\u00e4ufers, eine angemessene Haftpflichtversicherung abzuschlie\u00dfen, um alle Kosten zu decken, die im Zusammenhang mit der Notwendigkeit einer R\u00fcckerstattung aufgrund unvorhergesehener Umst\u00e4nde, einschlie\u00dflich medizinischer Erkrankungen oder anderer Notf\u00e4lle, entstehen.\n<p>Ungeachtet des Verbots von R\u00fcckerstattungen k\u00f6nnen gekaufte Tickets und Pakete umgetauscht oder an einen Dritten \u00fcbertragen werden. Ein solcher Umtausch oder eine solche \u00dcbertragung kann nur auf schriftlichen Antrag des K\u00e4ufers an info@indianridersfest.eu erfolgen. Der Antrag muss sp\u00e4testens 30 Kalendertage vor Beginn der Veranstaltung gestellt werden. Es ist wichtig zu beachten, dass Umtausch oder \u00dcbertragung unter keinen Umst\u00e4nden zul\u00e4ssig sind, wenn der Antrag weniger als 30 Tage vor der Veranstaltung gestellt wird. F\u00fcr jedes Ticket oder Paket, das umgetauscht oder \u00fcbertragen wird, wird eine feste Verwaltungsgeb\u00fchr von 25 \u20ac erhoben.    <\/p>\n<p>Wenn ein Paket Waren enth\u00e4lt, deren Spezifikationen auf Gr\u00f6\u00dfe oder Geschlecht basieren (z. B. T-Shirts), haftet der Veranstalter nicht f\u00fcr die Nichtverf\u00fcgbarkeit der angegebenen Gr\u00f6\u00dfen oder Designs f\u00fcr den neuen Beg\u00fcnstigten, wenn der Antrag auf Umtausch oder \u00dcbertragung weniger als 90 Kalendertage vor Beginn der Veranstaltung gestellt wird.<\/p>\n<\/li>\n<li>Nach der Nutzung der Eintrittskarte zum Betreten der Veranstaltung ist der K\u00e4ufer verpflichtet, sich an die vom Veranstalter aufgestellten Regeln zu halten. Der Veranstalter ist berechtigt, einen Teilnehmer ohne Anspruch auf R\u00fcckerstattung des Eintrittsgeldes aus der Veranstaltung zu verweisen, wenn dieser durch sein Verhalten die Gefahr von Gesundheits- und Sachsch\u00e4den herbeif\u00fchrt, in grober Weise gegen Anweisungen des Veranstalters verst\u00f6\u00dft, die Veranstaltung st\u00f6rt oder durch ein anderes Verhalten gegen die guten Sitten verst\u00f6\u00dft. <\/li>\n<li>Der Verk\u00e4ufer beh\u00e4lt sich als Veranstalter das Recht vor, das Programm zu erg\u00e4nzen und zu \u00e4ndern, einzelne Teile der Veranstaltung kurzfristig zu verschieben oder die gesamte Veranstaltung abzusagen. Der K\u00e4ufer kann das Recht auf R\u00fcckerstattung des Eintrittspreises nur dann geltend machen, wenn die gesamte Veranstaltung abgesagt wird. Die aktuellsten Informationen zu der jeweiligen Veranstaltung werden auf der auf der Eintrittskarte angegebenen Website des Verk\u00e4ufers ver\u00f6ffentlicht.  <\/li>\n<li>F\u00fcr alle anderen Rechte und Pflichten der Vertragsparteien in Bezug auf den Ticketverkauf, die in diesem Artikel nicht ausdr\u00fccklich genannt werden, gelten andere Bestimmungen dieser AGB.<\/li>\n<\/ol>\n<p>&nbsp;<\/p>\n<h3>IX. Schutz von pers\u00f6nlichen Daten <\/h3>\n<ol>\n<li>Mit dem Absenden der Bestellung erkl\u00e4rt sich der K\u00e4ufer ausdr\u00fccklich mit der Verarbeitung aller von ihm in der Bestellung angegebenen personenbezogenen Daten einverstanden. Der K\u00e4ufer erkl\u00e4rt sich damit einverstanden, dass seine personenbezogenen Daten f\u00fcr die Durchf\u00fchrung und Erf\u00fcllung des Vertrags verwendet werden, einschlie\u00dflich der Weitergabe an Dritte, die f\u00fcr die Lieferung der Waren und den Einzug des Kaufpreises erforderlich sind. Der K\u00e4ufer erkl\u00e4rt sich auch mit der Verwendung und Verarbeitung seiner personenbezogenen Daten f\u00fcr Marketingzwecke des Verk\u00e4ufers einverstanden, insbesondere f\u00fcr die Zusendung von Werbeangeboten, kommerziellen Mitteilungen usw. Der Verk\u00e4ufer versichert, dass alle personenbezogenen Daten in \u00dcbereinstimmung mit dem Gesetz Nr. 101\/2000 Slg. \u00fcber den Schutz personenbezogener Daten erhoben, verarbeitet und aufbewahrt werden.<\/li>\n<\/ol>\n<ol>\n<li>Au\u00dfergerichtliche Beilegung von Streitigkeiten<\/li>\n<\/ol>\n<ol>\n<li>Streitigkeiten zwischen dem Verk\u00e4ufer und dem K\u00e4ufer k\u00f6nnen au\u00dfergerichtlich beigelegt werden. Ein K\u00e4ufer, der Verbraucher ist, kann sich an eine Organisation f\u00fcr die au\u00dfergerichtliche Beilegung von Streitigkeiten wenden, beispielsweise an die tschechische Wirtschaftsaufsichtsbeh\u00f6rde, oder die ODR-Plattform f\u00fcr die Online-Beilegung von Streitigkeiten unter <a href=\"https:\/\/webgate.ec.europa.eu\/odr\/main\/index.cfm?event=main.home.show&amp;lng=CS\">https:\/\/webgate.ec.europa.eu\/odr\/main\/index.cfm?event=main.home.show&amp;lng=DE<\/a> nutzen. <\/li>\n<\/ol>\n<p>&nbsp;<\/p>\n<h3>X. Schlussbestimmungen<\/h3>\n<ol>\n<li>Diese AGB treten am 15. Juni 2025 in Kraft und sind ab diesem Zeitpunkt g\u00fcltig.<\/li>\n<li>Der Vertrag ist in tschechischer Sprache abgefasst und unterliegt tschechischem Recht.<\/li>\n<li>Der K\u00e4ufer erkennt an, dass er die M\u00f6glichkeit hatte, diese AGB vor dem Absenden seiner Bestellung im Detail zu studieren, dass er deren Inhalt und die Allgemeinen Gesch\u00e4ftsbedingungen versteht, dass er die Waren durch das Absenden seiner Bestellung bestellt und dass er nach dem Zustandekommen des Kaufvertrags vollst\u00e4ndig an diese AGB gebunden ist.<\/li>\n<\/ol>\n<p>Attachment: <a href=\"https:\/\/www.indianridersfest.eu\/pdf\/Withdrawal_Agreement_Form-IRF26.pdf\" target=\"_blank\" rel=\"noopener noreferrer\">Withdrawal from the Agreement Form IRF26<\/a><\/p>\n<p>Prag, 14. Januar 2026<\/p>\n<p>[\/et_pb_text][\/et_pb_column][\/et_pb_row][\/et_pb_section]<\/p>\n","protected":false},"excerpt":{"rendered":"<p>I. Einleitende Bestimmungen Die Allgemeinen Gesch\u00e4ftsbedingungen (die &#8222;AGB&#8220;) regeln die Rechte und Pflichten der Parteien des Kaufvertrags, der zwischen der Legendary Productions s.r.o., Ocelkova 643\/20, 198 00 Prag, Comp. Id. Nr.: 243 17 489, eingetragen im \u00f6ffentlichen Register des Stadtgerichts Prag, Akte Nr. C 196098, E-Mail: info@indianridersfest.eu, im Folgenden &#8222;Verk\u00e4ufer&#8220; genannt, einerseits und einer nat\u00fcrlichen [&hellip;]<\/p>\n","protected":false},"author":1,"featured_media":0,"parent":0,"menu_order":0,"comment_status":"closed","ping_status":"closed","template":"","meta":{"_et_pb_use_builder":"on","_et_pb_old_content":"","_et_gb_content_width":"","footnotes":""},"class_list":["post-104796","page","type-page","status-publish","hentry"],"_links":{"self":[{"href":"https:\/\/www.indianridersfest.eu\/de\/wp-json\/wp\/v2\/pages\/104796","targetHints":{"allow":["GET"]}}],"collection":[{"href":"https:\/\/www.indianridersfest.eu\/de\/wp-json\/wp\/v2\/pages"}],"about":[{"href":"https:\/\/www.indianridersfest.eu\/de\/wp-json\/wp\/v2\/types\/page"}],"author":[{"embeddable":true,"href":"https:\/\/www.indianridersfest.eu\/de\/wp-json\/wp\/v2\/users\/1"}],"replies":[{"embeddable":true,"href":"https:\/\/www.indianridersfest.eu\/de\/wp-json\/wp\/v2\/comments?post=104796"}],"version-history":[{"count":16,"href":"https:\/\/www.indianridersfest.eu\/de\/wp-json\/wp\/v2\/pages\/104796\/revisions"}],"predecessor-version":[{"id":113073,"href":"https:\/\/www.indianridersfest.eu\/de\/wp-json\/wp\/v2\/pages\/104796\/revisions\/113073"}],"wp:attachment":[{"href":"https:\/\/www.indianridersfest.eu\/de\/wp-json\/wp\/v2\/media?parent=104796"}],"curies":[{"name":"wp","href":"https:\/\/api.w.org\/{rel}","templated":true}]}}