{"id":104766,"date":"2024-09-13T16:37:51","date_gmt":"2024-09-13T14:37:51","guid":{"rendered":"https:\/\/www.indianridersfest.eu\/datenschutzrichtlinie-irf25\/"},"modified":"2026-01-14T10:53:48","modified_gmt":"2026-01-14T09:53:48","slug":"privacy-policy","status":"publish","type":"page","link":"https:\/\/www.indianridersfest.eu\/de\/privacy-policy\/","title":{"rendered":"Datenschutzrichtlinie IRF25"},"content":{"rendered":"<p>[et_pb_section fb_built=&#8220;1&#8243; _builder_version=&#8220;4.27.0&#8243; _module_preset=&#8220;default&#8220; global_colors_info=&#8220;{}&#8220;][et_pb_row _builder_version=&#8220;4.27.0&#8243; _module_preset=&#8220;default&#8220; width=&#8220;85%&#8220; global_colors_info=&#8220;{}&#8220;][et_pb_column type=&#8220;4_4&#8243; _builder_version=&#8220;4.16&#8243; _module_preset=&#8220;default&#8220; global_colors_info=&#8220;{}&#8220;][et_pb_text _builder_version=&#8220;4.27.0&#8243; _module_preset=&#8220;default&#8220; header_text_color=&#8220;#000000&#8243; header_3_font=&#8220;|700|||||||&#8220; header_3_text_color=&#8220;#000000&#8243; header_3_font_size=&#8220;25px&#8220; custom_margin=&#8220;||5px||false|false&#8220; text_font_size_tablet=&#8220;&#8220; text_font_size_phone=&#8220;9px&#8220; text_font_size_last_edited=&#8220;on|phone&#8220; global_colors_info=&#8220;{}&#8220;]<\/p>\n<h3>Datenschutzrichtlinien<\/h3>\n<p>[\/et_pb_text][et_pb_text _builder_version=&#8220;4.27.0&#8243; _module_preset=&#8220;default&#8220; text_text_color=&#8220;#000000&#8243; text_font_size=&#8220;17px&#8220; text_line_height=&#8220;1.6em&#8220; width=&#8220;45%&#8220; width_tablet=&#8220;70%&#8220; width_phone=&#8220;100%&#8220; width_last_edited=&#8220;on|phone&#8220; text_font_size_tablet=&#8220;15px&#8220; text_font_size_phone=&#8220;15px&#8220; text_font_size_last_edited=&#8220;on|tablet&#8220; global_colors_info=&#8220;{}&#8220;]<\/p>\n<p>Transparenz bei der Datenverwendung: Wir erkl\u00e4ren, wie wir Ihre Daten verwenden<\/p>\n<p>[\/et_pb_text][\/et_pb_column][\/et_pb_row][et_pb_row _builder_version=&#8220;4.27.0&#8243; _module_preset=&#8220;default&#8220; global_colors_info=&#8220;{}&#8220;][et_pb_column type=&#8220;4_4&#8243; _builder_version=&#8220;4.27.0&#8243; _module_preset=&#8220;default&#8220; global_colors_info=&#8220;{}&#8220;][et_pb_text _builder_version=&#8220;4.27.4&#8243; _module_preset=&#8220;default&#8220; custom_margin=&#8220;||25px||false|false&#8220; global_colors_info=&#8220;{}&#8220;]<\/p>\n<p>Wir, Legendary Productions s.r.o., Ocelkova 643\/20, 198 00 Prag, Comp. Id. Nr.: 243 17 489, eingetragen im \u00f6ffentlichen Register des Stadtgerichts Prag, Aktenzeichen C 196098, erheben, verarbeiten, speichern und nutzen bestimmte Arten von Informationen \u00fcber die Besucher unserer Website und unseres Shops, unsere Kunden, einschlie\u00dflich ihrer gesetzlichen Vertreter (falls zutreffend), potenzielle Kunden, Teilnehmer an unseren Wettbewerben, Gewinnspielen, Aktionen, Umfragen oder Veranstaltungen und Personen, die Informationen \u00fcber unsere Produkte und Dienstleistungen anfordern. In dieser Richtlinie wird dargelegt, welche Informationen wir sammeln, verarbeiten, aufbewahren und wie wir sie verwenden. Indem Sie unsere Website nutzen oder uns Informationen \u00fcber Sie zur Verf\u00fcgung stellen, erkl\u00e4ren Sie sich mit der Erfassung, Verarbeitung, Aufbewahrung, Weitergabe und \u00dcbertragung dieser Informationen in \u00dcbereinstimmung mit dieser Datenschutzrichtlinie einverstanden.<\/p>\n<h5><strong>Zu welchen Zwecken erheben, verarbeiten, speichern und nutzen wir Ihre pers\u00f6nlichen und anderen Informationen \u00fcber Sie?<\/strong><\/h5>\n<p>In \u00dcbereinstimmung mit Abschnitt 5 des Gesetzes Nr. 101\/2000 Slg. \u00fcber den Schutz personenbezogener Daten werden alle Informationen, die wir \u00fcber Sie erhalten, ausschlie\u00dflich f\u00fcr einen oder mehrere der folgenden Zwecke gesammelt, verarbeitet, gespeichert und verwendet:<\/p>\n<ul>\n<li>zur Bereitstellung von Motorr\u00e4dern, Produkten und Dienstleistungen, die Sie bestellt oder angefordert haben, zur Bearbeitung und Erf\u00fcllung Ihrer Bestellungen und zur Wahrnehmung unserer vertraglichen oder gesetzlichen Rechte und Pflichten, einschlie\u00dflich in Bezug auf Garantien und Gew\u00e4hrleistungen, Rechnungsstellung und Versand;<\/li>\n<li>um die von Ihnen angeforderten Informationen oder Angebote zur Verf\u00fcgung zu stellen und um Ihre Anfragen zu beantworten;<\/li>\n<li>zu \u00fcberpr\u00fcfen und Sie f\u00fcr eine Finanzierung zu qualifizieren, falls Sie interessiert sind,<\/li>\n<li>um die Qualit\u00e4t unserer Website zu verbessern<\/li>\n<\/ul>\n<p>zu Werbezwecken und um Sie mit Neuigkeiten und Informationen \u00fcber unsere Produkte, Dienstleistungen, Wettbewerbe, Gewinnspiele und Werbeaktionen zu versorgen (es sei denn, Sie haben uns mitgeteilt, dass Sie solche Marketingnachrichten nicht erhalten m\u00f6chten), sowie gelegentlich f\u00fcr Umfragen, Analysen und Marktforschung;<\/p>\n<h5><strong>Woher erhalten wir die Informationen \u00fcber Sie?<\/strong><\/h5>\n<p>Sie k\u00f6nnen uns Ihre pers\u00f6nlichen Daten und andere Informationen \u00fcber Sie direkt zur Verf\u00fcgung stellen oder wir k\u00f6nnen sie sammeln, wenn Sie uns direkt kontaktieren, normalerweise \u00fcber unsere Website, wenn Sie eine Bestellung aufgeben, eine Anfrage stellen, sich mit einer Frage oder einem Anliegen an uns wenden, an einem Wettbewerb, einer Werbeaktion, einer Umfrage oder einer Veranstaltung teilnehmen oder unser Gesch\u00e4ft besuchen. Wir k\u00f6nnen auch Informationen von anderen autorisierten Indian Motorcycle H\u00e4ndlern, Indian Motorcycle und seinen Tochtergesellschaften und verbundenen Unternehmen, ausgew\u00e4hlten Gesch\u00e4ftspartnern und gelegentlich von anderen Dritten erhalten und diese Informationen mit den Informationen, die wir bereits \u00fcber Sie haben, kombinieren. <\/p>\n<p>Wir gehen davon aus, dass alle Informationen \u00fcber Sie, einschlie\u00dflich Ihrer pers\u00f6nlichen Daten, pr\u00e4zise und wahrheitsgetreu sind und dass Sie sich Ihrer Rechte gem\u00e4\u00df den Abschnitten 12 und 21 des Gesetzes Nr. 101\/2000 Slg. \u00fcber den Schutz personenbezogener Daten bewusst sind.<\/p>\n<h5><strong>Welche Informationen \u00fcber Sie werden von uns erfasst, verarbeitet, gespeichert und verwendet?<\/strong><\/h5>\n<p>Wir k\u00f6nnen Informationen, die Ihren Namen und Ihre Kontaktdaten, Ihre IP-Adresse, Ihr Geschlecht, Ihren Geburtstag, Ihre pers\u00f6nlichen Interessen und andere Informationen, die Sie uns freiwillig zur Verf\u00fcgung stellen, sowie Ihre Bestellungen und Ihre Historie enthalten, erfassen, verarbeiten, aufbewahren und nutzen. Wir k\u00f6nnen auch Informationen \u00fcber Ihre Nutzung dieser Website, demografische und geografische Informationen, Ihre Produkt- und Dienstleistungsinteressen und -pr\u00e4ferenzen sowie Marketingpr\u00e4ferenzen erfassen. <\/p>\n<p>Wir erkl\u00e4ren, dass wir Ihre pers\u00f6nlichen und sonstigen Daten nur in dem Ma\u00dfe sammeln, wie es f\u00fcr den angegebenen Zweck erforderlich ist, und dass wir sie nur in \u00dcbereinstimmung mit dem Zweck, f\u00fcr den sie gesammelt wurden, verarbeiten.<\/p>\n<h5><strong>\u00dcbertragen wir Informationen international?<\/strong><\/h5>\n<p>Einige der Dritten, an die wir Ihre pers\u00f6nlichen und anderen Daten weitergeben, befinden sich au\u00dferhalb der Europ\u00e4ischen Union in L\u00e4ndern, die nicht das gleiche Schutzniveau wie in unserem Land bieten. Wir haben jedoch Sicherheitsvorkehrungen getroffen, um die auf diese Weise \u00fcbertragenen Daten zu sch\u00fctzen und das Schutzniveau aufrechtzuerhalten. <\/p>\n<h5><strong>Mit wem teilen wir Ihre pers\u00f6nlichen und anderen Informationen \u00fcber Sie und an wen geben wir sie weiter?<\/strong><\/h5>\n<p>Wir k\u00f6nnen Ihre pers\u00f6nlichen Daten und andere Informationen, die wir \u00fcber Sie verwenden, mit anderen teilen und weitergeben:<\/p>\n<ul>\n<li>Dienstanbieter, die in unserem Auftrag Dienstleistungen erbringen, wie die meisten IT-Anbieter und Postdienste;<\/li>\n<li>Unsere Gesch\u00e4ftspartner, wie z.B. Marketingagenturen, oder andere Parteien k\u00f6nnen auf Ihre Daten zugreifen, wenn Sie deren Dienste durch Anklicken des zus\u00e4tzlichen Feldes &#8222;DATENNUTZUNGSZUSTIMMUNG&#8220; im Kassenformular autorisieren. Wir k\u00f6nnen Ihre pers\u00f6nlichen Daten und andere Informationen \u00fcber Sie auch an Dritte weitergeben, einschlie\u00dflich an Strafverfolgungsbeh\u00f6rden und Gerichte, aus rechtlichen oder beh\u00f6rdlichen Gr\u00fcnden, wenn wir unser Unternehmen verkaufen oder um Betrug zu verhindern. <\/li>\n<\/ul>\n<p>Neben unseren Mitarbeitern sind auch die Mitarbeiter von Unternehmen, mit denen wir Ihre pers\u00f6nlichen und anderen Daten \u00fcber Sie teilen, oder andere Personen, die Ihre pers\u00f6nlichen und anderen Daten \u00fcber Sie verarbeiten, verpflichtet, die Vertraulichkeit Ihrer pers\u00f6nlichen Daten auch nach Beendigung des Arbeitsverh\u00e4ltnisses oder einer \u00e4hnlichen Beziehung zu wahren.<\/p>\n<h5><strong>Cookies und Tracking-Technologien<\/strong><\/h5>\n<p>Wir verwenden Cookies auf unserer Website, um ma\u00dfgeschneiderte Werbung anzubieten, Trends zu analysieren, die Website zu verwalten, die Bewegungen der Nutzer zu verfolgen und allgemeine demografische und geografische Informationen zu sammeln. Cookies sind kleine Textdateien, die von Websites, die Sie besuchen, auf Ihrem Computer abgelegt werden. Sie werden h\u00e4ufig verwendet, um Websites funktionsf\u00e4hig zu machen oder effizienter zu gestalten und um den Eigent\u00fcmern der Website Informationen zur Verf\u00fcgung zu stellen. Sie k\u00f6nnen Cookies akzeptieren oder ablehnen, indem Sie die Einstellungen Ihres Browsers \u00e4ndern. Wenn Sie jedoch Cookies deaktivieren, k\u00f6nnen Sie m\u00f6glicherweise nicht alle Funktionen dieser Website nutzen. Um mehr \u00fcber Cookies zu erfahren, einschlie\u00dflich der Frage, welche Cookies gesetzt wurden und wie Sie diese verwalten und l\u00f6schen k\u00f6nnen, besuchen Sie: <a href=\"http:\/\/www.allaboutcookies.org\">www.allaboutcookies.org<\/a>     <\/p>\n<p>Indem Sie auf unsere Website zugreifen und sie nutzen, stimmen Sie der Speicherung von Cookies auf Ihren Ger\u00e4ten und dem Zugriff auf solche Cookies oder Technologien zu.<\/p>\n<h5><strong>Links von Drittanbietern<\/strong><\/h5>\n<p>Diese Website kann Links zu Websites Dritter enthalten. Wir sind nicht verantwortlich f\u00fcr die Sicherheit oder den Datenschutz von Informationen, die von diesen Websites erfasst werden. Wir empfehlen Ihnen, die f\u00fcr die Websites Dritter geltenden Datenschutzerkl\u00e4rungen zu lesen, um zu verstehen, wie diese Informationen \u00fcber Sie sammeln, verarbeiten und nutzen.  <\/p>\n<h5><strong>Kinder<\/strong><\/h5>\n<p>Wir erheben, verarbeiten, speichern und nutzen wissentlich keine pers\u00f6nlichen und anderen Daten von Kindern unter achtzehn Jahren ohne die Zustimmung der Eltern, es sei denn, dies ist gesetzlich erlaubt. Wenn Sie unter 18 Jahre alt sind, stellen Sie uns bitte keine Informationen \u00fcber Sie zur Verf\u00fcgung, es sei denn, Ihre Eltern oder Ihr Vormund haben Ihnen dies erlaubt. <\/p>\n<h5><strong>Wie k\u00f6nnen Sie Zugang zu den Informationen erhalten, die wir \u00fcber Sie gespeichert haben?<\/strong><\/h5>\n<p>Wenn Sie Einzelheiten zu den Informationen, die wir \u00fcber Sie gespeichert haben, erhalten m\u00f6chten, wenn sich Ihre Daten \u00e4ndern oder Sie der Meinung sind, dass die Daten unrichtig oder unvollst\u00e4ndig sind, wenn Sie keine Werbemitteilungen und Marketingnachrichten mehr erhalten m\u00f6chten oder wenn Sie Fragen zu dieser Datenschutzrichtlinie haben, k\u00f6nnen Sie uns unter folgender Adresse kontaktieren:<\/p>\n<p><em>Legendary Productions s.r.o., Ocelkova 643\/20, 198 00 Prag, Tschechische Republik, <\/em><a href=\"mailto:promo@indianridersfest.eu\">promo@indianridersfest.eu<\/a><\/p>\n<p>Wenn Sie nicht m\u00f6chten, dass Ihre pers\u00f6nlichen und sonstigen Daten im Sinne dieser Datenschutzrichtlinie gespeichert werden, teilen Sie uns bitte einfach schriftlich mit, dass Sie mit einer solchen Verarbeitung und Speicherung der pers\u00f6nlichen Daten nicht einverstanden sind. Gem\u00e4\u00df Abschnitt 5 des Gesetzes Nr. 101\/2000 Slg. \u00fcber den Schutz personenbezogener Daten m\u00fcssen wir dann Ihre pers\u00f6nlichen und sonstigen Daten aus unserer Datenbank sowie aus der Datenbank der Personen, denen wir Ihre pers\u00f6nlichen Daten mitgeteilt haben oder denen wir Ihre pers\u00f6nlichen und sonstigen Daten zur Verf\u00fcgung gestellt haben, l\u00f6schen. Sollten wir dies trotz Ihrer schriftlichen Aufforderung nicht tun, haben Sie das Recht, sich an das Amt f\u00fcr den Schutz personenbezogener Daten zu wenden.<\/p>\n<h5><strong>\u00c4nderungen der Datenschutzbestimmungen<\/strong><\/h5>\n<p>Wir k\u00f6nnen diese Datenschutzrichtlinie \u00e4ndern und aktualisieren, um \u00c4nderungen in der Art und Weise, wie wir Informationen \u00fcber Sie verarbeiten, zu ber\u00fccksichtigen. In diesem Fall werden wir eine \u00fcberarbeitete Datenschutzrichtlinie auf unserer Website ver\u00f6ffentlichen. <\/p>\n<p><em>Update 14. Januar 2026<\/em><\/p>\n<p><em><\/em><\/p>\n<p>[\/et_pb_text][\/et_pb_column][\/et_pb_row][\/et_pb_section]<\/p>\n","protected":false},"excerpt":{"rendered":"<p>DatenschutzrichtlinienTransparenz bei der Datenverwendung: Wir erkl\u00e4ren, wie wir Ihre Daten verwendenWir, Legendary Productions s.r.o., Ocelkova 643\/20, 198 00 Prag, Comp. Id. Nr.: 243 17 489, eingetragen im \u00f6ffentlichen Register des Stadtgerichts Prag, Aktenzeichen C 196098, erheben, verarbeiten, speichern und nutzen bestimmte Arten von Informationen \u00fcber die Besucher unserer Website und unseres Shops, unsere Kunden, einschlie\u00dflich [&hellip;]<\/p>\n","protected":false},"author":1,"featured_media":0,"parent":0,"menu_order":0,"comment_status":"closed","ping_status":"open","template":"","meta":{"_et_pb_use_builder":"on","_et_pb_old_content":"","_et_gb_content_width":"","footnotes":""},"class_list":["post-104766","page","type-page","status-publish","hentry"],"_links":{"self":[{"href":"https:\/\/www.indianridersfest.eu\/de\/wp-json\/wp\/v2\/pages\/104766","targetHints":{"allow":["GET"]}}],"collection":[{"href":"https:\/\/www.indianridersfest.eu\/de\/wp-json\/wp\/v2\/pages"}],"about":[{"href":"https:\/\/www.indianridersfest.eu\/de\/wp-json\/wp\/v2\/types\/page"}],"author":[{"embeddable":true,"href":"https:\/\/www.indianridersfest.eu\/de\/wp-json\/wp\/v2\/users\/1"}],"replies":[{"embeddable":true,"href":"https:\/\/www.indianridersfest.eu\/de\/wp-json\/wp\/v2\/comments?post=104766"}],"version-history":[{"count":15,"href":"https:\/\/www.indianridersfest.eu\/de\/wp-json\/wp\/v2\/pages\/104766\/revisions"}],"predecessor-version":[{"id":113081,"href":"https:\/\/www.indianridersfest.eu\/de\/wp-json\/wp\/v2\/pages\/104766\/revisions\/113081"}],"wp:attachment":[{"href":"https:\/\/www.indianridersfest.eu\/de\/wp-json\/wp\/v2\/media?parent=104766"}],"curies":[{"name":"wp","href":"https:\/\/api.w.org\/{rel}","templated":true}]}}