{"id":104640,"date":"2020-12-21T05:52:22","date_gmt":"2020-12-21T04:52:22","guid":{"rendered":"https:\/\/www.indianridersfest.eu\/preisgestaltung-fuer-irf-tickets\/"},"modified":"2026-01-20T11:11:37","modified_gmt":"2026-01-20T10:11:37","slug":"pricing","status":"publish","type":"page","link":"https:\/\/www.indianridersfest.eu\/de\/pricing\/","title":{"rendered":"Preisgestaltung f\u00fcr IRF-Tickets"},"content":{"rendered":"<p>[et_pb_section fb_built=&#8220;1&#8243; _builder_version=&#8220;4.27.0&#8243; _module_preset=&#8220;default&#8220; background_enable_image=&#8220;off&#8220; z_index=&#8220;1&#8243; custom_margin=&#8220;0px||40px||false|false&#8220; custom_padding=&#8220;0px||0px||false|false&#8220; global_colors_info=&#8220;{}&#8220;][et_pb_row _builder_version=&#8220;4.27.0&#8243; _module_preset=&#8220;default&#8220; width=&#8220;85%&#8220; global_colors_info=&#8220;{}&#8220;][et_pb_column type=&#8220;4_4&#8243; _builder_version=&#8220;4.16&#8243; _module_preset=&#8220;default&#8220; global_colors_info=&#8220;{}&#8220;][et_pb_text _builder_version=&#8220;4.27.4&#8243; _module_preset=&#8220;default&#8220; header_font=&#8220;|700|||||||&#8220; header_text_align=&#8220;center&#8220; header_font_size=&#8220;50px&#8220; header_letter_spacing=&#8220;1px&#8220; header_2_text_align=&#8220;center&#8220; width=&#8220;100%&#8220; module_alignment=&#8220;center&#8220; custom_margin=&#8220;||5px||false|false&#8220; header_font_size_tablet=&#8220;&#8220; header_font_size_phone=&#8220;31px&#8220; header_font_size_last_edited=&#8220;on|phone&#8220; global_colors_info=&#8220;{}&#8220;]<\/p>\n<h3 style=\"text-align: center;\">IRF26 Tickets Vergleich<\/h3>\n<p>[\/et_pb_text][et_pb_text _builder_version=&#8220;4.27.5&#8243; _module_preset=&#8220;default&#8220; text_font_size=&#8220;17px&#8220; text_line_height=&#8220;1.2em&#8220; width=&#8220;100%&#8220; width_tablet=&#8220;&#8220; width_phone=&#8220;100%&#8220; width_last_edited=&#8220;on|phone&#8220; module_alignment=&#8220;center&#8220; hover_enabled=&#8220;0&#8243; text_font_size_tablet=&#8220;&#8220; text_font_size_phone=&#8220;14px&#8220; text_font_size_last_edited=&#8220;on|phone&#8220; global_colors_info=&#8220;{}&#8220; sticky_enabled=&#8220;0&#8243;]<\/p>\n<p>F\u00fcr das IRF26 haben Sie die Wahl zwischen zwei Ticketoptionen. Genie\u00dfen Sie tolle Festivalvorteile mit dem IRF26 Riders Pack, oder entscheiden Sie sich f\u00fcr den vollen Zugang zum Event mit dem IRF26 3-Tages-Ticket f\u00fcr den vollen Zugang. <\/p>\n<p>Bitte beachten Sie, dass jedes Ticket f\u00fcr den individuellen Gebrauch bestimmt ist. W\u00e4hlen Sie die Option, die am besten zu Ihrem IRF26-Erlebnis passt! <\/p>\n<p>[\/et_pb_text][\/et_pb_column][\/et_pb_row][et_pb_row column_structure=&#8220;1_3,1_3,1_3&#8243; make_equal=&#8220;on&#8220; disabled_on=&#8220;on|on|off&#8220; _builder_version=&#8220;4.27.5&#8243; _module_preset=&#8220;default&#8220; background_color=&#8220;#ffffff&#8220; width=&#8220;85%&#8220; custom_margin=&#8220;10px||10px||false|false&#8220; custom_padding=&#8220;20px|20px|20px|20px|false|true&#8220; border_radii=&#8220;off|20px|20px||&#8220; border_width_bottom=&#8220;2px&#8220; border_color_bottom=&#8220;#eee&#8220; box_shadow_style=&#8220;preset1&#8243; box_shadow_color=&#8220;rgba(0,0,0,0.1)&#8220; global_colors_info=&#8220;{}&#8220;][et_pb_column type=&#8220;1_3&#8243; _builder_version=&#8220;4.27.0&#8243; _module_preset=&#8220;default&#8220; custom_padding=&#8220;||||false|false&#8220; border_radii=&#8220;off||||&#8220; border_color_right=&#8220;gcid-fc260599-551f-44d6-b91b-d7a0d6946060&#8243; global_colors_info=&#8220;{%22gcid-fc260599-551f-44d6-b91b-d7a0d6946060%22:%91%22border_color_right%22%93}&#8220;][\/et_pb_column][et_pb_column type=&#8220;1_3&#8243; _builder_version=&#8220;4.16&#8243; _module_preset=&#8220;default&#8220; global_colors_info=&#8220;{}&#8220;][et_pb_text _builder_version=&#8220;4.27.4&#8243; _module_preset=&#8220;default&#8220; header_font=&#8220;|700||on|||||&#8220; header_text_color=&#8220;#000000&#8243; header_font_size=&#8220;45px&#8220; global_colors_info=&#8220;{}&#8220;]<\/p>\n<h4 style=\"text-align: center;\">IRF26 RIDERS PACK<\/h4>\n<h1 style=\"text-align: center;\">\u20ac 125,-<\/h1>\n<h6 style=\"text-align: center;\">Verf\u00fcgbar bis 31.03.2026<\/h6>\n<p>[\/et_pb_text][et_pb_button button_url=&#8220;https:\/\/www.indianridersfest.eu\/product\/irf26-riders-pack\/&#8220; button_text=&#8220;JETZT KAUFEN&#8220; button_alignment=&#8220;center&#8220; _builder_version=&#8220;4.27.4&#8243; _module_preset=&#8220;default&#8220; background_layout=&#8220;dark&#8220; global_colors_info=&#8220;{}&#8220;][\/et_pb_button][\/et_pb_column][et_pb_column type=&#8220;1_3&#8243; _builder_version=&#8220;4.16&#8243; _module_preset=&#8220;default&#8220; global_colors_info=&#8220;{}&#8220;][et_pb_text _builder_version=&#8220;4.27.4&#8243; _module_preset=&#8220;default&#8220; header_font=&#8220;|700||on|||||&#8220; header_text_color=&#8220;#000000&#8243; header_font_size=&#8220;45px&#8220; global_colors_info=&#8220;{}&#8220;]<\/p>\n<h4 style=\"text-align: center;\">IRF26 3-TAGE-TICKET MIT VOLLEM ZUGANG<\/h4>\n<h1 style=\"text-align: center;\">\u20ac 101,-<\/h1>\n<h6 style=\"text-align: center;\">Preis bei der Veranstaltung \u20ac 125,-<\/h6>\n<p>[\/et_pb_text][et_pb_button button_url=&#8220;https:\/\/www.indianridersfest.eu\/product\/irf26-3-day-full-access-ticket\/&#8220; button_text=&#8220;JETZT KAUFEN&#8220; button_alignment=&#8220;center&#8220; _builder_version=&#8220;4.27.4&#8243; _module_preset=&#8220;default&#8220; background_layout=&#8220;dark&#8220; global_colors_info=&#8220;{}&#8220;][\/et_pb_button][\/et_pb_column][\/et_pb_row][et_pb_row column_structure=&#8220;1_3,1_3,1_3&#8243; disabled_on=&#8220;on|on|off&#8220; _builder_version=&#8220;4.27.5&#8243; _module_preset=&#8220;default&#8220; background_color=&#8220;#ffffff&#8220; width=&#8220;85%&#8220; custom_margin=&#8220;0px||0px||false|false&#8220; custom_padding=&#8220;10px|20px|10px|20px|false|true&#8220; border_width_bottom=&#8220;2px&#8220; border_color_bottom=&#8220;#eee&#8220; global_colors_info=&#8220;{}&#8220;][et_pb_column type=&#8220;1_3&#8243; _builder_version=&#8220;4.16&#8243; _module_preset=&#8220;default&#8220; global_colors_info=&#8220;{}&#8220;][et_pb_text _builder_version=&#8220;4.27.4&#8243; _module_preset=&#8220;default&#8220; header_text_align=&#8220;left&#8220; header_3_text_align=&#8220;center&#8220; header_3_text_color=&#8220;#000000&#8243; header_3_font_size=&#8220;17px&#8220; header_3_line_height=&#8220;1em&#8220; custom_margin=&#8220;13px||||false|false&#8220; global_colors_info=&#8220;{}&#8220;]<\/p>\n<h3 style=\"text-align: left;\">IRF26 Sonderausgabe T-Shirt<\/h3>\n<p>(Wert \u20ac 30,-)<\/p>\n<p>[\/et_pb_text][\/et_pb_column][et_pb_column type=&#8220;1_3&#8243; _builder_version=&#8220;4.16&#8243; _module_preset=&#8220;default&#8220; global_colors_info=&#8220;{}&#8220;][et_pb_blurb use_icon=&#8220;on&#8220; font_icon=&#8220;&#xe052;||divi||400&#8243; icon_color=&#8220;gcid-19971d96-3479-4c40-bcdd-c48c90f20279&#8243; image_icon_width=&#8220;36px&#8220; _builder_version=&#8220;4.27.0&#8243; _module_preset=&#8220;default&#8220; animation=&#8220;off&#8220; icon_font_size=&#8220;36px&#8220; global_colors_info=&#8220;{%22gcid-19971d96-3479-4c40-bcdd-c48c90f20279%22:%91%22icon_color%22%93}&#8220;][\/et_pb_blurb][\/et_pb_column][et_pb_column type=&#8220;1_3&#8243; _builder_version=&#8220;4.16&#8243; _module_preset=&#8220;default&#8220; global_colors_info=&#8220;{}&#8220;][et_pb_blurb use_icon=&#8220;on&#8220; font_icon=&#8220;&#xe051;||divi||400&#8243; icon_color=&#8220;gcid-9a056e6f-17f9-41df-9c4f-b1c9840089a4&#8243; image_icon_width=&#8220;36px&#8220; _builder_version=&#8220;4.27.0&#8243; _module_preset=&#8220;default&#8220; animation=&#8220;off&#8220; icon_font_size=&#8220;36px&#8220; locked=&#8220;off&#8220; global_colors_info=&#8220;{%22gcid-9a056e6f-17f9-41df-9c4f-b1c9840089a4%22:%91%22icon_color%22%93}&#8220;][\/et_pb_blurb][\/et_pb_column][\/et_pb_row][et_pb_row column_structure=&#8220;1_3,1_3,1_3&#8243; disabled_on=&#8220;on|on|off&#8220; _builder_version=&#8220;4.27.5&#8243; _module_preset=&#8220;default&#8220; background_color=&#8220;#ffffff&#8220; width=&#8220;85%&#8220; custom_margin=&#8220;0px||0px||false|false&#8220; custom_padding=&#8220;10px|20px|10px|20px|false|true&#8220; border_width_bottom=&#8220;2px&#8220; border_color_bottom=&#8220;#eee&#8220; global_colors_info=&#8220;{}&#8220;][et_pb_column type=&#8220;1_3&#8243; _builder_version=&#8220;4.16&#8243; _module_preset=&#8220;default&#8220; global_colors_info=&#8220;{}&#8220;][et_pb_text _builder_version=&#8220;4.27.4&#8243; _module_preset=&#8220;default&#8220; header_text_align=&#8220;left&#8220; header_3_text_align=&#8220;center&#8220; header_3_text_color=&#8220;#000000&#8243; header_3_font_size=&#8220;17px&#8220; header_3_line_height=&#8220;1em&#8220; custom_margin=&#8220;13px||||false|false&#8220; global_colors_info=&#8220;{}&#8220;]<\/p>\n<h3 style=\"text-align: left;\"><span><\/span>IRF26 Sonderausgabe Aufn\u00e4her<\/h3>\n<p>(Wert \u20ac 8,-)<\/p>\n<p>[\/et_pb_text][\/et_pb_column][et_pb_column type=&#8220;1_3&#8243; _builder_version=&#8220;4.16&#8243; _module_preset=&#8220;default&#8220; global_colors_info=&#8220;{}&#8220;][et_pb_blurb use_icon=&#8220;on&#8220; font_icon=&#8220;&#xe052;||divi||400&#8243; icon_color=&#8220;gcid-19971d96-3479-4c40-bcdd-c48c90f20279&#8243; image_icon_width=&#8220;36px&#8220; _builder_version=&#8220;4.27.0&#8243; _module_preset=&#8220;default&#8220; animation=&#8220;off&#8220; icon_font_size=&#8220;36px&#8220; global_colors_info=&#8220;{%22gcid-19971d96-3479-4c40-bcdd-c48c90f20279%22:%91%22icon_color%22%93}&#8220;][\/et_pb_blurb][\/et_pb_column][et_pb_column type=&#8220;1_3&#8243; _builder_version=&#8220;4.16&#8243; _module_preset=&#8220;default&#8220; global_colors_info=&#8220;{}&#8220;][et_pb_blurb use_icon=&#8220;on&#8220; font_icon=&#8220;&#xe051;||divi||400&#8243; icon_color=&#8220;gcid-9a056e6f-17f9-41df-9c4f-b1c9840089a4&#8243; image_icon_width=&#8220;36px&#8220; _builder_version=&#8220;4.27.0&#8243; _module_preset=&#8220;default&#8220; animation=&#8220;off&#8220; icon_font_size=&#8220;36px&#8220; locked=&#8220;off&#8220; global_colors_info=&#8220;{%22gcid-9a056e6f-17f9-41df-9c4f-b1c9840089a4%22:%91%22icon_color%22%93}&#8220;][\/et_pb_blurb][\/et_pb_column][\/et_pb_row][et_pb_row column_structure=&#8220;1_3,1_3,1_3&#8243; disabled_on=&#8220;on|on|off&#8220; _builder_version=&#8220;4.27.5&#8243; _module_preset=&#8220;default&#8220; background_color=&#8220;#ffffff&#8220; width=&#8220;85%&#8220; custom_margin=&#8220;0px||0px||false|false&#8220; custom_padding=&#8220;10px|20px|10px|20px|false|true&#8220; border_width_bottom=&#8220;2px&#8220; border_color_bottom=&#8220;#eee&#8220; global_colors_info=&#8220;{}&#8220;][et_pb_column type=&#8220;1_3&#8243; _builder_version=&#8220;4.16&#8243; _module_preset=&#8220;default&#8220; global_colors_info=&#8220;{}&#8220;][et_pb_text _builder_version=&#8220;4.27.4&#8243; _module_preset=&#8220;default&#8220; header_text_align=&#8220;left&#8220; header_3_text_align=&#8220;center&#8220; header_3_text_color=&#8220;#000000&#8243; header_3_font_size=&#8220;17px&#8220; header_3_line_height=&#8220;1em&#8220; custom_margin=&#8220;13px||||false|false&#8220; global_colors_info=&#8220;{}&#8220;]<\/p>\n<h3 style=\"text-align: left;\"><span><\/span>IRF26 Sonderausgabe Baumwolltasche mit Branding<\/h3>\n<p>(Wert \u20ac 10,-)<\/p>\n<p>[\/et_pb_text][\/et_pb_column][et_pb_column type=&#8220;1_3&#8243; _builder_version=&#8220;4.16&#8243; _module_preset=&#8220;default&#8220; global_colors_info=&#8220;{}&#8220;][et_pb_blurb use_icon=&#8220;on&#8220; font_icon=&#8220;&#xe052;||divi||400&#8243; icon_color=&#8220;gcid-19971d96-3479-4c40-bcdd-c48c90f20279&#8243; image_icon_width=&#8220;36px&#8220; _builder_version=&#8220;4.27.0&#8243; _module_preset=&#8220;default&#8220; animation=&#8220;off&#8220; icon_font_size=&#8220;36px&#8220; global_colors_info=&#8220;{%22gcid-19971d96-3479-4c40-bcdd-c48c90f20279%22:%91%22icon_color%22%93}&#8220;][\/et_pb_blurb][\/et_pb_column][et_pb_column type=&#8220;1_3&#8243; _builder_version=&#8220;4.16&#8243; _module_preset=&#8220;default&#8220; global_colors_info=&#8220;{}&#8220;][et_pb_blurb use_icon=&#8220;on&#8220; font_icon=&#8220;&#xe051;||divi||400&#8243; icon_color=&#8220;gcid-9a056e6f-17f9-41df-9c4f-b1c9840089a4&#8243; image_icon_width=&#8220;36px&#8220; _builder_version=&#8220;4.27.0&#8243; _module_preset=&#8220;default&#8220; animation=&#8220;off&#8220; icon_font_size=&#8220;36px&#8220; locked=&#8220;off&#8220; global_colors_info=&#8220;{%22gcid-9a056e6f-17f9-41df-9c4f-b1c9840089a4%22:%91%22icon_color%22%93}&#8220;][\/et_pb_blurb][\/et_pb_column][\/et_pb_row][et_pb_row column_structure=&#8220;1_3,1_3,1_3&#8243; disabled_on=&#8220;on|on|off&#8220; _builder_version=&#8220;4.27.5&#8243; _module_preset=&#8220;default&#8220; background_color=&#8220;#ffffff&#8220; width=&#8220;85%&#8220; custom_margin=&#8220;0px||0px||false|false&#8220; custom_padding=&#8220;10px|20px|10px|20px|false|true&#8220; border_width_bottom=&#8220;2px&#8220; border_color_bottom=&#8220;#eee&#8220; global_colors_info=&#8220;{}&#8220;][et_pb_column type=&#8220;1_3&#8243; _builder_version=&#8220;4.16&#8243; _module_preset=&#8220;default&#8220; global_colors_info=&#8220;{}&#8220;][et_pb_text _builder_version=&#8220;4.27.4&#8243; _module_preset=&#8220;default&#8220; header_text_align=&#8220;left&#8220; header_3_text_align=&#8220;center&#8220; header_3_text_color=&#8220;#000000&#8243; header_3_font_size=&#8220;17px&#8220; header_3_line_height=&#8220;1em&#8220; custom_margin=&#8220;13px||||false|false&#8220; global_colors_info=&#8220;{}&#8220;]<\/p>\n<h3 style=\"text-align: left;\"><span><\/span>Partner Leckereien<\/h3>\n<p>&nbsp;<\/p>\n<p>[\/et_pb_text][\/et_pb_column][et_pb_column type=&#8220;1_3&#8243; _builder_version=&#8220;4.16&#8243; _module_preset=&#8220;default&#8220; global_colors_info=&#8220;{}&#8220;][et_pb_blurb use_icon=&#8220;on&#8220; font_icon=&#8220;&#xe052;||divi||400&#8243; icon_color=&#8220;gcid-19971d96-3479-4c40-bcdd-c48c90f20279&#8243; image_icon_width=&#8220;36px&#8220; _builder_version=&#8220;4.27.0&#8243; _module_preset=&#8220;default&#8220; animation=&#8220;off&#8220; icon_font_size=&#8220;36px&#8220; global_colors_info=&#8220;{%22gcid-19971d96-3479-4c40-bcdd-c48c90f20279%22:%91%22icon_color%22%93}&#8220;][\/et_pb_blurb][\/et_pb_column][et_pb_column type=&#8220;1_3&#8243; _builder_version=&#8220;4.16&#8243; _module_preset=&#8220;default&#8220; global_colors_info=&#8220;{}&#8220;][et_pb_blurb use_icon=&#8220;on&#8220; font_icon=&#8220;&#xe051;||divi||400&#8243; icon_color=&#8220;gcid-9a056e6f-17f9-41df-9c4f-b1c9840089a4&#8243; image_icon_width=&#8220;36px&#8220; _builder_version=&#8220;4.27.0&#8243; _module_preset=&#8220;default&#8220; animation=&#8220;off&#8220; icon_font_size=&#8220;36px&#8220; locked=&#8220;off&#8220; global_colors_info=&#8220;{%22gcid-9a056e6f-17f9-41df-9c4f-b1c9840089a4%22:%91%22icon_color%22%93}&#8220;][\/et_pb_blurb][\/et_pb_column][\/et_pb_row][et_pb_row column_structure=&#8220;1_3,1_3,1_3&#8243; disabled_on=&#8220;on|on|off&#8220; _builder_version=&#8220;4.27.5&#8243; _module_preset=&#8220;default&#8220; background_color=&#8220;#ffffff&#8220; width=&#8220;85%&#8220; custom_margin=&#8220;0px||0px||false|false&#8220; custom_padding=&#8220;10px|20px|10px|20px|false|true&#8220; border_width_bottom=&#8220;2px&#8220; border_color_bottom=&#8220;#eee&#8220; global_colors_info=&#8220;{}&#8220;][et_pb_column type=&#8220;1_3&#8243; _builder_version=&#8220;4.16&#8243; _module_preset=&#8220;default&#8220; global_colors_info=&#8220;{}&#8220;][et_pb_text _builder_version=&#8220;4.27.5&#8243; _module_preset=&#8220;default&#8220; header_text_align=&#8220;left&#8220; header_3_text_align=&#8220;center&#8220; header_3_text_color=&#8220;#000000&#8243; header_3_font_size=&#8220;17px&#8220; header_3_line_height=&#8220;1em&#8220; custom_margin=&#8220;13px||||false|false&#8220; global_colors_info=&#8220;{}&#8220;]<\/p>\n<h3 style=\"text-align: left;\">Gesichertes Parken <span>rund um die Uhr <\/span><\/h3>\n<p>[\/et_pb_text][\/et_pb_column][et_pb_column type=&#8220;1_3&#8243; _builder_version=&#8220;4.16&#8243; _module_preset=&#8220;default&#8220; global_colors_info=&#8220;{}&#8220;][et_pb_blurb use_icon=&#8220;on&#8220; font_icon=&#8220;&#xe052;||divi||400&#8243; icon_color=&#8220;gcid-19971d96-3479-4c40-bcdd-c48c90f20279&#8243; image_icon_width=&#8220;36px&#8220; _builder_version=&#8220;4.27.0&#8243; _module_preset=&#8220;default&#8220; animation=&#8220;off&#8220; icon_font_size=&#8220;36px&#8220; global_colors_info=&#8220;{%22gcid-19971d96-3479-4c40-bcdd-c48c90f20279%22:%91%22icon_color%22%93}&#8220;][\/et_pb_blurb][\/et_pb_column][et_pb_column type=&#8220;1_3&#8243; _builder_version=&#8220;4.16&#8243; _module_preset=&#8220;default&#8220; global_colors_info=&#8220;{}&#8220;][et_pb_blurb use_icon=&#8220;on&#8220; font_icon=&#8220;&#xe052;||divi||400&#8243; icon_color=&#8220;gcid-19971d96-3479-4c40-bcdd-c48c90f20279&#8243; image_icon_width=&#8220;36px&#8220; _builder_version=&#8220;4.27.0&#8243; _module_preset=&#8220;default&#8220; animation=&#8220;off&#8220; icon_font_size=&#8220;36px&#8220; global_colors_info=&#8220;{%22gcid-19971d96-3479-4c40-bcdd-c48c90f20279%22:%91%22icon_color%22%93}&#8220;][\/et_pb_blurb][\/et_pb_column][\/et_pb_row][et_pb_row disabled_on=&#8220;on|on|off&#8220; _builder_version=&#8220;4.27.0&#8243; _module_preset=&#8220;default&#8220; background_color=&#8220;#ffffff&#8220; width=&#8220;85%&#8220; custom_margin=&#8220;0px||0px||false|false&#8220; custom_padding=&#8220;10px|20px|20px|20px|false|true&#8220; border_width_bottom=&#8220;2px&#8220; border_color_bottom=&#8220;#eee&#8220; global_colors_info=&#8220;{}&#8220;][et_pb_column type=&#8220;4_4&#8243; _builder_version=&#8220;4.16&#8243; _module_preset=&#8220;default&#8220; global_colors_info=&#8220;{}&#8220;][et_pb_text _builder_version=&#8220;4.27.4&#8243; _module_preset=&#8220;default&#8220; text_font_size=&#8220;16px&#8220; header_3_font=&#8220;|600|||||||&#8220; header_3_text_align=&#8220;center&#8220; header_3_text_color=&#8220;#000000&#8243; header_3_font_size=&#8220;17px&#8220; custom_margin=&#8220;13px||||false|false&#8220; global_colors_info=&#8220;{}&#8220;]<\/p>\n<h2 style=\"text-align: left;\">In allen IRF26-Tickets inbegriffen:<\/h2>\n<ul>\n<li>1x IRF26 Veranstaltungsarmband f\u00fcr Reiter\/Teilnehmer.<\/li>\n<li>1x IRF26 Access Tag Motorrad (einer pro Motorrad).<\/li>\n<li>1x IRF26 NFCtron ID-Armband f\u00fcr bargeldlose Transaktionen an allen Food &amp; Beverage St\u00e4nden.<\/li>\n<li>Teilnahme an der Legendary Parade Ride am Samstag 20.06<\/li>\n<li>Gewinnen Sie ein neues Custom Indian Motorcycle und mehr mit der IRF26 Lotterie! (Lotterielose werden separat verkauft). <\/li>\n<li>Karte mit vorbereiteten Ausritten rund um die Region Lipno.<\/li>\n<li>&#8222;Ladies First&#8220; Vorrangige Platzierung bei der Paradefahrt exklusiv f\u00fcr Indian Motorcycle Fahrerinnen.<\/li>\n<li>Kostenloses alkoholfreies Getr\u00e4nk vor der Paradefahrt.<\/li>\n<li>Ununterbrochenes, gesichertes und bewachtes Parken in speziellen Bereichen.<\/li>\n<li>Probefahrten mit Indian Motorcycles (Anmeldung erforderlich).<\/li>\n<li>Indian Beach Lounge Bar.<\/li>\n<li>Zugang zur Aussteller- und Food &amp; Beverage-Zone<\/li>\n<li>Alle Live-Konzerte und DJ-Shows.<\/li>\n<li>Budweis Indian Motorcycle Custom Bike Show.<\/li>\n<li>Kostenlose Teilnahme an den IMRG Riders Awards.<\/li>\n<\/ul>\n<p>[\/et_pb_text][\/et_pb_column][\/et_pb_row][et_pb_row _builder_version=&#8220;4.27.0&#8243; _module_preset=&#8220;default&#8220; width=&#8220;85%&#8220; module_alignment=&#8220;center&#8220; custom_margin=&#8220;0px||0px||false|false&#8220; custom_padding=&#8220;0px||0px||false|false&#8220; global_colors_info=&#8220;{}&#8220;][et_pb_column type=&#8220;4_4&#8243; _builder_version=&#8220;4.27.0&#8243; _module_preset=&#8220;default&#8220; global_colors_info=&#8220;{}&#8220;][et_pb_cta title=&#8220;Buchen Sie Ihre IRF26 Tickets!  &#8220; button_url=&#8220;https:\/\/www.indianridersfest.eu\/shop\/&#8220; button_text=&#8220;JETZT KAUFEN&#8220; _builder_version=&#8220;4.27.4&#8243; _module_preset=&#8220;default&#8220; custom_button=&#8220;on&#8220; button_text_color=&#8220;#000000&#8243; button_bg_color=&#8220;#FFFFFF&#8220; button_font=&#8220;&#8211;et_global_heading_font|||on|||||&#8220; button_use_icon=&#8220;off&#8220; global_colors_info=&#8220;{}&#8220;]<\/p>\n<p style=\"text-align: center;\"><strong>Verpassen Sie nicht die IRF26! Sichern Sie sich jetzt Ihr Ticket und seien Sie Teil des ultimativen Reitererlebnisses. Sichern Sie sich Ihr Ticket noch heute!  <\/strong><\/p>\n<p>[\/et_pb_cta][\/et_pb_column][\/et_pb_row][\/et_pb_section]<\/p>\n","protected":false},"excerpt":{"rendered":"<p>IRF26 Tickets VergleichF\u00fcr das IRF26 haben Sie die Wahl zwischen zwei Ticketoptionen. Genie\u00dfen Sie tolle Festivalvorteile mit dem IRF26 Riders Pack, oder entscheiden Sie sich f\u00fcr den vollen Zugang zum Event mit dem IRF26 3-Tages-Ticket f\u00fcr den vollen Zugang. Bitte beachten Sie, dass jedes Ticket f\u00fcr den individuellen Gebrauch bestimmt ist. W\u00e4hlen Sie die Option, [&hellip;]<\/p>\n","protected":false},"author":1,"featured_media":0,"parent":0,"menu_order":0,"comment_status":"closed","ping_status":"closed","template":"","meta":{"_et_pb_use_builder":"on","_et_pb_old_content":"","_et_gb_content_width":"","footnotes":""},"class_list":["post-104640","page","type-page","status-publish","hentry"],"_links":{"self":[{"href":"https:\/\/www.indianridersfest.eu\/de\/wp-json\/wp\/v2\/pages\/104640","targetHints":{"allow":["GET"]}}],"collection":[{"href":"https:\/\/www.indianridersfest.eu\/de\/wp-json\/wp\/v2\/pages"}],"about":[{"href":"https:\/\/www.indianridersfest.eu\/de\/wp-json\/wp\/v2\/types\/page"}],"author":[{"embeddable":true,"href":"https:\/\/www.indianridersfest.eu\/de\/wp-json\/wp\/v2\/users\/1"}],"replies":[{"embeddable":true,"href":"https:\/\/www.indianridersfest.eu\/de\/wp-json\/wp\/v2\/comments?post=104640"}],"version-history":[{"count":52,"href":"https:\/\/www.indianridersfest.eu\/de\/wp-json\/wp\/v2\/pages\/104640\/revisions"}],"predecessor-version":[{"id":113232,"href":"https:\/\/www.indianridersfest.eu\/de\/wp-json\/wp\/v2\/pages\/104640\/revisions\/113232"}],"wp:attachment":[{"href":"https:\/\/www.indianridersfest.eu\/de\/wp-json\/wp\/v2\/media?parent=104640"}],"curies":[{"name":"wp","href":"https:\/\/api.w.org\/{rel}","templated":true}]}}