{"id":104633,"date":"2020-05-14T08:49:32","date_gmt":"2020-05-14T06:49:32","guid":{"rendered":"https:\/\/www.indianridersfest.eu\/kontaktieren-sie-uns\/"},"modified":"2026-01-14T10:33:24","modified_gmt":"2026-01-14T09:33:24","slug":"contact-us","status":"publish","type":"page","link":"https:\/\/www.indianridersfest.eu\/de\/contact-us\/","title":{"rendered":"Kontaktieren Sie uns"},"content":{"rendered":"<p>[et_pb_section fb_built=&#8220;1&#8243; _builder_version=&#8220;4.27.0&#8243; _module_preset=&#8220;default&#8220; background_enable_color=&#8220;off&#8220; background_image=&#8220;http:\/\/www.indianridersfest.eu\/wp-content\/uploads\/2024\/09\/Contact-Header-01.jpg&#8220; custom_margin=&#8220;0px||0px||false|false&#8220; custom_padding=&#8220;||||false|false&#8220; global_colors_info=&#8220;{}&#8220;][et_pb_row _builder_version=&#8220;4.27.0&#8243; _module_preset=&#8220;default&#8220; width=&#8220;85%&#8220; custom_margin=&#8220;25px||25px||false|false&#8220; custom_margin_tablet=&#8220;25px||25px||false|false&#8220; custom_margin_phone=&#8220;25px||25px||false|false&#8220; custom_margin_last_edited=&#8220;on|phone&#8220; custom_padding=&#8220;0px||0px||false|false&#8220; global_colors_info=&#8220;{}&#8220;][et_pb_column type=&#8220;4_4&#8243; _builder_version=&#8220;4.16&#8243; _module_preset=&#8220;default&#8220; global_colors_info=&#8220;{}&#8220;][et_pb_text _builder_version=&#8220;4.27.0&#8243; _module_preset=&#8220;default&#8220; header_3_font=&#8220;|700|||||||&#8220; header_3_text_color=&#8220;#FFFFFF&#8220; header_3_font_size=&#8220;25px&#8220; custom_margin=&#8220;||5px||false|false&#8220; text_font_size_tablet=&#8220;&#8220; text_font_size_phone=&#8220;9px&#8220; text_font_size_last_edited=&#8220;on|phone&#8220; global_colors_info=&#8220;{}&#8220;]<\/p>\n<h3>IRF25 | KONTAKT<\/h3>\n<p>[\/et_pb_text][\/et_pb_column][\/et_pb_row][\/et_pb_section][et_pb_section fb_built=&#8220;1&#8243; _builder_version=&#8220;4.16&#8243; custom_padding=&#8220;0px||0px|||&#8220; global_colors_info=&#8220;{}&#8220;][et_pb_row column_structure=&#8220;1_3,1_3,1_3&#8243; _builder_version=&#8220;4.27.0&#8243; width=&#8220;85%&#8220; global_colors_info=&#8220;{}&#8220;][et_pb_column type=&#8220;1_3&#8243; module_class=&#8220;molti-column&#8220; _builder_version=&#8220;4.16&#8243; hover_enabled=&#8220;1&#8243; box_shadow_style=&#8220;preset1&#8243; box_shadow_vertical=&#8220;0px&#8220; box_shadow_blur=&#8220;0px&#8220; box_shadow_color=&#8220;rgba(0,0,0,0.04)&#8220; global_colors_info=&#8220;{}&#8220; box_shadow_vertical__hover=&#8220;15px&#8220; box_shadow_vertical__hover_enabled=&#8220;on|hover&#8220; box_shadow_blur__hover=&#8220;30px&#8220; box_shadow_blur__hover_enabled=&#8220;on|desktop&#8220; transform_styles__hover_enabled=&#8220;on|hover&#8220; transform_scale__hover_enabled=&#8220;on|hover&#8220; transform_translate__hover_enabled=&#8220;on|desktop&#8220; transform_rotate__hover_enabled=&#8220;on|desktop&#8220; transform_skew__hover_enabled=&#8220;on|desktop&#8220; transform_origin__hover_enabled=&#8220;on|desktop&#8220; transform_scale__hover=&#8220;105%|105%&#8220;][et_pb_blurb title=&#8220;\u00d6FFNUNGSZEITEN IRF26&#8243; use_icon=&#8220;on&#8220; font_icon=&#8220;&#xf017;||fa||900&#8243; image_icon_width=&#8220;200%&#8220; _builder_version=&#8220;4.27.5&#8243; header_font=&#8220;|700||on|||||&#8220; header_text_align=&#8220;center&#8220; body_text_align=&#8220;left&#8220; text_orientation=&#8220;center&#8220; custom_margin=&#8220;0px|0px|0px|0px|false|false&#8220; custom_padding=&#8220;0px|0px|0px|0px|true|true&#8220; animation=&#8220;off&#8220; hover_enabled=&#8220;0&#8243; image_max_width=&#8220;17%&#8220; global_colors_info=&#8220;{}&#8220; sticky_enabled=&#8220;0&#8243;]<\/p>\n<p style=\"text-align: center;\">Donnerstag, 18.06.: 10:00 \u2013 02:00 Uhr<br \/>Freitag, 19.06.: 09:00 \u2013 02:00 Uhr<br \/>Samstag, 20.06.: 09:00 \u2013 01:00 Uhr<\/p>\n<p>[\/et_pb_blurb][\/et_pb_column][et_pb_column type=&#8220;1_3&#8243; _builder_version=&#8220;4.27.0&#8243; _module_preset=&#8220;default&#8220; global_colors_info=&#8220;{}&#8220;][et_pb_blurb title=&#8220;IRF26 STANDORT&#8220; use_icon=&#8220;on&#8220; font_icon=&#8220;&#xf0ac;||fa||900&#8243; image_icon_width=&#8220;200%&#8220; _builder_version=&#8220;4.27.4&#8243; header_font=&#8220;|700||on|||||&#8220; header_text_align=&#8220;center&#8220; body_text_align=&#8220;left&#8220; text_orientation=&#8220;center&#8220; custom_margin=&#8220;0px|0px|0px|0px|false|false&#8220; custom_padding=&#8220;0px|0px|0px|0px|true|true&#8220; animation=&#8220;off&#8220; image_max_width=&#8220;17%&#8220; global_colors_info=&#8220;{}&#8220;]<\/p>\n<p style=\"text-align: center;\">Indian Riders Fest X Lipno<br \/>Slupe\u010dn\u00e1 100<br \/>382 78 Lipno nad Vltavou<\/p>\n<p>[\/et_pb_blurb][\/et_pb_column][et_pb_column type=&#8220;1_3&#8243; module_class=&#8220;molti-column&#8220; _builder_version=&#8220;4.16&#8243; box_shadow_style=&#8220;preset1&#8243; box_shadow_vertical=&#8220;0px&#8220; box_shadow_blur=&#8220;0px&#8220; box_shadow_color=&#8220;rgba(0,0,0,0.04)&#8220; global_colors_info=&#8220;{}&#8220; box_shadow_vertical__hover=&#8220;15px&#8220; box_shadow_vertical__hover_enabled=&#8220;on|hover&#8220; box_shadow_blur__hover=&#8220;30px&#8220; box_shadow_blur__hover_enabled=&#8220;on|desktop&#8220; transform_styles__hover_enabled=&#8220;on|hover&#8220; transform_scale__hover_enabled=&#8220;on|hover&#8220; transform_translate__hover_enabled=&#8220;on|desktop&#8220; transform_rotate__hover_enabled=&#8220;on|desktop&#8220; transform_skew__hover_enabled=&#8220;on|desktop&#8220; transform_origin__hover_enabled=&#8220;on|desktop&#8220; transform_scale__hover=&#8220;105%|105%&#8220;][et_pb_blurb title=&#8220;IRF26 SOZIALE MEDIEN  &#8220; use_icon=&#8220;on&#8220; font_icon=&#8220;&#xf017;||fa||900&#8243; image_icon_width=&#8220;200%&#8220; _builder_version=&#8220;4.27.4&#8243; header_font=&#8220;|700||on|||||&#8220; header_text_align=&#8220;center&#8220; body_text_align=&#8220;left&#8220; text_orientation=&#8220;center&#8220; custom_margin=&#8220;0px|0px|0px|0px|false|false&#8220; custom_padding=&#8220;0px|0px|0px|0px|true|true&#8220; animation=&#8220;off&#8220; image_max_width=&#8220;17%&#8220; global_colors_info=&#8220;{}&#8220;]<\/p>\n<p style=\"text-align: center;\">Folgen Sie uns auf den sozialen Medien f\u00fcr die neuesten Nachrichten und Updates \u00fcber IRF26 Special Edition 125th Indian Motorcycle Anniversary.<\/p>\n<p>[\/et_pb_blurb][et_pb_social_media_follow icon_color=&#8220;#000000&#8243; icon_font_size_tablet=&#8220;15px&#8220; icon_font_size_phone=&#8220;15px&#8220; icon_font_size_last_edited=&#8220;on|desktop&#8220; _builder_version=&#8220;4.27.0&#8243; _module_preset=&#8220;default&#8220; text_orientation=&#8220;center&#8220; custom_margin=&#8220;10px||||false|false&#8220; text_orientation_tablet=&#8220;&#8220; text_orientation_phone=&#8220;center&#8220; text_orientation_last_edited=&#8220;on|phone&#8220; border_radii=&#8220;on|100px|100px|100px|100px&#8220; global_colors_info=&#8220;{}&#8220;][et_pb_social_media_follow_network social_network=&#8220;facebook&#8220; url=&#8220;https:\/\/www.facebook.com\/IndianRidersFestCZ\/&#8220; icon_color=&#8220;gcid-dc0cfd9c-b543-4a45-b2b5-b82e615783cd&#8220; _builder_version=&#8220;4.27.0&#8243; _module_preset=&#8220;default&#8220; background_color=&#8220;gcid-primary-color&#8220; background_enable_color=&#8220;on&#8220; global_colors_info=&#8220;{%22gcid-dc0cfd9c-b543-4a45-b2b5-b82e615783cd%22:%91%22icon_color%22%93,%22gcid-primary-color%22:%91%22background_color%22%93}&#8220; transform_styles__hover_enabled=&#8220;on|desktop&#8220; transform_scale__hover_enabled=&#8220;on|desktop&#8220; transform_translate__hover_enabled=&#8220;on|desktop&#8220; transform_rotate__hover_enabled=&#8220;on|desktop&#8220; transform_skew__hover_enabled=&#8220;on|desktop&#8220; transform_origin__hover_enabled=&#8220;on|desktop&#8220; transform_scale__hover=&#8220;125%|125%&#8220; follow_button=&#8220;off&#8220; url_new_window=&#8220;on&#8220;]facebook[\/et_pb_social_media_follow_network][et_pb_social_media_follow_network social_network=&#8220;youtube&#8220; url=&#8220;https:\/\/www.youtube.com\/@indianridersfest&#8220; icon_color=&#8220;#FFFFFF&#8220; _builder_version=&#8220;4.27.0&#8243; _module_preset=&#8220;default&#8220; background_color=&#8220;gcid-primary-color&#8220; background_enable_color=&#8220;on&#8220; global_colors_info=&#8220;{%22gcid-primary-color%22:%91%22background_color%22%93}&#8220; follow_button=&#8220;off&#8220; url_new_window=&#8220;on&#8220;]youtube[\/et_pb_social_media_follow_network][et_pb_social_media_follow_network social_network=&#8220;instagram&#8220; url=&#8220;https:\/\/www.instagram.com\/indianridersfest\/&#8220; icon_color=&#8220;#FFFFFF&#8220; _builder_version=&#8220;4.27.0&#8243; _module_preset=&#8220;default&#8220; background_color=&#8220;gcid-primary-color&#8220; background_enable_color=&#8220;on&#8220; global_colors_info=&#8220;{%22gcid-primary-color%22:%91%22background_color%22%93}&#8220; transform_styles__hover_enabled=&#8220;on|desktop&#8220; transform_scale__hover_enabled=&#8220;on|desktop&#8220; transform_translate__hover_enabled=&#8220;on|desktop&#8220; transform_rotate__hover_enabled=&#8220;on|desktop&#8220; transform_skew__hover_enabled=&#8220;on|desktop&#8220; transform_origin__hover_enabled=&#8220;on|desktop&#8220; transform_scale__hover=&#8220;125%|125%&#8220; follow_button=&#8220;off&#8220; url_new_window=&#8220;on&#8220;]instagram[\/et_pb_social_media_follow_network][\/et_pb_social_media_follow][\/et_pb_column][\/et_pb_row][\/et_pb_section][et_pb_section fb_built=&#8220;1&#8243; _builder_version=&#8220;4.27.0&#8243; custom_padding=&#8220;0px|0px|0px|0px|false|false&#8220; global_colors_info=&#8220;{}&#8220;][et_pb_row column_structure=&#8220;1_2,1_2&#8243; _builder_version=&#8220;4.27.0&#8243; width=&#8220;85%&#8220; global_colors_info=&#8220;{}&#8220;][et_pb_column type=&#8220;1_2&#8243; _builder_version=&#8220;4.27.0&#8243; global_colors_info=&#8220;{}&#8220;][et_pb_text module_class=&#8220;molti-text-before-contact-form&#8220; _builder_version=&#8220;4.27.0&#8243; header_font=&#8220;|600|||||||&#8220; header_font_size=&#8220;35px&#8220; header_5_font=&#8220;|700||on|||||&#8220; header_5_font_size=&#8220;11px&#8220; text_orientation=&#8220;center&#8220; module_alignment=&#8220;left&#8220; text_font_size_tablet=&#8220;&#8220; text_font_size_phone=&#8220;14px&#8220; text_font_size_last_edited=&#8220;on|phone&#8220; header_font_size_tablet=&#8220;&#8220; header_font_size_phone=&#8220;25px&#8220; header_font_size_last_edited=&#8220;on|phone&#8220; global_colors_info=&#8220;{}&#8220;]<\/p>\n<h2 style=\"text-align: left;\">LASSEN SIE UNS WISSEN, WIE WIR IHNEN HELFEN K\u00d6NNEN<\/h2>\n<p style=\"text-align: left;\">Wir sind f\u00fcr Sie da! F\u00fcllen Sie das untenstehende Formular mit Ihren Fragen zur Veranstaltung aus. Unser Team wird Ihnen umgehend helfen und daf\u00fcr sorgen, dass alle Ihre Anliegen ber\u00fccksichtigt werden. Wir freuen uns darauf, von Ihnen zu h\u00f6ren!   <\/p>\n<p>[\/et_pb_text][wpforms_selector form_id=&#8220;100328&#8243; _builder_version=&#8220;4.27.0&#8243; _module_preset=&#8220;default&#8220; width=&#8220;100%&#8220; max_width=&#8220;1300%&#8220; module_alignment=&#8220;left&#8220; custom_margin=&#8220;0px|0px|0px|0px|false|false&#8220; custom_padding=&#8220;0px|0px|0px|0px|false|false&#8220; global_colors_info=&#8220;{}&#8220;][\/wpforms_selector][\/et_pb_column][et_pb_column type=&#8220;1_2&#8243; _builder_version=&#8220;4.16&#8243; global_colors_info=&#8220;{}&#8220;][et_pb_image src=&#8220;http:\/\/www.indianridersfest.eu\/wp-content\/uploads\/2025\/06\/Block-01-IRF26.jpg&#8220; alt=&#8220;IRF25 kontaktieren&#8220; title_text=&#8220;Block-01-IRF26&#8243; _builder_version=&#8220;4.27.4&#8243; _module_preset=&#8220;default&#8220; global_colors_info=&#8220;{}&#8220;][\/et_pb_image][\/et_pb_column][\/et_pb_row][\/et_pb_section][et_pb_section fb_built=&#8220;1&#8243; _builder_version=&#8220;4.27.0&#8243; background_enable_color=&#8220;off&#8220; custom_margin=&#8220;0px|0px|0px|0px|false|false&#8220; custom_padding=&#8220;0px|0px|30px|0px|false|false&#8220; global_colors_info=&#8220;{%22gcid-secondary-color%22:%91%22background_color%22%93}&#8220;][et_pb_row _builder_version=&#8220;4.27.0&#8243; _module_preset=&#8220;default&#8220; custom_margin=&#8220;0px||0px||false|false&#8220; custom_padding=&#8220;0px||0px||false|false&#8220; global_colors_info=&#8220;{}&#8220;][et_pb_column type=&#8220;4_4&#8243; _builder_version=&#8220;4.27.0&#8243; _module_preset=&#8220;default&#8220; global_colors_info=&#8220;{}&#8220;][et_pb_text _builder_version=&#8220;4.27.4&#8243; _module_preset=&#8220;default&#8220; global_colors_info=&#8220;{}&#8220;]<\/p>\n<h2>IRF26 NEUER STANDORT: LIPNO NAD VLTAVOU<\/h2>\n<p>[\/et_pb_text][\/et_pb_column][\/et_pb_row][et_pb_row use_custom_gutter=&#8220;on&#8220; gutter_width=&#8220;2&#8243; _builder_version=&#8220;4.27.0&#8243; width=&#8220;85%&#8220; custom_padding=&#8220;6px|||||&#8220; global_colors_info=&#8220;{}&#8220;][et_pb_column type=&#8220;4_4&#8243; _builder_version=&#8220;4.16&#8243; global_colors_info=&#8220;{}&#8220;][et_pb_code _builder_version=&#8220;4.27.4&#8243; _module_preset=&#8220;default&#8220; global_colors_info=&#8220;{}&#8220;]<iframe src=\"https:\/\/www.google.com\/maps\/embed?pb=!1m18!1m12!1m3!1d2618.6635334727075!2d14.458356612808467!3d48.9789289920957!2m3!1f0!2f0!3f0!3m2!1i1024!2i768!4f13.1!3m3!1m2!1s0x47734f09847ca47f%3A0xf888fbdadb96531f!2sIndian%20Riders%20Fest%20%7C%20Budweis!5e0!3m2!1sen!2scz!4v1698821127610!5m2!1sen!2scz\" width=\"100%\" height=\"600\" style=\"border:0;\" allowfullscreen=\"\" loading=\"lazy\" referrerpolicy=\"no-referrer-when-downgrade\"><\/iframe>[\/et_pb_code][\/et_pb_column][\/et_pb_row][\/et_pb_section]<\/p>\n","protected":false},"excerpt":{"rendered":"<p>IRF25 | KONTAKTDonnerstag, 18.06.: 10:00 \u2013 02:00 UhrFreitag, 19.06.: 09:00 \u2013 02:00 UhrSamstag, 20.06.: 09:00 \u2013 01:00 UhrIndian Riders Fest X LipnoSlupe\u010dn\u00e1 100382 78 Lipno nad VltavouFolgen Sie uns auf den sozialen Medien f\u00fcr die neuesten Nachrichten und Updates \u00fcber IRF26 Special Edition 125th Indian Motorcycle Anniversary.LASSEN SIE UNS WISSEN, WIE WIR IHNEN HELFEN K\u00d6NNEN [&hellip;]<\/p>\n","protected":false},"author":1,"featured_media":0,"parent":0,"menu_order":0,"comment_status":"closed","ping_status":"closed","template":"","meta":{"_et_pb_use_builder":"on","_et_pb_old_content":"","_et_gb_content_width":"","footnotes":""},"class_list":["post-104633","page","type-page","status-publish","hentry"],"_links":{"self":[{"href":"https:\/\/www.indianridersfest.eu\/de\/wp-json\/wp\/v2\/pages\/104633","targetHints":{"allow":["GET"]}}],"collection":[{"href":"https:\/\/www.indianridersfest.eu\/de\/wp-json\/wp\/v2\/pages"}],"about":[{"href":"https:\/\/www.indianridersfest.eu\/de\/wp-json\/wp\/v2\/types\/page"}],"author":[{"embeddable":true,"href":"https:\/\/www.indianridersfest.eu\/de\/wp-json\/wp\/v2\/users\/1"}],"replies":[{"embeddable":true,"href":"https:\/\/www.indianridersfest.eu\/de\/wp-json\/wp\/v2\/comments?post=104633"}],"version-history":[{"count":26,"href":"https:\/\/www.indianridersfest.eu\/de\/wp-json\/wp\/v2\/pages\/104633\/revisions"}],"predecessor-version":[{"id":113060,"href":"https:\/\/www.indianridersfest.eu\/de\/wp-json\/wp\/v2\/pages\/104633\/revisions\/113060"}],"wp:attachment":[{"href":"https:\/\/www.indianridersfest.eu\/de\/wp-json\/wp\/v2\/media?parent=104633"}],"curies":[{"name":"wp","href":"https:\/\/api.w.org\/{rel}","templated":true}]}}