{"id":100579,"date":"2021-06-01T16:22:57","date_gmt":"2021-06-01T14:22:57","guid":{"rendered":"https:\/\/www.indianridersfest.eu\/shop\/"},"modified":"2026-04-09T16:13:27","modified_gmt":"2026-04-09T14:13:27","slug":"shop","status":"publish","type":"page","link":"https:\/\/www.indianridersfest.eu\/de\/shop\/","title":{"rendered":"Shop IRF"},"content":{"rendered":"<p>[et_pb_section fb_built=&#8220;1&#8243; _builder_version=&#8220;4.27.4&#8243; _module_preset=&#8220;default&#8220; custom_margin=&#8220;0px||0px||false|false&#8220; custom_padding=&#8220;0px||0px||false|false&#8220; global_colors_info=&#8220;{}&#8220;][et_pb_row disabled_on=&#8220;off|off|off&#8220; _builder_version=&#8220;4.27.4&#8243; _module_preset=&#8220;default&#8220; custom_padding=&#8220;||10px|||&#8220; global_colors_info=&#8220;{}&#8220;][et_pb_column type=&#8220;4_4&#8243; _builder_version=&#8220;4.27.0&#8243; _module_preset=&#8220;default&#8220; global_colors_info=&#8220;{}&#8220;][et_pb_heading title=&#8220;INDIAN RIDERS FEST TICKETS &amp; UNTERK\u00dcNFTE&#8220; _builder_version=&#8220;4.27.4&#8243; _module_preset=&#8220;default&#8220; title_text_color=&#8220;gcid-primary-color&#8220; custom_margin=&#8220;0px||0px||false|false&#8220; global_colors_info=&#8220;{%22gcid-primary-color%22:%91%22title_text_color%22%93}&#8220;][\/et_pb_heading][\/et_pb_column][\/et_pb_row][et_pb_row use_custom_gutter=&#8220;on&#8220; gutter_width=&#8220;2&#8243; disabled_on=&#8220;off|off|off&#8220; admin_label=&#8220;Apartments&#8220; module_id=&#8220;apartments&#8220; _builder_version=&#8220;4.27.5&#8243; _module_preset=&#8220;default&#8220; background_enable_color=&#8220;off&#8220; width=&#8220;85%&#8220; custom_margin=&#8220;0px||0px||false|false&#8220; custom_padding=&#8220;0px||0px||false|false&#8220; hover_enabled=&#8220;0&#8243; global_colors_info=&#8220;{}&#8220; sticky_enabled=&#8220;0&#8243;][et_pb_column type=&#8220;4_4&#8243; _builder_version=&#8220;4.27.0&#8243; _module_preset=&#8220;default&#8220; background_color=&#8220;#FFFFFF&#8220; custom_padding=&#8220;40px|25px|40px|25px|true|true&#8220; border_radii=&#8220;on|5px|5px|5px|5px&#8220; box_shadow_style=&#8220;preset1&#8243; box_shadow_color=&#8220;rgba(0,0,0,0.1)&#8220; global_colors_info=&#8220;{}&#8220;][et_pb_text _builder_version=&#8220;4.27.5&#8243; _module_preset=&#8220;default&#8220; text_font_size=&#8220;16px&#8220; min_height=&#8220;140px&#8220; custom_margin=&#8220;||0px||false|false&#8220; global_colors_info=&#8220;{}&#8220;]<\/p>\n<p><strong>IRF26 Riders Pack (Verf\u00fcgbar bis 31.03.2026)<\/strong><br \/>Sichere dir dein Standard IRF26 Riders Pack bis zum 31. M\u00e4rz 2026 zum Preis von 125 \u20ac. Reserviere deinen Platz im Voraus und genie\u00dfe das komplette Erlebnis, das IRF26 zu bieten hat. <\/p>\n<p><strong>IRF26 3-Tage-Vollzugangsticket<\/strong><br \/>Alternativ kannst du das IRF26 3-Tage-Vollzugangsticket f\u00fcr 101 \u20ac im Vorverkauf w\u00e4hlen. Es beinhaltet vollen Zugang zu allen Event-Angeboten. Der Preis vor Ort betr\u00e4gt 125 \u20ac.  <\/p>\n<p>Unsicher, welches Ticket am besten zu dir passt? Wirf einen Blick auf unsere <a href=\"https:\/\/www.indianridersfest.eu\/pricing\/\">IRF26 Ticket-Vergleichs\u00fcbersicht<\/a>, um die wichtigsten Vorteile und Unterschiede zu verstehen und das perfekte Ticket f\u00fcr dein IRF26-Erlebnis zu finden. <\/p>\n<p><strong> <\/strong><\/p>\n<p>[\/et_pb_text][et_pb_shop type=&#8220;product_category&#8220; show_pagination=&#8220;on&#8220; include_categories=&#8220;46,209,213,72,71&#8243; columns_number=&#8220;5&#8243; sale_badge_color=&#8220;gcid-primary-color&#8220; _builder_version=&#8220;4.27.5&#8243; _module_preset=&#8220;6e4f3fc6-300e-4bbd-ab6e-1ef8a4385138&#8243; sale_badge_custom_margin=&#8220;-26px||||false|false&#8220; custom_margin=&#8220;0px||0px||false|false&#8220; custom_padding=&#8220;0px||0px||false|false&#8220; hover_enabled=&#8220;0&#8243; global_colors_info=&#8220;{%22gcid-primary-color%22:%91%22sale_badge_color%22%93}&#8220; orderby=&#8220;price&#8220; sticky_enabled=&#8220;0&#8243;][\/et_pb_shop][\/et_pb_column][\/et_pb_row][et_pb_row column_structure=&#8220;1_2,1_2&#8243; disabled_on=&#8220;off|off|off&#8220; _builder_version=&#8220;4.27.4&#8243; _module_preset=&#8220;default&#8220; width=&#8220;85%&#8220; global_colors_info=&#8220;{}&#8220; theme_builder_area=&#8220;post_content&#8220;][et_pb_column type=&#8220;1_2&#8243; disabled_on=&#8220;off|off|off&#8220; _builder_version=&#8220;4.27.2&#8243; _module_preset=&#8220;default&#8220; custom_padding=&#8220;20px|20px|20px|20px|false|false&#8220; border_radii=&#8220;on|10px|10px|10px|10px&#8220; border_width_all=&#8220;1px&#8220; box_shadow_style=&#8220;preset1&#8243; box_shadow_color=&#8220;rgba(0,0,0,0.1)&#8220; global_colors_info=&#8220;{}&#8220; theme_builder_area=&#8220;post_content&#8220;][et_pb_heading title=&#8220;CAMPING PANORAMA LIPNO | 100 m vom Festival &#8220; _builder_version=&#8220;4.27.5&#8243; _module_preset=&#8220;default&#8220; title_font=&#8220;|||on|||||&#8220; title_text_align=&#8220;left&#8220; custom_margin=&#8220;0px||0px||false|false&#8220; global_colors_info=&#8220;{}&#8220; theme_builder_area=&#8220;post_content&#8220;][\/et_pb_heading][et_pb_divider divider_weight=&#8220;1px&#8220; _builder_version=&#8220;4.27.0&#8243; _module_preset=&#8220;default&#8220; custom_margin=&#8220;10px||0px||false|false&#8220; global_colors_info=&#8220;{}&#8220; theme_builder_area=&#8220;post_content&#8220;][\/et_pb_divider][et_pb_text _builder_version=&#8220;4.27.4&#8243; _module_preset=&#8220;ef44c950-1a9e-4fac-82b4-c4c268d8ca9c&#8220; global_colors_info=&#8220;{}&#8220; theme_builder_area=&#8220;post_content&#8220;]<\/p>\n<h2 style=\"text-align: justify;\">Erlebe authentisches Camping am See im Panorama Lipno<\/h2>\n<p>Suchst du ein authentisches Camping-Erlebnis f\u00fcr das Indian Riders Fest 2026? Du hast es im Camping Panorama Lipno gefunden, dem n\u00e4chstgelegenen Campingplatz zum IRF26. Am malerischen Ufer des Lipno-Sees gelegen, wurde dieser Campingplatz k\u00fcrzlich komplett renoviert und bietet ein exklusives Erlebnis f\u00fcr Motorrad-Event-Besucher.  <\/p>\n<p>[\/et_pb_text][et_pb_button button_url=&#8220;https:\/\/camping-panorama.cz\/&#8220; url_new_window=&#8220;on&#8220; button_text=&#8220;DIREKTBUCHUNG F\u00dcR CAMPING PANORAMA LIPNO&#8220; button_alignment=&#8220;center&#8220; _builder_version=&#8220;4.27.4&#8243; _module_preset=&#8220;053eb07a-f024-412b-94ef-ac1cbf0ea903&#8243; button_text_color=&#8220;#FFFFFF&#8220; button_font=&#8220;&#8211;et_global_heading_font|||on|||||&#8220; global_colors_info=&#8220;{}&#8220; theme_builder_area=&#8220;post_content&#8220;][\/et_pb_button][\/et_pb_column][et_pb_column type=&#8220;1_2&#8243; _builder_version=&#8220;4.27.0&#8243; _module_preset=&#8220;default&#8220; custom_padding=&#8220;20px|20px|20px|20px|false|false&#8220; border_radii=&#8220;on|10px|10px|10px|10px&#8220; border_width_all=&#8220;1px&#8220; box_shadow_style=&#8220;preset1&#8243; box_shadow_color=&#8220;rgba(0,0,0,0.1)&#8220; global_colors_info=&#8220;{}&#8220; theme_builder_area=&#8220;post_content&#8220;][et_pb_heading title=&#8220;CAMPING LIPNO MOD\u0158\u00cdN | 1 KM VOM FESTIVAL&#8220; _builder_version=&#8220;4.27.5&#8243; _module_preset=&#8220;default&#8220; title_font=&#8220;|||on|||||&#8220; title_text_align=&#8220;left&#8220; custom_margin=&#8220;0px||0px||false|false&#8220; global_colors_info=&#8220;{}&#8220; theme_builder_area=&#8220;post_content&#8220;][\/et_pb_heading][et_pb_divider divider_weight=&#8220;1px&#8220; _builder_version=&#8220;4.27.0&#8243; _module_preset=&#8220;default&#8220; custom_margin=&#8220;10px||0px||false|false&#8220; global_colors_info=&#8220;{}&#8220; theme_builder_area=&#8220;post_content&#8220;][\/et_pb_divider][et_pb_text _builder_version=&#8220;4.27.5&#8243; _module_preset=&#8220;ef44c950-1a9e-4fac-82b4-c4c268d8ca9c&#8220; hover_enabled=&#8220;0&#8243; global_colors_info=&#8220;{}&#8220; theme_builder_area=&#8220;post_content&#8220; sticky_enabled=&#8220;0&#8243;]<\/p>\n<h2 style=\"text-align: justify;\">Camping Lipno Mod\u0159\u00edn: Top-Campingplatz im Herzen von Lipno<\/h2>\n<p>Camping Lipno Mod\u0159\u00edn freut sich darauf, Teilnehmer zu einem einzigartigen Erlebnis willkommen zu hei\u00dfen, weniger als 1 Kilometer vom lebendigen Zentrum des Events entfernt, direkt am ruhigen Ufer des Lipno-Sees. Die erstklassige Lage stellt sicher, dass du nie zu weit vom Geschehen entfernt bist und dennoch komfortabel in einem malerischen R\u00fcckzugsort untergebracht bist. <\/p>\n<p>[\/et_pb_text][et_pb_button button_url=&#8220;https:\/\/www.campinglipno.cz\/en\/&#8220; url_new_window=&#8220;on&#8220; button_text=&#8220;DIREKTBUCHUNG F\u00dcR CAMPING LIPNO MOD\u0158\u00cdN&#8220; button_alignment=&#8220;center&#8220; _builder_version=&#8220;4.27.4&#8243; _module_preset=&#8220;053eb07a-f024-412b-94ef-ac1cbf0ea903&#8243; button_text_color=&#8220;#FFFFFF&#8220; button_font=&#8220;&#8211;et_global_heading_font|||on|||||&#8220; global_colors_info=&#8220;{}&#8220; theme_builder_area=&#8220;post_content&#8220;][\/et_pb_button][\/et_pb_column][\/et_pb_row][\/et_pb_section]<\/p>\n","protected":false},"excerpt":{"rendered":"<p>IRF26 Riders Pack (Verf\u00fcgbar bis 31.03.2026)Sichere dir dein Standard IRF26 Riders Pack bis zum 31. M\u00e4rz 2026 zum Preis von 125 \u20ac. Reserviere deinen Platz im Voraus und genie\u00dfe das komplette Erlebnis, das IRF26 zu bieten hat. IRF26 3-Tage-VollzugangsticketAlternativ kannst du das IRF26 3-Tage-Vollzugangsticket f\u00fcr 101 \u20ac im Vorverkauf w\u00e4hlen. Es beinhaltet vollen Zugang zu [&hellip;]<\/p>\n","protected":false},"author":1,"featured_media":0,"parent":0,"menu_order":0,"comment_status":"closed","ping_status":"closed","template":"","meta":{"_et_pb_use_builder":"on","_et_pb_old_content":"","_et_gb_content_width":"","footnotes":""},"class_list":["post-100579","page","type-page","status-publish","hentry"],"_links":{"self":[{"href":"https:\/\/www.indianridersfest.eu\/de\/wp-json\/wp\/v2\/pages\/100579","targetHints":{"allow":["GET"]}}],"collection":[{"href":"https:\/\/www.indianridersfest.eu\/de\/wp-json\/wp\/v2\/pages"}],"about":[{"href":"https:\/\/www.indianridersfest.eu\/de\/wp-json\/wp\/v2\/types\/page"}],"author":[{"embeddable":true,"href":"https:\/\/www.indianridersfest.eu\/de\/wp-json\/wp\/v2\/users\/1"}],"replies":[{"embeddable":true,"href":"https:\/\/www.indianridersfest.eu\/de\/wp-json\/wp\/v2\/comments?post=100579"}],"version-history":[{"count":52,"href":"https:\/\/www.indianridersfest.eu\/de\/wp-json\/wp\/v2\/pages\/100579\/revisions"}],"predecessor-version":[{"id":114040,"href":"https:\/\/www.indianridersfest.eu\/de\/wp-json\/wp\/v2\/pages\/100579\/revisions\/114040"}],"wp:attachment":[{"href":"https:\/\/www.indianridersfest.eu\/de\/wp-json\/wp\/v2\/media?parent=100579"}],"curies":[{"name":"wp","href":"https:\/\/api.w.org\/{rel}","templated":true}]}}