{"id":113518,"date":"2026-03-03T06:02:41","date_gmt":"2026-03-03T05:02:41","guid":{"rendered":"https:\/\/www.indianridersfest.eu\/korzo-breakfast-irf\/"},"modified":"2026-03-05T06:38:13","modified_gmt":"2026-03-05T05:38:13","slug":"korzo-breakfast-irf","status":"publish","type":"page","link":"https:\/\/www.indianridersfest.eu\/cs\/korzo-breakfast-irf\/","title":{"rendered":"Korzo Sn\u00eddan\u011b IRF"},"content":{"rendered":"<p>[et_pb_section fb_built=&#8220;1&#8243; _builder_version=&#8220;4.27.5&#8243; _module_preset=&#8220;default&#8220; background_color=&#8220;#000000&#8243; background_image=&#8220;http:\/\/www.indianridersfest.eu\/wp-content\/uploads\/2026\/03\/Header_korzo-breakfast-01.jpg&#8220; height=&#8220;370px&#8220; max_height=&#8220;370px&#8220; custom_margin=&#8220;0px||0px||false|false&#8220; custom_padding=&#8220;50px||50px||false|false&#8220; global_colors_info=&#8220;{}&#8220;][et_pb_row _builder_version=&#8220;4.27.0&#8243; _module_preset=&#8220;default&#8220; width=&#8220;85%&#8220; global_colors_info=&#8220;{}&#8220;][et_pb_column type=&#8220;4_4&#8243; _builder_version=&#8220;4.16&#8243; _module_preset=&#8220;default&#8220; global_colors_info=&#8220;{}&#8220;][et_pb_text _builder_version=&#8220;4.27.5&#8243; _module_preset=&#8220;default&#8220; header_font=&#8220;||||||||&#8220; header_3_font=&#8220;|700||on|||||&#8220; header_3_text_color=&#8220;#FFFFFF&#8220; header_3_font_size=&#8220;25px&#8220; custom_margin=&#8220;||5px||false|false&#8220; text_font_size_tablet=&#8220;&#8220; text_font_size_phone=&#8220;9px&#8220; text_font_size_last_edited=&#8220;on|phone&#8220; header_text_shadow_style=&#8220;preset1&#8243; header_text_shadow_color=&#8220;#000000&#8243; header_3_text_shadow_style=&#8220;preset1&#8243; global_colors_info=&#8220;{}&#8220;]<\/p>\n<h3>Sn\u00eddan\u011b formou bufetu v Resortu Korzo Lipno (novinka na IRF26)<\/h3>\n<p>[\/et_pb_text][\/et_pb_column][\/et_pb_row][\/et_pb_section][et_pb_section fb_built=&#8220;1&#8243; _builder_version=&#8220;4.27.0&#8243; _module_preset=&#8220;default&#8220; custom_padding=&#8220;30px||30px||false|false&#8220; global_colors_info=&#8220;{}&#8220;][et_pb_row column_structure=&#8220;1_2,1_2&#8243; custom_padding_last_edited=&#8220;on|phone&#8220; _builder_version=&#8220;4.27.0&#8243; _module_preset=&#8220;default&#8220; width=&#8220;85%&#8220; custom_padding=&#8220;0px||20px||false|false&#8220; custom_padding_tablet=&#8220;&#8220; custom_padding_phone=&#8220;||0px||false|false&#8220; global_colors_info=&#8220;{}&#8220;][et_pb_column type=&#8220;1_2&#8243; _builder_version=&#8220;4.16&#8243; _module_preset=&#8220;default&#8220; global_colors_info=&#8220;{}&#8220;][et_pb_image src=&#8220;http:\/\/www.indianridersfest.eu\/wp-content\/uploads\/2026\/03\/Korzo-breakfast-01.jpg&#8220; alt=&#8220;Korzo Lipno sn\u00eddan\u011b&#8220; title_text=&#8220;Korzo-breakfast-01&#8243; _builder_version=&#8220;4.27.5&#8243; _module_preset=&#8220;default&#8220; global_colors_info=&#8220;{}&#8220;][\/et_pb_image][\/et_pb_column][et_pb_column type=&#8220;1_2&#8243; _builder_version=&#8220;4.16&#8243; _module_preset=&#8220;default&#8220; global_colors_info=&#8220;{}&#8220;][et_pb_text _builder_version=&#8220;4.27.5&#8243; _module_preset=&#8220;default&#8220; text_font_size=&#8220;15px&#8220; text_line_height=&#8220;1.8em&#8220; custom_margin=&#8220;0px||0px||false|false&#8220; custom_margin_tablet=&#8220;&#8220; custom_margin_phone=&#8220;10px||||false|false&#8220; custom_margin_last_edited=&#8220;on|phone&#8220; custom_padding=&#8220;0px||0px||false|false&#8220; global_colors_info=&#8220;{}&#8220;]<\/p>\n<h3>Za\u010dn\u011bte sv\u016fj den spr\u00e1vn\u011b: Sn\u00eddan\u011b formou bufetu v Resortu Korzo Lipno (novinka na IRF26)<\/h3>\n<p>Na festival se m\u016f\u017eete posilnit bohatou sn\u00eddan\u00ed formou bufetu v restauraci Korzo Lipno, kter\u00e1 je na Indian Riders Festu k dispozici poprv\u00e9.<\/p>\n<ul>\n<li>Um\u00edst\u011bn\u00ed: Budova A1 (lev\u00fd roh, 125 m od recepce)<\/li>\n<li>Provozn\u00ed doba: denn\u011b od 7:30 do 11:00 hod.<\/li>\n<li>Co je v cen\u011b: \u0161irok\u00fd v\u00fdb\u011br tepl\u00fdch a studen\u00fdch j\u00eddel, sladk\u00fdch i slan\u00fdch pokrm\u016f a n\u00e1poj\u016f.<\/li>\n<\/ul>\n<h4>Nejlep\u0161\u00ed cena p\u0159i p\u0159edobjedn\u00e1vce<\/h4>\n<p>P\u0159edobjedn\u00e1vka: 15,- \u20ac \/osoba \/den (Na m\u00edst\u011b: 20,- \u20ac \/osoba \/den)<\/p>\n<p><strong><em>Tip: P\u0159edb\u011b\u017en\u00e1 objedn\u00e1vka zaru\u010duje dostupnost a nejlep\u0161\u00ed cenu, tak\u017ee si m\u016f\u017eete u\u017e\u00edt pohodov\u00e9 r\u00e1no bez stresu.<\/em><\/strong><\/p>\n<p>&nbsp;<\/p>\n<p>[\/et_pb_text][\/et_pb_column][\/et_pb_row][et_pb_row _builder_version=&#8220;4.27.5&#8243; _module_preset=&#8220;default&#8220; width=&#8220;85%&#8220; custom_padding=&#8220;0px||0px||false|false&#8220; hover_enabled=&#8220;0&#8243; custom_css_main_element=&#8220;display:flex;||flex-wrap:wrap;&#8220; global_colors_info=&#8220;{}&#8220; sticky_enabled=&#8220;0&#8243;][et_pb_column type=&#8220;4_4&#8243; _builder_version=&#8220;4.16&#8243; _module_preset=&#8220;default&#8220; global_colors_info=&#8220;{}&#8220; custom_css_main_element_last_edited=&#8220;on|tablet&#8220; custom_css_main_element_tablet=&#8220;order:2;&#8220; custom_css_main_element_phone=&#8220;order:2;&#8220;][et_pb_text _builder_version=&#8220;4.27.5&#8243; _module_preset=&#8220;default&#8220; text_font_size=&#8220;15px&#8220; text_line_height=&#8220;1.8em&#8220; header_3_line_height=&#8220;1em&#8220; custom_margin_tablet=&#8220;&#8220; custom_margin_phone=&#8220;10px||||false|false&#8220; custom_margin_last_edited=&#8220;on|phone&#8220; global_colors_info=&#8220;{}&#8220;]<\/p>\n<h3>Korzo Lipno IRF26 Sn\u00eddan\u011b &#8211; objedn\u00e1vkov\u00fd formul\u00e1\u0159<\/h3>\n<p>[\/et_pb_text][wpforms_selector form_id=&#8220;113428&#8243; _builder_version=&#8220;4.27.5&#8243; _module_preset=&#8220;default&#8220; hover_enabled=&#8220;0&#8243; global_colors_info=&#8220;{}&#8220; sticky_enabled=&#8220;0&#8243;][\/wpforms_selector][\/et_pb_column][\/et_pb_row][et_pb_row column_structure=&#8220;1_2,1_2&#8243; custom_padding_last_edited=&#8220;on|phone&#8220; _builder_version=&#8220;4.27.0&#8243; _module_preset=&#8220;default&#8220; width=&#8220;85%&#8220; custom_padding=&#8220;0px||20px||false|false&#8220; custom_padding_tablet=&#8220;&#8220; custom_padding_phone=&#8220;||0px||false|false&#8220; global_colors_info=&#8220;{}&#8220;][et_pb_column type=&#8220;1_2&#8243; _builder_version=&#8220;4.16&#8243; _module_preset=&#8220;default&#8220; global_colors_info=&#8220;{}&#8220;][et_pb_image src=&#8220;http:\/\/www.indianridersfest.eu\/wp-content\/uploads\/2026\/03\/Map-Breakfast-Korzo.jpg&#8220; alt=&#8220;Mapa Korzo Sn\u00eddan\u011b&#8220; title_text=&#8220;Mapa-Breakfast-Korzo&#8220; _builder_version=&#8220;4.27.5&#8243; _module_preset=&#8220;default&#8220; hover_enabled=&#8220;0&#8243; global_colors_info=&#8220;{}&#8220; sticky_enabled=&#8220;0&#8243;][\/et_pb_image][\/et_pb_column][et_pb_column type=&#8220;1_2&#8243; _builder_version=&#8220;4.16&#8243; _module_preset=&#8220;default&#8220; global_colors_info=&#8220;{}&#8220;][et_pb_image src=&#8220;http:\/\/www.indianridersfest.eu\/wp-content\/uploads\/2026\/03\/Korzo-breakfast-02.jpg&#8220; alt=&#8220;Korzo Lipno sn\u00eddan\u011b formou tepl\u00e9ho bufetu&#8220; title_text=&#8220;Korzo-sn\u00eddan\u011b-02&#8243; _builder_version=&#8220;4.27.5&#8243; _module_preset=&#8220;default&#8220; hover_enabled=&#8220;0&#8243; global_colors_info=&#8220;{}&#8220; sticky_enabled=&#8220;0&#8243;][\/et_pb_image][\/et_pb_column][\/et_pb_row][\/et_pb_section]<\/p>\n","protected":false},"excerpt":{"rendered":"<p>Sn\u00eddan\u011b formou bufetu v Resortu Korzo Lipno (novinka na IRF26)Za\u010dn\u011bte sv\u016fj den spr\u00e1vn\u011b: Sn\u00eddan\u011b formou bufetu v Resortu Korzo Lipno (novinka na IRF26) Na festival se m\u016f\u017eete posilnit bohatou sn\u00eddan\u00ed formou bufetu v restauraci Korzo Lipno, kter\u00e1 je na Indian Riders Festu k dispozici poprv\u00e9. Um\u00edst\u011bn\u00ed: Budova A1 (lev\u00fd roh, 125 m od recepce) Provozn\u00ed [&hellip;]<\/p>\n","protected":false},"author":1,"featured_media":0,"parent":0,"menu_order":0,"comment_status":"closed","ping_status":"closed","template":"","meta":{"_et_pb_use_builder":"on","_et_pb_old_content":"","_et_gb_content_width":"","footnotes":""},"class_list":["post-113518","page","type-page","status-publish","hentry"],"_links":{"self":[{"href":"https:\/\/www.indianridersfest.eu\/cs\/wp-json\/wp\/v2\/pages\/113518","targetHints":{"allow":["GET"]}}],"collection":[{"href":"https:\/\/www.indianridersfest.eu\/cs\/wp-json\/wp\/v2\/pages"}],"about":[{"href":"https:\/\/www.indianridersfest.eu\/cs\/wp-json\/wp\/v2\/types\/page"}],"author":[{"embeddable":true,"href":"https:\/\/www.indianridersfest.eu\/cs\/wp-json\/wp\/v2\/users\/1"}],"replies":[{"embeddable":true,"href":"https:\/\/www.indianridersfest.eu\/cs\/wp-json\/wp\/v2\/comments?post=113518"}],"version-history":[{"count":9,"href":"https:\/\/www.indianridersfest.eu\/cs\/wp-json\/wp\/v2\/pages\/113518\/revisions"}],"predecessor-version":[{"id":113593,"href":"https:\/\/www.indianridersfest.eu\/cs\/wp-json\/wp\/v2\/pages\/113518\/revisions\/113593"}],"wp:attachment":[{"href":"https:\/\/www.indianridersfest.eu\/cs\/wp-json\/wp\/v2\/media?parent=113518"}],"curies":[{"name":"wp","href":"https:\/\/api.w.org\/{rel}","templated":true}]}}