{"id":108990,"date":"2025-05-09T13:47:17","date_gmt":"2025-05-09T11:47:17","guid":{"rendered":"https:\/\/www.indianridersfest.eu\/?page_id=108990"},"modified":"2026-04-09T17:07:52","modified_gmt":"2026-04-09T15:07:52","slug":"program","status":"publish","type":"page","link":"https:\/\/www.indianridersfest.eu\/cs\/program\/","title":{"rendered":"Program"},"content":{"rendered":"<p>[et_pb_section fb_built=&#8220;1&#8243; _builder_version=&#8220;4.27.5&#8243; _module_preset=&#8220;default&#8220; background_enable_color=&#8220;off&#8220; background_image=&#8220;http:\/\/www.indianridersfest.eu\/wp-content\/uploads\/2025\/06\/promenade-01.jpg&#8220; parallax=&#8220;on&#8220; module_alignment=&#8220;center&#8220; height=&#8220;400px&#8220; custom_margin=&#8220;0px||||false|false&#8220; custom_margin_tablet=&#8220;&#8220; custom_margin_phone=&#8220;&#8220; custom_margin_last_edited=&#8220;on|phone&#8220; custom_padding=&#8220;0px||0px||false|false&#8220; global_colors_info=&#8220;{%22gcid-primary-color%22:%91%22background_color%22%93}&#8220;][et_pb_row _builder_version=&#8220;4.27.4&#8243; _module_preset=&#8220;default&#8220; width=&#8220;85%&#8220; module_alignment=&#8220;center&#8220; custom_margin=&#8220;0px||0px||false|false&#8220; custom_css_main_element=&#8220;display: flex;&#8220; global_colors_info=&#8220;{}&#8220;][et_pb_column type=&#8220;4_4&#8243; _builder_version=&#8220;4.27.0&#8243; _module_preset=&#8220;default&#8220; custom_padding=&#8220;0px|0px|0px|0px|false|false&#8220; custom_css_before=&#8220;align-self: flex-start;&#8220; global_colors_info=&#8220;{}&#8220;][et_pb_text _builder_version=&#8220;4.27.5&#8243; _module_preset=&#8220;default&#8220; header_text_color=&#8220;#FFFFFF&#8220; header_3_text_color=&#8220;#FFFFFF&#8220; background_enable_image=&#8220;off&#8220; custom_margin=&#8220;||5px||false|false&#8220; text_font_size_tablet=&#8220;&#8220; text_font_size_phone=&#8220;9px&#8220; text_font_size_last_edited=&#8220;on|phone&#8220; header_3_text_shadow_style=&#8220;preset1&#8243; header_3_text_shadow_horizontal_length=&#8220;0.2em&#8220; header_3_text_shadow_blur_strength=&#8220;0.15em&#8220; global_colors_info=&#8220;{}&#8220;]<\/p>\n<h3>PROGRAM IRF26<\/h3>\n<div id=\"simple-translate\" class=\"simple-translate-system-theme\">\n<div>\n<div style=\"background-image: url('moz-extension:\/\/8d9379b5-2d9f-4c0e-8c06-2eb529720a65\/icons\/512.png'); height: 22px; width: 22px; top: 31px; left: -2px;\" class=\"simple-translate-button isShow\"><\/div>\n<div class=\"simple-translate-panel \" style=\"width: 300px; height: 200px; top: 0px; left: 0px; font-size: 13px;\">\n<div class=\"simple-translate-result-wrapper\" style=\"overflow: hidden;\">\n<div class=\"simple-translate-move\" draggable=\"true\"><\/div>\n<div class=\"simple-translate-result-contents\">\n<p class=\"simple-translate-candidate\" dir=\"auto\">\n<\/div>\n<\/div>\n<\/div>\n<\/div>\n<\/div>\n<p>[\/et_pb_text][\/et_pb_column][\/et_pb_row][\/et_pb_section][et_pb_section fb_built=&#8220;1&#8243; custom_padding_last_edited=&#8220;on|phone&#8220; admin_label=&#8220;Red Section CTA&#8220; _builder_version=&#8220;4.27.4&#8243; _module_preset=&#8220;default&#8220; background_color=&#8220;gcid-3cf13b05-441f-4a04-90d1-eafe4f681c6e&#8220; display_conditions=&#8220;W3siaWQiOiI5MGE5ZGVmMi0zOWU2LTRjNWMtYWY5ZS0zZGY0ZTQ4NjM3MzEiLCJjb25kaXRpb24iOiJ1c2VyUm9sZSIsImNvbmRpdGlvblNldHRpbmdzIjp7ImRpc3BsYXlSdWxlIjoiaXNOb3QiLCJ1c2VyUm9sZXMiOlt7ImxhYmVsIjoiV2hvbGVzYWxlIEN1c3RvbWVyIiwidmFsdWUiOiJ3aG9sZXNhbGVfY3VzdG9tZXIifV0sInVzZXJJZHMiOiJVc2VyIElEcyBzZXBhcmF0ZWQgYnkgY29tbWFzIiwiYWRtaW5MYWJlbCI6IlVzZXIgUm9sZSIsImVuYWJsZUNvbmRpdGlvbiI6Im9uIn0sIm9wZXJhdG9yIjoiT1IifV0=&#8220; custom_margin=&#8220;0px||0px||false|false&#8220; custom_padding=&#8220;10px||20px||false|false&#8220; custom_padding_tablet=&#8220;&#8220; custom_padding_phone=&#8220;20px||0px||false|false&#8220; global_colors_info=&#8220;{%22gcid-3cf13b05-441f-4a04-90d1-eafe4f681c6e%22:%91%22background_color%22%93}&#8220;][et_pb_row column_structure=&#8220;3_5,2_5&#8243; _builder_version=&#8220;4.27.4&#8243; _module_preset=&#8220;default&#8220; width=&#8220;85%&#8220; module_alignment=&#8220;center&#8220; custom_margin=&#8220;0px||0px||false|false&#8220; custom_padding=&#8220;0px||0px||false|false&#8220; global_colors_info=&#8220;{}&#8220;][et_pb_column type=&#8220;3_5&#8243; _builder_version=&#8220;4.27.0&#8243; _module_preset=&#8220;default&#8220; custom_padding=&#8220;25px|||0px|false|false&#8220; global_colors_info=&#8220;{}&#8220;][et_pb_text _builder_version=&#8220;4.27.4&#8243; _module_preset=&#8220;default&#8220; text_font=&#8220;|800|||||||&#8220; text_text_color=&#8220;#FFFFFF&#8220; text_font_size=&#8220;16px&#8220; text_letter_spacing=&#8220;5px&#8220; text_line_height=&#8220;1.6em&#8220; link_font=&#8220;|600|||||||&#8220; link_text_color=&#8220;#FFFFFF&#8220; custom_margin=&#8220;0px||0px||false|false&#8220; custom_margin_tablet=&#8220;&#8220; custom_margin_phone=&#8220;0px||5px||false|false&#8220; custom_margin_last_edited=&#8220;on|phone&#8220; custom_padding=&#8220;|||0px|false|false&#8220; locked=&#8220;off&#8220; global_colors_info=&#8220;{}&#8220;]<\/p>\n<p>SPECI\u00c1LN\u00cd CENA<\/p>\n<p>[\/et_pb_text][et_pb_text _builder_version=&#8220;4.27.5&#8243; _module_preset=&#8220;default&#8220; header_3_font=&#8220;|800|||||||&#8220; header_3_text_color=&#8220;#FFFFFF&#8220; header_3_font_size=&#8220;55px&#8220; header_3_line_height=&#8220;1.1em&#8220; custom_margin=&#8220;||0px||false|false&#8220; custom_padding=&#8220;0px||0px|0px|false|false&#8220; header_3_font_size_phone=&#8220;40px&#8220; global_colors_info=&#8220;{}&#8220;]<\/p>\n<h3>T\u0158\u00cdDENN\u00cd VSTUPENKA IRF26 S PLN\u00ddM P\u0158\u00cdSTUPEM<\/h3>\n<p>[\/et_pb_text][et_pb_text _builder_version=&#8220;4.27.5&#8243; _module_preset=&#8220;default&#8220; text_text_color=&#8220;#FFFFFF&#8220; text_font_size=&#8220;16px&#8220; text_line_height=&#8220;1.6em&#8220; custom_margin=&#8220;0px||15px||false|false&#8220; custom_padding=&#8220;0px||0px||false|false&#8220; text_font_size_tablet=&#8220;&#8220; text_font_size_phone=&#8220;14px&#8220; text_font_size_last_edited=&#8220;on|phone&#8220; global_colors_info=&#8220;{}&#8220;]<\/p>\n<p><strong>Z\u00edskej sv\u00e9 t\u0159\u00eddenn\u00ed vstupenky na IRF26 za ni\u017e\u0161\u00ed cenu!<\/strong><\/p>\n<p>St\u00e1le si m\u016f\u017ee\u0161 koupit t\u0159\u00eddenn\u00ed vstupenky na IRF26 s pln\u00fdm p\u0159\u00edstupem za speci\u00e1ln\u00ed cenu 101 \u20ac m\u00edsto 125 \u20ac. Kup si tu svou je\u0161t\u011b dnes a u\u0161et\u0159i! <\/p>\n<p>[\/et_pb_text][et_pb_button button_url=&#8220;https:\/\/www.indianridersfest.eu\/cs\/product\/irf26-3-day-full-access-ticket\/&#8220; button_text=&#8220;IR26 3 DENN\u00cd VSTUPENKA&#8220; _builder_version=&#8220;4.27.5&#8243; _module_preset=&#8220;8e8220fd-e972-468b-9dfb-e43ff5367d3a&#8220; button_text_size=&#8220;18px&#8220; custom_margin=&#8220;0px|15px|||false|false&#8220; global_colors_info=&#8220;{}&#8220; transform_styles__hover_enabled=&#8220;on|desktop&#8220; transform_scale__hover_enabled=&#8220;on|desktop&#8220;][\/et_pb_button][\/et_pb_column][et_pb_column type=&#8220;2_5&#8243; _builder_version=&#8220;4.27.0&#8243; _module_preset=&#8220;default&#8220; custom_padding=&#8220;25px|||0px|false|false&#8220; global_colors_info=&#8220;{}&#8220;][et_pb_image src=&#8220;http:\/\/www.indianridersfest.eu\/wp-content\/uploads\/2026\/03\/25-ILF-IRF.jpg&#8220; alt=&#8220;Stezka korunami strom\u016f Lipno&#8220; title_text=&#8220;25-ILF-IRF&#8220; _builder_version=&#8220;4.27.5&#8243; _module_preset=&#8220;default&#8220; global_colors_info=&#8220;{}&#8220;][\/et_pb_image][\/et_pb_column][\/et_pb_row][\/et_pb_section][et_pb_section fb_built=&#8220;1&#8243; _builder_version=&#8220;4.27.0&#8243; _module_preset=&#8220;default&#8220; custom_padding=&#8220;30px||10px||false|false&#8220; global_colors_info=&#8220;{}&#8220;][et_pb_row custom_padding_last_edited=&#8220;on|phone&#8220; _builder_version=&#8220;4.27.4&#8243; _module_preset=&#8220;default&#8220; width=&#8220;85%&#8220; custom_padding=&#8220;0px||20px||false|false&#8220; custom_padding_tablet=&#8220;&#8220; custom_padding_phone=&#8220;||0px||false|false&#8220; global_colors_info=&#8220;{}&#8220;][et_pb_column type=&#8220;4_4&#8243; _builder_version=&#8220;4.16&#8243; _module_preset=&#8220;default&#8220; global_colors_info=&#8220;{}&#8220;][et_pb_text _builder_version=&#8220;4.27.5&#8243; _module_preset=&#8220;default&#8220; text_font_size=&#8220;15px&#8220; text_line_height=&#8220;1.8em&#8220; custom_margin=&#8220;0px||0px||false|false&#8220; custom_margin_tablet=&#8220;&#8220; custom_margin_phone=&#8220;10px||||false|false&#8220; custom_margin_last_edited=&#8220;on|phone&#8220; custom_padding=&#8220;0px||0px||false|false&#8220; global_colors_info=&#8220;{}&#8220;]<\/p>\n<h3>V\u00edtej na IRF26 \u2013 Program!<\/h3>\n<p>P\u0159idej se k n\u00e1m 18.\u201321. \u010dervna na adrenalinem nabit\u00e9 p\u0159edv\u00e1d\u011bc\u00ed j\u00edzdy, \u017eivou hudbu, p\u0159ehl\u00eddky custom motorek a nep\u0159ekonateln\u00e9 kamar\u00e1dstv\u00ed komunity Indian Motorcycle. Oslav 125. v\u00fdro\u010d\u00ed s p\u0159\u00e1teli z v\u00edce ne\u017e 45 zem\u00ed a odnes si z\u00e1\u017eitky na cel\u00fd \u017eivot. <\/p>\n<p><em><strong>Hlavn\u00ed body programu:<\/strong><\/em><\/p>\n<ul>\n<li>P\u0159ed\u010dasn\u00e9 otev\u0159en\u00ed: \u010dtvrtek 18. 6. v 10:00 (m\u00edsto 14:00)<\/li>\n<li>Mega spanil\u00e1 j\u00edzda 125 km: sobota 20. 6. v 11:30<\/li>\n<li>Show Wall of Death (st\u011bna smrti)<\/li>\n<li>V\u011bt\u0161\u00ed Indian Motorcycle Village<\/li>\n<\/ul>\n<p>Prozkoumej cel\u00fd program n\u00ed\u017ee a napl\u00e1nuj si svou n\u00e1v\u0161t\u011bvu.<\/p>\n<p>&nbsp;<\/p>\n<p>[\/et_pb_text][\/et_pb_column][\/et_pb_row][et_pb_row _builder_version=&#8220;4.27.4&#8243; _module_preset=&#8220;default&#8220; custom_margin=&#8220;0px||||false|false&#8220; custom_padding=&#8220;0px||||false|false&#8220; global_colors_info=&#8220;{}&#8220;][et_pb_column type=&#8220;4_4&#8243; _builder_version=&#8220;4.27.4&#8243; _module_preset=&#8220;default&#8220; global_colors_info=&#8220;{}&#8220;][et_pb_tabs active_tab_background_color=&#8220;#862633&#8243; inactive_tab_background_color=&#8220;#e1e1e1&#8243; active_tab_text_color=&#8220;#FFFFFF&#8220; _builder_version=&#8220;4.27.5&#8243; _module_preset=&#8220;default&#8220; tab_text_color=&#8220;#862633&#8243; body_font=&#8220;&#8211;et_global_body_font||||||||&#8220; body_text_align=&#8220;left&#8220; body_line_height=&#8220;2em&#8220; tab_font=&#8220;&#8211;et_global_heading_font|700|||||||&#8220; border_radii=&#8220;on|10px|10px|10px|10px&#8220; global_colors_info=&#8220;{%22gcid-6eafdc07-c9a3-4541-895e-33b4c75ae4a0%22:%91%22inactive_tab_background_color%22%93,%22gcid-primary-color%22:%91%22active_tab_background_color%22,%22tab_text_color%22%93}&#8220;][et_pb_tab title=&#8220;\u010cTVRTEK 18. 6.&#8220; _builder_version=&#8220;4.27.5&#8243; _module_preset=&#8220;default&#8220; tab_font=&#8220;|||on|||||&#8220; tab_text_color=&#8220;#FFFFFF&#8220; global_colors_info=&#8220;{}&#8220;]<\/p>\n<p>10:00 \u2013 22:00 Zah\u00e1jen\u00ed check-inu<br \/>10:00 \u2013 20:00 Vystoupen\u00ed pouli\u010dn\u00edch um\u011blc\u016f \/ <strong>Trio Trakturek<\/strong><br \/>10:00 \u2013 02:00 Bary a food trucky<br \/>10:00 \u2013 21:00 Indian Motorcycle Shop a IRF Merch<br \/>10:00 \u2013 21:00 Indian Motorcycle Village Lounge Bar \/ Chill Out Island<br \/>10:00 \u2013 21:00 Indian Motorcycle Showroom 2026<br \/>10:00 \u2013 21:00 V\u00fdstava veter\u00e1n\u016f Indian Motorcycle<br \/>10:00 \u2013 02:00 Vesni\u010dka vystavovatel\u016f<br \/>10:30 \u2013 19:30 Testovac\u00ed j\u00edzdy Indian Motorcycle<br \/>11:00 \u2013 20:00 Budweis Indian Motorcycle Custom Show<br \/>11:00 \u2013 18:00 \u017div\u00e1 show Wall of Death<br \/>12:00 \u2013 20:00 Vodn\u00ed show Jetsurf<br \/>13:00 \u2013 02:00 \u017div\u00e1 show DJ Evson<br \/>16:00 \u2013 18:00 P\u0159edstaven\u00ed modelov\u00e9 \u0159ady 2026 + 125th Edition \/ Indian Motorcycle Village<br \/>18:00 \u2013 19:30 \u017div\u00fd koncert <strong>So Fine \u2013 U2 Revival<\/strong><br \/>20:00 \u2013 20:15 Uv\u00edtac\u00ed slovo Indian Motorcycle + organizace IRF <br \/>20:30 \u2013 22:00 \u017div\u00fd koncert <strong>Kings of the Rock<\/strong><br \/>22:30 \u2013 00:00 Live Disco Dance Party \/ DJ Evson <br \/>00:00 \u2013 02:00 DJ Evson Party<\/p>\n<p>[\/et_pb_tab][et_pb_tab title=&#8220;P\u00c1TEK 19. 6.&#8220; _builder_version=&#8220;4.27.5&#8243; _module_preset=&#8220;default&#8220; global_colors_info=&#8220;{}&#8220;]<\/p>\n<p>09:00 \u2013 22:00 Zah\u00e1jen\u00ed check-inu<br \/>09:00 \u2013 20:00 Vystoupen\u00ed pouli\u010dn\u00edch um\u011blc\u016f \/ Sabina Uxov\u00e1<br \/>09:00 \u2013 02:00 Bary a food trucky<br \/>09:00 \u2013 19:30 Testovac\u00ed j\u00edzdy Indian Motorcycle<br \/>09:00 \u2013 22:00 Indian Motorcycle Shop a IRF Merch<br \/>10:00 \u2013 21:00 Indian Motorcycle Village Lounge Bar \/ Chill Out Island<br \/>10:00 \u2013 21:00 Indian Motorcycle Showroom 2026<br \/>10:00 \u2013 21:00 V\u00fdstava veter\u00e1n\u016f Indian Motorcycle<br \/>10:00 \u2013 20:00 Budweis Indian Motorcycle Custom Show<br \/>10:00 \u2013 18:00 \u017div\u00e1 show St\u011bna smrti<br \/>12:00 \u2013 19:00 Vodn\u00ed show Jetsurf<br \/>15:00 \u2013 02:00 \u017div\u00e1 show DJ Evson<br \/>16:00 \u2013 18:00 P\u0159edstaven\u00ed modelov\u00e9 \u0159ady 2026 + 125th Edition \/ Indian Motorcycle Village<br \/>18:30 \u2013 19:30 \u017div\u00fd koncert <strong>Hairy Groupies<\/strong><br \/>19:45 \u2013 20:00 Informace ke spanil\u00e9 j\u00edzd\u011b <br \/>20:00 \u2013 20:15 Slovo organizace IRF<br \/>21:30 \u2013 23:30 \u017div\u00fd koncert <strong>High Voltage AC\/DC<\/strong><br \/>22:30 \u2013 00:00 Live Dance Party \/ DJ Evson <br \/>00:00 \u2013 02:00 DJ Evson Party<\/p>\n<p>[\/et_pb_tab][et_pb_tab title=&#8220;SOBOTA 20. 6.&#8220; _builder_version=&#8220;4.27.5&#8243; _module_preset=&#8220;default&#8220; global_colors_info=&#8220;{}&#8220;]<\/p>\n<p>09:00 \u2013 22:00 Zah\u00e1jen\u00ed check-inu<br \/>09:00 \u2013 13:00 Vystoupen\u00ed pouli\u010dn\u00edch um\u011blc\u016f \/ Sabina Uxov\u00e1<br \/>09:00 \u2013 02:00 Bary a food trucky<br \/>09:00 \u2013 10:45 Testovac\u00ed j\u00edzdy Indian Motorcycle<br \/>09:00 \u2013 22:00 Indian Motorcycle Shop a IRF Merch<br \/>10:00 \u2013 21:00 Indian Motorcycle Village Lounge Bar \/ Chill Out Island<br \/>10:00 \u2013 21:00 Indian Motorcycle Showroom 2026<br \/>10:00 \u2013 21:00 V\u00fdstava veter\u00e1n\u016f Indian Motorcycle<br \/><strong>10:00 \u2013 11:00 &gt;&gt;Parkov\u00e1n\u00ed P1 &#8211; Shrom\u00e1\u017ed\u011bn\u00ed p\u0159ed spanilou j\u00edzdou<\/strong><br \/><strong>11:25 START SPANIL\u00c9 J\u00cdZDY\u2013 125 km!<br \/><\/strong>14:30 N\u00e1vrat spanil\u00e9 j\u00edzdy<br \/>09:00 \u2013 23:30 Vesni\u010dka vystavovatel\u016f<br \/>10:00 \u2013 20:00 Budweis Indian Motorcycle Custom Show<br \/>10:00 \u2013 18:00 \u017div\u00e1 show Wall of Death<br \/>12:00 \u2013 19:00 Vodn\u00ed show Jetsurf<br \/>15:00 \u2013 19:30 Testovac\u00ed j\u00edzdy Indian Motorcycle<br \/>15:00 \u2013 01:00 \u017div\u00e1 show DJ Evson<br \/>16:00 &#8211; 17:00  <strong>Budweis Custom Show<\/strong> \/ Slavnostn\u00ed p\u0159ed\u00e1v\u00e1n\u00ed cen AMD + Cena ve\u0159ejnosti<br \/>17:00 &#8211; 17:30  <strong>Premi\u00e9ra Czech Riders Celebration 125th IMC \/ Mapa CZ<\/strong><br \/>17:30 \u2013 18:00 <strong>P\u0159ed\u00e1v\u00e1n\u00ed cen IMRG + spole\u010dn\u00e9 focen\u00ed s vlajkami IMRG<\/strong><br \/>18:00 \u2013 18:30 P\u0159iv\u00edt\u00e1n\u00ed <strong>ambasadorky IRF26 Indian Ladies First \u2013 ambasadorky IRF27<\/strong><br \/>19:00 \u2013 20:00 \u017div\u00fd koncert <strong>Nirvana Czech tribute band<\/strong><br \/>20:00 \u2013 20:15 Pod\u011bkov\u00e1n\u00ed Indian Motorcycle &amp; organizace IRF   <br \/>21:00 &#8211; 22:30  <strong>Slosov\u00e1n\u00ed tomboly<\/strong><br \/>22:30 \u2013 00:00 Live Dance Party \/ DJ Evson<br \/>00:00 \u2013 01:00 Z\u00e1v\u011bre\u010dn\u00e1 DJ Evson Party<\/p>\n<p>[\/et_pb_tab][\/et_pb_tabs][\/et_pb_column][\/et_pb_row][\/et_pb_section]<\/p>\n","protected":false},"excerpt":{"rendered":"<p>PROGRAM IRF26 SPECI\u00c1LN\u00cd CENAT\u0158\u00cdDENN\u00cd VSTUPENKA IRF26 S PLN\u00ddM P\u0158\u00cdSTUPEMZ\u00edskej sv\u00e9 t\u0159\u00eddenn\u00ed vstupenky na IRF26 za ni\u017e\u0161\u00ed cenu! St\u00e1le si m\u016f\u017ee\u0161 koupit t\u0159\u00eddenn\u00ed vstupenky na IRF26 s pln\u00fdm p\u0159\u00edstupem za speci\u00e1ln\u00ed cenu 101 \u20ac m\u00edsto 125 \u20ac. Kup si tu svou je\u0161t\u011b dnes a u\u0161et\u0159i! V\u00edtej na IRF26 \u2013 Program! P\u0159idej se k n\u00e1m 18.\u201321. \u010dervna [&hellip;]<\/p>\n","protected":false},"author":1,"featured_media":0,"parent":0,"menu_order":0,"comment_status":"closed","ping_status":"closed","template":"","meta":{"_et_pb_use_builder":"on","_et_pb_old_content":"","_et_gb_content_width":"","footnotes":""},"class_list":["post-108990","page","type-page","status-publish","hentry"],"_links":{"self":[{"href":"https:\/\/www.indianridersfest.eu\/cs\/wp-json\/wp\/v2\/pages\/108990","targetHints":{"allow":["GET"]}}],"collection":[{"href":"https:\/\/www.indianridersfest.eu\/cs\/wp-json\/wp\/v2\/pages"}],"about":[{"href":"https:\/\/www.indianridersfest.eu\/cs\/wp-json\/wp\/v2\/types\/page"}],"author":[{"embeddable":true,"href":"https:\/\/www.indianridersfest.eu\/cs\/wp-json\/wp\/v2\/users\/1"}],"replies":[{"embeddable":true,"href":"https:\/\/www.indianridersfest.eu\/cs\/wp-json\/wp\/v2\/comments?post=108990"}],"version-history":[{"count":65,"href":"https:\/\/www.indianridersfest.eu\/cs\/wp-json\/wp\/v2\/pages\/108990\/revisions"}],"predecessor-version":[{"id":114097,"href":"https:\/\/www.indianridersfest.eu\/cs\/wp-json\/wp\/v2\/pages\/108990\/revisions\/114097"}],"wp:attachment":[{"href":"https:\/\/www.indianridersfest.eu\/cs\/wp-json\/wp\/v2\/media?parent=108990"}],"curies":[{"name":"wp","href":"https:\/\/api.w.org\/{rel}","templated":true}]}}