{"id":106542,"date":"2024-10-24T18:31:36","date_gmt":"2024-10-24T16:31:36","guid":{"rendered":"https:\/\/www.indianridersfest.eu\/?page_id=106542"},"modified":"2024-10-28T03:44:24","modified_gmt":"2024-10-28T02:44:24","slug":"korzo-lipno-2","status":"publish","type":"page","link":"https:\/\/www.indianridersfest.eu\/cs\/korzo-lipno-2\/","title":{"rendered":"Camping Modrin Lipno"},"content":{"rendered":"<p>[et_pb_section fb_built=&#8220;1&#8243; _builder_version=&#8220;4.27.2&#8243; _module_preset=&#8220;default&#8220; background_enable_color=&#8220;off&#8220; background_image=&#8220;https:\/\/www.indianridersfest.eu\/wp-content\/uploads\/2024\/10\/Camping_modrin-header.jpg&#8220; module_alignment=&#8220;center&#8220; height=&#8220;400px&#8220; custom_margin=&#8220;0px||||false|false&#8220; custom_margin_tablet=&#8220;&#8220; custom_margin_phone=&#8220;&#8220; custom_margin_last_edited=&#8220;on|phone&#8220; custom_padding=&#8220;0px||0px||false|false&#8220; global_colors_info=&#8220;{%22gcid-primary-color%22:%91%22background_color%22%93}&#8220;][et_pb_row column_structure=&#8220;1_2,1_2&#8243; _builder_version=&#8220;4.27.0&#8243; _module_preset=&#8220;default&#8220; width=&#8220;85%&#8220; module_alignment=&#8220;center&#8220; custom_margin=&#8220;0px||0px||false|false&#8220; custom_css_main_element=&#8220;display: flex;&#8220; global_colors_info=&#8220;{}&#8220;][et_pb_column type=&#8220;1_2&#8243; _builder_version=&#8220;4.27.0&#8243; _module_preset=&#8220;default&#8220; custom_padding=&#8220;0px|0px|0px|0px|false|false&#8220; custom_css_before=&#8220;align-self: flex-start;&#8220; global_colors_info=&#8220;{}&#8220;][et_pb_text _builder_version=&#8220;4.27.2&#8243; _module_preset=&#8220;default&#8220; header_text_color=&#8220;#FFFFFF&#8220; header_3_text_color=&#8220;#FFFFFF&#8220; background_enable_image=&#8220;off&#8220; custom_margin=&#8220;||5px||false|false&#8220; text_font_size_tablet=&#8220;&#8220; text_font_size_phone=&#8220;9px&#8220; text_font_size_last_edited=&#8220;on|phone&#8220; header_3_text_shadow_style=&#8220;preset1&#8243; header_3_text_shadow_horizontal_length=&#8220;0.2em&#8220; header_3_text_shadow_blur_strength=&#8220;0.15em&#8220; global_colors_info=&#8220;{}&#8220;]<\/p>\n<h3>CAMPING LIPNO MOD\u0158\u00cdN<\/h3>\n<p>[\/et_pb_text][\/et_pb_column][et_pb_column type=&#8220;1_2&#8243; _builder_version=&#8220;4.27.0&#8243; _module_preset=&#8220;default&#8220; custom_padding=&#8220;0px|0px|0px|0px|false|false&#8220; custom_css_before=&#8220;align-self: flex-start;&#8220; global_colors_info=&#8220;{}&#8220;][et_pb_image src=&#8220;https:\/\/www.indianridersfest.eu\/wp-content\/uploads\/2024\/10\/logo-camping-modrin-1.png&#8220; alt=&#8220;logo kempov\u00e1n\u00ed lipno Modrin&#8220; title_text=&#8220;logo kempov\u00e1n\u00ed modrin&#8220; src_tablet=&#8220;https:\/\/www.indianridersfest.eu\/wp-content\/uploads\/2024\/09\/logo-Korzo-600px.jpg&#8220; src_phone=&#8220;https:\/\/www.indianridersfest.eu\/wp-content\/uploads\/2024\/09\/logo-Korzo-600px.jpg&#8220; src_last_edited=&#8220;on|phone&#8220; _builder_version=&#8220;4.27.2&#8243; _module_preset=&#8220;default&#8220; width=&#8220;30%&#8220; width_tablet=&#8220;40%&#8220; width_phone=&#8220;55%&#8220; width_last_edited=&#8220;on|desktop&#8220; max_width=&#8220;40%&#8220; module_alignment=&#8220;right&#8220; global_colors_info=&#8220;{}&#8220;][\/et_pb_image][\/et_pb_column][\/et_pb_row][\/et_pb_section][et_pb_section fb_built=&#8220;1&#8243; _builder_version=&#8220;4.27.0&#8243; _module_preset=&#8220;default&#8220; custom_padding=&#8220;30px||10px||false|false&#8220; global_colors_info=&#8220;{}&#8220;][et_pb_row column_structure=&#8220;1_2,1_2&#8243; custom_padding_last_edited=&#8220;on|phone&#8220; _builder_version=&#8220;4.27.0&#8243; _module_preset=&#8220;default&#8220; width=&#8220;85%&#8220; custom_padding=&#8220;0px||20px||false|false&#8220; custom_padding_tablet=&#8220;&#8220; custom_padding_phone=&#8220;||0px||false|false&#8220; global_colors_info=&#8220;{}&#8220;][et_pb_column type=&#8220;1_2&#8243; _builder_version=&#8220;4.16&#8243; _module_preset=&#8220;default&#8220; global_colors_info=&#8220;{}&#8220;][et_pb_image src=&#8220;https:\/\/www.indianridersfest.eu\/wp-content\/uploads\/2024\/10\/camping-modrin_A.jpg&#8220; alt=&#8220;Korzo Lipno IRF25&#8243; title_text=&#8220;camping-modrin_A&#8220; _builder_version=&#8220;4.27.2&#8243; _module_preset=&#8220;default&#8220; global_colors_info=&#8220;{}&#8220;][\/et_pb_image][\/et_pb_column][et_pb_column type=&#8220;1_2&#8243; _builder_version=&#8220;4.16&#8243; _module_preset=&#8220;default&#8220; global_colors_info=&#8220;{}&#8220;][et_pb_text _builder_version=&#8220;4.27.2&#8243; _module_preset=&#8220;default&#8220; text_font_size=&#8220;15px&#8220; text_line_height=&#8220;1.8em&#8220; custom_margin=&#8220;0px||0px||false|false&#8220; custom_margin_tablet=&#8220;&#8220; custom_margin_phone=&#8220;10px||||false|false&#8220; custom_margin_last_edited=&#8220;on|phone&#8220; custom_padding=&#8220;0px||0px||false|false&#8220; global_colors_info=&#8220;{}&#8220;]<\/p>\n<h3>CAMPING LIPNO MOD\u0158\u00cdN<\/h3>\n<p>Camping Lipno Mod\u0159\u00edn je ofici\u00e1ln\u00edm partnerem Indian Riders Festu 2025 a t\u011b\u0161\u00ed se, \u017ee m\u016f\u017ee \u00fa\u010dastn\u00edky p\u0159iv\u00edtat na m\u00edst\u011b, kter\u00e9 je pohlt\u00ed jako \u017e\u00e1dn\u00e9 jin\u00e9.Nach\u00e1z\u00ed se necel\u00fd kilometr od \u017eiv\u00e9ho centra akce, p\u0159\u00edmo u klidn\u00e9ho b\u0159ehu lipensk\u00e9ho jezera. Na\u0161e prvot\u0159\u00eddn\u00ed poloha zaru\u010duje, \u017ee nikdy nebudete p\u0159\u00edli\u0161 daleko od d\u011bn\u00ed, a p\u0159itom pohodln\u011b usazeni v malebn\u00e9m \u00fato\u010di\u0161ti. <\/p>\n<p><strong>Camping Lipno Mod\u0159\u00edn<\/strong><br \/><strong>Lipno nad Vltavou<br \/>382 78 Lipno nad Vltavou<br \/><\/strong><a href=\"https:\/\/maps.app.goo.gl\/kKc3KEFFNxa4uVp99\" target=\"_blank\" rel=\"noopener\">Mapy Google<\/a><\/p>\n<p>[\/et_pb_text][\/et_pb_column][\/et_pb_row][et_pb_row column_structure=&#8220;1_2,1_2&#8243; _builder_version=&#8220;4.27.0&#8243; _module_preset=&#8220;default&#8220; width=&#8220;85%&#8220; custom_padding=&#8220;0px||0px||false|false&#8220; custom_css_main_element=&#8220;display:flex;||flex-wrap:wrap;&#8220; global_colors_info=&#8220;{}&#8220;][et_pb_column type=&#8220;1_2&#8243; _builder_version=&#8220;4.16&#8243; _module_preset=&#8220;default&#8220; global_colors_info=&#8220;{}&#8220; custom_css_main_element_last_edited=&#8220;on|tablet&#8220; custom_css_main_element_tablet=&#8220;order:2;&#8220; custom_css_main_element_phone=&#8220;order:2;&#8220;][et_pb_text _builder_version=&#8220;4.27.2&#8243; _module_preset=&#8220;default&#8220; text_font_size=&#8220;15px&#8220; text_line_height=&#8220;1.8em&#8220; custom_margin_tablet=&#8220;&#8220; custom_margin_phone=&#8220;10px||||false|false&#8220; custom_margin_last_edited=&#8220;on|phone&#8220; global_colors_info=&#8220;{}&#8220;]<\/p>\n<h3>Camping Lipno Mod\u0159\u00edn: V\u00e1\u0161 domov na b\u0159ehu jezera b\u011bhem Indian Riders Festu 2025<\/h3>\n<p>  Kemp Lipno Mod\u0159\u00edn je skute\u010dn\u011b \u0161pi\u010dkov\u00fd kemp v srdci Lipna, kter\u00fd dok\u00e1\u017ee oslovit ka\u017ed\u00e9ho. A\u0165 u\u017e jste sportovn\u00ed nad\u0161enci, milovn\u00edci romantiky nebo gurm\u00e1ni, kemp nab\u00edz\u00ed nezapomenuteln\u00e9 z\u00e1\u017eitky s n\u00e1dhern\u00fdm v\u00fdhledem z lev\u00e9ho b\u0159ehu Lipensk\u00e9ho jezera. D\u00edky bezkonkuren\u010dn\u00ed nab\u00eddce sportovn\u00edho vybaven\u00ed a aktivit, v\u00edce ne\u017e 229 pozemk\u016fm pro va\u0161e pohodl\u00ed a strategick\u00e9 poloze v centru ve\u0161ker\u00e9ho d\u011bn\u00ed na Lipn\u011b zde rodiny i jednotlivci najdou v\u0161e, co pot\u0159ebuj\u00ed. Velk\u00fdm bonusem je tak\u00e9 restaurace Grill Mod\u0159\u00edn, kter\u00e1 je sou\u010d\u00e1st\u00ed kempu a nab\u00edz\u00ed vynikaj\u00edc\u00ed \u010deskou kuchyni. Dom\u00e1c\u00ed mazl\u00ed\u010dci jsou samoz\u0159ejm\u011b v\u00edt\u00e1ni![\/et_pb_text][\/et_pb_column][et_pb_column type=&#8220;1_2&#8243; _builder_version=&#8220;4.16&#8243; _module_preset=&#8220;default&#8220; global_colors_info=&#8220;{}&#8220; custom_css_main_element_tablet=&#8220;order:1;&#8220; custom_css_main_element_last_edited=&#8220;on|tablet&#8220; custom_css_main_element_phone=&#8220;order:1;&#8220;][et_pb_image src=&#8220;https:\/\/www.indianridersfest.eu\/wp-content\/uploads\/2024\/10\/camping-modrin_B.jpg&#8220; alt=&#8220;Korzo Lipno IRF25&#8243; title_text=&#8220;camping-modrin_B&#8220; _builder_version=&#8220;4.27.2&#8243; _module_preset=&#8220;default&#8220; custom_margin=&#8220;0px||0px||false|false&#8220; custom_padding=&#8220;0px||0px||false|false&#8220; global_colors_info=&#8220;{}&#8220;][\/et_pb_image][\/et_pb_column][\/et_pb_row][et_pb_row _builder_version=&#8220;4.27.0&#8243; _module_preset=&#8220;default&#8220; width=&#8220;85%&#8220; module_alignment=&#8220;center&#8220; custom_margin=&#8220;0px||0px|0px|false|false&#8220; custom_padding=&#8220;20px||20px||false|false&#8220; global_colors_info=&#8220;{}&#8220;][et_pb_column type=&#8220;4_4&#8243; _builder_version=&#8220;4.27.0&#8243; _module_preset=&#8220;default&#8220; global_colors_info=&#8220;{}&#8220;][et_pb_divider divider_weight=&#8220;1px&#8220; _builder_version=&#8220;4.27.0&#8243; _module_preset=&#8220;default&#8220; custom_margin=&#8220;10px||0px||false|false&#8220; global_colors_info=&#8220;{}&#8220;][\/et_pb_divider][et_pb_heading title=&#8220;KEMP LIPNO MOD\u0158\u00cdN CENY ZA 3 NOCI&#8220; _builder_version=&#8220;4.27.2&#8243; _module_preset=&#8220;default&#8220; title_font=&#8220;|600||on|||||&#8220; title_letter_spacing=&#8220;1px&#8220; custom_margin=&#8220;0px||0px||false|false&#8220; custom_margin_tablet=&#8220;&#8220; custom_margin_phone=&#8220;0px||0px||false|false&#8220; custom_margin_last_edited=&#8220;on|phone&#8220; custom_padding=&#8220;0px||0px||false|false&#8220; custom_padding_tablet=&#8220;0px||0px||false|false&#8220; custom_padding_phone=&#8220;0px||0px||false|false&#8220; custom_padding_last_edited=&#8220;on|tablet&#8220; global_colors_info=&#8220;{}&#8220; custom_css_main_element_last_edited=&#8220;on|tablet&#8220;][\/et_pb_heading][et_pb_text _builder_version=&#8220;4.27.2&#8243; _module_preset=&#8220;default&#8220; custom_margin=&#8220;0px||10px||false|false&#8220; custom_padding=&#8220;0px||0px||false|false&#8220; global_colors_info=&#8220;{}&#8220;]<\/p>\n<div class=\"et_pb_module et_pb_text et_pb_text_3 et_pb_text_align_left et_pb_bg_layout_light\">\n<div class=\"et_pb_text_inner\">\n<p>Pro del\u0161\u00ed pobyty nebo ubytov\u00e1n\u00ed v\u011bt\u0161\u00edch skupin si prohl\u00e9dn\u011bte mo\u017enosti v na\u0161em e-shopu.<\/p>\n<\/div>\n<\/div>\n<p>[\/et_pb_text][\/et_pb_column][\/et_pb_row][et_pb_row column_structure=&#8220;1_3,1_3,1_3&#8243; module_class=&#8220;three.columns&#8220; _builder_version=&#8220;4.27.2&#8243; _module_preset=&#8220;default&#8220; width=&#8220;85%&#8220; custom_margin=&#8220;0px||0px||false|false&#8220; custom_padding=&#8220;0px||20px||false|false&#8220; custom_css_main_element=&#8220;isplay: flex;&#8220; global_colors_info=&#8220;{}&#8220;][et_pb_column type=&#8220;1_3&#8243; _builder_version=&#8220;4.27.2&#8243; _module_preset=&#8220;default&#8220; global_colors_info=&#8220;{}&#8220;][et_pb_text _builder_version=&#8220;4.27.2&#8243; _module_preset=&#8220;default&#8220; text_font=&#8220;||||||||&#8220; header_text_align=&#8220;center&#8220; header_font_size=&#8220;35px&#8220; header_letter_spacing=&#8220;2px&#8220; header_line_height=&#8220;1.5em&#8220; header_4_font=&#8220;|||on|||||&#8220; header_4_text_align=&#8220;center&#8220; header_4_font_size=&#8220;23px&#8220; background_color=&#8220;#FFFFFF&#8220; text_orientation=&#8220;center&#8220; custom_padding=&#8220;20px||10px||false|false&#8220; border_width_all=&#8220;1px&#8220; border_color_all=&#8220;gcid-primary-color&#8220; box_shadow_style=&#8220;preset1&#8243; global_colors_info=&#8220;{%22gcid-primary-color%22:%91%22border_color_all%22%93}&#8220;]<\/p>\n<h4 style=\"text-align: center;\">1 OSOBA + 1 STAN + 1 MOTOCYKL &#8211; 3 NOCI<\/h4>\n<p style=\"text-align: center;\"><strong>P\u0159\u00edjezd \u010dtvrtek 19.06 &#8211; odjezd ned\u011ble 22.06<\/strong><\/p>\n<h1 style=\"text-align: center;\">68 \u20ac<\/h1>\n<h5 style=\"text-align: center;\">(Cena pro jednu osobu)<\/h5>\n<p>[\/et_pb_text][\/et_pb_column][et_pb_column type=&#8220;1_3&#8243; _builder_version=&#8220;4.27.0&#8243; _module_preset=&#8220;default&#8220; global_colors_info=&#8220;{}&#8220;][et_pb_text _builder_version=&#8220;4.27.2&#8243; _module_preset=&#8220;default&#8220; text_font=&#8220;||||||||&#8220; header_text_align=&#8220;center&#8220; header_font_size=&#8220;35px&#8220; header_letter_spacing=&#8220;2px&#8220; header_line_height=&#8220;1.5em&#8220; header_4_font=&#8220;|||on|||||&#8220; header_4_text_align=&#8220;center&#8220; header_4_font_size=&#8220;22px&#8220; background_color=&#8220;#FFFFFF&#8220; text_orientation=&#8220;center&#8220; custom_padding=&#8220;20px||10px||false|false&#8220; border_width_all=&#8220;1px&#8220; border_color_all=&#8220;gcid-primary-color&#8220; border_color_all_tablet=&#8220;gcid-primary-color&#8220; border_color_all_phone=&#8220;gcid-primary-color&#8220; border_color_all_last_edited=&#8220;on|desktop&#8220; box_shadow_style=&#8220;preset1&#8243; global_colors_info=&#8220;{%22gcid-primary-color%22:%91%22border_color_all%22%93}&#8220;]<\/p>\n<h4 style=\"text-align: center;\">2 OSOBY + 1 STAN + 1 MOTOCYKL &#8211; 3 NOCI<\/h4>\n<p style=\"text-align: center;\"><strong>P\u0159\u00edjezd \u010dtvrtek 19.06 &#8211; odjezd ned\u011ble 22.06<\/strong><\/p>\n<h1 style=\"text-align: center;\">98 \u20ac<\/h1>\n<h5 style=\"text-align: center;\">(Cena pro dv\u011b osoby)<\/h5>\n<p>[\/et_pb_text][\/et_pb_column][et_pb_column type=&#8220;1_3&#8243; _builder_version=&#8220;4.27.2&#8243; _module_preset=&#8220;default&#8220; global_colors_info=&#8220;{}&#8220;][et_pb_text _builder_version=&#8220;4.27.2&#8243; _module_preset=&#8220;default&#8220; text_font=&#8220;||||||||&#8220; header_text_align=&#8220;center&#8220; header_font_size=&#8220;35px&#8220; header_letter_spacing=&#8220;2px&#8220; header_line_height=&#8220;1.5em&#8220; header_4_font=&#8220;|||on|||||&#8220; header_4_text_align=&#8220;center&#8220; header_4_font_size=&#8220;22px&#8220; background_color=&#8220;#FFFFFF&#8220; text_orientation=&#8220;center&#8220; custom_padding=&#8220;20px||10px||false|false&#8220; border_width_all=&#8220;1px&#8220; border_color_all=&#8220;gcid-primary-color&#8220; border_color_all_tablet=&#8220;gcid-primary-color&#8220; border_color_all_phone=&#8220;gcid-primary-color&#8220; border_color_all_last_edited=&#8220;on|desktop&#8220; box_shadow_style=&#8220;preset1&#8243; global_colors_info=&#8220;{%22gcid-primary-color%22:%91%22border_color_all%22%93}&#8220;]<\/p>\n<h4 style=\"text-align: center;\">1 KARAVAN\/OBYTN\u00dd V\u016eZ + 1 MOTOCYKL &#8211; 3 NOCI<\/h4>\n<p style=\"text-align: center;\"><strong>P\u0159\u00edjezd \u010dtvrtek 19.06 &#8211; odjezd ned\u011ble 22.06<\/strong><\/p>\n<h1 style=\"text-align: center;\">140 \u20ac<\/h1>\n<h5 style=\"text-align: center;\">(Cena pro dv\u011b osoby a p\u0159ipojen\u00ed 230 V)<\/h5>\n<p>[\/et_pb_text][\/et_pb_column][\/et_pb_row][et_pb_row _builder_version=&#8220;4.27.0&#8243; _module_preset=&#8220;default&#8220; custom_margin=&#8220;0px||0px||false|false&#8220; custom_padding=&#8220;0px||20px||false|false&#8220; global_colors_info=&#8220;{}&#8220;][et_pb_column type=&#8220;4_4&#8243; _builder_version=&#8220;4.27.0&#8243; _module_preset=&#8220;default&#8220; global_colors_info=&#8220;{}&#8220;][et_pb_text _builder_version=&#8220;4.27.2&#8243; _module_preset=&#8220;default&#8220; text_text_color=&#8220;gcid-primary-color&#8220; custom_margin=&#8220;0px||0px||false|false&#8220; custom_padding=&#8220;0px||0px||false|false&#8220; global_colors_info=&#8220;{%22gcid-primary-color%22:%91%22text_text_color%22%93}&#8220;]<\/p>\n<p><strong><\/strong><strong>Ceny zahrnuj\u00ed:<\/strong> Cena zahrnuje: m\u00edsto pro stanov\u00e1n\u00ed, elektrickou p\u0159\u00edpojku 230 V (pouze pro m\u00edsta pro karavany) , turistickou da\u0148 &#8211; podle po\u010dtu osob, parkov\u00e1n\u00ed u m\u00edsta pro stanov\u00e1n\u00ed, nep\u0159etr\u017eit\u00fd p\u0159\u00edstup do kempu, tepl\u00e9 sprchy a samostatn\u00e9 toalety, pra\u010dky a su\u0161i\u010dky (za mal\u00fd poplatek), venkovn\u00ed varnou z\u00f3nu, restauraci Gril Mod\u0159\u00edn. <strong>Bezplatn\u00e1 kyvadlov\u00e1 doprava na akci IRF25.<\/strong><\/p>\n<p>[\/et_pb_text][et_pb_image src=&#8220;https:\/\/www.indianridersfest.eu\/wp-content\/uploads\/2024\/10\/Camping-Panorama-Icons-1.png&#8220; title_text=&#8220;Camping-Panorama-Icons-moblie&#8220; src_tablet=&#8220;https:\/\/www.indianridersfest.eu\/wp-content\/uploads\/2024\/09\/Korzo-ApartmentIcons-mobile-1.png&#8220; src_phone=&#8220;https:\/\/www.indianridersfest.eu\/wp-content\/uploads\/2024\/10\/Camping-Panorama-Icons-moblie.png&#8220; src_last_edited=&#8220;on|phone&#8220; _builder_version=&#8220;4.27.2&#8243; _module_preset=&#8220;default&#8220; custom_margin=&#8220;10px||||false|false&#8220; global_colors_info=&#8220;{}&#8220;][\/et_pb_image][\/et_pb_column][\/et_pb_row][et_pb_row _builder_version=&#8220;4.27.0&#8243; _module_preset=&#8220;default&#8220; width=&#8220;85%&#8220; module_alignment=&#8220;center&#8220; custom_margin=&#8220;0px||0px||false|false&#8220; custom_padding=&#8220;0px||0px||false|false&#8220; global_colors_info=&#8220;{}&#8220;][et_pb_column type=&#8220;4_4&#8243; _builder_version=&#8220;4.27.0&#8243; _module_preset=&#8220;default&#8220; global_colors_info=&#8220;{}&#8220;][et_pb_cta title=&#8220;Rezervujte si Camping Lipno Mod\u0159\u00edn !  &#8220; button_url=&#8220;https:\/\/www.indianridersfest.eu\/shop\/&#8220; button_text=&#8220;Rezervovat nyn\u00ed&#8220; _builder_version=&#8220;4.27.2&#8243; _module_preset=&#8220;default&#8220; custom_button=&#8220;on&#8220; button_text_color=&#8220;#000000&#8243; button_bg_color=&#8220;#FFFFFF&#8220; button_font=&#8220;&#8211;et_global_heading_font|||on|||||&#8220; button_use_icon=&#8220;off&#8220; hover_enabled=&#8220;0&#8243; global_colors_info=&#8220;{}&#8220; sticky_enabled=&#8220;0&#8243;]<\/p>\n<p><strong>Rezervujte si sv\u00e9 ide\u00e1ln\u00ed m\u00edsto je\u0161t\u011b dnes! Klikn\u011bte zde a zajist\u011bte si ubytov\u00e1n\u00ed v kempu Lipno <span><b class=\"sec\">Mod\u0159\u00edn<\/b><\/span> a u\u017eijte si Indian Riders Fest naplno. <\/strong><\/p>\n<p>[\/et_pb_cta][\/et_pb_column][\/et_pb_row][\/et_pb_section][et_pb_section fb_built=&#8220;1&#8243; _builder_version=&#8220;4.27.0&#8243; _module_preset=&#8220;default&#8220; custom_margin=&#8220;0px||0px||false|false&#8220; custom_padding=&#8220;0px||0px||false|false&#8220; global_colors_info=&#8220;{}&#8220;][et_pb_row _builder_version=&#8220;4.27.0&#8243; _module_preset=&#8220;default&#8220; custom_margin=&#8220;0px||0px||false|false&#8220; custom_padding=&#8220;0px||0px||false|false&#8220; global_colors_info=&#8220;{}&#8220;][et_pb_column type=&#8220;4_4&#8243; _builder_version=&#8220;4.27.0&#8243; _module_preset=&#8220;default&#8220; global_colors_info=&#8220;{}&#8220;][et_pb_heading title=&#8220;KEMPOV\u00c1N\u00cd LIPNO MOD\u0158\u00cdN V\u00ddB\u011aR&#8220; _builder_version=&#8220;4.27.2&#8243; _module_preset=&#8220;default&#8220; custom_margin=&#8220;20px||0px||false|false&#8220; custom_padding=&#8220;0px||0px||false|false&#8220; global_colors_info=&#8220;{}&#8220;][\/et_pb_heading][et_pb_shop type=&#8220;product_category&#8220; show_pagination=&#8220;on&#8220; include_categories=&#8220;81&#8243; columns_number=&#8220;6&#8243; orderby=&#8220;price&#8220; sale_badge_color=&#8220;gcid-primary-color&#8220; _builder_version=&#8220;4.27.2&#8243; _module_preset=&#8220;6e4f3fc6-300e-4bbd-ab6e-1ef8a4385138&#8243; sale_badge_custom_margin=&#8220;-26px||||false|false&#8220; custom_margin=&#8220;0px||0px||false|false&#8220; custom_padding=&#8220;0px||0px||false|false&#8220; global_colors_info=&#8220;{%22gcid-primary-color%22:%91%22sale_badge_color%22%93}&#8220;][\/et_pb_shop][\/et_pb_column][\/et_pb_row][\/et_pb_section][et_pb_section fb_built=&#8220;1&#8243; _builder_version=&#8220;4.27.0&#8243; _module_preset=&#8220;default&#8220; custom_margin=&#8220;0px||0px||false|false&#8220; custom_padding=&#8220;0px||0px||false|false&#8220; global_colors_info=&#8220;{}&#8220;][et_pb_row disabled_on=&#8220;off|off|on&#8220; admin_label=&#8220;Klasick\u00e1 mapa NEN\u00cd VIDITELN\u00c1 PRO DESKTOP&#8220; _builder_version=&#8220;4.27.0&#8243; _module_preset=&#8220;default&#8220; width=&#8220;85%&#8220; global_colors_info=&#8220;{}&#8220;][et_pb_column type=&#8220;4_4&#8243; _builder_version=&#8220;4.27.0&#8243; _module_preset=&#8220;default&#8220; global_colors_info=&#8220;{}&#8220;][et_pb_heading title=&#8220;IRF25 MAP&#8220; _builder_version=&#8220;4.27.0&#8243; _module_preset=&#8220;default&#8220; title_font=&#8220;|600||on|||||&#8220; title_letter_spacing=&#8220;1px&#8220; custom_margin=&#8220;0px||0px||false|false&#8220; custom_margin_tablet=&#8220;&#8220; custom_margin_phone=&#8220;0px||0px||false|false&#8220; custom_margin_last_edited=&#8220;on|phone&#8220; custom_padding=&#8220;0px||0px||false|false&#8220; global_colors_info=&#8220;{}&#8220;][\/et_pb_heading][et_pb_image src=&#8220;https:\/\/www.indianridersfest.eu\/wp-content\/uploads\/2024\/09\/IRF25Map-Lipno-1920px-scaled.jpg&#8220; alt=&#8220;mapa Inidan RIders Fest 2025 X Lipno nad Vltavou&#8220; title_text=&#8220;IRF25Map-Lipno-1920px&#8220; src_tablet=&#8220;https:\/\/www.indianridersfest.eu\/wp-content\/uploads\/2024\/09\/IRF25Map-Amenity-1300px-MOB.jpg&#8220; src_phone=&#8220;https:\/\/www.indianridersfest.eu\/wp-content\/uploads\/2024\/09\/IRF25Map-Amenity-1300px-MOB.jpg&#8220; src_last_edited=&#8220;on|desktop&#8220; disabled_on=&#8220;off|off|on&#8220; _builder_version=&#8220;4.27.0&#8243; _module_preset=&#8220;default&#8220; custom_margin=&#8220;0px||0px||false|false&#8220; custom_padding=&#8220;0px||0px||false|false&#8220; global_colors_info=&#8220;{}&#8220;][\/et_pb_image][et_pb_code _builder_version=&#8220;4.27.0&#8243; _module_preset=&#8220;default&#8220; global_colors_info=&#8220;{}&#8220;][\/et_pb_code][\/et_pb_column][\/et_pb_row][et_pb_row disabled_on=&#8220;on|on|off&#8220; admin_label=&#8220;Obr\u00e1zkov\u00e1 mapa Pro NEN\u00cd VIDITELN\u00c1 PRO TABLET + MOBILE&#8220; _builder_version=&#8220;4.27.0&#8243; _module_preset=&#8220;default&#8220; width=&#8220;85%&#8220; global_colors_info=&#8220;{}&#8220;][et_pb_column type=&#8220;4_4&#8243; _builder_version=&#8220;4.27.0&#8243; _module_preset=&#8220;default&#8220; global_colors_info=&#8220;{}&#8220;][et_pb_heading title=&#8220;IRF25 MAP&#8220; _builder_version=&#8220;4.27.0&#8243; _module_preset=&#8220;default&#8220; title_font=&#8220;|600||on|||||&#8220; title_letter_spacing=&#8220;1px&#8220; custom_margin=&#8220;0px||0px||false|false&#8220; custom_margin_tablet=&#8220;&#8220; custom_margin_phone=&#8220;0px||0px||false|false&#8220; custom_margin_last_edited=&#8220;on|phone&#8220; custom_padding=&#8220;0px||0px||false|false&#8220; global_colors_info=&#8220;{}&#8220;][\/et_pb_heading][et_pb_code _builder_version=&#8220;4.27.0&#8243; _module_preset=&#8220;default&#8220; custom_margin=&#8220;0px||0px||false|false&#8220; custom_padding=&#8220;0px||0px||false|false&#8220; global_colors_info=&#8220;{}&#8220;]<div><div id=\"image-map-pro-5ba572bc-94fc-4167-ad8f-b6a3f47469b5\"><\/div><\/div>[\/et_pb_code][et_pb_code _builder_version=&#8220;4.27.0&#8243; _module_preset=&#8220;default&#8220; global_colors_info=&#8220;{}&#8220;][\/et_pb_code][\/et_pb_column][\/et_pb_row][\/et_pb_section][et_pb_section fb_built=&#8220;1&#8243; _builder_version=&#8220;4.27.0&#8243; _module_preset=&#8220;default&#8220; custom_margin=&#8220;0px||0px||false|false&#8220; custom_padding=&#8220;0px||0px||false|false&#8220; global_colors_info=&#8220;{}&#8220;][et_pb_row _builder_version=&#8220;4.27.0&#8243; _module_preset=&#8220;default&#8220; custom_margin_tablet=&#8220;&#8220; custom_margin_phone=&#8220;&#8220; custom_margin_last_edited=&#8220;on|phone&#8220; custom_padding=&#8220;20px||20px||false|false&#8220; global_colors_info=&#8220;{}&#8220;][et_pb_column type=&#8220;4_4&#8243; _builder_version=&#8220;4.27.0&#8243; _module_preset=&#8220;default&#8220; global_colors_info=&#8220;{}&#8220;][et_pb_gallery gallery_ids=&#8220;106579,106583,106587,106591,106595,106599,106603,106607&#8243; show_title_and_caption=&#8220;off&#8220; _builder_version=&#8220;4.27.2&#8243; _module_preset=&#8220;default&#8220; pagination_font=&#8220;&#8211;et_global_heading_font|||on|||||&#8220; pagination_font_size=&#8220;20px&#8220; background_color=&#8220;RGBA(255,255,255,0)&#8220; custom_margin=&#8220;0px||0px||false|false&#8220; custom_padding=&#8220;0px||0px||false|false&#8220; global_colors_info=&#8220;{}&#8220;][\/et_pb_gallery][\/et_pb_column][\/et_pb_row][\/et_pb_section]<\/p>\n","protected":false},"excerpt":{"rendered":"<p>CAMPING LIPNO MOD\u0158\u00cdNCAMPING LIPNO MOD\u0158\u00cdN Camping Lipno Mod\u0159\u00edn je ofici\u00e1ln\u00edm partnerem Indian Riders Festu 2025 a t\u011b\u0161\u00ed se, \u017ee m\u016f\u017ee \u00fa\u010dastn\u00edky p\u0159iv\u00edtat na m\u00edst\u011b, kter\u00e9 je pohlt\u00ed jako \u017e\u00e1dn\u00e9 jin\u00e9.Nach\u00e1z\u00ed se necel\u00fd kilometr od \u017eiv\u00e9ho centra akce, p\u0159\u00edmo u klidn\u00e9ho b\u0159ehu lipensk\u00e9ho jezera. Na\u0161e prvot\u0159\u00eddn\u00ed poloha zaru\u010duje, \u017ee nikdy nebudete p\u0159\u00edli\u0161 daleko od d\u011bn\u00ed, a [&hellip;]<\/p>\n","protected":false},"author":1,"featured_media":0,"parent":0,"menu_order":0,"comment_status":"closed","ping_status":"closed","template":"","meta":{"_et_pb_use_builder":"on","_et_pb_old_content":"","_et_gb_content_width":"","footnotes":""},"class_list":["post-106542","page","type-page","status-publish","hentry"],"_links":{"self":[{"href":"https:\/\/www.indianridersfest.eu\/cs\/wp-json\/wp\/v2\/pages\/106542","targetHints":{"allow":["GET"]}}],"collection":[{"href":"https:\/\/www.indianridersfest.eu\/cs\/wp-json\/wp\/v2\/pages"}],"about":[{"href":"https:\/\/www.indianridersfest.eu\/cs\/wp-json\/wp\/v2\/types\/page"}],"author":[{"embeddable":true,"href":"https:\/\/www.indianridersfest.eu\/cs\/wp-json\/wp\/v2\/users\/1"}],"replies":[{"embeddable":true,"href":"https:\/\/www.indianridersfest.eu\/cs\/wp-json\/wp\/v2\/comments?post=106542"}],"version-history":[{"count":21,"href":"https:\/\/www.indianridersfest.eu\/cs\/wp-json\/wp\/v2\/pages\/106542\/revisions"}],"predecessor-version":[{"id":106897,"href":"https:\/\/www.indianridersfest.eu\/cs\/wp-json\/wp\/v2\/pages\/106542\/revisions\/106897"}],"wp:attachment":[{"href":"https:\/\/www.indianridersfest.eu\/cs\/wp-json\/wp\/v2\/media?parent=106542"}],"curies":[{"name":"wp","href":"https:\/\/api.w.org\/{rel}","templated":true}]}}