{"id":106137,"date":"2024-10-07T14:18:01","date_gmt":"2024-10-07T12:18:01","guid":{"rendered":"https:\/\/www.indianridersfest.eu\/registracni-stranka-prodejce-imc\/"},"modified":"2024-10-15T06:43:00","modified_gmt":"2024-10-15T04:43:00","slug":"registracni-stranka-prodejce-imc","status":"publish","type":"page","link":"https:\/\/www.indianridersfest.eu\/cs\/registracni-stranka-prodejce-imc\/","title":{"rendered":"IMC Dealer Registrace IRF25"},"content":{"rendered":"<p>[et_pb_section fb_built=&#8220;1&#8243; _builder_version=&#8220;4.27.0&#8243; _module_preset=&#8220;default&#8220; background_color=&#8220;gcid-primary-color&#8220; background_enable_image=&#8220;off&#8220; custom_margin=&#8220;0px||0px||false|false&#8220; custom_padding=&#8220;50px||50px||false|false&#8220; global_colors_info=&#8220;{%22gcid-primary-color%22:%91%22background_color%22%93}&#8220;][et_pb_row column_structure=&#8220;2_3,1_3&#8243; _builder_version=&#8220;4.27.0&#8243; _module_preset=&#8220;default&#8220; width=&#8220;85%&#8220; global_colors_info=&#8220;{}&#8220;][et_pb_column type=&#8220;2_3&#8243; _builder_version=&#8220;4.16&#8243; _module_preset=&#8220;default&#8220; global_colors_info=&#8220;{}&#8220;][et_pb_text _builder_version=&#8220;4.27.0&#8243; _module_preset=&#8220;default&#8220; text_font=&#8220;|600|||||||&#8220; text_text_color=&#8220;#FFFFFF&#8220; header_3_font=&#8220;|700||on|||||&#8220; header_3_text_color=&#8220;#FFFFFF&#8220; header_3_font_size=&#8220;25px&#8220; header_4_font=&#8220;|||on|||||&#8220; header_4_text_color=&#8220;#FFFFFF&#8220; custom_margin=&#8220;||5px||false|false&#8220; text_font_size_tablet=&#8220;&#8220; text_font_size_phone=&#8220;9px&#8220; text_font_size_last_edited=&#8220;on|phone&#8220; global_colors_info=&#8220;{}&#8220;]<\/p>\n<h3>Exkluzivn\u00ed pob\u00eddkov\u00fd program irf25 pro dealery<\/h3>\n<h4 style=\"text-align: justify;\">Odemkn\u011bte bezkonkuren\u010dn\u00ed cenu pro sv\u00e9 dealerstv\u00ed s na\u0161\u00ed exkluzivn\u00ed nab\u00eddkou IRF25 DEALER INCENTIVE<\/h4>\n<p style=\"text-align: justify;\">Nyn\u00ed a\u017e do 31. prosince 2024 m\u00e1te jedine\u010dnou p\u0159\u00edle\u017eitost zakoupit si bal\u00ed\u010dek 10ti t\u0159\u00eddenn\u00edch vstupenek na IRF25 za speci\u00e1ln\u00ed cenu prvn\u00ed vlny za pouh\u00fdch 62 EUR\/vstupenka. Nav\u00edc ke ka\u017ed\u00e9mu bal\u00ed\u010dku obdr\u017e\u00edte 11. vstupenku zcela zdarma, a to d\u00edky spole\u010dnosti INDIAN MOTORCYCLE EMEA. To je 11 vstupenek za cenu 10ti, celkem 620 \u20ac (m\u00edsto 814 \u20ac), s v\u00fdraznou \u00fasporou (194 \u20ac) p\u0159ed zv\u00fd\u0161en\u00edm standardn\u00ed ceny vstupenek od 1. listopadu na 74 \u20ac.  <\/p>\n<p style=\"text-align: justify;\">Z\u00edskejte v\u00fdhodn\u011b speci\u00e1ln\u00ed vstupenky, kter\u00e9 prezentuj\u00ed va\u0161i prodejnu a vyu\u017eijte bezpe\u010dnou a jednoduchou platbu prost\u0159ednictv\u00edm na\u0161eho port\u00e1lu B2B.<\/p>\n<p>[\/et_pb_text][\/et_pb_column][et_pb_column type=&#8220;1_3&#8243; _builder_version=&#8220;4.16&#8243; _module_preset=&#8220;default&#8220; global_colors_info=&#8220;{}&#8220;][et_pb_image src=&#8220;https:\/\/www.indianridersfest.eu\/wp-content\/uploads\/2024\/10\/IMC-Roundel-Script-White_2020.png&#8220; title_text=&#8220;IMC Roundel Script White_2020&#8243; _builder_version=&#8220;4.27.0&#8243; _module_preset=&#8220;default&#8220; width=&#8220;60%&#8220; global_colors_info=&#8220;{}&#8220;][\/et_pb_image][\/et_pb_column][\/et_pb_row][\/et_pb_section][et_pb_section fb_built=&#8220;1&#8243; admin_label=&#8220;section&#8220; _builder_version=&#8220;4.27.0&#8243; custom_margin=&#8220;0px||0px||false|false&#8220; custom_padding=&#8220;10px||10px||false|false&#8220; global_colors_info=&#8220;{}&#8220;][et_pb_row admin_label=&#8220;\u0159\u00e1dek&#8220; _builder_version=&#8220;4.27.0&#8243; background_size=&#8220;initial&#8220; background_position=&#8220;top_left&#8220; background_repeat=&#8220;repeat&#8220; width=&#8220;85%&#8220; global_colors_info=&#8220;{}&#8220;][et_pb_column type=&#8220;4_4&#8243; _builder_version=&#8220;4.16&#8243; custom_padding=&#8220;|||&#8220; global_colors_info=&#8220;{}&#8220; custom_padding__hover=&#8220;|||&#8220;][et_pb_text _builder_version=&#8220;4.27.0&#8243; _module_preset=&#8220;default&#8220; text_font=&#8220;|600|||||||&#8220; header_4_font=&#8220;|||on|||||&#8220; global_colors_info=&#8220;{}&#8220;]<\/p>\n<h4>Jak z\u00edskat p\u0159\u00edstup ke speci\u00e1ln\u00edm cen\u00e1m prodejc\u016f IMC:<\/h4>\n<ol>\n<li>Vypl\u0148te n\u00ed\u017ee uveden\u00fd registra\u010dn\u00ed formul\u00e1\u0159 a za\u010dn\u011bte.<\/li>\n<li>Po obdr\u017een\u00ed na\u0161eho potvrzovac\u00edho e-mailu o vytvo\u0159en\u00ed \u00fa\u010dtu se p\u0159ihlaste na speci\u00e1ln\u00ed str\u00e1nce prodejce IMC, kde z\u00edsk\u00e1te p\u0159\u00edstup ke speci\u00e1ln\u00edm cen\u00e1m bal\u00ed\u010dk\u016f vstupenek IRF25.<\/li>\n<li>Vyberte po\u017eadovan\u00fd bal\u00ed\u010dek vstupenek a p\u0159ejd\u011bte k pokladn\u011b.<\/li>\n<\/ol>\n<p>Jedn\u00e1 se o v\u00fdjime\u010dnou p\u0159\u00edle\u017eitost, jak vyu\u017e\u00edt p\u0159\u00edtomnost va\u0161eho dealerstv\u00ed a nab\u00eddnout klient\u016fm neb\u00fdvalou hodnotu.  <br \/>Nenechte si uj\u00edt tuto exkluzivn\u00ed nab\u00eddku, kter\u00e1 va\u0161emu dealerstv\u00ed poskytne konkuren\u010dn\u00ed v\u00fdhodu!<\/p>\n<p>[\/et_pb_text][et_pb_text admin_label=&#8220;Text&#8220; _builder_version=&#8220;4.27.0&#8243; background_size=&#8220;initial&#8220; background_position=&#8220;top_left&#8220; background_repeat=&#8220;repeat&#8220; global_colors_info=&#8220;{}&#8220;]<\/p>\n<p>[wwlc_registration_form]<\/p>\n<p>[\/et_pb_text][et_pb_code _builder_version=&#8220;4.27.0&#8243; _module_preset=&#8220;default&#8220; global_colors_info=&#8220;{}&#8220;][\/et_pb_code][\/et_pb_column][\/et_pb_row][\/et_pb_section]<\/p>\n","protected":false},"excerpt":{"rendered":"<p>Exkluzivn\u00ed pob\u00eddkov\u00fd program irf25 pro dealery Odemkn\u011bte bezkonkuren\u010dn\u00ed cenu pro sv\u00e9 dealerstv\u00ed s na\u0161\u00ed exkluzivn\u00ed nab\u00eddkou IRF25 DEALER INCENTIVE Nyn\u00ed a\u017e do 31. prosince 2024 m\u00e1te jedine\u010dnou p\u0159\u00edle\u017eitost zakoupit si bal\u00ed\u010dek 10ti t\u0159\u00eddenn\u00edch vstupenek na IRF25 za speci\u00e1ln\u00ed cenu prvn\u00ed vlny za pouh\u00fdch 62 EUR\/vstupenka. Nav\u00edc ke ka\u017ed\u00e9mu bal\u00ed\u010dku obdr\u017e\u00edte 11. vstupenku zcela zdarma, a [&hellip;]<\/p>\n","protected":false},"author":1,"featured_media":0,"parent":0,"menu_order":0,"comment_status":"closed","ping_status":"closed","template":"","meta":{"_et_pb_use_builder":"on","_et_pb_old_content":"","_et_gb_content_width":"","footnotes":""},"class_list":["post-106137","page","type-page","status-publish","hentry"],"_links":{"self":[{"href":"https:\/\/www.indianridersfest.eu\/cs\/wp-json\/wp\/v2\/pages\/106137","targetHints":{"allow":["GET"]}}],"collection":[{"href":"https:\/\/www.indianridersfest.eu\/cs\/wp-json\/wp\/v2\/pages"}],"about":[{"href":"https:\/\/www.indianridersfest.eu\/cs\/wp-json\/wp\/v2\/types\/page"}],"author":[{"embeddable":true,"href":"https:\/\/www.indianridersfest.eu\/cs\/wp-json\/wp\/v2\/users\/1"}],"replies":[{"embeddable":true,"href":"https:\/\/www.indianridersfest.eu\/cs\/wp-json\/wp\/v2\/comments?post=106137"}],"version-history":[{"count":9,"href":"https:\/\/www.indianridersfest.eu\/cs\/wp-json\/wp\/v2\/pages\/106137\/revisions"}],"predecessor-version":[{"id":106290,"href":"https:\/\/www.indianridersfest.eu\/cs\/wp-json\/wp\/v2\/pages\/106137\/revisions\/106290"}],"wp:attachment":[{"href":"https:\/\/www.indianridersfest.eu\/cs\/wp-json\/wp\/v2\/media?parent=106137"}],"curies":[{"name":"wp","href":"https:\/\/api.w.org\/{rel}","templated":true}]}}