{"id":104980,"date":"2024-09-23T04:58:21","date_gmt":"2024-09-23T02:58:21","guid":{"rendered":"https:\/\/www.indianridersfest.eu\/videogalerie\/"},"modified":"2024-11-26T09:55:31","modified_gmt":"2024-11-26T08:55:31","slug":"video-gallery","status":"publish","type":"page","link":"https:\/\/www.indianridersfest.eu\/cs\/video-gallery\/","title":{"rendered":"Videogalerie"},"content":{"rendered":"<p>[et_pb_section fb_built=&#8220;1&#8243; _builder_version=&#8220;4.27.0&#8243; _module_preset=&#8220;default&#8220; background_color=&#8220;#000000&#8243; custom_margin=&#8220;0px||0px||false|false&#8220; custom_padding=&#8220;0px||0px||false|false&#8220; global_colors_info=&#8220;{}&#8220;][et_pb_row _builder_version=&#8220;4.27.0&#8243; _module_preset=&#8220;default&#8220; width=&#8220;85%&#8220; custom_margin=&#8220;||0px||false|false&#8220; custom_padding=&#8220;||0px||false|false&#8220; global_colors_info=&#8220;{}&#8220;][et_pb_column type=&#8220;4_4&#8243; _builder_version=&#8220;4.27.0&#8243; _module_preset=&#8220;default&#8220; global_colors_info=&#8220;{}&#8220;][et_pb_heading title=&#8220;Videoklipy IRF: Nejd\u016fle\u017eit\u011bj\u0161\u00ed momenty z p\u0159edchoz\u00edch let&#8220; _builder_version=&#8220;4.27.0&#8243; _module_preset=&#8220;default&#8220; title_font=&#8220;|||on|||||&#8220; title_text_color=&#8220;#FFFFFF&#8220; custom_margin=&#8220;0px||0px||false|false&#8220; global_colors_info=&#8220;{}&#8220;][\/et_pb_heading][et_pb_text _builder_version=&#8220;4.27.2&#8243; _module_preset=&#8220;default&#8220; text_text_color=&#8220;#FFFFFF&#8220; hover_enabled=&#8220;0&#8243; global_colors_info=&#8220;{}&#8220; sticky_enabled=&#8220;0&#8243;]<\/p>\n<p style=\"text-align: left;\">Pro\u017eijte znovu z\u00e1bavn\u00e9 okam\u017eiky z minul\u00fdch ro\u010dn\u00edk\u016f Indian Riders Festu!<br \/>\nP\u0159ipravili jsme pro v\u00e1s videa z jednotliv\u00fdch ro\u010dn\u00edk\u016f, po\u010d\u00ednaje rokem 2019 a\u017e po sou\u010dasnost.<br \/>\nUvid\u00edte velk\u00e9 cyklistick\u00e9 vyj\u00ed\u017e\u010fky a kr\u00e1sn\u00e9 pam\u00e1tky jiho\u010desk\u00e9ho regionu, d\u00edky kter\u00fdm je Indian Riders Fest tak v\u00fdjime\u010dn\u00fd a pln\u00fd p\u0159\u00e1telstv\u00ed.  <\/p>\n<p style=\"text-align: left;\">P\u0159i sledov\u00e1n\u00ed si p\u0159edstavte, \u017ee jste se poprv\u00e9 p\u0159ipojili ke komunit\u011b IRF nebo \u017ee se znovu vrac\u00edte, abyste za\u017eili dal\u0161\u00ed ro\u010dn\u00edk festivalu.<br \/>\nNetrp\u011bliv\u011b o\u010dek\u00e1v\u00e1me IRF25: On the Road Again, kter\u00fd se bude konat od 19. do 22. \u010dervna 2025.<br \/>\nTuto mezin\u00e1rodn\u00ed oslavu jezdc\u016f a motocykl\u016f Indian si ur\u010dit\u011b nenechte uj\u00edt.<br \/>\nU\u017eijte si videa a douf\u00e1me, \u017ee se brzy uvid\u00edme!   <\/p>\n<p style=\"text-align: left;\">U\u017eijte si ducha festivalu Indian Riders Fest: Pono\u0159te se do na\u0161\u00ed <a href=\"https:\/\/www.irf-portfolio.com\/\" title=\"Fotogalerie\" target=\"_blank\" rel=\"noopener\">ohromuj\u00edc\u00ed fotogalerie<\/a>!<\/p>\n<p>[\/et_pb_text][\/et_pb_column][\/et_pb_row][et_pb_row _builder_version=&#8220;4.22.1&#8243; _module_preset=&#8220;default&#8220; custom_padding=&#8220;||79px|||&#8220; global_colors_info=&#8220;{}&#8220;][et_pb_column type=&#8220;4_4&#8243; _builder_version=&#8220;4.22.1&#8243; _module_preset=&#8220;default&#8220; global_colors_info=&#8220;{}&#8220;][dvg_divi_video_gallery columns=&#8220;2&#8243; hover_content=&#8220;icon_title_subtitle&#8220; preview_title_subtitle_position=&#8220;bottom&#8220; use_filter=&#8220;on&#8220; filter_all_text=&#8220;SHOW ALL IRF YEARS&#8220; gallery_buttons_alignment=&#8220;left&#8220; gallery_buttons_background=&#8220;gcid-primary-color&#8220; gallery_buttons_background_active=&#8220;#FFFFFF&#8220; filter_padding=&#8220;10px|10px|10px|10px|false|false&#8220; _builder_version=&#8220;4.27.0&#8243; _module_preset=&#8220;default&#8220; overlay_icon_text_color=&#8220;#FFFFFF&#8220; overlay_icon_font_size=&#8220;40px&#8220; overlay_title_font=&#8220;Work Sans|300||on|||||&#8220; overlay_title_text_color=&#8220;#FFFFFF&#8220; overlay_title_font_size=&#8220;16px&#8220; overlay_subtitle_font=&#8220;Work Sans|||on|||||&#8220; overlay_subtitle_text_color=&#8220;#FFFFFF&#8220; overlay_subtitle_font_size=&#8220;20px&#8220; filter_font=&#8220;&#8211;et_global_heading_font|||on|||||&#8220; filter_font_size=&#8220;20px&#8220; filter_letter_spacing=&#8220;1px&#8220; filter_active_text_color=&#8220;#000000&#8243; border_radii_filter=&#8220;on|15px|15px|15px|15px&#8220; global_colors_info=&#8220;{%22gcid-primary-color%22:%91%22gallery_buttons_background%22%93}&#8220;][dvg_divi_video_gallery_item title=&#8220;Indian Riders Fest 2024 &#8211; Dlouh\u00e1 verze&#8220; src=&#8220;https:\/\/youtu.be\/NeXTtw_hJ_M?si=PjysEqL9iOj7Yvng&#8220; image_src=&#8220;https:\/\/www.indianridersfest.eu\/wp-content\/uploads\/2024\/09\/IRF-video-24-long-1.jpg&#8220; category=&#8220;IRF 2024&#8243; _builder_version=&#8220;4.27.0&#8243; _module_preset=&#8220;default&#8220; global_colors_info=&#8220;{}&#8220;][\/dvg_divi_video_gallery_item][dvg_divi_video_gallery_item title=&#8220;Indian Riders Fest 2023 &#8211; Dlouh\u00e1 verze&#8220; src=&#8220;https:\/\/youtu.be\/EvhxlyEClM8&#8243; image_src=&#8220;https:\/\/www.indianridersfest.eu\/wp-content\/uploads\/2024\/09\/IRF-video-23-long-1.jpg&#8220; category=&#8220;IRF 2023&#8243; _builder_version=&#8220;4.27.0&#8243; _module_preset=&#8220;default&#8220; global_colors_info=&#8220;{}&#8220;][\/dvg_divi_video_gallery_item][dvg_divi_video_gallery_item title=&#8220;Indian Riders Fest 2023 &#8211; Kr\u00e1tk\u00e1 verze&#8220; src=&#8220;https:\/\/youtu.be\/QN2OQM2oeCw&#8220; image_src=&#8220;https:\/\/www.indianridersfest.eu\/wp-content\/uploads\/2024\/09\/IRF-video-23-short.jpg&#8220; category=&#8220;IRF 2023&#8243; _builder_version=&#8220;4.22.1&#8243; _module_preset=&#8220;default&#8220; global_colors_info=&#8220;{}&#8220;][\/dvg_divi_video_gallery_item][dvg_divi_video_gallery_item title=&#8220;Indian Riders Fest 2022 &#8211; Dlouh\u00e1 verze&#8220; src=&#8220;https:\/\/youtu.be\/0DYpKEbT9LI&#8220; image_src=&#8220;https:\/\/www.indianridersfest.eu\/wp-content\/uploads\/2024\/09\/IRF-video-22-long-1.jpg&#8220; category=&#8220;IRF 2022&#8243; _builder_version=&#8220;4.22.1&#8243; _module_preset=&#8220;default&#8220; global_colors_info=&#8220;{}&#8220;][\/dvg_divi_video_gallery_item][dvg_divi_video_gallery_item title=&#8220;Indian Riders Fest 2022 &#8211; Kr\u00e1tk\u00e1 verze&#8220; src=&#8220;https:\/\/youtu.be\/Wbns8r218gM&#8220; image_src=&#8220;https:\/\/www.indianridersfest.eu\/wp-content\/uploads\/2024\/09\/IRF-video-22-short.jpg&#8220; category=&#8220;IRF 2022&#8243; _builder_version=&#8220;4.27.0&#8243; _module_preset=&#8220;default&#8220; global_colors_info=&#8220;{}&#8220;][\/dvg_divi_video_gallery_item][dvg_divi_video_gallery_item title=&#8220;Indian Riders Fest 2019 &#8211; Dlouh\u00e1 verze&#8220; src=&#8220;https:\/\/youtu.be\/rMtqdNPneVg&#8220; image_src=&#8220;https:\/\/www.indianridersfest.eu\/wp-content\/uploads\/2024\/09\/IRF-video-19-long.jpg&#8220; category=&#8220;IRF 2019&#8243; _builder_version=&#8220;4.22.1&#8243; _module_preset=&#8220;default&#8220; global_colors_info=&#8220;{}&#8220;][\/dvg_divi_video_gallery_item][dvg_divi_video_gallery_item title=&#8220;Indian Riders Fest 2019 &#8211; Kr\u00e1tk\u00e1 verze&#8220; src=&#8220;https:\/\/youtu.be\/pBkwo7qNldc&#8220; image_src=&#8220;https:\/\/www.indianridersfest.eu\/wp-content\/uploads\/2024\/09\/IRF-video-19-short.jpg&#8220; category=&#8220;IRF 2019&#8243; _builder_version=&#8220;4.22.1&#8243; _module_preset=&#8220;default&#8220; global_colors_info=&#8220;{}&#8220;][\/dvg_divi_video_gallery_item][\/dvg_divi_video_gallery][dvg_divi_video_gallery columns=&#8220;2&#8243; hover_content=&#8220;icon_title_subtitle&#8220; preview_title_subtitle_position=&#8220;bottom&#8220; use_filter=&#8220;on&#8220; filter_all_text=&#8220;MEDIA PREVIEW&#8220; gallery_buttons_alignment=&#8220;left&#8220; gallery_buttons_background=&#8220;gcid-primary-color&#8220; filter_padding=&#8220;10px|10px|10px|10px|false|false&#8220; _builder_version=&#8220;4.27.0&#8243; _module_preset=&#8220;default&#8220; overlay_icon_text_color=&#8220;#FFFFFF&#8220; overlay_icon_font_size=&#8220;40px&#8220; overlay_title_font=&#8220;Work Sans|300||on|||||&#8220; overlay_title_text_color=&#8220;#FFFFFF&#8220; overlay_title_font_size=&#8220;16px&#8220; overlay_subtitle_font=&#8220;Work Sans|||on|||||&#8220; overlay_subtitle_text_color=&#8220;#FFFFFF&#8220; overlay_subtitle_font_size=&#8220;20px&#8220; filter_font=&#8220;&#8211;et_global_heading_font|||on|||||&#8220; filter_font_size=&#8220;20px&#8220; filter_letter_spacing=&#8220;1px&#8220; border_radii_filter=&#8220;on|15px|15px|15px|15px&#8220; global_colors_info=&#8220;{%22gcid-primary-color%22:%91%22gallery_buttons_background%22%93}&#8220;][dvg_divi_video_gallery_item title=&#8220;Indian Riders Fest 2023 &#8211; Report\u00e1\u017e &#8211; Arnaud Choisy (FR)&#8220; src=&#8220;https:\/\/youtu.be\/jY5A0mEcaHg?si=NePDFjNBTPDOzzeY&#8220; image_src=&#8220;https:\/\/www.indianridersfest.eu\/wp-content\/uploads\/2024\/09\/IRF-video-ArnaudChoisy2.jpg&#8220; _builder_version=&#8220;4.27.0&#8243; _module_preset=&#8220;default&#8220; global_colors_info=&#8220;{}&#8220;][\/dvg_divi_video_gallery_item][dvg_divi_video_gallery_item title=&#8220;Indian Riders Fest 2024 &#8211; Report\u00e1\u017e &#8211; Tomboy a bit &#8220; src=&#8220;https:\/\/youtu.be\/4rp4YPYUpYs?si=gIJ-5c0bW09fApEt&#8220; image_src=&#8220;https:\/\/www.indianridersfest.eu\/wp-content\/uploads\/2024\/09\/IRF-video-Tomboyabit.jpg&#8220; _builder_version=&#8220;4.27.0&#8243; _module_preset=&#8220;default&#8220; global_colors_info=&#8220;{}&#8220;][\/dvg_divi_video_gallery_item][dvg_divi_video_gallery_item title=&#8220;Indian Riders Fest 2023 &#8211; Report\u00e1\u017e &#8211; Ma\u010farsk\u00fd televizn\u00ed program %22WorldBike%&#8220; src=&#8220;https:\/\/youtu.be\/f47khaLf1AY?si=oZ0pG853BYz-SNSd&#8220; image_src=&#8220;https:\/\/www.indianridersfest.eu\/wp-content\/uploads\/2024\/09\/IRF-video-23-WorldBike.jpg&#8220; _builder_version=&#8220;4.22.2&#8243; _module_preset=&#8220;default&#8220; global_colors_info=&#8220;{}&#8220;][\/dvg_divi_video_gallery_item][dvg_divi_video_gallery_item title=&#8220;Indian Riders Fest 2023 &#8211; Report\u00e1\u017e \u010cT2 \u010cesk\u00e9 televize \u00a9 2023 &#8211; \u010cT2 \u010cesk\u00e1 televize&#8220; src=&#8220;https:\/\/www.indianridersfest.eu\/videos\/IRF23-CT2-Reportage-1080p.mp4&#8243; image_src=&#8220;https:\/\/www.indianridersfest.eu\/wp-content\/uploads\/2024\/09\/IRF-video-23-CT2.jpg&#8220; _builder_version=&#8220;4.27.0&#8243; _module_preset=&#8220;default&#8220; global_colors_info=&#8220;{}&#8220;][\/dvg_divi_video_gallery_item][\/dvg_divi_video_gallery][\/et_pb_column][\/et_pb_row][\/et_pb_section]<\/p>\n","protected":false},"excerpt":{"rendered":"<p>Pro\u017eijte znovu z\u00e1bavn\u00e9 okam\u017eiky z minul\u00fdch ro\u010dn\u00edk\u016f Indian Riders Festu! P\u0159ipravili jsme pro v\u00e1s videa z jednotliv\u00fdch ro\u010dn\u00edk\u016f, po\u010d\u00ednaje rokem 2019 a\u017e po sou\u010dasnost. Uvid\u00edte velk\u00e9 cyklistick\u00e9 vyj\u00ed\u017e\u010fky a kr\u00e1sn\u00e9 pam\u00e1tky jiho\u010desk\u00e9ho regionu, d\u00edky kter\u00fdm je Indian Riders Fest tak v\u00fdjime\u010dn\u00fd a pln\u00fd p\u0159\u00e1telstv\u00ed. P\u0159i sledov\u00e1n\u00ed si p\u0159edstavte, \u017ee jste se poprv\u00e9 p\u0159ipojili ke komunit\u011b [&hellip;]<\/p>\n","protected":false},"author":1,"featured_media":0,"parent":0,"menu_order":0,"comment_status":"closed","ping_status":"closed","template":"","meta":{"_et_pb_use_builder":"on","_et_pb_old_content":"","_et_gb_content_width":"","footnotes":""},"class_list":["post-104980","page","type-page","status-publish","hentry"],"_links":{"self":[{"href":"https:\/\/www.indianridersfest.eu\/cs\/wp-json\/wp\/v2\/pages\/104980","targetHints":{"allow":["GET"]}}],"collection":[{"href":"https:\/\/www.indianridersfest.eu\/cs\/wp-json\/wp\/v2\/pages"}],"about":[{"href":"https:\/\/www.indianridersfest.eu\/cs\/wp-json\/wp\/v2\/types\/page"}],"author":[{"embeddable":true,"href":"https:\/\/www.indianridersfest.eu\/cs\/wp-json\/wp\/v2\/users\/1"}],"replies":[{"embeddable":true,"href":"https:\/\/www.indianridersfest.eu\/cs\/wp-json\/wp\/v2\/comments?post=104980"}],"version-history":[{"count":17,"href":"https:\/\/www.indianridersfest.eu\/cs\/wp-json\/wp\/v2\/pages\/104980\/revisions"}],"predecessor-version":[{"id":107653,"href":"https:\/\/www.indianridersfest.eu\/cs\/wp-json\/wp\/v2\/pages\/104980\/revisions\/107653"}],"wp:attachment":[{"href":"https:\/\/www.indianridersfest.eu\/cs\/wp-json\/wp\/v2\/media?parent=104980"}],"curies":[{"name":"wp","href":"https:\/\/api.w.org\/{rel}","templated":true}]}}