{"id":104783,"date":"2024-09-13T16:37:51","date_gmt":"2024-09-13T14:37:51","guid":{"rendered":"https:\/\/www.indianridersfest.eu\/zasady-ochrany-osobnich-udaju-irf25\/"},"modified":"2026-01-14T10:53:49","modified_gmt":"2026-01-14T09:53:49","slug":"privacy-policy","status":"publish","type":"page","link":"https:\/\/www.indianridersfest.eu\/cs\/privacy-policy\/","title":{"rendered":"Z\u00e1sady ochrany osobn\u00edch \u00fadaj\u016f IRF25"},"content":{"rendered":"<p>[et_pb_section fb_built=&#8220;1&#8243; _builder_version=&#8220;4.27.0&#8243; _module_preset=&#8220;default&#8220; global_colors_info=&#8220;{}&#8220;][et_pb_row _builder_version=&#8220;4.27.0&#8243; _module_preset=&#8220;default&#8220; width=&#8220;85%&#8220; global_colors_info=&#8220;{}&#8220;][et_pb_column type=&#8220;4_4&#8243; _builder_version=&#8220;4.16&#8243; _module_preset=&#8220;default&#8220; global_colors_info=&#8220;{}&#8220;][et_pb_text _builder_version=&#8220;4.27.0&#8243; _module_preset=&#8220;default&#8220; header_text_color=&#8220;#000000&#8243; header_3_font=&#8220;|700|||||||&#8220; header_3_text_color=&#8220;#000000&#8243; header_3_font_size=&#8220;25px&#8220; custom_margin=&#8220;||5px||false|false&#8220; text_font_size_tablet=&#8220;&#8220; text_font_size_phone=&#8220;9px&#8220; text_font_size_last_edited=&#8220;on|phone&#8220; global_colors_info=&#8220;{}&#8220;]<\/p>\n<h3>Z\u00e1sady ochrany osobn\u00edch \u00fadaj\u016f<\/h3>\n<p>[\/et_pb_text][et_pb_text _builder_version=&#8220;4.27.0&#8243; _module_preset=&#8220;default&#8220; text_text_color=&#8220;#000000&#8243; text_font_size=&#8220;17px&#8220; text_line_height=&#8220;1.6em&#8220; width=&#8220;45%&#8220; width_tablet=&#8220;70%&#8220; width_phone=&#8220;100%&#8220; width_last_edited=&#8220;on|phone&#8220; text_font_size_tablet=&#8220;15px&#8220; text_font_size_phone=&#8220;15px&#8220; text_font_size_last_edited=&#8220;on|tablet&#8220; global_colors_info=&#8220;{}&#8220;]<\/p>\n<p>Transparentnost p\u0159i pou\u017e\u00edv\u00e1n\u00ed dat: Vysv\u011btlen\u00ed, jak pou\u017e\u00edv\u00e1me va\u0161e informace<\/p>\n<p>[\/et_pb_text][\/et_pb_column][\/et_pb_row][et_pb_row _builder_version=&#8220;4.27.0&#8243; _module_preset=&#8220;default&#8220; global_colors_info=&#8220;{}&#8220;][et_pb_column type=&#8220;4_4&#8243; _builder_version=&#8220;4.27.0&#8243; _module_preset=&#8220;default&#8220; global_colors_info=&#8220;{}&#8220;][et_pb_text _builder_version=&#8220;4.27.4&#8243; _module_preset=&#8220;default&#8220; custom_margin=&#8220;||25px||false|false&#8220; global_colors_info=&#8220;{}&#8220;]<\/p>\n<p>My, Legendary Productions s.r.o., Ocelkova 643\/20, 198 00 Praha, Comp. Id. I\u010cO: 243 17 489, zapsan\u00e1 ve ve\u0159ejn\u00e9m rejst\u0159\u00edku veden\u00e9m M\u011bstsk\u00fdm soudem v Praze, spisov\u00e1 zna\u010dka C 196098, shroma\u017e\u010fujeme, zpracov\u00e1v\u00e1me, uchov\u00e1v\u00e1me a pou\u017e\u00edv\u00e1me ur\u010dit\u00e9 typy informac\u00ed o n\u00e1v\u0161t\u011bvn\u00edc\u00edch na\u0161ich webov\u00fdch str\u00e1nek a obchodu, na\u0161ich z\u00e1kazn\u00edc\u00edch, v\u010detn\u011b jejich z\u00e1konn\u00fdch z\u00e1stupc\u016f (pokud je to relevantn\u00ed), potenci\u00e1ln\u00edch z\u00e1kazn\u00edc\u00edch, \u00fa\u010dastn\u00edc\u00edch na\u0161ich sout\u011b\u017e\u00ed, losov\u00e1n\u00ed o ceny, propaga\u010dn\u00edch akc\u00ed, pr\u016fzkum\u016f nebo ud\u00e1lost\u00ed a osob\u00e1ch, kter\u00e9 po\u017e\u00e1daj\u00ed o zas\u00edl\u00e1n\u00ed informac\u00ed o na\u0161ich produktech a slu\u017eb\u00e1ch. Tyto z\u00e1sady uv\u00e1d\u011bj\u00ed, jak\u00e9 informace shroma\u017e\u010fujeme, zpracov\u00e1v\u00e1me, uchov\u00e1v\u00e1me a jak je pou\u017e\u00edv\u00e1me. Pou\u017e\u00edv\u00e1n\u00edm na\u0161ich webov\u00fdch str\u00e1nek nebo poskytnut\u00edm informac\u00ed o v\u00e1s n\u00e1m d\u00e1v\u00e1te souhlas se shroma\u017e\u010fov\u00e1n\u00edm, zpracov\u00e1n\u00edm, uchov\u00e1v\u00e1n\u00edm, sd\u00edlen\u00edm a p\u0159ed\u00e1v\u00e1n\u00edm t\u011bchto informac\u00ed v souladu s t\u011bmito z\u00e1sadami ochrany osobn\u00edch \u00fadaj\u016f.<\/p>\n<h5><strong>Pro jak\u00e9 \u00fa\u010dely shroma\u017e\u010fujeme, zpracov\u00e1v\u00e1me, uchov\u00e1v\u00e1me a pou\u017e\u00edv\u00e1me va\u0161e osobn\u00ed a jin\u00e9 \u00fadaje?<\/strong><\/h5>\n<p>V souladu s \u00a7 5 z\u00e1kona \u010d. 101\/2000 Sb., o ochran\u011b osobn\u00edch \u00fadaj\u016f, jsou v\u0161echny informace, kter\u00e9 o v\u00e1s z\u00edsk\u00e1me, shroma\u017e\u010fov\u00e1ny, zpracov\u00e1v\u00e1ny, uchov\u00e1v\u00e1ny a pou\u017e\u00edv\u00e1ny v\u00fdhradn\u011b pro jeden nebo v\u00edce z n\u00e1sleduj\u00edc\u00edch \u00fa\u010del\u016f:<\/p>\n<ul>\n<li>k poskytov\u00e1n\u00ed motocykl\u016f, produkt\u016f a slu\u017eeb, kter\u00e9 jste si objednali nebo o kter\u00e9 jste po\u017e\u00e1dali, ke zpracov\u00e1n\u00ed a vy\u0159\u00edzen\u00ed va\u0161ich objedn\u00e1vek a k v\u00fdkonu na\u0161ich smluvn\u00edch nebo z\u00e1konn\u00fdch pr\u00e1v a povinnost\u00ed, v\u010detn\u011b z\u00e1ruk a z\u00e1ruk, fakturace a p\u0159epravy;<\/li>\n<li>poskytnout v\u00e1mi po\u017eadovan\u00e9 informace nebo nab\u00eddky a odpov\u011bd\u011bt na va\u0161e dotazy;<\/li>\n<li>abychom v\u00e1s v p\u0159\u00edpad\u011b z\u00e1jmu prov\u011b\u0159ili a kvalifikovali pro financov\u00e1n\u00ed,<\/li>\n<li>zlep\u0161ovat kvalitu na\u0161ich webov\u00fdch str\u00e1nek.<\/li>\n<\/ul>\n<p>pro \u00fa\u010dely reklamy a poskytov\u00e1n\u00ed a aktualizace novinek a informac\u00ed o na\u0161ich produktech, slu\u017eb\u00e1ch, sout\u011b\u017e\u00edch, losov\u00e1n\u00edch o ceny a propaga\u010dn\u00edch akc\u00edch (pokud jste n\u00e1m ne\u0159ekli, \u017ee si nep\u0159ejete dost\u00e1vat takov\u00e9 marketingov\u00e9 zpr\u00e1vy) a p\u0159\u00edle\u017eitostn\u011b pro \u00fa\u010dely pr\u016fzkum\u016f, anal\u00fdz a pr\u016fzkumu trhu;<\/p>\n<h5><strong>Odkud o v\u00e1s z\u00edsk\u00e1v\u00e1me informace?<\/strong><\/h5>\n<p>Sv\u00e9 osobn\u00ed a jin\u00e9 \u00fadaje n\u00e1m m\u016f\u017eete poskytnout p\u0159\u00edmo nebo je m\u016f\u017eeme shroma\u017e\u010fovat, kdy\u017e n\u00e1s p\u0159\u00edmo kontaktujete, obvykle prost\u0159ednictv\u00edm na\u0161ich webov\u00fdch str\u00e1nek, kdy\u017e si objedn\u00e1te zbo\u017e\u00ed, vznesete dotaz, kontaktujete n\u00e1s s dotazem nebo p\u0159ipom\u00ednkou, z\u00fa\u010dastn\u00edte se sout\u011b\u017ee, propaga\u010dn\u00ed akce, pr\u016fzkumu nebo ud\u00e1losti nebo nav\u0161t\u00edv\u00edte n\u00e1\u0161 obchod. Informace m\u016f\u017eeme z\u00edsk\u00e1vat tak\u00e9 od jin\u00fdch autorizovan\u00fdch prodejc\u016f motocykl\u016f Indian, spole\u010dnosti Indian Motorcycle a jej\u00edch dce\u0159in\u00fdch a p\u0159idru\u017een\u00fdch spole\u010dnost\u00ed, vybran\u00fdch obchodn\u00edch partner\u016f a p\u0159\u00edle\u017eitostn\u011b od dal\u0161\u00edch t\u0159et\u00edch stran a tyto informace m\u016f\u017eeme kombinovat s informacemi, kter\u00e9 o v\u00e1s ji\u017e m\u00e1me. <\/p>\n<p>V\u011b\u0159\u00edme, \u017ee v\u0161echny informace o v\u00e1s, v\u010detn\u011b va\u0161ich osobn\u00edch \u00fadaj\u016f, jsou p\u0159esn\u00e9 a pravdiv\u00e9 a \u017ee jste si v\u011bdomi sv\u00fdch pr\u00e1v podle \u00a7 12 a \u00a7 21 z\u00e1kona \u010d. 101\/2000 Sb., o ochran\u011b osobn\u00edch \u00fadaj\u016f.<\/p>\n<h5><strong>Jak\u00e9 informace o v\u00e1s shroma\u017e\u010fujeme, zpracov\u00e1v\u00e1me, uchov\u00e1v\u00e1me a pou\u017e\u00edv\u00e1me?<\/strong><\/h5>\n<p>M\u016f\u017eeme shroma\u017e\u010fovat, zpracov\u00e1vat, uchov\u00e1vat a pou\u017e\u00edvat informace obsahuj\u00edc\u00ed va\u0161e jm\u00e9no a kontaktn\u00ed \u00fadaje, IP adresu, pohlav\u00ed, narozeniny, osobn\u00ed z\u00e1jmy a dal\u0161\u00ed informace, kter\u00e9 n\u00e1m dobrovoln\u011b poskytnete, objedn\u00e1vky a historii. M\u016f\u017eeme tak\u00e9 shroma\u017e\u010fovat informace o va\u0161em pou\u017e\u00edv\u00e1n\u00ed t\u011bchto webov\u00fdch str\u00e1nek, demografick\u00e9 a geografick\u00e9 informace, va\u0161e z\u00e1jmy a preference t\u00fdkaj\u00edc\u00ed se produkt\u016f a slu\u017eeb, jako\u017e i marketingov\u00e9 preference. <\/p>\n<p>Prohla\u0161ujeme, \u017ee va\u0161e osobn\u00ed a jin\u00e9 \u00fadaje shroma\u017e\u010fujeme pouze v rozsahu nezbytn\u00e9m pro dosa\u017een\u00ed stanoven\u00e9ho \u00fa\u010delu a zpracov\u00e1v\u00e1me je pouze v souladu s \u00fa\u010delem, pro kter\u00fd byly shrom\u00e1\u017ed\u011bny.<\/p>\n<h5><strong>P\u0159en\u00e1\u0161\u00edme informace mezin\u00e1rodn\u011b?<\/strong><\/h5>\n<p>N\u011bkter\u00e9 t\u0159et\u00ed strany, s nimi\u017e sd\u00edl\u00edme va\u0161e osobn\u00ed a jin\u00e9 \u00fadaje a kter\u00fdm je poskytujeme, se nach\u00e1zej\u00ed mimo Evropskou unii v zem\u00edch, kter\u00e9 neposkytuj\u00ed stejnou \u00farove\u0148 ochrany jako na\u0161e zem\u011b. P\u0159ijali jsme v\u0161ak ochrann\u00e1 opat\u0159en\u00ed na ochranu takto p\u0159ed\u00e1van\u00fdch informac\u00ed, abychom zachovali \u00farove\u0148 ochrany. <\/p>\n<h5><strong>S k\u00fdm sd\u00edl\u00edme va\u0161e osobn\u00ed a jin\u00e9 \u00fadaje a komu je poskytujeme?<\/strong><\/h5>\n<p>Va\u0161e osobn\u00ed a dal\u0161\u00ed \u00fadaje o v\u00e1s m\u016f\u017eeme sd\u00edlet a poskytovat:<\/p>\n<ul>\n<li>poskytovatel\u00e9 slu\u017eeb, kte\u0159\u00ed poskytuj\u00ed slu\u017eby na\u0161\u00edm jm\u00e9nem, jako je v\u011bt\u0161ina poskytovatel\u016f IT a po\u0161tovn\u00edch slu\u017eeb;<\/li>\n<li>Na\u0161i obchodn\u00ed partne\u0159i, jako jsou marketingov\u00e9 agentury nebo jin\u00e9 strany, maj\u00ed p\u0159\u00edstup k va\u0161im \u00fadaj\u016fm, pokud jejich slu\u017eby povol\u00edte kliknut\u00edm na dodate\u010dn\u00e9 pole &#8222;SOUHLAS S POU\u017dIT\u00cdM \u00daDAJ\u016e&#8220; v pokladn\u00edm formul\u00e1\u0159i. Va\u0161e osobn\u00ed a dal\u0161\u00ed \u00fadaje o v\u00e1s m\u016f\u017eeme tak\u00e9 sd\u00edlet s t\u0159et\u00edmi stranami, v\u010detn\u011b org\u00e1n\u016f \u010dinn\u00fdch v trestn\u00edm \u0159\u00edzen\u00ed a soud\u016f, pro pr\u00e1vn\u00ed nebo regula\u010dn\u00ed \u00fa\u010dely, v p\u0159\u00edpad\u011b prodeje na\u0161eho podniku nebo za \u00fa\u010delem prevence podvod\u016f. <\/li>\n<\/ul>\n<p>Krom\u011b na\u0161ich zam\u011bstnanc\u016f mus\u00ed zachov\u00e1vat ml\u010denlivost o va\u0161ich osobn\u00edch \u00fadaj\u00edch i zam\u011bstnanci subjekt\u016f, se kter\u00fdmi sd\u00edl\u00edme va\u0161e osobn\u00ed a jin\u00e9 \u00fadaje, nebo jin\u00e9 osoby, kter\u00e9 zpracov\u00e1vaj\u00ed va\u0161e osobn\u00ed a jin\u00e9 \u00fadaje, a to i po skon\u010den\u00ed pracovn\u00edho nebo obdobn\u00e9ho pom\u011bru.<\/p>\n<h5><strong>Soubory cookie a sledovac\u00ed technologie<\/strong><\/h5>\n<p>Na na\u0161ich webov\u00fdch str\u00e1nk\u00e1ch pou\u017e\u00edv\u00e1me soubory cookie k poskytov\u00e1n\u00ed reklamy na m\u00edru a k anal\u00fdze trend\u016f, spr\u00e1v\u011b str\u00e1nek, sledov\u00e1n\u00ed pohybu u\u017eivatel\u016f a shroma\u017e\u010fov\u00e1n\u00ed \u0161ir\u0161\u00edch demografick\u00fdch a geografick\u00fdch informac\u00ed. Soubory cookie jsou mal\u00e9 textov\u00e9 soubory, kter\u00e9 do va\u0161eho po\u010d\u00edta\u010de ukl\u00e1daj\u00ed nav\u0161t\u00edven\u00e9 webov\u00e9 str\u00e1nky. Jsou \u0161iroce pou\u017e\u00edv\u00e1ny za \u00fa\u010delem zaji\u0161t\u011bn\u00ed fungov\u00e1n\u00ed nebo zefektivn\u011bn\u00ed fungov\u00e1n\u00ed webov\u00fdch str\u00e1nek a tak\u00e9 za \u00fa\u010delem poskytov\u00e1n\u00ed informac\u00ed vlastn\u00edk\u016fm str\u00e1nek. Soubory cookie m\u016f\u017eete p\u0159ijmout nebo odm\u00edtnout \u00fapravou nastaven\u00ed prohl\u00ed\u017ee\u010de. Pokud v\u0161ak soubory cookie zak\u00e1\u017eete, je mo\u017en\u00e9, \u017ee nebudete moci vyu\u017e\u00edvat v\u0161echny funkce t\u011bchto webov\u00fdch str\u00e1nek. Dal\u0161\u00ed informace o souborech cookie, v\u010detn\u011b informac\u00ed o tom, jak\u00e9 soubory cookie byly um\u00edst\u011bny a jak je spravovat a mazat, naleznete na adrese: www. <a href=\"http:\/\/www.allaboutcookies.org\">allaboutcookies.org .<\/a>     <\/p>\n<p>P\u0159\u00edstupem na na\u0161e webov\u00e9 str\u00e1nky a jejich pou\u017e\u00edv\u00e1n\u00edm souhlas\u00edte s ukl\u00e1d\u00e1n\u00edm soubor\u016f cookie do va\u0161ich za\u0159\u00edzen\u00ed a s p\u0159\u00edstupem k t\u011bmto soubor\u016fm cookie nebo technologi\u00edm.<\/p>\n<h5><strong>Odkazy t\u0159et\u00edch stran<\/strong><\/h5>\n<p>Tyto webov\u00e9 str\u00e1nky mohou obsahovat odkazy na str\u00e1nky t\u0159et\u00edch stran. Nejsme zodpov\u011bdn\u00ed za bezpe\u010dnost nebo soukrom\u00ed jak\u00fdchkoli informac\u00ed shrom\u00e1\u017ed\u011bn\u00fdch t\u011bmito str\u00e1nkami. Doporu\u010dujeme v\u00e1m, abyste si p\u0159e\u010detli prohl\u00e1\u0161en\u00ed o ochran\u011b osobn\u00edch \u00fadaj\u016f platn\u00e1 pro webov\u00e9 str\u00e1nky t\u0159et\u00edch stran, abyste pochopili, jak shroma\u017e\u010fuj\u00ed, zpracov\u00e1vaj\u00ed a pou\u017e\u00edvaj\u00ed informace o v\u00e1s.  <\/p>\n<h5><strong>D\u011bti<\/strong><\/h5>\n<p>Bez souhlasu rodi\u010d\u016f v\u011bdom\u011b neshroma\u017e\u010fujeme, nezpracov\u00e1v\u00e1me, neuchov\u00e1v\u00e1me a nepou\u017e\u00edv\u00e1me \u017e\u00e1dn\u00e9 osobn\u00ed a jin\u00e9 \u00fadaje d\u011bt\u00ed mlad\u0161\u00edch osmn\u00e1cti let, pokud to nen\u00ed povoleno z\u00e1konem. Pokud je v\u00e1m m\u00e9n\u011b ne\u017e 18 let, neposkytujte n\u00e1m pros\u00edm informace o sob\u011b, pokud v\u00e1m to rodi\u010d nebo opatrovn\u00edk nepovolil. <\/p>\n<h5><strong>Jak m\u016f\u017eete z\u00edskat p\u0159\u00edstup k informac\u00edm, kter\u00e9 o v\u00e1s uchov\u00e1v\u00e1me?<\/strong><\/h5>\n<p>Pokud chcete z\u00edskat podrobnosti o informac\u00edch, kter\u00e9 o v\u00e1s uchov\u00e1v\u00e1me, pokud se va\u0161e \u00fadaje zm\u011bn\u00ed nebo se domn\u00edv\u00e1te, \u017ee jsou nespr\u00e1vn\u00e9 \u010di ne\u00fapln\u00e9, pokud ji\u017e nechcete dost\u00e1vat propaga\u010dn\u00ed sd\u011blen\u00ed a marketingov\u00e9 zpr\u00e1vy nebo pokud m\u00e1te jak\u00e9koli dotazy t\u00fdkaj\u00edc\u00ed se t\u011bchto z\u00e1sad ochrany osobn\u00edch \u00fadaj\u016f, m\u016f\u017eete n\u00e1s kontaktovat na adrese:<\/p>\n<p><em>Legendary Productions s.r.o., Ocelkova 643\/20, 198 00 Praha, \u010cesk\u00e1 republika, <\/em><a href=\"mailto:promo@indianridersfest.eu\">promo@indianridersfest.eu<\/a><\/p>\n<p>Pokud si nep\u0159ejete, aby Va\u0161e osobn\u00ed a jin\u00e9 \u00fadaje o V\u00e1s byly evidov\u00e1ny ve smyslu t\u011bchto Z\u00e1sad ochrany osobn\u00edch \u00fadaj\u016f, sta\u010d\u00ed n\u00e1m p\u00edsemn\u011b sd\u011blit, \u017ee s takov\u00fdm zpracov\u00e1n\u00edm a evidenc\u00ed osobn\u00edch \u00fadaj\u016f nesouhlas\u00edte a v souladu s \u00a7 5 z\u00e1kona \u010d. 101\/2000 Sb., o ochran\u011b osobn\u00edch \u00fadaj\u016f, mus\u00edme Va\u0161e osobn\u00ed a jin\u00e9 \u00fadaje o V\u00e1s odstranit z na\u0161\u00ed datab\u00e1ze, jako\u017e i z datab\u00e1ze osob, kter\u00fdm jsme Va\u0161e osobn\u00ed \u00fadaje poskytli nebo kter\u00fdm jsme Va\u0161e osobn\u00ed a jin\u00e9 \u00fadaje o V\u00e1s poskytli. Pokud tak i p\u0159es va\u0161i p\u00edsemnou \u017e\u00e1dost neu\u010din\u00edme, m\u00e1te pr\u00e1vo obr\u00e1tit se na \u00da\u0159ad pro ochranu osobn\u00edch \u00fadaj\u016f.<\/p>\n<h5><strong>Zm\u011bny z\u00e1sad ochrany osobn\u00edch \u00fadaj\u016f<\/strong><\/h5>\n<p>Tyto z\u00e1sady ochrany osobn\u00edch \u00fadaj\u016f m\u016f\u017eeme m\u011bnit a aktualizovat, aby odr\u00e1\u017eely ve\u0161ker\u00e9 zm\u011bny ve zp\u016fsobu, jak\u00fdm o v\u00e1s zpracov\u00e1v\u00e1me informace. V takov\u00e9m p\u0159\u00edpad\u011b zve\u0159ejn\u00edme revidovan\u00e9 Z\u00e1sady ochrany osobn\u00edch \u00fadaj\u016f na na\u0161ich webov\u00fdch str\u00e1nk\u00e1ch. <\/p>\n<p><em>Aktualizace 14. ledna 2026<\/em><\/p>\n<p><em><\/em><\/p>\n<p>[\/et_pb_text][\/et_pb_column][\/et_pb_row][\/et_pb_section]<\/p>\n","protected":false},"excerpt":{"rendered":"<p>Z\u00e1sady ochrany osobn\u00edch \u00fadaj\u016fTransparentnost p\u0159i pou\u017e\u00edv\u00e1n\u00ed dat: Vysv\u011btlen\u00ed, jak pou\u017e\u00edv\u00e1me va\u0161e informaceMy, Legendary Productions s.r.o., Ocelkova 643\/20, 198 00 Praha, Comp. Id. I\u010cO: 243 17 489, zapsan\u00e1 ve ve\u0159ejn\u00e9m rejst\u0159\u00edku veden\u00e9m M\u011bstsk\u00fdm soudem v Praze, spisov\u00e1 zna\u010dka C 196098, shroma\u017e\u010fujeme, zpracov\u00e1v\u00e1me, uchov\u00e1v\u00e1me a pou\u017e\u00edv\u00e1me ur\u010dit\u00e9 typy informac\u00ed o n\u00e1v\u0161t\u011bvn\u00edc\u00edch na\u0161ich webov\u00fdch str\u00e1nek a obchodu, na\u0161ich [&hellip;]<\/p>\n","protected":false},"author":1,"featured_media":0,"parent":0,"menu_order":0,"comment_status":"closed","ping_status":"open","template":"","meta":{"_et_pb_use_builder":"on","_et_pb_old_content":"","_et_gb_content_width":"","footnotes":""},"class_list":["post-104783","page","type-page","status-publish","hentry"],"_links":{"self":[{"href":"https:\/\/www.indianridersfest.eu\/cs\/wp-json\/wp\/v2\/pages\/104783","targetHints":{"allow":["GET"]}}],"collection":[{"href":"https:\/\/www.indianridersfest.eu\/cs\/wp-json\/wp\/v2\/pages"}],"about":[{"href":"https:\/\/www.indianridersfest.eu\/cs\/wp-json\/wp\/v2\/types\/page"}],"author":[{"embeddable":true,"href":"https:\/\/www.indianridersfest.eu\/cs\/wp-json\/wp\/v2\/users\/1"}],"replies":[{"embeddable":true,"href":"https:\/\/www.indianridersfest.eu\/cs\/wp-json\/wp\/v2\/comments?post=104783"}],"version-history":[{"count":16,"href":"https:\/\/www.indianridersfest.eu\/cs\/wp-json\/wp\/v2\/pages\/104783\/revisions"}],"predecessor-version":[{"id":113082,"href":"https:\/\/www.indianridersfest.eu\/cs\/wp-json\/wp\/v2\/pages\/104783\/revisions\/113082"}],"wp:attachment":[{"href":"https:\/\/www.indianridersfest.eu\/cs\/wp-json\/wp\/v2\/media?parent=104783"}],"curies":[{"name":"wp","href":"https:\/\/api.w.org\/{rel}","templated":true}]}}