{"id":104665,"date":"2020-12-21T05:52:22","date_gmt":"2020-12-21T04:52:22","guid":{"rendered":"https:\/\/www.indianridersfest.eu\/stanoveni-ceny-vstupenek-irf\/"},"modified":"2026-01-20T11:06:46","modified_gmt":"2026-01-20T10:06:46","slug":"pricing","status":"publish","type":"page","link":"https:\/\/www.indianridersfest.eu\/cs\/pricing\/","title":{"rendered":"Stanoven\u00ed ceny vstupenek IRF"},"content":{"rendered":"<p>[et_pb_section fb_built=&#8220;1&#8243; _builder_version=&#8220;4.27.0&#8243; _module_preset=&#8220;default&#8220; background_enable_image=&#8220;off&#8220; z_index=&#8220;1&#8243; custom_margin=&#8220;0px||40px||false|false&#8220; custom_padding=&#8220;0px||0px||false|false&#8220; global_colors_info=&#8220;{}&#8220;][et_pb_row _builder_version=&#8220;4.27.0&#8243; _module_preset=&#8220;default&#8220; width=&#8220;85%&#8220; global_colors_info=&#8220;{}&#8220;][et_pb_column type=&#8220;4_4&#8243; _builder_version=&#8220;4.16&#8243; _module_preset=&#8220;default&#8220; global_colors_info=&#8220;{}&#8220;][et_pb_text _builder_version=&#8220;4.27.4&#8243; _module_preset=&#8220;default&#8220; header_font=&#8220;|700|||||||&#8220; header_text_align=&#8220;center&#8220; header_font_size=&#8220;50px&#8220; header_letter_spacing=&#8220;1px&#8220; header_2_text_align=&#8220;center&#8220; width=&#8220;100%&#8220; module_alignment=&#8220;center&#8220; custom_margin=&#8220;||5px||false|false&#8220; header_font_size_tablet=&#8220;&#8220; header_font_size_phone=&#8220;31px&#8220; header_font_size_last_edited=&#8220;on|phone&#8220; global_colors_info=&#8220;{}&#8220;]<\/p>\n<h3 style=\"text-align: center;\">IRF26 Porovn\u00e1n\u00ed vstupenek<\/h3>\n<p>[\/et_pb_text][et_pb_text _builder_version=&#8220;4.27.5&#8243; _module_preset=&#8220;default&#8220; text_font_size=&#8220;17px&#8220; text_line_height=&#8220;1.2em&#8220; width=&#8220;100%&#8220; width_tablet=&#8220;&#8220; width_phone=&#8220;100%&#8220; width_last_edited=&#8220;on|phone&#8220; module_alignment=&#8220;center&#8220; hover_enabled=&#8220;0&#8243; text_font_size_tablet=&#8220;&#8220; text_font_size_phone=&#8220;14px&#8220; text_font_size_last_edited=&#8220;on|phone&#8220; global_colors_info=&#8220;{}&#8220; sticky_enabled=&#8220;0&#8243;]<\/p>\n<p>V r\u00e1mci IRF26 si m\u016f\u017eete vybrat ze dvou mo\u017enost\u00ed vstupenek podle sv\u00fdch pot\u0159eb. U\u017eijte si skv\u011bl\u00e9 festivalov\u00e9 v\u00fdhody s bal\u00ed\u010dkem IRF26 Riders Pack nebo si vyberte pln\u00fd p\u0159\u00edstup na akci s t\u0159\u00eddenn\u00ed vstupenkou IRF26 Full Access Ticket. <\/p>\n<p>Upozor\u0148ujeme, \u017ee ka\u017ed\u00fd tip je ur\u010den k individu\u00e1ln\u00edmu pou\u017eit\u00ed. Vyberte si mo\u017enost, kter\u00e1 nejl\u00e9pe vyhovuje va\u0161emu z\u00e1\u017eitku z IRF26! <\/p>\n<p>[\/et_pb_text][\/et_pb_column][\/et_pb_row][et_pb_row column_structure=&#8220;1_3,1_3,1_3&#8243; make_equal=&#8220;on&#8220; disabled_on=&#8220;on|on|off&#8220; _builder_version=&#8220;4.27.5&#8243; _module_preset=&#8220;default&#8220; background_color=&#8220;#ffffff&#8220; width=&#8220;85%&#8220; custom_margin=&#8220;10px||10px||false|false&#8220; custom_padding=&#8220;20px|20px|20px|20px|false|true&#8220; border_radii=&#8220;off|20px|20px||&#8220; border_width_bottom=&#8220;2px&#8220; border_color_bottom=&#8220;#eee&#8220; box_shadow_style=&#8220;preset1&#8243; box_shadow_color=&#8220;rgba(0,0,0,0.1)&#8220; global_colors_info=&#8220;{}&#8220;][et_pb_column type=&#8220;1_3&#8243; _builder_version=&#8220;4.27.0&#8243; _module_preset=&#8220;default&#8220; custom_padding=&#8220;||||false|false&#8220; border_radii=&#8220;off||||&#8220; border_color_right=&#8220;gcid-fc260599-551f-44d6-b91b-d7a0d6946060&#8243; global_colors_info=&#8220;{%22gcid-fc260599-551f-44d6-b91b-d7a0d6946060%22:%91%22border_color_right%22%93}&#8220;][\/et_pb_column][et_pb_column type=&#8220;1_3&#8243; _builder_version=&#8220;4.16&#8243; _module_preset=&#8220;default&#8220; global_colors_info=&#8220;{}&#8220;][et_pb_text _builder_version=&#8220;4.27.4&#8243; _module_preset=&#8220;default&#8220; header_font=&#8220;|700||on|||||&#8220; header_text_color=&#8220;#000000&#8243; header_font_size=&#8220;45px&#8220; global_colors_info=&#8220;{}&#8220;]<\/p>\n<h4 style=\"text-align: center;\">BAL\u00cd\u010cEK JEZDC\u016e IRF26<\/h4>\n<h1 style=\"text-align: center;\">\u20ac 125,-<\/h1>\n<h6 style=\"text-align: center;\">K dispozici do 31.03.2026<\/h6>\n<p>[\/et_pb_text][et_pb_button button_url=&#8220;https:\/\/www.indianridersfest.eu\/cs\/product\/irf26-riders-pack\/&#8220; button_text=&#8220;KOUPIT ZDE&#8220; button_alignment=&#8220;center&#8220; _builder_version=&#8220;4.27.4&#8243; _module_preset=&#8220;default&#8220; background_layout=&#8220;dark&#8220; global_colors_info=&#8220;{}&#8220;][\/et_pb_button][\/et_pb_column][et_pb_column type=&#8220;1_3&#8243; _builder_version=&#8220;4.16&#8243; _module_preset=&#8220;default&#8220; global_colors_info=&#8220;{}&#8220;][et_pb_text _builder_version=&#8220;4.27.4&#8243; _module_preset=&#8220;default&#8220; header_font=&#8220;|700||on|||||&#8220; header_text_color=&#8220;#000000&#8243; header_font_size=&#8220;45px&#8220; global_colors_info=&#8220;{}&#8220;]<\/p>\n<h4 style=\"text-align: center;\">IRF26 3DENN\u00cd VSTUPENKA S PLN\u00ddM P\u0158\u00cdSTUPEM<\/h4>\n<h1 style=\"text-align: center;\">\u20ac 101,-<\/h1>\n<h6 style=\"text-align: center;\">Cena na akci \u20ac 125,-<\/h6>\n<p>[\/et_pb_text][et_pb_button button_url=&#8220;https:\/\/www.indianridersfest.eu\/cs\/product\/irf26-3-day-full-access-ticket\/&#8220; button_text=&#8220;KOUPIT ZDE&#8220; button_alignment=&#8220;center&#8220; _builder_version=&#8220;4.27.4&#8243; _module_preset=&#8220;default&#8220; background_layout=&#8220;dark&#8220; global_colors_info=&#8220;{}&#8220;][\/et_pb_button][\/et_pb_column][\/et_pb_row][et_pb_row column_structure=&#8220;1_3,1_3,1_3&#8243; disabled_on=&#8220;on|on|off&#8220; _builder_version=&#8220;4.27.5&#8243; _module_preset=&#8220;default&#8220; background_color=&#8220;#ffffff&#8220; width=&#8220;85%&#8220; custom_margin=&#8220;0px||0px||false|false&#8220; custom_padding=&#8220;10px|20px|10px|20px|false|true&#8220; border_width_bottom=&#8220;2px&#8220; border_color_bottom=&#8220;#eee&#8220; global_colors_info=&#8220;{}&#8220;][et_pb_column type=&#8220;1_3&#8243; _builder_version=&#8220;4.16&#8243; _module_preset=&#8220;default&#8220; global_colors_info=&#8220;{}&#8220;][et_pb_text _builder_version=&#8220;4.27.4&#8243; _module_preset=&#8220;default&#8220; header_text_align=&#8220;left&#8220; header_3_text_align=&#8220;center&#8220; header_3_text_color=&#8220;#000000&#8243; header_3_font_size=&#8220;17px&#8220; header_3_line_height=&#8220;1em&#8220; custom_margin=&#8220;13px||||false|false&#8220; global_colors_info=&#8220;{}&#8220;]<\/p>\n<h3 style=\"text-align: left;\">Speci\u00e1ln\u00ed edice tri\u010dka IRF26<\/h3>\n<p>(Hodnota 30,- \u20ac)<\/p>\n<p>[\/et_pb_text][\/et_pb_column][et_pb_column type=&#8220;1_3&#8243; _builder_version=&#8220;4.16&#8243; _module_preset=&#8220;default&#8220; global_colors_info=&#8220;{}&#8220;][et_pb_blurb use_icon=&#8220;on&#8220; font_icon=&#8220;&#xe052;||divi||400&#8243; icon_color=&#8220;gcid-19971d96-3479-4c40-bcdd-c48c90f20279&#8243; image_icon_width=&#8220;36px&#8220; _builder_version=&#8220;4.27.0&#8243; _module_preset=&#8220;default&#8220; animation=&#8220;off&#8220; icon_font_size=&#8220;36px&#8220; global_colors_info=&#8220;{%22gcid-19971d96-3479-4c40-bcdd-c48c90f20279%22:%91%22icon_color%22%93}&#8220;][\/et_pb_blurb][\/et_pb_column][et_pb_column type=&#8220;1_3&#8243; _builder_version=&#8220;4.16&#8243; _module_preset=&#8220;default&#8220; global_colors_info=&#8220;{}&#8220;][et_pb_blurb use_icon=&#8220;on&#8220; font_icon=&#8220;&#xe051;||divi||400&#8243; icon_color=&#8220;gcid-9a056e6f-17f9-41df-9c4f-b1c9840089a4&#8243; image_icon_width=&#8220;36px&#8220; _builder_version=&#8220;4.27.0&#8243; _module_preset=&#8220;default&#8220; animation=&#8220;off&#8220; icon_font_size=&#8220;36px&#8220; locked=&#8220;off&#8220; global_colors_info=&#8220;{%22gcid-9a056e6f-17f9-41df-9c4f-b1c9840089a4%22:%91%22icon_color%22%93}&#8220;][\/et_pb_blurb][\/et_pb_column][\/et_pb_row][et_pb_row column_structure=&#8220;1_3,1_3,1_3&#8243; disabled_on=&#8220;on|on|off&#8220; _builder_version=&#8220;4.27.5&#8243; _module_preset=&#8220;default&#8220; background_color=&#8220;#ffffff&#8220; width=&#8220;85%&#8220; custom_margin=&#8220;0px||0px||false|false&#8220; custom_padding=&#8220;10px|20px|10px|20px|false|true&#8220; border_width_bottom=&#8220;2px&#8220; border_color_bottom=&#8220;#eee&#8220; global_colors_info=&#8220;{}&#8220;][et_pb_column type=&#8220;1_3&#8243; _builder_version=&#8220;4.16&#8243; _module_preset=&#8220;default&#8220; global_colors_info=&#8220;{}&#8220;][et_pb_text _builder_version=&#8220;4.27.4&#8243; _module_preset=&#8220;default&#8220; header_text_align=&#8220;left&#8220; header_3_text_align=&#8220;center&#8220; header_3_text_color=&#8220;#000000&#8243; header_3_font_size=&#8220;17px&#8220; header_3_line_height=&#8220;1em&#8220; custom_margin=&#8220;13px||||false|false&#8220; global_colors_info=&#8220;{}&#8220;]<\/p>\n<h3 style=\"text-align: left;\"><span><\/span>IRF26 Speci\u00e1ln\u00ed edice n\u00e1\u0161ivky<\/h3>\n<p>(Hodnota 8,- \u20ac)<\/p>\n<p>[\/et_pb_text][\/et_pb_column][et_pb_column type=&#8220;1_3&#8243; _builder_version=&#8220;4.16&#8243; _module_preset=&#8220;default&#8220; global_colors_info=&#8220;{}&#8220;][et_pb_blurb use_icon=&#8220;on&#8220; font_icon=&#8220;&#xe052;||divi||400&#8243; icon_color=&#8220;gcid-19971d96-3479-4c40-bcdd-c48c90f20279&#8243; image_icon_width=&#8220;36px&#8220; _builder_version=&#8220;4.27.0&#8243; _module_preset=&#8220;default&#8220; animation=&#8220;off&#8220; icon_font_size=&#8220;36px&#8220; global_colors_info=&#8220;{%22gcid-19971d96-3479-4c40-bcdd-c48c90f20279%22:%91%22icon_color%22%93}&#8220;][\/et_pb_blurb][\/et_pb_column][et_pb_column type=&#8220;1_3&#8243; _builder_version=&#8220;4.16&#8243; _module_preset=&#8220;default&#8220; global_colors_info=&#8220;{}&#8220;][et_pb_blurb use_icon=&#8220;on&#8220; font_icon=&#8220;&#xe051;||divi||400&#8243; icon_color=&#8220;gcid-9a056e6f-17f9-41df-9c4f-b1c9840089a4&#8243; image_icon_width=&#8220;36px&#8220; _builder_version=&#8220;4.27.0&#8243; _module_preset=&#8220;default&#8220; animation=&#8220;off&#8220; icon_font_size=&#8220;36px&#8220; locked=&#8220;off&#8220; global_colors_info=&#8220;{%22gcid-9a056e6f-17f9-41df-9c4f-b1c9840089a4%22:%91%22icon_color%22%93}&#8220;][\/et_pb_blurb][\/et_pb_column][\/et_pb_row][et_pb_row column_structure=&#8220;1_3,1_3,1_3&#8243; disabled_on=&#8220;on|on|off&#8220; _builder_version=&#8220;4.27.5&#8243; _module_preset=&#8220;default&#8220; background_color=&#8220;#ffffff&#8220; width=&#8220;85%&#8220; custom_margin=&#8220;0px||0px||false|false&#8220; custom_padding=&#8220;10px|20px|10px|20px|false|true&#8220; border_width_bottom=&#8220;2px&#8220; border_color_bottom=&#8220;#eee&#8220; global_colors_info=&#8220;{}&#8220;][et_pb_column type=&#8220;1_3&#8243; _builder_version=&#8220;4.16&#8243; _module_preset=&#8220;default&#8220; global_colors_info=&#8220;{}&#8220;][et_pb_text _builder_version=&#8220;4.27.4&#8243; _module_preset=&#8220;default&#8220; header_text_align=&#8220;left&#8220; header_3_text_align=&#8220;center&#8220; header_3_text_color=&#8220;#000000&#8243; header_3_font_size=&#8220;17px&#8220; header_3_line_height=&#8220;1em&#8220; custom_margin=&#8220;13px||||false|false&#8220; global_colors_info=&#8220;{}&#8220;]<\/p>\n<h3 style=\"text-align: left;\"><span><\/span>IRF26 Speci\u00e1ln\u00ed edice bavln\u011bn\u00e9 ta\u0161ky<\/h3>\n<p>(Hodnota 10,- \u20ac)<\/p>\n<p>[\/et_pb_text][\/et_pb_column][et_pb_column type=&#8220;1_3&#8243; _builder_version=&#8220;4.16&#8243; _module_preset=&#8220;default&#8220; global_colors_info=&#8220;{}&#8220;][et_pb_blurb use_icon=&#8220;on&#8220; font_icon=&#8220;&#xe052;||divi||400&#8243; icon_color=&#8220;gcid-19971d96-3479-4c40-bcdd-c48c90f20279&#8243; image_icon_width=&#8220;36px&#8220; _builder_version=&#8220;4.27.0&#8243; _module_preset=&#8220;default&#8220; animation=&#8220;off&#8220; icon_font_size=&#8220;36px&#8220; global_colors_info=&#8220;{%22gcid-19971d96-3479-4c40-bcdd-c48c90f20279%22:%91%22icon_color%22%93}&#8220;][\/et_pb_blurb][\/et_pb_column][et_pb_column type=&#8220;1_3&#8243; _builder_version=&#8220;4.16&#8243; _module_preset=&#8220;default&#8220; global_colors_info=&#8220;{}&#8220;][et_pb_blurb use_icon=&#8220;on&#8220; font_icon=&#8220;&#xe051;||divi||400&#8243; icon_color=&#8220;gcid-9a056e6f-17f9-41df-9c4f-b1c9840089a4&#8243; image_icon_width=&#8220;36px&#8220; _builder_version=&#8220;4.27.0&#8243; _module_preset=&#8220;default&#8220; animation=&#8220;off&#8220; icon_font_size=&#8220;36px&#8220; locked=&#8220;off&#8220; global_colors_info=&#8220;{%22gcid-9a056e6f-17f9-41df-9c4f-b1c9840089a4%22:%91%22icon_color%22%93}&#8220;][\/et_pb_blurb][\/et_pb_column][\/et_pb_row][et_pb_row column_structure=&#8220;1_3,1_3,1_3&#8243; disabled_on=&#8220;on|on|off&#8220; _builder_version=&#8220;4.27.5&#8243; _module_preset=&#8220;default&#8220; background_color=&#8220;#ffffff&#8220; width=&#8220;85%&#8220; custom_margin=&#8220;0px||0px||false|false&#8220; custom_padding=&#8220;10px|20px|10px|20px|false|true&#8220; border_width_bottom=&#8220;2px&#8220; border_color_bottom=&#8220;#eee&#8220; global_colors_info=&#8220;{}&#8220;][et_pb_column type=&#8220;1_3&#8243; _builder_version=&#8220;4.16&#8243; _module_preset=&#8220;default&#8220; global_colors_info=&#8220;{}&#8220;][et_pb_text _builder_version=&#8220;4.27.4&#8243; _module_preset=&#8220;default&#8220; header_text_align=&#8220;left&#8220; header_3_text_align=&#8220;center&#8220; header_3_text_color=&#8220;#000000&#8243; header_3_font_size=&#8220;17px&#8220; header_3_line_height=&#8220;1em&#8220; custom_margin=&#8220;13px||||false|false&#8220; global_colors_info=&#8220;{}&#8220;]<\/p>\n<h3 style=\"text-align: left;\"><span><\/span>Partnersk\u00e9 d\u00e1rky<\/h3>\n<p>&nbsp;<\/p>\n<p>[\/et_pb_text][\/et_pb_column][et_pb_column type=&#8220;1_3&#8243; _builder_version=&#8220;4.16&#8243; _module_preset=&#8220;default&#8220; global_colors_info=&#8220;{}&#8220;][et_pb_blurb use_icon=&#8220;on&#8220; font_icon=&#8220;&#xe052;||divi||400&#8243; icon_color=&#8220;gcid-19971d96-3479-4c40-bcdd-c48c90f20279&#8243; image_icon_width=&#8220;36px&#8220; _builder_version=&#8220;4.27.0&#8243; _module_preset=&#8220;default&#8220; animation=&#8220;off&#8220; icon_font_size=&#8220;36px&#8220; global_colors_info=&#8220;{%22gcid-19971d96-3479-4c40-bcdd-c48c90f20279%22:%91%22icon_color%22%93}&#8220;][\/et_pb_blurb][\/et_pb_column][et_pb_column type=&#8220;1_3&#8243; _builder_version=&#8220;4.16&#8243; _module_preset=&#8220;default&#8220; global_colors_info=&#8220;{}&#8220;][et_pb_blurb use_icon=&#8220;on&#8220; font_icon=&#8220;&#xe051;||divi||400&#8243; icon_color=&#8220;gcid-9a056e6f-17f9-41df-9c4f-b1c9840089a4&#8243; image_icon_width=&#8220;36px&#8220; _builder_version=&#8220;4.27.0&#8243; _module_preset=&#8220;default&#8220; animation=&#8220;off&#8220; icon_font_size=&#8220;36px&#8220; locked=&#8220;off&#8220; global_colors_info=&#8220;{%22gcid-9a056e6f-17f9-41df-9c4f-b1c9840089a4%22:%91%22icon_color%22%93}&#8220;][\/et_pb_blurb][\/et_pb_column][\/et_pb_row][et_pb_row column_structure=&#8220;1_3,1_3,1_3&#8243; disabled_on=&#8220;on|on|off&#8220; _builder_version=&#8220;4.27.5&#8243; _module_preset=&#8220;default&#8220; background_color=&#8220;#ffffff&#8220; width=&#8220;85%&#8220; custom_margin=&#8220;0px||0px||false|false&#8220; custom_padding=&#8220;10px|20px|10px|20px|false|true&#8220; border_width_bottom=&#8220;2px&#8220; border_color_bottom=&#8220;#eee&#8220; global_colors_info=&#8220;{}&#8220;][et_pb_column type=&#8220;1_3&#8243; _builder_version=&#8220;4.16&#8243; _module_preset=&#8220;default&#8220; global_colors_info=&#8220;{}&#8220;][et_pb_text _builder_version=&#8220;4.27.5&#8243; _module_preset=&#8220;default&#8220; header_text_align=&#8220;left&#8220; header_3_text_align=&#8220;center&#8220; header_3_text_color=&#8220;#000000&#8243; header_3_font_size=&#8220;17px&#8220; header_3_line_height=&#8220;1em&#8220; custom_margin=&#8220;13px||||false|false&#8220; global_colors_info=&#8220;{}&#8220;]<\/p>\n<h3 style=\"text-align: left;\"><span>Non-stop hl\u00eddan\u00e9 <\/span>parkovi\u0161t\u011b<\/h3>\n<p>[\/et_pb_text][\/et_pb_column][et_pb_column type=&#8220;1_3&#8243; _builder_version=&#8220;4.16&#8243; _module_preset=&#8220;default&#8220; global_colors_info=&#8220;{}&#8220;][et_pb_blurb use_icon=&#8220;on&#8220; font_icon=&#8220;&#xe052;||divi||400&#8243; icon_color=&#8220;gcid-19971d96-3479-4c40-bcdd-c48c90f20279&#8243; image_icon_width=&#8220;36px&#8220; _builder_version=&#8220;4.27.0&#8243; _module_preset=&#8220;default&#8220; animation=&#8220;off&#8220; icon_font_size=&#8220;36px&#8220; global_colors_info=&#8220;{%22gcid-19971d96-3479-4c40-bcdd-c48c90f20279%22:%91%22icon_color%22%93}&#8220;][\/et_pb_blurb][\/et_pb_column][et_pb_column type=&#8220;1_3&#8243; _builder_version=&#8220;4.16&#8243; _module_preset=&#8220;default&#8220; global_colors_info=&#8220;{}&#8220;][et_pb_blurb use_icon=&#8220;on&#8220; font_icon=&#8220;&#xe052;||divi||400&#8243; icon_color=&#8220;gcid-19971d96-3479-4c40-bcdd-c48c90f20279&#8243; image_icon_width=&#8220;36px&#8220; _builder_version=&#8220;4.27.0&#8243; _module_preset=&#8220;default&#8220; animation=&#8220;off&#8220; icon_font_size=&#8220;36px&#8220; global_colors_info=&#8220;{%22gcid-19971d96-3479-4c40-bcdd-c48c90f20279%22:%91%22icon_color%22%93}&#8220;][\/et_pb_blurb][\/et_pb_column][\/et_pb_row][et_pb_row disabled_on=&#8220;on|on|off&#8220; _builder_version=&#8220;4.27.0&#8243; _module_preset=&#8220;default&#8220; background_color=&#8220;#ffffff&#8220; width=&#8220;85%&#8220; custom_margin=&#8220;0px||0px||false|false&#8220; custom_padding=&#8220;10px|20px|20px|20px|false|true&#8220; border_width_bottom=&#8220;2px&#8220; border_color_bottom=&#8220;#eee&#8220; global_colors_info=&#8220;{}&#8220;][et_pb_column type=&#8220;4_4&#8243; _builder_version=&#8220;4.16&#8243; _module_preset=&#8220;default&#8220; global_colors_info=&#8220;{}&#8220;][et_pb_text _builder_version=&#8220;4.27.4&#8243; _module_preset=&#8220;default&#8220; text_font_size=&#8220;16px&#8220; header_3_font=&#8220;|600|||||||&#8220; header_3_text_align=&#8220;center&#8220; header_3_text_color=&#8220;#000000&#8243; header_3_font_size=&#8220;17px&#8220; custom_margin=&#8220;13px||||false|false&#8220; global_colors_info=&#8220;{}&#8220;]<\/p>\n<h2 style=\"text-align: left;\">Zahrnuto ve v\u0161ech vstupenk\u00e1ch na IRF26:<\/h2>\n<ul>\n<li>1x n\u00e1ramek IRF26 pro jezdce\/\u00fa\u010dastn\u00edka.<\/li>\n<li>1x IRF26 Access Tag Motorcycle (jeden na motocykl).<\/li>\n<li>1x identifika\u010dn\u00ed n\u00e1ramek IRF26 NFCtron pro bezhotovostn\u00ed transakce na v\u0161ech st\u00e1nc\u00edch s j\u00eddlem a n\u00e1poji.<\/li>\n<li>\u00da\u010dast na Legend\u00e1rn\u00ed spanil\u00e9 j\u00edzd\u011b v sobotu 20.06.<\/li>\n<li>Vyhrajte nov\u00fd Indian Motorcycle Custom a mnoho dal\u0161\u00edho v loterii IRF26! (Losy se prod\u00e1vaj\u00ed samostatn\u011b). <\/li>\n<li>Mapa s p\u0159ipraven\u00fdmi vyj\u00ed\u017e\u010fkami po Lipensku.<\/li>\n<li>&#8222;Ladies First&#8220; p\u0159ednostn\u00ed um\u00edst\u011bn\u00ed v spanil\u00e9 j\u00edzd\u011b v\u00fdhradn\u011b pro jezdkyn\u011b na motocyklech Indian Motorcycle.<\/li>\n<li>Bezplatn\u00fd nealkoholick\u00fd n\u00e1poj p\u0159ed spanilou j\u00edzdou.<\/li>\n<li>Nonstop hl\u00eddan\u00e9 a zabezpe\u010den\u00e9 parkov\u00e1n\u00ed na vyhrazen\u00fdch m\u00edstech.<\/li>\n<li>P\u0159edv\u00e1d\u011bc\u00ed j\u00edzdy na Indian Motorcycle (nutn\u00e1 registrace).<\/li>\n<li>Bar Indian Beach Lounge.<\/li>\n<li>P\u0159\u00edstup do z\u00f3ny pro vystavovatele a do z\u00f3ny s j\u00eddlem a n\u00e1poji<\/li>\n<li>V\u0161echny \u017eiv\u00e9 koncerty a DJ show.<\/li>\n<li>Budweis Indian Motorcycle Custom bike show.<\/li>\n<li>Bezplatn\u00e1 \u00fa\u010dast v sout\u011b\u017ei IMRG Riders Awards.<\/li>\n<\/ul>\n<p>[\/et_pb_text][\/et_pb_column][\/et_pb_row][et_pb_row _builder_version=&#8220;4.27.0&#8243; _module_preset=&#8220;default&#8220; width=&#8220;85%&#8220; module_alignment=&#8220;center&#8220; custom_margin=&#8220;0px||0px||false|false&#8220; custom_padding=&#8220;0px||0px||false|false&#8220; global_colors_info=&#8220;{}&#8220;][et_pb_column type=&#8220;4_4&#8243; _builder_version=&#8220;4.27.0&#8243; _module_preset=&#8220;default&#8220; global_colors_info=&#8220;{}&#8220;][et_pb_cta title=&#8220;Rezervujte si vstupenky na IRF26 !  &#8220; button_url=&#8220;https:\/\/www.indianridersfest.eu\/cs\/obchod\/&#8220; button_text=&#8220;KOUPIT ZDE&#8220; _builder_version=&#8220;4.27.4&#8243; _module_preset=&#8220;default&#8220; custom_button=&#8220;on&#8220; button_text_color=&#8220;#000000&#8243; button_bg_color=&#8220;#FFFFFF&#8220; button_font=&#8220;&#8211;et_global_heading_font|||on|||||&#8220; button_use_icon=&#8220;off&#8220; global_colors_info=&#8220;{}&#8220;]<\/p>\n<p style=\"text-align: center;\"><strong>Nenechte si uj\u00edt IRF26! Zajist\u011bte si vstupenku ji\u017e nyn\u00ed a sta\u0148te se sou\u010d\u00e1st\u00ed jedine\u010dn\u00e9ho z\u00e1\u017eitku pro jezdce. Po\u0159i\u010fte si ji je\u0161t\u011b dnes!  <\/strong><\/p>\n<p>[\/et_pb_cta][\/et_pb_column][\/et_pb_row][\/et_pb_section]<\/p>\n","protected":false},"excerpt":{"rendered":"<p>IRF26 Porovn\u00e1n\u00ed vstupenekV r\u00e1mci IRF26 si m\u016f\u017eete vybrat ze dvou mo\u017enost\u00ed vstupenek podle sv\u00fdch pot\u0159eb. U\u017eijte si skv\u011bl\u00e9 festivalov\u00e9 v\u00fdhody s bal\u00ed\u010dkem IRF26 Riders Pack nebo si vyberte pln\u00fd p\u0159\u00edstup na akci s t\u0159\u00eddenn\u00ed vstupenkou IRF26 Full Access Ticket. Upozor\u0148ujeme, \u017ee ka\u017ed\u00fd tip je ur\u010den k individu\u00e1ln\u00edmu pou\u017eit\u00ed. Vyberte si mo\u017enost, kter\u00e1 nejl\u00e9pe vyhovuje va\u0161emu [&hellip;]<\/p>\n","protected":false},"author":1,"featured_media":0,"parent":0,"menu_order":0,"comment_status":"closed","ping_status":"closed","template":"","meta":{"_et_pb_use_builder":"on","_et_pb_old_content":"","_et_gb_content_width":"","footnotes":""},"class_list":["post-104665","page","type-page","status-publish","hentry"],"_links":{"self":[{"href":"https:\/\/www.indianridersfest.eu\/cs\/wp-json\/wp\/v2\/pages\/104665","targetHints":{"allow":["GET"]}}],"collection":[{"href":"https:\/\/www.indianridersfest.eu\/cs\/wp-json\/wp\/v2\/pages"}],"about":[{"href":"https:\/\/www.indianridersfest.eu\/cs\/wp-json\/wp\/v2\/types\/page"}],"author":[{"embeddable":true,"href":"https:\/\/www.indianridersfest.eu\/cs\/wp-json\/wp\/v2\/users\/1"}],"replies":[{"embeddable":true,"href":"https:\/\/www.indianridersfest.eu\/cs\/wp-json\/wp\/v2\/comments?post=104665"}],"version-history":[{"count":49,"href":"https:\/\/www.indianridersfest.eu\/cs\/wp-json\/wp\/v2\/pages\/104665\/revisions"}],"predecessor-version":[{"id":113198,"href":"https:\/\/www.indianridersfest.eu\/cs\/wp-json\/wp\/v2\/pages\/104665\/revisions\/113198"}],"wp:attachment":[{"href":"https:\/\/www.indianridersfest.eu\/cs\/wp-json\/wp\/v2\/media?parent=104665"}],"curies":[{"name":"wp","href":"https:\/\/api.w.org\/{rel}","templated":true}]}}