{"id":100568,"date":"2021-06-03T05:55:04","date_gmt":"2021-06-03T03:55:04","guid":{"rendered":"https:\/\/www.indianridersfest.eu\/cart\/"},"modified":"2024-11-13T07:30:01","modified_gmt":"2024-11-13T06:30:01","slug":"vozik","status":"publish","type":"page","link":"https:\/\/www.indianridersfest.eu\/cs\/vozik\/","title":{"rendered":"Ko\u0161\u00edk"},"content":{"rendered":"<p>[et_pb_section fb_built=&#8220;1&#8243; module_class=&#8220;molti-cart-area&#8220; _builder_version=&#8220;4.19.5&#8243; _module_preset=&#8220;default&#8220; display_conditions=&#8220;W3siaWQiOiJlYTg4M2Y0MC1lOTQ3LTRhZmEtYjAwZi0yNTlmNTc5NmNkMDkiLCJjb25kaXRpb24iOiJjYXJ0Q29udGVudHMiLCJjb25kaXRpb25TZXR0aW5ncyI6eyJkaXNwbGF5UnVsZSI6Imhhc1Byb2R1Y3RzIiwicHJvZHVjdHMiOltdLCJhZG1pbkxhYmVsIjoiU2hvdyBJZiB0aGVyZSBhcmUgUHJvZHVjdHMgaW4gQ2FydCIsImVuYWJsZUNvbmRpdGlvbiI6Im9uIn0sIm9wZXJhdG9yIjoiT1IifV0=&#8220; global_colors_info=&#8220;{}&#8220;][et_pb_row _builder_version=&#8220;4.27.0&#8243; _module_preset=&#8220;default&#8220; width=&#8220;85%&#8220; custom_padding=&#8220;||0px|||&#8220; global_colors_info=&#8220;{}&#8220;][et_pb_column type=&#8220;4_4&#8243; _builder_version=&#8220;4.16&#8243; _module_preset=&#8220;default&#8220; global_colors_info=&#8220;{}&#8220;][et_pb_text _builder_version=&#8220;4.16&#8243; _module_preset=&#8220;default&#8220; header_3_font=&#8220;|700|||||||&#8220; header_3_font_size=&#8220;25px&#8220; global_colors_info=&#8220;{}&#8220;]<\/p>\n<h3>V\u00e1\u0161 <span style=\"color: #ff8057;\">ko\u0161\u00edk<\/span><\/h3>\n<p>[\/et_pb_text][\/et_pb_column][\/et_pb_row][et_pb_row _builder_version=&#8220;4.27.0&#8243; _module_preset=&#8220;default&#8220; width=&#8220;85%&#8220; custom_padding=&#8220;||0px|||&#8220; global_colors_info=&#8220;{}&#8220;][et_pb_column type=&#8220;4_4&#8243; _builder_version=&#8220;4.16&#8243; _module_preset=&#8220;default&#8220; global_colors_info=&#8220;{}&#8220;][et_pb_wc_cart_notice _builder_version=&#8220;4.27.0&#8243; _module_preset=&#8220;default&#8220; form_field_background_color=&#8220;#FFFFFF&#8220; form_field_focus_background_color=&#8220;#FFFFFF&#8220; form_field_custom_padding=&#8220;13px|10px|13px|10px|true|true&#8220; title_font=&#8220;&#8211;et_global_body_font|||on|||||&#8220; title_text_color=&#8220;#FFFFFF&#8220; error_font=&#8220;&#8211;et_global_body_font||||||||&#8220; background_color=&#8220;gcid-primary-color&#8220; custom_button=&#8220;on&#8220; button_text_size=&#8220;15px&#8220; button_bg_color=&#8220;gcid-primary-color&#8220; button_letter_spacing=&#8220;1px&#8220; button_font=&#8220;Arial|600||on|||||&#8220; button_custom_margin=&#8220;0px||||false|false&#8220; button_custom_padding=&#8220;13px||13px||true|false&#8220; border_width_all=&#8220;2px&#8220; border_color_all=&#8220;#eeeeee&#8220; border_radii_form_field=&#8220;on|5px|5px|5px|5px&#8220; border_width_all_form_field=&#8220;2px&#8220; border_color_all_form_field=&#8220;#eeeeee&#8220; locked=&#8220;off&#8220; global_colors_info=&#8220;{%22gcid-primary-color%22:%91%22background_color%22,%22button_bg_color%22%93}&#8220;][\/et_pb_wc_cart_notice][et_pb_wc_upsells _builder_version=&#8220;4.27.2&#8243; _module_preset=&#8220;default&#8220; hover_enabled=&#8220;0&#8243; global_colors_info=&#8220;{}&#8220; columns_number=&#8220;6&#8243; posts_number=&#8220;6&#8243; sticky_enabled=&#8220;0&#8243; disabled_on=&#8220;on|on|on&#8220; disabled][\/et_pb_wc_upsells][\/et_pb_column][\/et_pb_row][et_pb_row column_structure=&#8220;2_3,1_3&#8243; _builder_version=&#8220;4.27.0&#8243; _module_preset=&#8220;default&#8220; width=&#8220;85%&#8220; global_colors_info=&#8220;{}&#8220;][et_pb_column type=&#8220;2_3&#8243; _builder_version=&#8220;4.16&#8243; _module_preset=&#8220;default&#8220; global_colors_info=&#8220;{}&#8220;][et_pb_wc_cart_products placeholder_color=&#8220;#000000&#8243; _builder_version=&#8220;4.27.0&#8243; _module_preset=&#8220;default&#8220; form_field_background_color=&#8220;#FFFFFF&#8220; form_field_focus_text_color=&#8220;#000000&#8243; form_field_custom_padding=&#8220;12px||12px||true|false&#8220; body_font=&#8220;|600|||||||&#8220; body_text_color=&#8220;#000000&#8243; link_font=&#8220;|600||on|||||&#8220; link_text_color=&#8220;#000000&#8243; link_line_height=&#8220;1.4em&#8220; table_header_text_color=&#8220;gcid-primary-color&#8220; custom_button=&#8220;on&#8220; button_custom_padding=&#8220;13px||13px||true|false&#8220; custom_disabled_button=&#8220;on&#8220; disabled_button_text_size=&#8220;0px&#8220; disabled_button_use_icon=&#8220;off&#8220; disabled_button_custom_padding=&#8220;0px|0px|0px|0px|true|true&#8220; hover_enabled=&#8220;0&#8243; custom_css_product_image=&#8220;width:70px !important;||padding:6px;&#8220; custom_css_disabled_button=&#8220;opacity:0;&#8220; border_radii_image=&#8220;on|5px|5px|5px|5px&#8220; border_width_all_image=&#8220;1px&#8220; border_color_all_image=&#8220;#eeeeee&#8220; border_width_all_table=&#8220;0px&#8220; border_radii_form_field=&#8220;on|6px|6px|6px|6px&#8220; border_width_all_form_field=&#8220;1px&#8220; global_colors_info=&#8220;{%22gcid-primary-color%22:%91%22button_bg_color%22,%22table_header_text_color%22%93}&#8220; link_text_color__hover_enabled=&#8220;on|desktop&#8220; link_text_color__hover=&#8220;#FF8057&#8243; sticky_enabled=&#8220;0&#8243;][\/et_pb_wc_cart_products][\/et_pb_column][et_pb_column type=&#8220;1_3&#8243; _builder_version=&#8220;4.16&#8243; _module_preset=&#8220;default&#8220; global_colors_info=&#8220;{}&#8220;][et_pb_wc_cart_totals vertical_gutter_width=&#8220;7px&#8220; _builder_version=&#8220;4.27.0&#8243; _module_preset=&#8220;default&#8220; title_font=&#8220;|800||on|||||&#8220; title_text_align=&#8220;left&#8220; title_text_color=&#8220;#000000&#8243; title_font_size=&#8220;22px&#8220; column_label_font=&#8220;|600|||||||&#8220; column_label_text_color=&#8220;#000000&#8243; body_font=&#8220;||||||||&#8220; body_text_color=&#8220;#000000&#8243; background_color=&#8220;gcid-secondary-color&#8220; custom_button=&#8220;on&#8220; button_text_size=&#8220;13px&#8220; button_use_icon=&#8220;off&#8220; button_custom_padding=&#8220;14px|1em|14px|1em|true|false&#8220; text_orientation=&#8220;left&#8220; custom_padding=&#8220;50px|20px|30px|20px|false|true&#8220; button_bg_color_tablet=&#8220;&#8220; button_bg_color_phone=&#8220;&#8220; button_bg_color_last_edited=&#8220;on|desktop&#8220; border_radii=&#8220;on|8px|8px|8px|8px&#8220; border_width_all_table=&#8220;0px&#8220; border_color_top_table_cell=&#8220;RGBA(255,255,255,0)&#8220; box_shadow_style=&#8220;preset1&#8243; box_shadow_vertical=&#8220;13px&#8220; box_shadow_blur=&#8220;37px&#8220; box_shadow_color=&#8220;rgba(0,0,0,0.19)&#8220; global_colors_info=&#8220;{%22gcid-secondary-color%22:%91%22background_color%22%93}&#8220; button_bg_color__hover_enabled=&#8220;on|hover&#8220;][\/et_pb_wc_cart_totals][\/et_pb_column][\/et_pb_row][\/et_pb_section][et_pb_section fb_built=&#8220;1&#8243; _builder_version=&#8220;4.27.0&#8243; _module_preset=&#8220;default&#8220; background_color=&#8220;gcid-secondary-color&#8220; background_enable_image=&#8220;off&#8220; background_size=&#8220;initial&#8220; background_position=&#8220;top_left&#8220; display_conditions=&#8220;W3siaWQiOiJhM2NhMzhhMi0wNTQxLTRhNGEtYTA3MS0xZjk5MGE1YWMyZmEiLCJjb25kaXRpb24iOiJjYXJ0Q29udGVudHMiLCJjb25kaXRpb25TZXR0aW5ncyI6eyJkaXNwbGF5UnVsZSI6ImlzRW1wdHkiLCJwcm9kdWN0cyI6W10sImFkbWluTGFiZWwiOiJTaG93IElmIENhcnQgSXMgRW1wdHkiLCJlbmFibGVDb25kaXRpb24iOiJvbiJ9LCJvcGVyYXRvciI6Ik9SIn1d&#8220; custom_margin=&#8220;||-27px|||&#8220; custom_padding=&#8220;||85px|||&#8220; locked=&#8220;off&#8220; global_colors_info=&#8220;{%22gcid-secondary-color%22:%91%22background_color%22%93}&#8220;][et_pb_row _builder_version=&#8220;4.27.0&#8243; _module_preset=&#8220;default&#8220; width=&#8220;85%&#8220; global_colors_info=&#8220;{}&#8220;][et_pb_column type=&#8220;4_4&#8243; _builder_version=&#8220;4.16&#8243; _module_preset=&#8220;default&#8220; global_colors_info=&#8220;{}&#8220;][et_pb_image src=&#8220;https:\/\/www.indianridersfest.eu\/wp-content\/uploads\/2024\/09\/IRF25-Logo.png&#8220; title_text=&#8220;IRF25-Logo&#8220; _builder_version=&#8220;4.27.0&#8243; _module_preset=&#8220;default&#8220; width=&#8220;30%&#8220; width_tablet=&#8220;50%&#8220; width_phone=&#8220;80%&#8220; width_last_edited=&#8220;on|tablet&#8220; module_alignment=&#8220;center&#8220; global_colors_info=&#8220;{}&#8220;][\/et_pb_image][et_pb_text _builder_version=&#8220;4.16&#8243; _module_preset=&#8220;default&#8220; header_3_font=&#8220;|700|||||||&#8220; header_3_text_align=&#8220;center&#8220; header_3_font_size=&#8220;34px&#8220; custom_margin=&#8220;35px||5px||false|false&#8220; header_3_font_size_phone=&#8220;20px&#8220; header_3_line_height_tablet=&#8220;&#8220; header_3_line_height_phone=&#8220;1.3em&#8220; header_3_line_height_last_edited=&#8220;on|phone&#8220; global_colors_info=&#8220;{}&#8220;]<\/p>\n<h3>Uh Oh&#8230;<br \/>\nV\u00e1\u0161 ko\u0161\u00edk je <span style=\"\">pr\u00e1zdn\u00fd<\/span>! <\/h3>\n<p>[\/et_pb_text][et_pb_text _builder_version=&#8220;4.27.0&#8243; _module_preset=&#8220;default&#8220; text_font_size=&#8220;15px&#8220; width=&#8220;55%&#8220; width_tablet=&#8220;86%&#8220; width_phone=&#8220;&#8220; width_last_edited=&#8220;on|tablet&#8220; module_alignment=&#8220;center&#8220; text_font_size_tablet=&#8220;&#8220; text_font_size_phone=&#8220;13px&#8220; text_font_size_last_edited=&#8220;on|phone&#8220; text_line_height_tablet=&#8220;1.8em&#8220; text_line_height_phone=&#8220;1.5em&#8220; text_line_height_last_edited=&#8220;on|tablet&#8220; global_colors_info=&#8220;{}&#8220;]<\/p>\n<p style=\"text-align: center;\">Zd\u00e1 se, \u017ee v ko\u0161\u00edku moment\u00e1ln\u011b nic nem\u00e1te.<br \/>Kliknut\u00edm na tla\u010d\u00edtko n\u00ed\u017ee se vr\u00e1t\u00edte zp\u011bt do obchodu.<\/p>\n<p>[\/et_pb_text][et_pb_button button_url=&#8220;https:\/\/www.indianridersfest.eu\/cs\/shop\/&#8220; button_text=&#8220;Zp\u011bt do obchodu&#8220; button_alignment=&#8220;center&#8220; button_text_tablet=&#8220;P\u0159idejte si do ko\u0161\u00edku&#8220; button_text_phone=&#8220;Shop s nab\u00eddkou&#8220; button_text_last_edited=&#8220;on|phone&#8220; _builder_version=&#8220;4.27.0&#8243; _module_preset=&#8220;default&#8220; global_colors_info=&#8220;{}&#8220;][\/et_pb_button][\/et_pb_column][\/et_pb_row][\/et_pb_section]<\/p>\n","protected":false},"excerpt":{"rendered":"<p>V\u00e1\u0161 ko\u0161\u00edkUh Oh&#8230; V\u00e1\u0161 ko\u0161\u00edk je pr\u00e1zdn\u00fd! Zd\u00e1 se, \u017ee v ko\u0161\u00edku moment\u00e1ln\u011b nic nem\u00e1te.Kliknut\u00edm na tla\u010d\u00edtko n\u00ed\u017ee se vr\u00e1t\u00edte zp\u011bt do obchodu.<\/p>\n","protected":false},"author":1,"featured_media":0,"parent":0,"menu_order":0,"comment_status":"closed","ping_status":"closed","template":"","meta":{"_et_pb_use_builder":"on","_et_pb_old_content":"","_et_gb_content_width":"","footnotes":""},"class_list":["post-100568","page","type-page","status-publish","hentry"],"_links":{"self":[{"href":"https:\/\/www.indianridersfest.eu\/cs\/wp-json\/wp\/v2\/pages\/100568","targetHints":{"allow":["GET"]}}],"collection":[{"href":"https:\/\/www.indianridersfest.eu\/cs\/wp-json\/wp\/v2\/pages"}],"about":[{"href":"https:\/\/www.indianridersfest.eu\/cs\/wp-json\/wp\/v2\/types\/page"}],"author":[{"embeddable":true,"href":"https:\/\/www.indianridersfest.eu\/cs\/wp-json\/wp\/v2\/users\/1"}],"replies":[{"embeddable":true,"href":"https:\/\/www.indianridersfest.eu\/cs\/wp-json\/wp\/v2\/comments?post=100568"}],"version-history":[{"count":15,"href":"https:\/\/www.indianridersfest.eu\/cs\/wp-json\/wp\/v2\/pages\/100568\/revisions"}],"predecessor-version":[{"id":107567,"href":"https:\/\/www.indianridersfest.eu\/cs\/wp-json\/wp\/v2\/pages\/100568\/revisions\/107567"}],"wp:attachment":[{"href":"https:\/\/www.indianridersfest.eu\/cs\/wp-json\/wp\/v2\/media?parent=100568"}],"curies":[{"name":"wp","href":"https:\/\/api.w.org\/{rel}","templated":true}]}}