{"id":100567,"date":"2021-06-01T16:22:57","date_gmt":"2021-06-01T14:22:57","guid":{"rendered":"https:\/\/www.indianridersfest.eu\/shop\/"},"modified":"2026-03-05T06:37:54","modified_gmt":"2026-03-05T05:37:54","slug":"obchod","status":"publish","type":"page","link":"https:\/\/www.indianridersfest.eu\/cs\/obchod\/","title":{"rendered":"Obchod IRF"},"content":{"rendered":"<p>[et_pb_section fb_built=&#8220;1&#8243; _builder_version=&#8220;4.27.4&#8243; _module_preset=&#8220;default&#8220; custom_margin=&#8220;0px||0px||false|false&#8220; custom_padding=&#8220;0px||0px||false|false&#8220; global_colors_info=&#8220;{}&#8220;][et_pb_row disabled_on=&#8220;off|off|off&#8220; _builder_version=&#8220;4.27.4&#8243; _module_preset=&#8220;default&#8220; custom_padding=&#8220;||10px|||&#8220; global_colors_info=&#8220;{}&#8220;][et_pb_column type=&#8220;4_4&#8243; _builder_version=&#8220;4.27.0&#8243; _module_preset=&#8220;default&#8220; global_colors_info=&#8220;{}&#8220;][et_pb_heading title=&#8220;INDIAN RIDERS FEST VSTUPENKY A UBYTOV\u00c1N\u00cd&#8220; _builder_version=&#8220;4.27.4&#8243; _module_preset=&#8220;default&#8220; title_text_color=&#8220;gcid-primary-color&#8220; custom_margin=&#8220;0px||0px||false|false&#8220; global_colors_info=&#8220;{%22gcid-primary-color%22:%91%22title_text_color%22%93}&#8220;][\/et_pb_heading][\/et_pb_column][\/et_pb_row][et_pb_row use_custom_gutter=&#8220;on&#8220; gutter_width=&#8220;2&#8243; disabled_on=&#8220;off|off|off&#8220; admin_label=&#8220;apartm\u00e1ny&#8220; module_id=&#8220;apartments&#8220; _builder_version=&#8220;4.27.5&#8243; _module_preset=&#8220;default&#8220; background_enable_color=&#8220;off&#8220; width=&#8220;85%&#8220; custom_margin=&#8220;0px||0px||false|false&#8220; custom_padding=&#8220;0px||0px||false|false&#8220; hover_enabled=&#8220;0&#8243; global_colors_info=&#8220;{}&#8220; sticky_enabled=&#8220;0&#8243;][et_pb_column type=&#8220;4_4&#8243; _builder_version=&#8220;4.27.0&#8243; _module_preset=&#8220;default&#8220; background_color=&#8220;#FFFFFF&#8220; custom_padding=&#8220;40px|25px|40px|25px|true|true&#8220; border_radii=&#8220;on|5px|5px|5px|5px&#8220; box_shadow_style=&#8220;preset1&#8243; box_shadow_color=&#8220;rgba(0,0,0,0.1)&#8220; global_colors_info=&#8220;{}&#8220;][et_pb_text _builder_version=&#8220;4.27.5&#8243; _module_preset=&#8220;default&#8220; text_font_size=&#8220;16px&#8220; min_height=&#8220;140px&#8220; custom_margin=&#8220;||0px||false|false&#8220; global_colors_info=&#8220;{}&#8220;]<\/p>\n<p><strong>Bal\u00ed\u010dek IRF26 Riders Pack (k dispozici do 31.3.2026)<\/strong><br \/>Uzamkn\u011bte si sv\u016fj standardn\u00ed bal\u00ed\u010dek IRF26 Riders Pack do 31. b\u0159ezna 2026 za 125 \u20ac. Zajist\u011bte si sv\u00e9 m\u00edsto p\u0159edem a vychutnejte si v\u0161echny z\u00e1\u017eitky, kter\u00e9 IRF26 nab\u00edz\u00ed. <\/p>\n<p><strong>IRF26 3-Day Full Access Ticket<\/strong><br \/>M\u016f\u017eete si tak\u00e9 vybrat IRF26 3-Day Full Access Ticket za 101 \u20ac p\u0159i zakoupen\u00ed v p\u0159edprodeji. Zahrnuje pln\u00fd p\u0159\u00edstup na v\u0161echny akce. Cena na m\u00edst\u011b je 125 \u20ac.  <\/p>\n<p>Nejste si jisti, kter\u00e1 j\u00edzdenka nejl\u00e9pe vyhovuje va\u0161im pot\u0159eb\u00e1m? Pod\u00edvejte se na n\u00e1\u0161 <a href=\"https:\/\/www.indianridersfest.eu\/cs\/pricing\/\">srovn\u00e1vac\u00ed p\u0159ehled vstupenek na IRF26, abyste<\/a> pochopili hlavn\u00ed v\u00fdhody a rozd\u00edly a zajistili si tak ide\u00e1ln\u00ed vstupenku pro sv\u016fj z\u00e1\u017eitek z IRF26. <\/p>\n<p><strong> <\/strong><\/p>\n<p>[\/et_pb_text][et_pb_shop type=&#8220;product_category&#8220; show_pagination=&#8220;on&#8220; include_categories=&#8220;46,209,213,72,71&#8243; columns_number=&#8220;5&#8243; sale_badge_color=&#8220;gcid-primary-color&#8220; _builder_version=&#8220;4.27.5&#8243; _module_preset=&#8220;6e4f3fc6-300e-4bbd-ab6e-1ef8a4385138&#8243; sale_badge_custom_margin=&#8220;-26px||||false|false&#8220; custom_margin=&#8220;0px||0px||false|false&#8220; custom_padding=&#8220;0px||0px||false|false&#8220; hover_enabled=&#8220;0&#8243; global_colors_info=&#8220;{%22gcid-primary-color%22:%91%22sale_badge_color%22%93}&#8220; orderby=&#8220;price&#8220; sticky_enabled=&#8220;0&#8243;][\/et_pb_shop][\/et_pb_column][\/et_pb_row][et_pb_row column_structure=&#8220;1_2,1_2&#8243; disabled_on=&#8220;off|off|off&#8220; _builder_version=&#8220;4.27.4&#8243; _module_preset=&#8220;default&#8220; width=&#8220;85%&#8220; global_colors_info=&#8220;{}&#8220; theme_builder_area=&#8220;post_content&#8220;][et_pb_column type=&#8220;1_2&#8243; disabled_on=&#8220;off|off|off&#8220; _builder_version=&#8220;4.27.2&#8243; _module_preset=&#8220;default&#8220; custom_padding=&#8220;20px|20px|20px|20px|false|false&#8220; border_radii=&#8220;on|10px|10px|10px|10px&#8220; border_width_all=&#8220;1px&#8220; box_shadow_style=&#8220;preset1&#8243; box_shadow_color=&#8220;rgba(0,0,0,0.1)&#8220; global_colors_info=&#8220;{}&#8220; theme_builder_area=&#8220;post_content&#8220;][et_pb_heading title=&#8220;CAMPING PANORAMA LIPNO | 100 m od festivalu &#8220; _builder_version=&#8220;4.27.5&#8243; _module_preset=&#8220;default&#8220; title_font=&#8220;|||on|||||&#8220; title_text_align=&#8220;left&#8220; custom_margin=&#8220;0px||0px||false|false&#8220; global_colors_info=&#8220;{}&#8220; theme_builder_area=&#8220;post_content&#8220;][\/et_pb_heading][et_pb_divider divider_weight=&#8220;1px&#8220; _builder_version=&#8220;4.27.0&#8243; _module_preset=&#8220;default&#8220; custom_margin=&#8220;10px||0px||false|false&#8220; global_colors_info=&#8220;{}&#8220; theme_builder_area=&#8220;post_content&#8220;][\/et_pb_divider][et_pb_text _builder_version=&#8220;4.27.4&#8243; _module_preset=&#8220;ef44c950-1a9e-4fac-82b4-c4c268d8ca9c&#8220; global_colors_info=&#8220;{}&#8220; theme_builder_area=&#8220;post_content&#8220;]<\/p>\n<h2 style=\"text-align: justify;\">Za\u017eijte autentick\u00e9 kempov\u00e1n\u00ed u jezera v Panorama Lipno<\/h2>\n<p>Hled\u00e1te autentick\u00fd z\u00e1\u017eitek z kempov\u00e1n\u00ed na Indian Riders Festu 2026? Najdete ho v kempu Panorama Lipno, kter\u00fd je nejbl\u00ed\u017ee IRF26. Tento kemp, kter\u00fd se nach\u00e1z\u00ed na malebn\u00e9m b\u0159ehu Lipensk\u00e9ho jezera, byl ned\u00e1vno kompletn\u011b zrekonstruov\u00e1n a nab\u00edz\u00ed n\u00e1v\u0161t\u011bvn\u00edk\u016fm motocyklov\u00e9 akce exkluzivn\u00ed z\u00e1\u017eitek.  <\/p>\n<p>[\/et_pb_text][et_pb_button button_url=&#8220;https:\/\/camping-panorama.cz\/&#8220; url_new_window=&#8220;on&#8220; button_text=&#8220;P\u0158\u00cdM\u00c1 REZERVACE PRO CAMPING PANORAMA LIPNO&#8220; button_alignment=&#8220;center&#8220; _builder_version=&#8220;4.27.4&#8243; _module_preset=&#8220;053eb07a-f024-412b-94ef-ac1cbf0ea903&#8243; button_text_color=&#8220;#FFFFFF&#8220; button_font=&#8220;&#8211;et_global_heading_font|||on|||||&#8220; global_colors_info=&#8220;{}&#8220; theme_builder_area=&#8220;post_content&#8220;][\/et_pb_button][\/et_pb_column][et_pb_column type=&#8220;1_2&#8243; _builder_version=&#8220;4.27.0&#8243; _module_preset=&#8220;default&#8220; custom_padding=&#8220;20px|20px|20px|20px|false|false&#8220; border_radii=&#8220;on|10px|10px|10px|10px&#8220; border_width_all=&#8220;1px&#8220; box_shadow_style=&#8220;preset1&#8243; box_shadow_color=&#8220;rgba(0,0,0,0.1)&#8220; global_colors_info=&#8220;{}&#8220; theme_builder_area=&#8220;post_content&#8220;][et_pb_heading title=&#8220;CAMPING LIPNO MOD\u0158\u00cdN | 1 km od FESTIVALU&#8220; _builder_version=&#8220;4.27.5&#8243; _module_preset=&#8220;default&#8220; title_font=&#8220;|||on|||||&#8220; title_text_align=&#8220;left&#8220; custom_margin=&#8220;0px||0px||false|false&#8220; global_colors_info=&#8220;{}&#8220; theme_builder_area=&#8220;post_content&#8220;][\/et_pb_heading][et_pb_divider divider_weight=&#8220;1px&#8220; _builder_version=&#8220;4.27.0&#8243; _module_preset=&#8220;default&#8220; custom_margin=&#8220;10px||0px||false|false&#8220; global_colors_info=&#8220;{}&#8220; theme_builder_area=&#8220;post_content&#8220;][\/et_pb_divider][et_pb_text _builder_version=&#8220;4.27.5&#8243; _module_preset=&#8220;ef44c950-1a9e-4fac-82b4-c4c268d8ca9c&#8220; hover_enabled=&#8220;0&#8243; global_colors_info=&#8220;{}&#8220; theme_builder_area=&#8220;post_content&#8220; sticky_enabled=&#8220;0&#8243;]<\/p>\n<h2 style=\"text-align: justify;\">Camping Lipno Mod\u0159\u00edn: \u0161pi\u010dkov\u00fd kemp v srdci Lipna<\/h2>\n<p>Kemp Lipno Mod\u0159\u00edn s pot\u011b\u0161en\u00edm v\u00edt\u00e1 \u00fa\u010dastn\u00edky v z\u00e1\u017eitkov\u00e9m centru, kter\u00e9 se nach\u00e1z\u00ed necel\u00fd 1 km od pulzuj\u00edc\u00edho centra akce, p\u0159\u00edmo u klidn\u00e9ho b\u0159ehu Lipensk\u00e9ho jezera. V\u00fdhodn\u00e1 poloha zaru\u010duje, \u017ee nikdy nebudete p\u0159\u00edli\u0161 daleko od d\u011bn\u00ed, a p\u0159itom pohodln\u011b usazeni v malebn\u00e9m \u00fato\u010di\u0161ti. <\/p>\n<p>[\/et_pb_text][et_pb_button button_url=&#8220;https:\/\/www.campinglipno.cz\/en\/&#8220; url_new_window=&#8220;on&#8220; button_text=&#8220;P\u0158\u00cdM\u00c1 REZERVACE PRO KEMP LIPNO MOD\u0158\u00cdN&#8220; button_alignment=&#8220;center&#8220; _builder_version=&#8220;4.27.4&#8243; _module_preset=&#8220;053eb07a-f024-412b-94ef-ac1cbf0ea903&#8243; button_text_color=&#8220;#FFFFFF&#8220; button_font=&#8220;&#8211;et_global_heading_font|||on|||||&#8220; global_colors_info=&#8220;{}&#8220; theme_builder_area=&#8220;post_content&#8220;][\/et_pb_button][\/et_pb_column][\/et_pb_row][\/et_pb_section]<\/p>\n","protected":false},"excerpt":{"rendered":"<p>Bal\u00ed\u010dek IRF26 Riders Pack (k dispozici do 31.3.2026)Uzamkn\u011bte si sv\u016fj standardn\u00ed bal\u00ed\u010dek IRF26 Riders Pack do 31. b\u0159ezna 2026 za 125 \u20ac. Zajist\u011bte si sv\u00e9 m\u00edsto p\u0159edem a vychutnejte si v\u0161echny z\u00e1\u017eitky, kter\u00e9 IRF26 nab\u00edz\u00ed. IRF26 3-Day Full Access TicketM\u016f\u017eete si tak\u00e9 vybrat IRF26 3-Day Full Access Ticket za 101 \u20ac p\u0159i zakoupen\u00ed v p\u0159edprodeji. [&hellip;]<\/p>\n","protected":false},"author":1,"featured_media":0,"parent":0,"menu_order":0,"comment_status":"closed","ping_status":"closed","template":"","meta":{"_et_pb_use_builder":"on","_et_pb_old_content":"","_et_gb_content_width":"","footnotes":""},"class_list":["post-100567","page","type-page","status-publish","hentry"],"_links":{"self":[{"href":"https:\/\/www.indianridersfest.eu\/cs\/wp-json\/wp\/v2\/pages\/100567","targetHints":{"allow":["GET"]}}],"collection":[{"href":"https:\/\/www.indianridersfest.eu\/cs\/wp-json\/wp\/v2\/pages"}],"about":[{"href":"https:\/\/www.indianridersfest.eu\/cs\/wp-json\/wp\/v2\/types\/page"}],"author":[{"embeddable":true,"href":"https:\/\/www.indianridersfest.eu\/cs\/wp-json\/wp\/v2\/users\/1"}],"replies":[{"embeddable":true,"href":"https:\/\/www.indianridersfest.eu\/cs\/wp-json\/wp\/v2\/comments?post=100567"}],"version-history":[{"count":56,"href":"https:\/\/www.indianridersfest.eu\/cs\/wp-json\/wp\/v2\/pages\/100567\/revisions"}],"predecessor-version":[{"id":113561,"href":"https:\/\/www.indianridersfest.eu\/cs\/wp-json\/wp\/v2\/pages\/100567\/revisions\/113561"}],"wp:attachment":[{"href":"https:\/\/www.indianridersfest.eu\/cs\/wp-json\/wp\/v2\/media?parent=100567"}],"curies":[{"name":"wp","href":"https:\/\/api.w.org\/{rel}","templated":true}]}}